{"id":914,"date":"2025-07-22T14:37:36","date_gmt":"2025-07-22T19:37:36","guid":{"rendered":"https:\/\/codofil1.wpenginepowered.com\/?page_id=914"},"modified":"2025-10-24T09:48:22","modified_gmt":"2025-10-24T14:48:22","slug":"david-marcantel","status":"publish","type":"page","link":"https:\/\/codofil.org\/fr\/bourses-etudes\/david-marcantel\/","title":{"rendered":"Bourse David Marcantel"},"content":{"rendered":"<div data-elementor-type=\"wp-page\" data-elementor-id=\"914\" class=\"elementor elementor-914\" data-elementor-post-type=\"page\">\n\t\t\t\t<div class=\"elementor-element elementor-element-3503dda e-flex e-con-boxed e-con e-parent\" data-id=\"3503dda\" data-element_type=\"container\">\n\t\t\t\t\t<div class=\"e-con-inner\">\n\t\t<div class=\"elementor-element elementor-element-6fa5471 e-con-full e-flex e-con e-child\" data-id=\"6fa5471\" data-element_type=\"container\">\n\t\t\t\t<div class=\"elementor-element elementor-element-4606f84 elementor-widget elementor-widget-image\" data-id=\"4606f84\" data-element_type=\"widget\" data-widget_type=\"image.default\">\n\t\t\t\t<div class=\"elementor-widget-container\">\n\t\t\t\t\t\t\t\t\t\t\t\t\t\t\t<img fetchpriority=\"high\" decoding=\"async\" width=\"800\" height=\"600\" src=\"https:\/\/codofil.org\/wp-content\/uploads\/2025\/07\/david-marcantel.png\" class=\"attachment-large size-large wp-image-993\" alt=\"Un groupe d&#039;\u00e9tudiants de Louisiane ayant re\u00e7u la bourse David Marcantel\" srcset=\"https:\/\/codofil.org\/wp-content\/uploads\/2025\/07\/david-marcantel.png 900w, https:\/\/codofil.org\/wp-content\/uploads\/2025\/07\/david-marcantel-300x225.png 300w, https:\/\/codofil.org\/wp-content\/uploads\/2025\/07\/david-marcantel-768x576.png 768w, https:\/\/codofil.org\/wp-content\/uploads\/2025\/07\/david-marcantel-16x12.png 16w\" sizes=\"(max-width: 800px) 100vw, 800px\" \/>\t\t\t\t\t\t\t\t\t\t\t\t\t\t\t<\/div>\n\t\t\t\t<\/div>\n\t\t\t\t<\/div>\n\t\t<div class=\"elementor-element elementor-element-4818d54 e-con-full e-flex e-con e-child\" data-id=\"4818d54\" data-element_type=\"container\">\n\t\t\t\t<div class=\"elementor-element elementor-element-2b8d763 elementor-widget elementor-widget-text-editor\" data-id=\"2b8d763\" data-element_type=\"widget\" data-widget_type=\"text-editor.default\">\n\t\t\t\t<div class=\"elementor-widget-container\">\n\t\t\t\t\t\t\t\t\t<div class=\"elementor-element elementor-element-fcec19a e-con-full e-flex e-con e-child\" data-id=\"fcec19a\" data-element_type=\"container\"><div class=\"elementor-element elementor-element-8a57780 elementor-widget elementor-widget-text-editor\" data-id=\"8a57780\" data-element_type=\"widget\" data-widget_type=\"text-editor.default\"><div class=\"elementor-widget-container\"><div><div><div><div><div><div><div><div><div><p>La bourse David Marcantel est offerte par La Fondation Louisiane pour permettre \u00e0 des professionnels de suivre un programme d'immersion en fran\u00e7ais \u00e0 l'Universit\u00e9 de Louisiane. <a href=\"https:\/\/www.cavilam.com\/enseigner-le-fle-aujourdhui\" target=\"_blank\" rel=\"noopener\">Centre pour les approches modernes des langues et des m\u00e9dias (CAVILAM)<\/a> \u00e0 Vichy en France. Cette bourse est offerte \u00e0 un professeur de fran\u00e7ais langue seconde certifi\u00e9 \u00e0 plein temps, de la maternelle \u00e0 la 12e ann\u00e9e, dans une \u00e9cole publique ou priv\u00e9e de Louisiane. Le laur\u00e9at participera \u00e0 une formation th\u00e9matique de deux semaines intitul\u00e9e Enseigner le fran\u00e7ais langue seconde aujourd'hui : culture, soci\u00e9t\u00e9 et nouvelles tendances, qui lui permettra de d\u00e9couvrir des id\u00e9es pour dynamiser et animer ses cours de fran\u00e7ais.<\/p><\/div><\/div><\/div><\/div><\/div><\/div><\/div><\/div><\/div><\/div><\/div><\/div>\t\t\t\t\t\t\t\t<\/div>\n\t\t\t\t<\/div>\n\t\t\t\t<\/div>\n\t\t\t\t\t<\/div>\n\t\t\t\t<\/div>\n\t\t<div class=\"elementor-element elementor-element-5dcffeb e-flex e-con-boxed e-con e-parent\" data-id=\"5dcffeb\" data-element_type=\"container\">\n\t\t\t\t\t<div class=\"e-con-inner\">\n\t\t<div class=\"elementor-element elementor-element-df4828b e-con-full e-flex e-con e-child\" data-id=\"df4828b\" data-element_type=\"container\">\n\t\t\t\t<div class=\"elementor-element elementor-element-f3ac100 elementor-widget elementor-widget-heading\" data-id=\"f3ac100\" data-element_type=\"widget\" data-widget_type=\"heading.default\">\n\t\t\t\t<div class=\"elementor-widget-container\">\n\t\t\t\t\t<h2 class=\"elementor-heading-title elementor-size-default\">Description du programme<\/h2>\t\t\t\t<\/div>\n\t\t\t\t<\/div>\n\t\t\t\t<div class=\"elementor-element elementor-element-ce6c6c0 elementor-widget elementor-widget-text-editor\" data-id=\"ce6c6c0\" data-element_type=\"widget\" data-widget_type=\"text-editor.default\">\n\t\t\t\t<div class=\"elementor-widget-container\">\n\t\t\t\t\t\t\t\t\t<p>La formation comprendra 62 cours d'une dur\u00e9e de 45 minutes chacun (46 heures de cours au total). Chaque lundi matin, une conf\u00e9rence portant sur des th\u00e8mes vari\u00e9s (culture et approches interculturelles) sera propos\u00e9e aux participants de la formation. Deux s\u00e9ances de d\u00e9couverte seront propos\u00e9es chaque semaine pour permettre aux participants de d\u00e9couvrir des ressources p\u00e9dagogiques et de s'initier \u00e0 de nouvelles pratiques en classe. A l'issue de la formation, un certificat de participation sera d\u00e9livr\u00e9.<\/p>\t\t\t\t\t\t\t\t<\/div>\n\t\t\t\t<\/div>\n\t\t\t\t<\/div>\n\t\t\t\t<div class=\"elementor-element elementor-element-48a7999 elementor-widget elementor-widget-heading\" data-id=\"48a7999\" data-element_type=\"widget\" data-widget_type=\"heading.default\">\n\t\t\t\t<div class=\"elementor-widget-container\">\n\t\t\t\t\t<h3 class=\"elementor-heading-title elementor-size-default\">Que comprend la bourse ?<\/h3>\t\t\t\t<\/div>\n\t\t\t\t<\/div>\n\t\t\t\t<div class=\"elementor-element elementor-element-209f98c elementor-widget elementor-widget-text-editor\" data-id=\"209f98c\" data-element_type=\"widget\" data-widget_type=\"text-editor.default\">\n\t\t\t\t<div class=\"elementor-widget-container\">\n\t\t\t\t\t\t\t\t\t<p>La bourse couvrira les frais d'inscription, un billet d'avion aller-retour, la formation de deux semaines, le logement pendant la formation et les repas.\u00a0<\/p><p>Le boursier prend en charge les frais de passeport, l'assurance voyage couvrant l'assurance m\u00e9dicale et l'assurance rapatriement, ainsi que les transports terrestres en France.<\/p>\t\t\t\t\t\t\t\t<\/div>\n\t\t\t\t<\/div>\n\t\t\t\t<div class=\"elementor-element elementor-element-771203d elementor-widget elementor-widget-heading\" data-id=\"771203d\" data-element_type=\"widget\" data-widget_type=\"heading.default\">\n\t\t\t\t<div class=\"elementor-widget-container\">\n\t\t\t\t\t<h3 class=\"elementor-heading-title elementor-size-default\">Dates importantes et informations sur les voyages<\/h3>\t\t\t\t<\/div>\n\t\t\t\t<\/div>\n\t\t\t\t\t<\/div>\n\t\t\t\t<\/div>\n\t\t<div class=\"elementor-element elementor-element-8393e04 e-flex e-con-boxed e-con e-parent\" data-id=\"8393e04\" data-element_type=\"container\">\n\t\t\t\t\t<div class=\"e-con-inner\">\n\t\t\t\t<div class=\"elementor-element elementor-element-4409276 elementor-widget elementor-widget-text-editor\" data-id=\"4409276\" data-element_type=\"widget\" data-widget_type=\"text-editor.default\">\n\t\t\t\t<div class=\"elementor-widget-container\">\n\t\t\t\t\t\t\t\t\t<p>Dates du programme :<\/p><ul><li>du 29 juin au 10 juillet 2026 ou<\/li><li>Du 20 au 30 juillet 2026<\/li><\/ul>\t\t\t\t\t\t\t\t<\/div>\n\t\t\t\t<\/div>\n\t\t\t\t<div class=\"elementor-element elementor-element-0d44bd9 elementor-widget elementor-widget-spacer\" data-id=\"0d44bd9\" data-element_type=\"widget\" data-widget_type=\"spacer.default\">\n\t\t\t\t<div class=\"elementor-widget-container\">\n\t\t\t\t\t\t\t<div class=\"elementor-spacer\">\n\t\t\t<div class=\"elementor-spacer-inner\"><\/div>\n\t\t<\/div>\n\t\t\t\t\t\t<\/div>\n\t\t\t\t<\/div>\n\t\t\t\t<div class=\"elementor-element elementor-element-aabddce elementor-widget elementor-widget-heading\" data-id=\"aabddce\" data-element_type=\"widget\" data-widget_type=\"heading.default\">\n\t\t\t\t<div class=\"elementor-widget-container\">\n\t\t\t\t\t<h2 class=\"elementor-heading-title elementor-size-default\">Date limite de candidature<\/h2>\t\t\t\t<\/div>\n\t\t\t\t<\/div>\n\t\t\t\t\t<\/div>\n\t\t\t\t<\/div>\n\t\t<div class=\"elementor-element elementor-element-1578e52 e-flex e-con-boxed e-con e-parent\" data-id=\"1578e52\" data-element_type=\"container\">\n\t\t\t\t\t<div class=\"e-con-inner\">\n\t\t\t\t<div class=\"elementor-element elementor-element-4002378 elementor-widget elementor-widget-heading\" data-id=\"4002378\" data-element_type=\"widget\" data-widget_type=\"heading.default\">\n\t\t\t\t<div class=\"elementor-widget-container\">\n\t\t\t\t\t<h3 class=\"elementor-heading-title elementor-size-default\">27 f\u00e9vrier 2026<\/h3>\t\t\t\t<\/div>\n\t\t\t\t<\/div>\n\t\t\t\t\t<\/div>\n\t\t\t\t<\/div>\n\t\t<div class=\"elementor-element elementor-element-94c76a3 e-flex e-con-boxed e-con e-parent\" data-id=\"94c76a3\" data-element_type=\"container\">\n\t\t\t\t\t<div class=\"e-con-inner\">\n\t\t\t\t<div class=\"elementor-element elementor-element-2174ea5 elementor-widget-divider--view-line elementor-widget elementor-widget-divider\" data-id=\"2174ea5\" data-element_type=\"widget\" data-widget_type=\"divider.default\">\n\t\t\t\t<div class=\"elementor-widget-container\">\n\t\t\t\t\t\t\t<div class=\"elementor-divider\">\n\t\t\t<span class=\"elementor-divider-separator\">\n\t\t\t\t\t\t<\/span>\n\t\t<\/div>\n\t\t\t\t\t\t<\/div>\n\t\t\t\t<\/div>\n\t\t\t\t\t<\/div>\n\t\t\t\t<\/div>\n\t\t<div class=\"elementor-element elementor-element-a6a4103 e-flex e-con-boxed e-con e-parent\" data-id=\"a6a4103\" data-element_type=\"container\">\n\t\t\t\t\t<div class=\"e-con-inner\">\n\t\t\t\t<div class=\"elementor-element elementor-element-f2c4a71 elementor-widget elementor-widget-heading\" data-id=\"f2c4a71\" data-element_type=\"widget\" data-widget_type=\"heading.default\">\n\t\t\t\t<div class=\"elementor-widget-container\">\n\t\t\t\t\t<h2 class=\"elementor-heading-title elementor-size-default\">Candidater \u00e0 la bourse David Marcantel<\/h2>\t\t\t\t<\/div>\n\t\t\t\t<\/div>\n\t\t\t\t<div class=\"elementor-element elementor-element-b9b7d0a elementor-align-center elementor-widget elementor-widget-button\" data-id=\"b9b7d0a\" data-element_type=\"widget\" data-widget_type=\"button.default\">\n\t\t\t\t<div class=\"elementor-widget-container\">\n\t\t\t\t\t\t\t\t\t<div class=\"elementor-button-wrapper\">\n\t\t\t\t\t<a class=\"elementor-button elementor-button-link elementor-size-sm\" href=\"https:\/\/codofil.org\/fr\/candidater-bourse-professionnelle\/\">\n\t\t\t\t\t\t<span class=\"elementor-button-content-wrapper\">\n\t\t\t\t\t\t\t\t\t<span class=\"elementor-button-text\">Candidater<\/span>\n\t\t\t\t\t<\/span>\n\t\t\t\t\t<\/a>\n\t\t\t\t<\/div>\n\t\t\t\t\t\t\t\t<\/div>\n\t\t\t\t<\/div>\n\t\t\t\t\t<\/div>\n\t\t\t\t<\/div>\n\t\t\t\t<\/div>","protected":false},"excerpt":{"rendered":"<p>La bourse David Marcantel est offerte par La Fondation Louisiane pour permettre \u00e0 des professionnels de suivre un programme d'immersion en fran\u00e7ais au Centre d'Approches Modernes des Langues et des M\u00e9dias (CAVILAM) \u00e0 Vichy, en France. Cette bourse est offerte \u00e0 un enseignant certifi\u00e9 de fran\u00e7ais langue seconde \u00e0 plein temps, de la maternelle \u00e0 la 12e ann\u00e9e, dans une \u00e9cole publique ou priv\u00e9e en Louisiane.....<\/p>","protected":false},"author":10,"featured_media":993,"parent":643,"menu_order":0,"comment_status":"closed","ping_status":"closed","template":"","meta":{"_acf_changed":false,"footnotes":"","_links_to":"","_links_to_target":""},"class_list":["post-914","page","type-page","status-publish","has-post-thumbnail","hentry"],"acf":[],"_links":{"self":[{"href":"https:\/\/codofil.org\/fr\/wp-json\/wp\/v2\/pages\/914","targetHints":{"allow":["GET"]}}],"collection":[{"href":"https:\/\/codofil.org\/fr\/wp-json\/wp\/v2\/pages"}],"about":[{"href":"https:\/\/codofil.org\/fr\/wp-json\/wp\/v2\/types\/page"}],"author":[{"embeddable":true,"href":"https:\/\/codofil.org\/fr\/wp-json\/wp\/v2\/users\/10"}],"replies":[{"embeddable":true,"href":"https:\/\/codofil.org\/fr\/wp-json\/wp\/v2\/comments?post=914"}],"version-history":[{"count":0,"href":"https:\/\/codofil.org\/fr\/wp-json\/wp\/v2\/pages\/914\/revisions"}],"up":[{"embeddable":true,"href":"https:\/\/codofil.org\/fr\/wp-json\/wp\/v2\/pages\/643"}],"wp:featuredmedia":[{"embeddable":true,"href":"https:\/\/codofil.org\/fr\/wp-json\/wp\/v2\/media\/993"}],"wp:attachment":[{"href":"https:\/\/codofil.org\/fr\/wp-json\/wp\/v2\/media?parent=914"}],"curies":[{"name":"wp","href":"https:\/\/api.w.org\/{rel}","templated":true}]}}