{"id":910,"date":"2025-07-22T13:43:08","date_gmt":"2025-07-22T18:43:08","guid":{"rendered":"https:\/\/codofil1.wpenginepowered.com\/?page_id=910"},"modified":"2025-10-24T09:42:48","modified_gmt":"2025-10-24T14:42:48","slug":"homer-jason-dyess","status":"publish","type":"page","link":"https:\/\/codofil.org\/fr\/bourses-etudes\/homer-jason-dyess\/","title":{"rendered":"Bourse Homer et Jason Dyess"},"content":{"rendered":"<div data-elementor-type=\"wp-page\" data-elementor-id=\"910\" class=\"elementor elementor-910\" data-elementor-post-type=\"page\">\n\t\t\t\t<div class=\"elementor-element elementor-element-3503dda e-flex e-con-boxed e-con e-parent\" data-id=\"3503dda\" data-element_type=\"container\">\n\t\t\t\t\t<div class=\"e-con-inner\">\n\t\t<div class=\"elementor-element elementor-element-6fa5471 e-con-full e-flex e-con e-child\" data-id=\"6fa5471\" data-element_type=\"container\">\n\t\t\t\t<div class=\"elementor-element elementor-element-4606f84 elementor-widget elementor-widget-image\" data-id=\"4606f84\" data-element_type=\"widget\" data-widget_type=\"image.default\">\n\t\t\t\t<div class=\"elementor-widget-container\">\n\t\t\t\t\t\t\t\t\t\t\t\t\t\t\t<img fetchpriority=\"high\" decoding=\"async\" width=\"800\" height=\"450\" src=\"https:\/\/codofil.org\/wp-content\/uploads\/2025\/07\/sainte-anne-class-1024x576.png\" class=\"attachment-large size-large wp-image-996\" alt=\"Groupe d&#039;\u00e9tudiants dans une salle de classe de l&#039;Universit\u00e9 Sainte-Anne\" srcset=\"https:\/\/codofil.org\/wp-content\/uploads\/2025\/07\/sainte-anne-class-1024x576.png 1024w, https:\/\/codofil.org\/wp-content\/uploads\/2025\/07\/sainte-anne-class-300x169.png 300w, https:\/\/codofil.org\/wp-content\/uploads\/2025\/07\/sainte-anne-class-768x432.png 768w, https:\/\/codofil.org\/wp-content\/uploads\/2025\/07\/sainte-anne-class-18x10.png 18w, https:\/\/codofil.org\/wp-content\/uploads\/2025\/07\/sainte-anne-class.png 1100w\" sizes=\"(max-width: 800px) 100vw, 800px\" \/>\t\t\t\t\t\t\t\t\t\t\t\t\t\t\t<\/div>\n\t\t\t\t<\/div>\n\t\t\t\t<\/div>\n\t\t<div class=\"elementor-element elementor-element-4818d54 e-con-full e-flex e-con e-child\" data-id=\"4818d54\" data-element_type=\"container\">\n\t\t\t\t<div class=\"elementor-element elementor-element-2b8d763 elementor-widget elementor-widget-text-editor\" data-id=\"2b8d763\" data-element_type=\"widget\" data-widget_type=\"text-editor.default\">\n\t\t\t\t<div class=\"elementor-widget-container\">\n\t\t\t\t\t\t\t\t\t<div class=\"elementor-element elementor-element-fcec19a e-con-full e-flex e-con e-child\" data-id=\"fcec19a\" data-element_type=\"container\">\n<div class=\"elementor-element elementor-element-8a57780 elementor-widget elementor-widget-text-editor\" data-id=\"8a57780\" data-element_type=\"widget\" data-widget_type=\"text-editor.default\">\n<div class=\"elementor-widget-container\">\n<div>\n<div>\n<div>\n<div>\n<div>\n<div>\n<div>\n<div>\n<div>\n<p>La bourse Homer et Jason Dyess est offerte par La Fondation Louisiane pour participer \u00e0 un programme d'immersion en fran\u00e7ais \u00e0 <a href=\"https:\/\/www.usainteanne.ca\/en\/academics\/learn-french\/spring-and-summer-french-immersion-sessions\" target=\"_blank\" rel=\"noopener\">l'Universit\u00e9 Sainte-Anne<\/a> \u00e0 Church Point, Nouvelle-\u00c9cosse, Canada. Cette bourse est destin\u00e9e \u00e0 la session de printemps (17 mai - 20 juin 2026) ou \u00e0 la session d'\u00e9t\u00e9 (5 juillet - 8 ao\u00fbt 2026). Le programme permet aux participants d'am\u00e9liorer leur fran\u00e7ais et de rencontrer d'autres \u00e9tudiants du Canada et des \u00c9tats-Unis. Le r\u00e9cipiendaire s'engage \u00e0 ne parler que le fran\u00e7ais pendant les cinq semaines d'immersion \u00e0 l'universit\u00e9.<\/p>\n<\/div>\n<\/div>\n<\/div>\n<\/div>\n<\/div>\n<\/div>\n<\/div>\n<\/div>\n<\/div>\n<\/div>\n<\/div>\n<\/div>\t\t\t\t\t\t\t\t<\/div>\n\t\t\t\t<\/div>\n\t\t\t\t<\/div>\n\t\t\t\t\t<\/div>\n\t\t\t\t<\/div>\n\t\t<div class=\"elementor-element elementor-element-5dcffeb e-flex e-con-boxed e-con e-parent\" data-id=\"5dcffeb\" data-element_type=\"container\">\n\t\t\t\t\t<div class=\"e-con-inner\">\n\t\t<div class=\"elementor-element elementor-element-df4828b e-con-full e-flex e-con e-child\" data-id=\"df4828b\" data-element_type=\"container\">\n\t\t\t\t<div class=\"elementor-element elementor-element-f3ac100 elementor-widget elementor-widget-heading\" data-id=\"f3ac100\" data-element_type=\"widget\" data-widget_type=\"heading.default\">\n\t\t\t\t<div class=\"elementor-widget-container\">\n\t\t\t\t\t<h2 class=\"elementor-heading-title elementor-size-default\">Description du programme<\/h2>\t\t\t\t<\/div>\n\t\t\t\t<\/div>\n\t\t\t\t<div class=\"elementor-element elementor-element-ce6c6c0 elementor-widget elementor-widget-text-editor\" data-id=\"ce6c6c0\" data-element_type=\"widget\" data-widget_type=\"text-editor.default\">\n\t\t\t\t<div class=\"elementor-widget-container\">\n\t\t\t\t\t\t\t\t\t<p>Le boursier doit \u00eatre \u00e2g\u00e9 d'au moins 18 ans au 1er mai 2026. Du lundi au vendredi, ils suivront deux cours le matin et participeront \u00e0 un atelier obligatoire (blog, danse, musique, activit\u00e9s de plein air, album souvenir, etc. Le soir, diverses activit\u00e9s sociales sont organis\u00e9es, notamment des spectacles de groupes musicaux et des soir\u00e9es \u00e0 th\u00e8me. Le b\u00e9n\u00e9ficiaire aura la possibilit\u00e9 de s'inscrire \u00e0 des excursions (sortie \u00e0 la plage, cano\u00eb, trekking, observation des baleines, etc.<\/p>\t\t\t\t\t\t\t\t<\/div>\n\t\t\t\t<\/div>\n\t\t\t\t<\/div>\n\t\t\t\t<div class=\"elementor-element elementor-element-48a7999 elementor-widget elementor-widget-heading\" data-id=\"48a7999\" data-element_type=\"widget\" data-widget_type=\"heading.default\">\n\t\t\t\t<div class=\"elementor-widget-container\">\n\t\t\t\t\t<h3 class=\"elementor-heading-title elementor-size-default\">Que comprend la bourse ?<\/h3>\t\t\t\t<\/div>\n\t\t\t\t<\/div>\n\t\t\t\t<div class=\"elementor-element elementor-element-209f98c elementor-widget elementor-widget-text-editor\" data-id=\"209f98c\" data-element_type=\"widget\" data-widget_type=\"text-editor.default\">\n\t\t\t\t<div class=\"elementor-widget-container\">\n\t\t\t\t\t\t\t\t\t<p>La bourse couvre le transfert en bus entre l'a\u00e9roport d'Halifax et l'universit\u00e9, un billet d'avion aller-retour, les frais d'inscription, les frais de scolarit\u00e9, une chambre en r\u00e9sidence universitaire, les repas, les activit\u00e9s sportives et la quasi-totalit\u00e9 des activit\u00e9s socioculturelles. Le transfert en bus est inclus dans le co\u00fbt du programme pour les participants qui arrivent et partent aux jours d\u00e9sign\u00e9s, comme d\u00e9crit \u00e0 la page suivante. Si un participant choisit d'arriver et\/ou de partir \u00e0 d'autres dates que celles pr\u00e9vues, il lui incombe de payer le transport entre l'a\u00e9roport et l'universit\u00e9.<\/p><p>Le boursier prend en charge les frais de passeport, l'assurance voyage couvrant l'assurance m\u00e9dicale et l'assurance rapatriement, ainsi que les excursions facultatives non incluses dans le programme.<\/p>\t\t\t\t\t\t\t\t<\/div>\n\t\t\t\t<\/div>\n\t\t\t\t<div class=\"elementor-element elementor-element-771203d elementor-widget elementor-widget-heading\" data-id=\"771203d\" data-element_type=\"widget\" data-widget_type=\"heading.default\">\n\t\t\t\t<div class=\"elementor-widget-container\">\n\t\t\t\t\t<h3 class=\"elementor-heading-title elementor-size-default\">Dates importantes et informations sur les voyages<\/h3>\t\t\t\t<\/div>\n\t\t\t\t<\/div>\n\t\t\t\t\t<\/div>\n\t\t\t\t<\/div>\n\t\t<div class=\"elementor-element elementor-element-8393e04 e-flex e-con-boxed e-con e-parent\" data-id=\"8393e04\" data-element_type=\"container\">\n\t\t\t\t\t<div class=\"e-con-inner\">\n\t\t\t\t<div class=\"elementor-element elementor-element-4409276 elementor-widget elementor-widget-text-editor\" data-id=\"4409276\" data-element_type=\"widget\" data-widget_type=\"text-editor.default\">\n\t\t\t\t<div class=\"elementor-widget-container\">\n\t\t\t\t\t\t\t\t\t<p>Horaire journalier du lundi au vendredi :<\/p>\n<ul>\n<li>8h30\/9h \u00e0 12h - Cours (avec une pause de 30 minutes pour la session d'information)<\/li>\n<li>12h \u00e0 14 h - D\u00eener<\/li>\n<li>14h \u00e0 15h30 - Atelier<\/li>\n<li>16h - Excursion occasionnelle<\/li>\n<\/ul>\n<p><strong>Session de printemps (17 mai au 20 juin 2026)<\/strong><\/p>\n<p>Les participants \u00e0 la session de printemps doivent arriver \u00e0 l'a\u00e9roport d'Halifax avant 19 heures le dimanche 17 mai 2026. Pour s'assurer d'arriver \u00e0 temps pour le transfert en autobus, il est pr\u00e9f\u00e9rable de ne pas opter pour de courtes escales et de trouver un vol qui arrive \u00e0 Halifax bien avant 19 h. Le trajet en autobus entre l'a\u00e9roport d'Halifax et l'Universit\u00e9 Sainte-Anne est d'une dur\u00e9e de 3 heures. Un seul voyage en bus sera propos\u00e9 ce soir-l\u00e0. Pour le vol de retour vers la Louisiane apr\u00e8s la fin de la session de printemps, les participants doivent trouver un vol qui quitte l'a\u00e9roport d'Halifax apr\u00e8s 13 heures, le samedi 20 juin 2026.<\/p>\n<p><strong>Session d'\u00e9t\u00e9 (du 5 juillet au 8 ao\u00fbt 2026)<\/strong><\/p>\n<p>Les participants \u00e0 la session d'\u00e9t\u00e9 doivent arriver \u00e0 l'a\u00e9roport d'Halifax avant 19 heures le dimanche 5 juillet 2026. Pour s'assurer d'arriver \u00e0 temps pour le transfert en autobus, il est pr\u00e9f\u00e9rable de ne pas opter pour de courtes escales et de trouver un vol qui arrive \u00e0 Halifax bien avant 19 h. Le trajet en autobus entre l'a\u00e9roport d'Halifax et l'Universit\u00e9 Sainte-Anne est d'une dur\u00e9e de 3 heures. Un seul voyage en bus sera propos\u00e9 ce soir-l\u00e0. Pour le vol de retour vers la Louisiane apr\u00e8s la fin de la session d'\u00e9t\u00e9, les participants doivent trouver un vol qui quitte l'a\u00e9roport d'Halifax apr\u00e8s 13 h le samedi 8 ao\u00fbt 2026.<\/p>\t\t\t\t\t\t\t\t<\/div>\n\t\t\t\t<\/div>\n\t\t\t\t<div class=\"elementor-element elementor-element-0d44bd9 elementor-widget elementor-widget-spacer\" data-id=\"0d44bd9\" data-element_type=\"widget\" data-widget_type=\"spacer.default\">\n\t\t\t\t<div class=\"elementor-widget-container\">\n\t\t\t\t\t\t\t<div class=\"elementor-spacer\">\n\t\t\t<div class=\"elementor-spacer-inner\"><\/div>\n\t\t<\/div>\n\t\t\t\t\t\t<\/div>\n\t\t\t\t<\/div>\n\t\t\t\t<div class=\"elementor-element elementor-element-aabddce elementor-widget elementor-widget-heading\" data-id=\"aabddce\" data-element_type=\"widget\" data-widget_type=\"heading.default\">\n\t\t\t\t<div class=\"elementor-widget-container\">\n\t\t\t\t\t<h2 class=\"elementor-heading-title elementor-size-default\">Date limite de candidature<\/h2>\t\t\t\t<\/div>\n\t\t\t\t<\/div>\n\t\t\t\t\t<\/div>\n\t\t\t\t<\/div>\n\t\t<div class=\"elementor-element elementor-element-1578e52 e-flex e-con-boxed e-con e-parent\" data-id=\"1578e52\" data-element_type=\"container\">\n\t\t\t\t\t<div class=\"e-con-inner\">\n\t\t\t\t<div class=\"elementor-element elementor-element-4002378 elementor-widget elementor-widget-heading\" data-id=\"4002378\" data-element_type=\"widget\" data-widget_type=\"heading.default\">\n\t\t\t\t<div class=\"elementor-widget-container\">\n\t\t\t\t\t<h3 class=\"elementor-heading-title elementor-size-default\">27 f\u00e9vrier 2026<\/h3>\t\t\t\t<\/div>\n\t\t\t\t<\/div>\n\t\t\t\t\t<\/div>\n\t\t\t\t<\/div>\n\t\t<div class=\"elementor-element elementor-element-94c76a3 e-flex e-con-boxed e-con e-parent\" data-id=\"94c76a3\" data-element_type=\"container\">\n\t\t\t\t\t<div class=\"e-con-inner\">\n\t\t\t\t<div class=\"elementor-element elementor-element-2174ea5 elementor-widget-divider--view-line elementor-widget elementor-widget-divider\" data-id=\"2174ea5\" data-element_type=\"widget\" data-widget_type=\"divider.default\">\n\t\t\t\t<div class=\"elementor-widget-container\">\n\t\t\t\t\t\t\t<div class=\"elementor-divider\">\n\t\t\t<span class=\"elementor-divider-separator\">\n\t\t\t\t\t\t<\/span>\n\t\t<\/div>\n\t\t\t\t\t\t<\/div>\n\t\t\t\t<\/div>\n\t\t\t\t\t<\/div>\n\t\t\t\t<\/div>\n\t\t<div class=\"elementor-element elementor-element-a6a4103 e-flex e-con-boxed e-con e-parent\" data-id=\"a6a4103\" data-element_type=\"container\">\n\t\t\t\t\t<div class=\"e-con-inner\">\n\t\t\t\t<div class=\"elementor-element elementor-element-f2c4a71 elementor-widget elementor-widget-heading\" data-id=\"f2c4a71\" data-element_type=\"widget\" data-widget_type=\"heading.default\">\n\t\t\t\t<div class=\"elementor-widget-container\">\n\t\t\t\t\t<h2 class=\"elementor-heading-title elementor-size-default\">Candidater \u00e0 la bourse Homer et Jason Dyess<\/h2>\t\t\t\t<\/div>\n\t\t\t\t<\/div>\n\t\t\t\t<div class=\"elementor-element elementor-element-b9b7d0a elementor-align-center elementor-widget elementor-widget-button\" data-id=\"b9b7d0a\" data-element_type=\"widget\" data-widget_type=\"button.default\">\n\t\t\t\t<div class=\"elementor-widget-container\">\n\t\t\t\t\t\t\t\t\t<div class=\"elementor-button-wrapper\">\n\t\t\t\t\t<a class=\"elementor-button elementor-button-link elementor-size-sm\" href=\"https:\/\/codofil.org\/fr\/candidater-une-bourse-etudes-universitaires\/\">\n\t\t\t\t\t\t<span class=\"elementor-button-content-wrapper\">\n\t\t\t\t\t\t\t\t\t<span class=\"elementor-button-text\">Candidater<\/span>\n\t\t\t\t\t<\/span>\n\t\t\t\t\t<\/a>\n\t\t\t\t<\/div>\n\t\t\t\t\t\t\t\t<\/div>\n\t\t\t\t<\/div>\n\t\t\t\t\t<\/div>\n\t\t\t\t<\/div>\n\t\t\t\t<\/div>","protected":false},"excerpt":{"rendered":"<p>The Homer and Jason Dyess Scholarship is offered by La Fondation Louisiane to attend a French immersion program at Universit\u00e9 Sainte-Anne in Church Point, Nova Scotia, Canada. This scholarship is for either the spring session (May 17 &#8211; June 20, 2026) or the summer session (July 5- August 8, 2026). The program allows participants to&#8230;<\/p>","protected":false},"author":10,"featured_media":996,"parent":643,"menu_order":0,"comment_status":"closed","ping_status":"closed","template":"","meta":{"_acf_changed":false,"footnotes":"","_links_to":"","_links_to_target":""},"class_list":["post-910","page","type-page","status-publish","has-post-thumbnail","hentry"],"acf":[],"_links":{"self":[{"href":"https:\/\/codofil.org\/fr\/wp-json\/wp\/v2\/pages\/910","targetHints":{"allow":["GET"]}}],"collection":[{"href":"https:\/\/codofil.org\/fr\/wp-json\/wp\/v2\/pages"}],"about":[{"href":"https:\/\/codofil.org\/fr\/wp-json\/wp\/v2\/types\/page"}],"author":[{"embeddable":true,"href":"https:\/\/codofil.org\/fr\/wp-json\/wp\/v2\/users\/10"}],"replies":[{"embeddable":true,"href":"https:\/\/codofil.org\/fr\/wp-json\/wp\/v2\/comments?post=910"}],"version-history":[{"count":0,"href":"https:\/\/codofil.org\/fr\/wp-json\/wp\/v2\/pages\/910\/revisions"}],"up":[{"embeddable":true,"href":"https:\/\/codofil.org\/fr\/wp-json\/wp\/v2\/pages\/643"}],"wp:featuredmedia":[{"embeddable":true,"href":"https:\/\/codofil.org\/fr\/wp-json\/wp\/v2\/media\/996"}],"wp:attachment":[{"href":"https:\/\/codofil.org\/fr\/wp-json\/wp\/v2\/media?parent=910"}],"curies":[{"name":"wp","href":"https:\/\/api.w.org\/{rel}","templated":true}]}}