{"id":904,"date":"2025-07-22T12:06:49","date_gmt":"2025-07-22T17:06:49","guid":{"rendered":"https:\/\/codofil1.wpenginepowered.com\/?page_id=904"},"modified":"2026-02-10T11:18:01","modified_gmt":"2026-02-10T17:18:01","slug":"universite-libre-de-bruxelles","status":"publish","type":"page","link":"https:\/\/codofil.org\/fr\/bourses-etudes\/universite-libre-de-bruxelles\/","title":{"rendered":"Bourses de l'Universit\u00e9 libre de Bruxelles"},"content":{"rendered":"<div data-elementor-type=\"wp-page\" data-elementor-id=\"904\" class=\"elementor elementor-904\" data-elementor-post-type=\"page\">\n\t\t\t\t<div class=\"elementor-element elementor-element-3503dda e-flex e-con-boxed e-con e-parent\" data-id=\"3503dda\" data-element_type=\"container\">\n\t\t\t\t\t<div class=\"e-con-inner\">\n\t\t<div class=\"elementor-element elementor-element-6fa5471 e-con-full e-flex e-con e-child\" data-id=\"6fa5471\" data-element_type=\"container\">\n\t\t\t\t<div class=\"elementor-element elementor-element-4606f84 elementor-widget elementor-widget-image\" data-id=\"4606f84\" data-element_type=\"widget\" data-widget_type=\"image.default\">\n\t\t\t\t<div class=\"elementor-widget-container\">\n\t\t\t\t\t\t\t\t\t\t\t\t\t\t\t<img fetchpriority=\"high\" decoding=\"async\" width=\"800\" height=\"581\" src=\"https:\/\/codofil.org\/wp-content\/uploads\/2025\/07\/Libre-bruxelles.png\" class=\"attachment-large size-large wp-image-924\" alt=\"Une lyc\u00e9enne et son professeur \u00e0 l&#039;Universit\u00e9 de Libre de Bruxelles\" srcset=\"https:\/\/codofil.org\/wp-content\/uploads\/2025\/07\/Libre-bruxelles.png 800w, https:\/\/codofil.org\/wp-content\/uploads\/2025\/07\/Libre-bruxelles-300x218.png 300w, https:\/\/codofil.org\/wp-content\/uploads\/2025\/07\/Libre-bruxelles-768x558.png 768w, https:\/\/codofil.org\/wp-content\/uploads\/2025\/07\/Libre-bruxelles-18x12.png 18w\" sizes=\"(max-width: 800px) 100vw, 800px\" \/>\t\t\t\t\t\t\t\t\t\t\t\t\t\t\t<\/div>\n\t\t\t\t<\/div>\n\t\t\t\t<\/div>\n\t\t<div class=\"elementor-element elementor-element-4818d54 e-con-full e-flex e-con e-child\" data-id=\"4818d54\" data-element_type=\"container\">\n\t\t\t\t<div class=\"elementor-element elementor-element-2b8d763 elementor-widget elementor-widget-text-editor\" data-id=\"2b8d763\" data-element_type=\"widget\" data-widget_type=\"text-editor.default\">\n\t\t\t\t<div class=\"elementor-widget-container\">\n\t\t\t\t\t\t\t\t\t<div class=\"elementor-element elementor-element-fcec19a e-con-full e-flex e-con e-child\" data-id=\"fcec19a\" data-element_type=\"container\"><div class=\"elementor-element elementor-element-8a57780 elementor-widget elementor-widget-text-editor\" data-id=\"8a57780\" data-element_type=\"widget\" data-widget_type=\"text-editor.default\"><div class=\"elementor-widget-container\"><div><div><div><div><div><div><div><div><div><p>Trois bourses sont mises \u00e0 disposition pour participer \u00e0 un programme d'immersion fran\u00e7aise \u00e0 <a href=\"https:\/\/ltc.ulb.be\/les-langues\/cours-de-vacances\" target=\"_blank\" rel=\"noopener\">l'Universit\u00e9 Libre de Bruxelles<\/a> \u00e0 Bruxelles, en Belgique, offertes par Wallonie-Bruxelles International. Au cours de ce programme de trois semaines, les \u00e9tudiants auront l'occasion d'am\u00e9liorer leurs comp\u00e9tences en fran\u00e7ais et d'en apprendre davantage sur la culture belge.\u00a0<\/p><\/div><\/div><\/div><\/div><\/div><\/div><\/div><\/div><\/div><\/div><\/div><\/div>\t\t\t\t\t\t\t\t<\/div>\n\t\t\t\t<\/div>\n\t\t\t\t<\/div>\n\t\t\t\t\t<\/div>\n\t\t\t\t<\/div>\n\t\t<div class=\"elementor-element elementor-element-5dcffeb e-flex e-con-boxed e-con e-parent\" data-id=\"5dcffeb\" data-element_type=\"container\">\n\t\t\t\t\t<div class=\"e-con-inner\">\n\t\t<div class=\"elementor-element elementor-element-df4828b e-con-full e-flex e-con e-child\" data-id=\"df4828b\" data-element_type=\"container\">\n\t\t\t\t<div class=\"elementor-element elementor-element-f3ac100 elementor-widget elementor-widget-heading\" data-id=\"f3ac100\" data-element_type=\"widget\" data-widget_type=\"heading.default\">\n\t\t\t\t<div class=\"elementor-widget-container\">\n\t\t\t\t\t<h2 class=\"elementor-heading-title elementor-size-default\">Description du programme<\/h2>\t\t\t\t<\/div>\n\t\t\t\t<\/div>\n\t\t\t\t<div class=\"elementor-element elementor-element-ce6c6c0 elementor-widget elementor-widget-text-editor\" data-id=\"ce6c6c0\" data-element_type=\"widget\" data-widget_type=\"text-editor.default\">\n\t\t\t\t<div class=\"elementor-widget-container\">\n\t\t\t\t\t\t\t\t\t<div><div><div><p>Trois bourses sont offertes aux lyc\u00e9ens louisianais qui \u00e9tudient le fran\u00e7ais dans leur \u00e9tablissement. Deux des bourses seront offertes aux \u00e9l\u00e8ves des lyc\u00e9es affili\u00e9s \u00e0 l'ALCFES ; l'une des bourses sera attribu\u00e9e \u00e0 un lyc\u00e9en \u00e9ligible dans la cat\u00e9gorie Fran\u00e7ais IV Extemporan\u00e9 au Festival des Langues Etrang\u00e8res 2026 de SLU. Les candidats doivent avoir au moins le niveau A1 en fran\u00e7ais selon le Cadre europ\u00e9en commun de r\u00e9f\u00e9rence pour les langues (CECR).<\/p><p>Les \u00e9tudiants seront plac\u00e9s dans une classe de langue fran\u00e7aise en fonction de leur niveau. Les cours ont lieu du lundi au vendredi de 9h \u00e0 16h, sauf les jours r\u00e9serv\u00e9s aux excursions. Certaines de ces excursions peuvent comprendre, par exemple, des visites d'une journ\u00e9e dans les villes de Bruges, Bouillon et Anvers, ainsi que des visites de mus\u00e9es. Les \u00e9tudiants d\u00e9couvriront la ville de Bruxelles au d\u00e9but du programme. Apr\u00e8s avoir suivi avec succ\u00e8s les 60 heures de cours, les \u00e9tudiants recevront un certificat lors de la c\u00e9r\u00e9monie de cl\u00f4ture du programme.<br \/>Le premier jour du programme d'\u00e9t\u00e9, les \u00e9tudiants assistent \u00e0 une s\u00e9ance d'accueil et passent un test de niveau (\u00e9crit et oral) pour d\u00e9terminer leur niveau de fran\u00e7ais. Un repr\u00e9sentant du WBI distribue \u00e9galement une allocation pour les repas aux boursiers. Les \u00e9tudiants sont g\u00e9n\u00e9ralement log\u00e9s dans le dortoir Nelson Mandela sur le campus Solbosch de l'ULB. Les boursiers auront acc\u00e8s au dortoir du 17 juillet 2026 au 8 ao\u00fbt 2026.<\/p><\/div><\/div><\/div>\t\t\t\t\t\t\t\t<\/div>\n\t\t\t\t<\/div>\n\t\t\t\t<\/div>\n\t\t\t\t<div class=\"elementor-element elementor-element-48a7999 elementor-widget elementor-widget-heading\" data-id=\"48a7999\" data-element_type=\"widget\" data-widget_type=\"heading.default\">\n\t\t\t\t<div class=\"elementor-widget-container\">\n\t\t\t\t\t<h3 class=\"elementor-heading-title elementor-size-default\">Que comprend la bourse ?<\/h3>\t\t\t\t<\/div>\n\t\t\t\t<\/div>\n\t\t\t\t<div class=\"elementor-element elementor-element-209f98c elementor-widget elementor-widget-text-editor\" data-id=\"209f98c\" data-element_type=\"widget\" data-widget_type=\"text-editor.default\">\n\t\t\t\t<div class=\"elementor-widget-container\">\n\t\t\t\t\t\t\t\t\t<p>La bourse couvre les cours, le logement sur le campus et les repas. Le boursier prend en charge les frais de passeport, le billet d'avion aller-retour, le transport entre l'a\u00e9roport de Bruxelles et l'Universit\u00e9 libre de Bruxelles, les excursions facultatives et l'assurance voyage (couvrant l'assurance m\u00e9dicale et l'assurance rapatriement).<\/p>\t\t\t\t\t\t\t\t<\/div>\n\t\t\t\t<\/div>\n\t\t\t\t<div class=\"elementor-element elementor-element-771203d elementor-widget elementor-widget-heading\" data-id=\"771203d\" data-element_type=\"widget\" data-widget_type=\"heading.default\">\n\t\t\t\t<div class=\"elementor-widget-container\">\n\t\t\t\t\t<h3 class=\"elementor-heading-title elementor-size-default\">Dates importantes et informations sur les voyages<\/h3>\t\t\t\t<\/div>\n\t\t\t\t<\/div>\n\t\t\t\t\t<\/div>\n\t\t\t\t<\/div>\n\t\t<div class=\"elementor-element elementor-element-8393e04 e-flex e-con-boxed e-con e-parent\" data-id=\"8393e04\" data-element_type=\"container\">\n\t\t\t\t\t<div class=\"e-con-inner\">\n\t\t\t\t<div class=\"elementor-element elementor-element-4409276 elementor-widget elementor-widget-text-editor\" data-id=\"4409276\" data-element_type=\"widget\" data-widget_type=\"text-editor.default\">\n\t\t\t\t<div class=\"elementor-widget-container\">\n\t\t\t\t\t\t\t\t\t<p>Les organisateurs du programme s'attendent \u00e0 ce que vous arriviez \u00e0 Bruxelles le vendredi 17 juillet 2026. Compte tenu du d\u00e9calage horaire de 7 heures entre la Belgique et la Louisiane (la Belgique a 7 heures d'avance sur nous), vous devriez pr\u00e9voir de quitter la Louisiane le jeudi 16 juillet 2026. Une fois le programme termin\u00e9, vous devrez quitter l'ULB pour rentrer chez vous le samedi 8 ao\u00fbt 2026. Le moyen le plus rapide pour se rendre de l'a\u00e9roport de Bruxelles au campus de l'ULB est le taxi et cela prend environ 15 minutes.<\/p>\t\t\t\t\t\t\t\t<\/div>\n\t\t\t\t<\/div>\n\t\t\t\t<div class=\"elementor-element elementor-element-0d44bd9 elementor-widget elementor-widget-spacer\" data-id=\"0d44bd9\" data-element_type=\"widget\" data-widget_type=\"spacer.default\">\n\t\t\t\t<div class=\"elementor-widget-container\">\n\t\t\t\t\t\t\t<div class=\"elementor-spacer\">\n\t\t\t<div class=\"elementor-spacer-inner\"><\/div>\n\t\t<\/div>\n\t\t\t\t\t\t<\/div>\n\t\t\t\t<\/div>\n\t\t\t\t<div class=\"elementor-element elementor-element-aabddce elementor-widget elementor-widget-heading\" data-id=\"aabddce\" data-element_type=\"widget\" data-widget_type=\"heading.default\">\n\t\t\t\t<div class=\"elementor-widget-container\">\n\t\t\t\t\t<h2 class=\"elementor-heading-title elementor-size-default\">Date limite de candidature<\/h2>\t\t\t\t<\/div>\n\t\t\t\t<\/div>\n\t\t\t\t\t<\/div>\n\t\t\t\t<\/div>\n\t\t<div class=\"elementor-element elementor-element-1578e52 e-flex e-con-boxed e-con e-parent\" data-id=\"1578e52\" data-element_type=\"container\">\n\t\t\t\t\t<div class=\"e-con-inner\">\n\t\t\t\t<div class=\"elementor-element elementor-element-4002378 elementor-widget elementor-widget-heading\" data-id=\"4002378\" data-element_type=\"widget\" data-widget_type=\"heading.default\">\n\t\t\t\t<div class=\"elementor-widget-container\">\n\t\t\t\t\t<h3 class=\"elementor-heading-title elementor-size-default\">16 janvier 2026<\/h3>\t\t\t\t<\/div>\n\t\t\t\t<\/div>\n\t\t\t\t\t<\/div>\n\t\t\t\t<\/div>\n\t\t\t\t<\/div>","protected":false},"excerpt":{"rendered":"<p>There are three scholarships available to attend a French immersion progrm at Universit\u00e9 Libre de Bruxelles in Brussels, Belgium, offered by Wallonie-Bruxelles International. During the three-week program, the students will have the opportunity to improve their French language skills and learn more about Belgian culture.\u00a0 Program Description Three scholarships are offered to Louisianan high school&#8230;<\/p>","protected":false},"author":10,"featured_media":924,"parent":643,"menu_order":0,"comment_status":"closed","ping_status":"closed","template":"","meta":{"_acf_changed":false,"footnotes":"","_links_to":"","_links_to_target":""},"class_list":["post-904","page","type-page","status-publish","has-post-thumbnail","hentry"],"acf":[],"_links":{"self":[{"href":"https:\/\/codofil.org\/fr\/wp-json\/wp\/v2\/pages\/904","targetHints":{"allow":["GET"]}}],"collection":[{"href":"https:\/\/codofil.org\/fr\/wp-json\/wp\/v2\/pages"}],"about":[{"href":"https:\/\/codofil.org\/fr\/wp-json\/wp\/v2\/types\/page"}],"author":[{"embeddable":true,"href":"https:\/\/codofil.org\/fr\/wp-json\/wp\/v2\/users\/10"}],"replies":[{"embeddable":true,"href":"https:\/\/codofil.org\/fr\/wp-json\/wp\/v2\/comments?post=904"}],"version-history":[{"count":0,"href":"https:\/\/codofil.org\/fr\/wp-json\/wp\/v2\/pages\/904\/revisions"}],"up":[{"embeddable":true,"href":"https:\/\/codofil.org\/fr\/wp-json\/wp\/v2\/pages\/643"}],"wp:featuredmedia":[{"embeddable":true,"href":"https:\/\/codofil.org\/fr\/wp-json\/wp\/v2\/media\/924"}],"wp:attachment":[{"href":"https:\/\/codofil.org\/fr\/wp-json\/wp\/v2\/media?parent=904"}],"curies":[{"name":"wp","href":"https:\/\/api.w.org\/{rel}","templated":true}]}}