{"id":902,"date":"2025-07-22T11:31:28","date_gmt":"2025-07-22T16:31:28","guid":{"rendered":"https:\/\/codofil1.wpenginepowered.com\/?page_id=902"},"modified":"2026-02-11T08:51:12","modified_gmt":"2026-02-11T14:51:12","slug":"james-domengeaux","status":"publish","type":"page","link":"https:\/\/codofil.org\/fr\/bourses-etudes\/james-domengeaux\/","title":{"rendered":"Bourse James Domengeaux"},"content":{"rendered":"<div data-elementor-type=\"wp-page\" data-elementor-id=\"902\" class=\"elementor elementor-902\" data-elementor-post-type=\"page\">\n\t\t\t\t<div class=\"elementor-element elementor-element-3503dda e-flex e-con-boxed e-con e-parent\" data-id=\"3503dda\" data-element_type=\"container\">\n\t\t\t\t\t<div class=\"e-con-inner\">\n\t\t<div class=\"elementor-element elementor-element-6fa5471 e-con-full e-flex e-con e-child\" data-id=\"6fa5471\" data-element_type=\"container\">\n\t\t\t\t<div class=\"elementor-element elementor-element-4606f84 elementor-widget elementor-widget-image\" data-id=\"4606f84\" data-element_type=\"widget\" data-widget_type=\"image.default\">\n\t\t\t\t<div class=\"elementor-widget-container\">\n\t\t\t\t\t\t\t\t\t\t\t\t\t\t\t<img fetchpriority=\"high\" decoding=\"async\" width=\"800\" height=\"584\" src=\"https:\/\/codofil.org\/wp-content\/uploads\/2025\/07\/James-domengeaux.png\" class=\"attachment-large size-large wp-image-923\" alt=\"Deux \u00e9tudiants en France qui ont re\u00e7u la bourse James Domengeaux\" srcset=\"https:\/\/codofil.org\/wp-content\/uploads\/2025\/07\/James-domengeaux.png 800w, https:\/\/codofil.org\/wp-content\/uploads\/2025\/07\/James-domengeaux-300x219.png 300w, https:\/\/codofil.org\/wp-content\/uploads\/2025\/07\/James-domengeaux-768x561.png 768w, https:\/\/codofil.org\/wp-content\/uploads\/2025\/07\/James-domengeaux-16x12.png 16w\" sizes=\"(max-width: 800px) 100vw, 800px\" \/>\t\t\t\t\t\t\t\t\t\t\t\t\t\t\t<\/div>\n\t\t\t\t<\/div>\n\t\t\t\t<\/div>\n\t\t<div class=\"elementor-element elementor-element-4818d54 e-con-full e-flex e-con e-child\" data-id=\"4818d54\" data-element_type=\"container\">\n\t\t\t\t<div class=\"elementor-element elementor-element-2b8d763 elementor-widget elementor-widget-text-editor\" data-id=\"2b8d763\" data-element_type=\"widget\" data-widget_type=\"text-editor.default\">\n\t\t\t\t<div class=\"elementor-widget-container\">\n\t\t\t\t\t\t\t\t\t<div class=\"elementor-element elementor-element-fcec19a e-con-full e-flex e-con e-child\" data-id=\"fcec19a\" data-element_type=\"container\"><div class=\"elementor-element elementor-element-8a57780 elementor-widget elementor-widget-text-editor\" data-id=\"8a57780\" data-element_type=\"widget\" data-widget_type=\"text-editor.default\"><div class=\"elementor-widget-container\"><div><div><div><div><div><div><div><div><div><p>La bourse James Domengeaux est offerte par le Consulat de France et la Fondation Louisiane pour participer \u00e0 un programme d'immersion au <a href=\"https:\/\/www.cidef.uco.fr\/cidef-english-version\/\" target=\"_blank\" rel=\"noopener\">Centre international d'\u00e9tudes fran\u00e7aises (CIDEF)<\/a> \u00e0 l'Universit\u00e9 Catholique de l'Ouest (UCO) \u00e0 Angers, France. La bourse couvre les frais d'inscription, 4 semaines de cours de fran\u00e7ais, le logement, les repas, les activit\u00e9s organis\u00e9es par le CIDEF et 5 excursions.\u00a0<\/p><\/div><\/div><\/div><\/div><\/div><\/div><\/div><\/div><\/div><\/div><\/div><\/div>\t\t\t\t\t\t\t\t<\/div>\n\t\t\t\t<\/div>\n\t\t\t\t<\/div>\n\t\t\t\t\t<\/div>\n\t\t\t\t<\/div>\n\t\t<div class=\"elementor-element elementor-element-5dcffeb e-flex e-con-boxed e-con e-parent\" data-id=\"5dcffeb\" data-element_type=\"container\">\n\t\t\t\t\t<div class=\"e-con-inner\">\n\t\t<div class=\"elementor-element elementor-element-df4828b e-con-full e-flex e-con e-child\" data-id=\"df4828b\" data-element_type=\"container\">\n\t\t\t\t<div class=\"elementor-element elementor-element-f3ac100 elementor-widget elementor-widget-heading\" data-id=\"f3ac100\" data-element_type=\"widget\" data-widget_type=\"heading.default\">\n\t\t\t\t<div class=\"elementor-widget-container\">\n\t\t\t\t\t<h2 class=\"elementor-heading-title elementor-size-default\">Description du programme<\/h2>\t\t\t\t<\/div>\n\t\t\t\t<\/div>\n\t\t\t\t<div class=\"elementor-element elementor-element-ce6c6c0 elementor-widget elementor-widget-text-editor\" data-id=\"ce6c6c0\" data-element_type=\"widget\" data-widget_type=\"text-editor.default\">\n\t\t\t\t<div class=\"elementor-widget-container\">\n\t\t\t\t\t\t\t\t\t<div><div><div><p>Le b\u00e9n\u00e9ficiaire de cette bourse doit \u00eatre \u00e2g\u00e9 de 18 ans au moment du s\u00e9jour et participera \u00e0 un programme d'\u00e9t\u00e9 de 4 semaines \u00e0 Angers, en France. Apr\u00e8s avoir pass\u00e9 une \u00e9valuation de niveau, le b\u00e9n\u00e9ficiaire sera inscrit dans une classe de langue fran\u00e7aise en fonction de son niveau (entre A1 et C1). Le b\u00e9n\u00e9ficiaire participera \u00e9galement \u00e0 une vari\u00e9t\u00e9 d'activit\u00e9s culturelles telles qu'un cours de cuisine, des visites de ch\u00e2teaux et de mus\u00e9es, et une visite d'une chocolaterie. Il pourra \u00e9galement s'inscrire \u00e0 des excursions (Mont-Saint-Michel et Saint-Malo, ch\u00e2teaux de la Loire, plages du d\u00e9barquement en Normandie, etc.) A l'issue des 70 heures de cours, le b\u00e9n\u00e9ficiaire recevra un certificat de langue et de culture fran\u00e7aises indiquant son niveau et le nombre d'heures de cours.<\/p><\/div><\/div><\/div>\t\t\t\t\t\t\t\t<\/div>\n\t\t\t\t<\/div>\n\t\t\t\t<\/div>\n\t\t\t\t<div class=\"elementor-element elementor-element-48a7999 elementor-widget elementor-widget-heading\" data-id=\"48a7999\" data-element_type=\"widget\" data-widget_type=\"heading.default\">\n\t\t\t\t<div class=\"elementor-widget-container\">\n\t\t\t\t\t<h3 class=\"elementor-heading-title elementor-size-default\">Que comprend la bourse ?<\/h3>\t\t\t\t<\/div>\n\t\t\t\t<\/div>\n\t\t\t\t<div class=\"elementor-element elementor-element-209f98c elementor-widget elementor-widget-text-editor\" data-id=\"209f98c\" data-element_type=\"widget\" data-widget_type=\"text-editor.default\">\n\t\t\t\t<div class=\"elementor-widget-container\">\n\t\t\t\t\t\t\t\t\t<p>Cette bourse couvre les frais d'inscription, 4 semaines de cours de fran\u00e7ais, le logement (choix de la famille d'accueil ou de la r\u00e9sidence \u00e9tudiante), les repas (les plans de repas varient en fonction du choix du logement), les activit\u00e9s incluses dans le programme du CIDEF, 5 excursions organis\u00e9es par le CIDEF, et 1 billet d'avion aller-retour.<\/p><p>Le boursier prend en charge les frais de passeport, l'assurance voyage couvrant l'assurance m\u00e9dicale et l'assurance rapatriement, ainsi que le transport terrestre en France.<\/p>\t\t\t\t\t\t\t\t<\/div>\n\t\t\t\t<\/div>\n\t\t\t\t<div class=\"elementor-element elementor-element-771203d elementor-widget elementor-widget-heading\" data-id=\"771203d\" data-element_type=\"widget\" data-widget_type=\"heading.default\">\n\t\t\t\t<div class=\"elementor-widget-container\">\n\t\t\t\t\t<h3 class=\"elementor-heading-title elementor-size-default\">Dates importantes et informations sur les voyages<\/h3>\t\t\t\t<\/div>\n\t\t\t\t<\/div>\n\t\t\t\t\t<\/div>\n\t\t\t\t<\/div>\n\t\t<div class=\"elementor-element elementor-element-8393e04 e-flex e-con-boxed e-con e-parent\" data-id=\"8393e04\" data-element_type=\"container\">\n\t\t\t\t\t<div class=\"e-con-inner\">\n\t\t\t\t<div class=\"elementor-element elementor-element-4409276 elementor-widget elementor-widget-text-editor\" data-id=\"4409276\" data-element_type=\"widget\" data-widget_type=\"text-editor.default\">\n\t\t\t\t<div class=\"elementor-widget-container\">\n\t\t\t\t\t\t\t\t\t<ul><li>Lundi 29 juin 2026 - Arriv\u00e9e \u00e0 Angers<\/li><li>Mardi 30 juin 2026 - Test de positionnement \u00e0 9 heures.<\/li><li>Mercredi 1er juillet 2026 - D\u00e9but des cours<\/li><li>Vendredi 24 juillet 2026 - Fin des cours et remise des certificats<\/li><li>Samedi 25 juillet 2026 - D\u00e9part d'Angers pour retourner en Louisiane<\/li><\/ul><p>Les organisateurs du programme vous attendent \u00e0 Angers le lundi 29 juin 2026. Compte tenu du d\u00e9calage horaire de 7 heures entre la Louisiane et la France (la France a 7 heures d'avance sur nous), vous devriez pr\u00e9voir de quitter la Louisiane le dimanche 28 juin 2026. Une fois le programme termin\u00e9, vous devrez quitter l'universit\u00e9 pour rentrer chez vous le samedi 25 juillet 2026.<\/p>\t\t\t\t\t\t\t\t<\/div>\n\t\t\t\t<\/div>\n\t\t\t\t<div class=\"elementor-element elementor-element-0d44bd9 elementor-widget elementor-widget-spacer\" data-id=\"0d44bd9\" data-element_type=\"widget\" data-widget_type=\"spacer.default\">\n\t\t\t\t<div class=\"elementor-widget-container\">\n\t\t\t\t\t\t\t<div class=\"elementor-spacer\">\n\t\t\t<div class=\"elementor-spacer-inner\"><\/div>\n\t\t<\/div>\n\t\t\t\t\t\t<\/div>\n\t\t\t\t<\/div>\n\t\t\t\t<div class=\"elementor-element elementor-element-aabddce elementor-widget elementor-widget-heading\" data-id=\"aabddce\" data-element_type=\"widget\" data-widget_type=\"heading.default\">\n\t\t\t\t<div class=\"elementor-widget-container\">\n\t\t\t\t\t<h2 class=\"elementor-heading-title elementor-size-default\">Date limite de candidature<\/h2>\t\t\t\t<\/div>\n\t\t\t\t<\/div>\n\t\t\t\t\t<\/div>\n\t\t\t\t<\/div>\n\t\t<div class=\"elementor-element elementor-element-1578e52 e-flex e-con-boxed e-con e-parent\" data-id=\"1578e52\" data-element_type=\"container\">\n\t\t\t\t\t<div class=\"e-con-inner\">\n\t\t\t\t<div class=\"elementor-element elementor-element-4002378 elementor-widget elementor-widget-heading\" data-id=\"4002378\" data-element_type=\"widget\" data-widget_type=\"heading.default\">\n\t\t\t\t<div class=\"elementor-widget-container\">\n\t\t\t\t\t<h3 class=\"elementor-heading-title elementor-size-default\">16 janvier 2026<\/h3>\t\t\t\t<\/div>\n\t\t\t\t<\/div>\n\t\t\t\t\t<\/div>\n\t\t\t\t<\/div>\n\t\t\t\t<\/div>","protected":false},"excerpt":{"rendered":"<p>La bourse James Domengeaux est offerte par le Consulat de France et la Fondation Louisiane pour participer \u00e0 un programme d'immersion au Centre international d'\u00e9tudes fran\u00e7aises (CIDEF) de l'Universit\u00e9 catholique de l'Ouest (UCO) \u00e0 Angers, en France. La bourse couvrira les frais d'inscription, 4 semaines de cours de fran\u00e7ais, le logement, les repas, les activit\u00e9s organis\u00e9es par le CIDEF, et...<\/p>","protected":false},"author":10,"featured_media":923,"parent":643,"menu_order":0,"comment_status":"closed","ping_status":"closed","template":"","meta":{"_acf_changed":false,"footnotes":"","_links_to":"","_links_to_target":""},"class_list":["post-902","page","type-page","status-publish","has-post-thumbnail","hentry"],"acf":[],"_links":{"self":[{"href":"https:\/\/codofil.org\/fr\/wp-json\/wp\/v2\/pages\/902","targetHints":{"allow":["GET"]}}],"collection":[{"href":"https:\/\/codofil.org\/fr\/wp-json\/wp\/v2\/pages"}],"about":[{"href":"https:\/\/codofil.org\/fr\/wp-json\/wp\/v2\/types\/page"}],"author":[{"embeddable":true,"href":"https:\/\/codofil.org\/fr\/wp-json\/wp\/v2\/users\/10"}],"replies":[{"embeddable":true,"href":"https:\/\/codofil.org\/fr\/wp-json\/wp\/v2\/comments?post=902"}],"version-history":[{"count":0,"href":"https:\/\/codofil.org\/fr\/wp-json\/wp\/v2\/pages\/902\/revisions"}],"up":[{"embeddable":true,"href":"https:\/\/codofil.org\/fr\/wp-json\/wp\/v2\/pages\/643"}],"wp:featuredmedia":[{"embeddable":true,"href":"https:\/\/codofil.org\/fr\/wp-json\/wp\/v2\/media\/923"}],"wp:attachment":[{"href":"https:\/\/codofil.org\/fr\/wp-json\/wp\/v2\/media?parent=902"}],"curies":[{"name":"wp","href":"https:\/\/api.w.org\/{rel}","templated":true}]}}