{"id":743,"date":"2025-07-11T08:57:58","date_gmt":"2025-07-11T13:57:58","guid":{"rendered":"https:\/\/codofil1.wpenginepowered.com\/?page_id=743"},"modified":"2025-09-04T14:59:36","modified_gmt":"2025-09-04T19:59:36","slug":"services-de-traduction","status":"publish","type":"page","link":"https:\/\/codofil.org\/fr\/exel-louisiane\/services-de-traduction\/","title":{"rendered":"Services de traduction"},"content":{"rendered":"<div data-elementor-type=\"wp-page\" data-elementor-id=\"743\" class=\"elementor elementor-743\" data-elementor-post-type=\"page\">\n\t\t\t\t<div class=\"elementor-element elementor-element-ebd3116 e-flex e-con-boxed e-con e-parent\" data-id=\"ebd3116\" data-element_type=\"container\">\n\t\t\t\t\t<div class=\"e-con-inner\">\n\t\t\t\t<div class=\"elementor-element elementor-element-3fe7c0e elementor-widget elementor-widget-heading\" data-id=\"3fe7c0e\" data-element_type=\"widget\" data-widget_type=\"heading.default\">\n\t\t\t\t<div class=\"elementor-widget-container\">\n\t\t\t\t\t<h2 class=\"elementor-heading-title elementor-size-default\">Entrez en contact avec des traducteurs pour vos projets<\/h2>\t\t\t\t<\/div>\n\t\t\t\t<\/div>\n\t\t\t\t\t<\/div>\n\t\t\t\t<\/div>\n\t\t<div class=\"elementor-element elementor-element-4e5652d e-flex e-con-boxed e-con e-parent\" data-id=\"4e5652d\" data-element_type=\"container\">\n\t\t\t\t\t<div class=\"e-con-inner\">\n\t\t<div class=\"elementor-element elementor-element-e7d8535 e-con-full e-flex e-con e-child\" data-id=\"e7d8535\" data-element_type=\"container\">\n\t\t\t\t<div class=\"elementor-element elementor-element-59b2a29 elementor-widget elementor-widget-image\" data-id=\"59b2a29\" data-element_type=\"widget\" data-widget_type=\"image.default\">\n\t\t\t\t<div class=\"elementor-widget-container\">\n\t\t\t\t\t\t\t\t\t\t\t\t\t\t\t<img fetchpriority=\"high\" decoding=\"async\" width=\"800\" height=\"583\" src=\"https:\/\/codofil.org\/wp-content\/uploads\/2025\/07\/bilingual-french-english-sign.png\" class=\"attachment-large size-large wp-image-887\" alt=\"Un panneau bilingue en fran\u00e7ais et en anglais disponible gr\u00e2ce aux services de traduction du CODOFIL\" srcset=\"https:\/\/codofil.org\/wp-content\/uploads\/2025\/07\/bilingual-french-english-sign.png 800w, https:\/\/codofil.org\/wp-content\/uploads\/2025\/07\/bilingual-french-english-sign-300x219.png 300w, https:\/\/codofil.org\/wp-content\/uploads\/2025\/07\/bilingual-french-english-sign-768x560.png 768w, https:\/\/codofil.org\/wp-content\/uploads\/2025\/07\/bilingual-french-english-sign-16x12.png 16w\" sizes=\"(max-width: 800px) 100vw, 800px\" \/>\t\t\t\t\t\t\t\t\t\t\t\t\t\t\t<\/div>\n\t\t\t\t<\/div>\n\t\t\t\t<\/div>\n\t\t<div class=\"elementor-element elementor-element-b6f7c58 e-con-full e-flex e-con e-child\" data-id=\"b6f7c58\" data-element_type=\"container\">\n\t\t\t\t<div class=\"elementor-element elementor-element-18796eb elementor-widget elementor-widget-heading\" data-id=\"18796eb\" data-element_type=\"widget\" data-widget_type=\"heading.default\">\n\t\t\t\t<div class=\"elementor-widget-container\">\n\t\t\t\t\t<h3 class=\"elementor-heading-title elementor-size-default\">Atteindre un public plus large<\/h3>\t\t\t\t<\/div>\n\t\t\t\t<\/div>\n\t\t\t\t<div class=\"elementor-element elementor-element-b144b5d elementor-widget elementor-widget-text-editor\" data-id=\"b144b5d\" data-element_type=\"widget\" data-widget_type=\"text-editor.default\">\n\t\t\t\t<div class=\"elementor-widget-container\">\n\t\t\t\t\t\t\t\t\t<div><div><div><p>En incluant le fran\u00e7ais dans votre organisme, vous profiterez d'un vaste r\u00e9seau culturel de musiciens, d'artistes, d'\u00e9ducateurs et d'entrepreneurs qui sont engag\u00e9s \u00e0 <a href=\"https:\/\/codofil.org\/fr\/valeur-economique-francais\/\">investir dans l'avenir<\/a> de la langue en Louisiane. En faisant appel \u00e0 nos services de traduction, vous dites \u00ab oui \u00bb \u00e0 la possibilit\u00e9 de faire des affaires avec des francophones en Louisiane et \u00e0 l'\u00e9tranger.<\/p><\/div><\/div><\/div>\t\t\t\t\t\t\t\t<\/div>\n\t\t\t\t<\/div>\n\t\t\t\t<\/div>\n\t\t\t\t\t<\/div>\n\t\t\t\t<\/div>\n\t\t<div class=\"elementor-element elementor-element-e381317 e-flex e-con-boxed e-con e-parent\" data-id=\"e381317\" data-element_type=\"container\">\n\t\t\t\t\t<div class=\"e-con-inner\">\n\t\t<div class=\"elementor-element elementor-element-ae2db50 e-con-full e-flex e-con e-child\" data-id=\"ae2db50\" data-element_type=\"container\">\n\t\t\t\t<div class=\"elementor-element elementor-element-5e71c1d elementor-widget elementor-widget-heading\" data-id=\"5e71c1d\" data-element_type=\"widget\" data-widget_type=\"heading.default\">\n\t\t\t\t<div class=\"elementor-widget-container\">\n\t\t\t\t\t<h3 class=\"elementor-heading-title elementor-size-default\">Investir dans l'avenir de la Louisiane<\/h3>\t\t\t\t<\/div>\n\t\t\t\t<\/div>\n\t\t\t\t<div class=\"elementor-element elementor-element-072ac4c elementor-widget elementor-widget-text-editor\" data-id=\"072ac4c\" data-element_type=\"widget\" data-widget_type=\"text-editor.default\">\n\t\t\t\t<div class=\"elementor-widget-container\">\n\t\t\t\t\t\t\t\t\t<div><div><div><p>Des milliers de Louisianais sont diplom\u00e9s des \u00e9coles <a href=\"https:\/\/codofil.org\/fr\/immersion-francaise\/\">des programmes d'immersion fran\u00e7aise<\/a> . Ces personnes repr\u00e9sentent une nouvelle g\u00e9n\u00e9ration bilingue en Louisiane. Inclure le fran\u00e7ais dans votre entreprise, c'est offrir des ressources \u00e0 ce groupe d\u00e9mographique et soutenir l'utilisation du fran\u00e7ais dans la vie quotidienne.\u00a0<\/p><\/div><\/div><\/div>\t\t\t\t\t\t\t\t<\/div>\n\t\t\t\t<\/div>\n\t\t\t\t<\/div>\n\t\t<div class=\"elementor-element elementor-element-07760bc e-con-full e-flex e-con e-child\" data-id=\"07760bc\" data-element_type=\"container\">\n\t\t\t\t<div class=\"elementor-element elementor-element-c97008b elementor-widget elementor-widget-image\" data-id=\"c97008b\" data-element_type=\"widget\" data-widget_type=\"image.default\">\n\t\t\t\t<div class=\"elementor-widget-container\">\n\t\t\t\t\t\t\t\t\t\t\t\t\t\t\t<img decoding=\"async\" width=\"800\" height=\"534\" src=\"https:\/\/codofil.org\/wp-content\/uploads\/2025\/07\/20240307_CODOFIL_ORIG-1024x684.webp\" class=\"attachment-large size-large wp-image-889\" alt=\"Une enseigne et un menu fran\u00e7ais pour les restaurants de Louisiane\" srcset=\"https:\/\/codofil.org\/wp-content\/uploads\/2025\/07\/20240307_CODOFIL_ORIG-1024x684.webp 1024w, https:\/\/codofil.org\/wp-content\/uploads\/2025\/07\/20240307_CODOFIL_ORIG-300x200.webp 300w, https:\/\/codofil.org\/wp-content\/uploads\/2025\/07\/20240307_CODOFIL_ORIG-768x513.webp 768w, https:\/\/codofil.org\/wp-content\/uploads\/2025\/07\/20240307_CODOFIL_ORIG-18x12.webp 18w, https:\/\/codofil.org\/wp-content\/uploads\/2025\/07\/20240307_CODOFIL_ORIG.webp 1200w\" sizes=\"(max-width: 800px) 100vw, 800px\" \/>\t\t\t\t\t\t\t\t\t\t\t\t\t\t\t<\/div>\n\t\t\t\t<\/div>\n\t\t\t\t<\/div>\n\t\t\t\t\t<\/div>\n\t\t\t\t<\/div>\n\t\t<div class=\"elementor-element elementor-element-42145c9 e-flex e-con-boxed e-con e-parent\" data-id=\"42145c9\" data-element_type=\"container\">\n\t\t\t\t\t<div class=\"e-con-inner\">\n\t\t<div class=\"elementor-element elementor-element-5876a7d e-con-full e-flex e-con e-child\" data-id=\"5876a7d\" data-element_type=\"container\">\n\t\t\t\t<div class=\"elementor-element elementor-element-61060bf elementor-widget elementor-widget-image\" data-id=\"61060bf\" data-element_type=\"widget\" data-widget_type=\"image.default\">\n\t\t\t\t<div class=\"elementor-widget-container\">\n\t\t\t\t\t\t\t\t\t\t\t\t\t\t\t<img decoding=\"async\" width=\"800\" height=\"540\" src=\"https:\/\/codofil.org\/wp-content\/uploads\/2025\/08\/bridge.png\" class=\"attachment-large size-large wp-image-1142\" alt=\"deux ponts et un coucher de soleil\" srcset=\"https:\/\/codofil.org\/wp-content\/uploads\/2025\/08\/bridge.png 1000w, https:\/\/codofil.org\/wp-content\/uploads\/2025\/08\/bridge-300x203.png 300w, https:\/\/codofil.org\/wp-content\/uploads\/2025\/08\/bridge-768x518.png 768w, https:\/\/codofil.org\/wp-content\/uploads\/2025\/08\/bridge-18x12.png 18w\" sizes=\"(max-width: 800px) 100vw, 800px\" \/>\t\t\t\t\t\t\t\t\t\t\t\t\t\t\t<\/div>\n\t\t\t\t<\/div>\n\t\t\t\t<\/div>\n\t\t<div class=\"elementor-element elementor-element-6a0dc3f e-con-full e-flex e-con e-child\" data-id=\"6a0dc3f\" data-element_type=\"container\">\n\t\t\t\t<div class=\"elementor-element elementor-element-832d293 elementor-widget elementor-widget-heading\" data-id=\"832d293\" data-element_type=\"widget\" data-widget_type=\"heading.default\">\n\t\t\t\t<div class=\"elementor-widget-container\">\n\t\t\t\t\t<h3 class=\"elementor-heading-title elementor-size-default\">Soutenir l'emploi local<\/h3>\t\t\t\t<\/div>\n\t\t\t\t<\/div>\n\t\t\t\t<div class=\"elementor-element elementor-element-eeddd15 elementor-widget elementor-widget-text-editor\" data-id=\"eeddd15\" data-element_type=\"widget\" data-widget_type=\"text-editor.default\">\n\t\t\t\t<div class=\"elementor-widget-container\">\n\t\t\t\t\t\t\t\t\t<p>Nous travaillons avec un groupe de traducteurs qui ont de l'exp\u00e9rience avec le fran\u00e7ais et le cr\u00e9ole louisianais, le fran\u00e7ais international et d'autres dialectes. Nos services de traduction contribuent \u00e0 soutenir l'\u00e9conomie locale et l'embauche d'un Louisianais renforce notre communaut\u00e9 professionnelle francophone.\u00a0<\/p>\t\t\t\t\t\t\t\t<\/div>\n\t\t\t\t<\/div>\n\t\t\t\t<\/div>\n\t\t\t\t\t<\/div>\n\t\t\t\t<\/div>\n\t\t<div class=\"elementor-element elementor-element-aa71dc6 e-flex e-con-boxed e-con e-parent\" data-id=\"aa71dc6\" data-element_type=\"container\">\n\t\t\t\t\t<div class=\"e-con-inner\">\n\t\t\t\t<div class=\"elementor-element elementor-element-0ba6525 elementor-widget-divider--view-line elementor-widget elementor-widget-divider\" data-id=\"0ba6525\" data-element_type=\"widget\" data-widget_type=\"divider.default\">\n\t\t\t\t<div class=\"elementor-widget-container\">\n\t\t\t\t\t\t\t<div class=\"elementor-divider\">\n\t\t\t<span class=\"elementor-divider-separator\">\n\t\t\t\t\t\t<\/span>\n\t\t<\/div>\n\t\t\t\t\t\t<\/div>\n\t\t\t\t<\/div>\n\t\t\t\t\t<\/div>\n\t\t\t\t<\/div>\n\t\t<div class=\"elementor-element elementor-element-a372fe2 e-flex e-con-boxed e-con e-parent\" data-id=\"a372fe2\" data-element_type=\"container\">\n\t\t\t\t\t<div class=\"e-con-inner\">\n\t\t\t\t<div class=\"elementor-element elementor-element-4d9cd4b elementor-widget elementor-widget-heading\" data-id=\"4d9cd4b\" data-element_type=\"widget\" data-widget_type=\"heading.default\">\n\t\t\t\t<div class=\"elementor-widget-container\">\n\t\t\t\t\t<h2 class=\"elementor-heading-title elementor-size-default\">Se connecter avec un traducteur<\/h2>\t\t\t\t<\/div>\n\t\t\t\t<\/div>\n\t\t\t\t<div class=\"elementor-element elementor-element-2caa233 elementor-align-center elementor-widget elementor-widget-button\" data-id=\"2caa233\" data-element_type=\"widget\" data-widget_type=\"button.default\">\n\t\t\t\t<div class=\"elementor-widget-container\">\n\t\t\t\t\t\t\t\t\t<div class=\"elementor-button-wrapper\">\n\t\t\t\t\t<a class=\"elementor-button elementor-button-link elementor-size-sm\" href=\"https:\/\/codofil.org\/fr\/nous-joindre\/\">\n\t\t\t\t\t\t<span class=\"elementor-button-content-wrapper\">\n\t\t\t\t\t\t\t\t\t<span class=\"elementor-button-text\">Nous joindre<\/span>\n\t\t\t\t\t<\/span>\n\t\t\t\t\t<\/a>\n\t\t\t\t<\/div>\n\t\t\t\t\t\t\t\t<\/div>\n\t\t\t\t<\/div>\n\t\t\t\t\t<\/div>\n\t\t\t\t<\/div>\n\t\t\t\t<\/div>","protected":false},"excerpt":{"rendered":"<p>Connect with Translators Who Can Help Bring Your French Projects to Life Reach a Wider Audience By including French in your business, you\u2019ll tap into a vast cultural network of musicians, artists, educators, and entrepreneurs who are working to invest in the future of the language in Louisiana. When you use our translation services, you\u2019re&#8230;<\/p>","protected":false},"author":10,"featured_media":373,"parent":712,"menu_order":0,"comment_status":"closed","ping_status":"closed","template":"","meta":{"_acf_changed":false,"footnotes":"","_links_to":"","_links_to_target":""},"class_list":["post-743","page","type-page","status-publish","has-post-thumbnail","hentry"],"acf":[],"_links":{"self":[{"href":"https:\/\/codofil.org\/fr\/wp-json\/wp\/v2\/pages\/743","targetHints":{"allow":["GET"]}}],"collection":[{"href":"https:\/\/codofil.org\/fr\/wp-json\/wp\/v2\/pages"}],"about":[{"href":"https:\/\/codofil.org\/fr\/wp-json\/wp\/v2\/types\/page"}],"author":[{"embeddable":true,"href":"https:\/\/codofil.org\/fr\/wp-json\/wp\/v2\/users\/10"}],"replies":[{"embeddable":true,"href":"https:\/\/codofil.org\/fr\/wp-json\/wp\/v2\/comments?post=743"}],"version-history":[{"count":0,"href":"https:\/\/codofil.org\/fr\/wp-json\/wp\/v2\/pages\/743\/revisions"}],"up":[{"embeddable":true,"href":"https:\/\/codofil.org\/fr\/wp-json\/wp\/v2\/pages\/712"}],"wp:featuredmedia":[{"embeddable":true,"href":"https:\/\/codofil.org\/fr\/wp-json\/wp\/v2\/media\/373"}],"wp:attachment":[{"href":"https:\/\/codofil.org\/fr\/wp-json\/wp\/v2\/media?parent=743"}],"curies":[{"name":"wp","href":"https:\/\/api.w.org\/{rel}","templated":true}]}}