{"id":734,"date":"2025-07-10T15:02:33","date_gmt":"2025-07-10T20:02:33","guid":{"rendered":"https:\/\/codofil1.wpenginepowered.com\/?page_id=734"},"modified":"2025-11-19T14:54:33","modified_gmt":"2025-11-19T20:54:33","slug":"developpement-professionnel","status":"publish","type":"page","link":"https:\/\/codofil.org\/fr\/exel-louisiane\/developpement-professionnel\/","title":{"rendered":"D\u00e9veloppement professionnel"},"content":{"rendered":"<div data-elementor-type=\"wp-page\" data-elementor-id=\"734\" class=\"elementor elementor-734\" data-elementor-post-type=\"page\">\n\t\t\t\t<div class=\"elementor-element elementor-element-219a397 e-flex e-con-boxed e-con e-parent\" data-id=\"219a397\" data-element_type=\"container\">\n\t\t\t\t\t<div class=\"e-con-inner\">\n\t\t\t\t<div class=\"elementor-element elementor-element-50d1a0f elementor-widget elementor-widget-text-editor\" data-id=\"50d1a0f\" data-element_type=\"widget\" data-widget_type=\"text-editor.default\">\n\t\t\t\t<div class=\"elementor-widget-container\">\n\t\t\t\t\t\t\t\t\t<p>Profitez des outils de d\u00e9veloppement professionnel d'Exel Louisiane pour am\u00e9liorer vos comp\u00e9tences en fran\u00e7ais.\u00a0\u00a0<\/p>\t\t\t\t\t\t\t\t<\/div>\n\t\t\t\t<\/div>\n\t\t\t\t\t<\/div>\n\t\t\t\t<\/div>\n\t\t<div class=\"elementor-element elementor-element-bb10f2a e-grid e-con-full e-con e-parent\" data-id=\"bb10f2a\" data-element_type=\"container\">\n\t\t\t\t<div class=\"elementor-element elementor-element-cf3ccc2 elementor-position-top elementor-widget elementor-widget-image-box\" data-id=\"cf3ccc2\" data-element_type=\"widget\" data-widget_type=\"image-box.default\">\n\t\t\t\t<div class=\"elementor-widget-container\">\n\t\t\t\t\t<div class=\"elementor-image-box-wrapper\"><figure class=\"elementor-image-box-img\"><a href=\"https:\/\/codofil.org\/fr\/exel-louisiane\/financement\/\" tabindex=\"-1\"><img fetchpriority=\"high\" decoding=\"async\" width=\"800\" height=\"534\" src=\"https:\/\/codofil.org\/wp-content\/uploads\/2025\/11\/Hotel_site.png\" class=\"elementor-animation-grow attachment-full size-full wp-image-1428\" alt=\"Les clients d&#039;un h\u00f4tel\" srcset=\"https:\/\/codofil.org\/wp-content\/uploads\/2025\/11\/Hotel_site.png 800w, https:\/\/codofil.org\/wp-content\/uploads\/2025\/11\/Hotel_site-300x200.png 300w, https:\/\/codofil.org\/wp-content\/uploads\/2025\/11\/Hotel_site-768x513.png 768w, https:\/\/codofil.org\/wp-content\/uploads\/2025\/11\/Hotel_site-18x12.png 18w\" sizes=\"(max-width: 800px) 100vw, 800px\" \/><\/a><\/figure><div class=\"elementor-image-box-content\"><h2 class=\"elementor-image-box-title\"><a href=\"https:\/\/codofil.org\/fr\/exel-louisiane\/financement\/\">Financement<\/a><\/h2><p class=\"elementor-image-box-description\">Faites une demande de financement pour soutenir votre projet professionnel qui promeut le fran\u00e7ais en Louisiane.<\/p><\/div><\/div>\t\t\t\t<\/div>\n\t\t\t\t<\/div>\n\t\t\t\t<div class=\"elementor-element elementor-element-6d85df3 elementor-position-top elementor-widget elementor-widget-image-box\" data-id=\"6d85df3\" data-element_type=\"widget\" data-widget_type=\"image-box.default\">\n\t\t\t\t<div class=\"elementor-widget-container\">\n\t\t\t\t\t<div class=\"elementor-image-box-wrapper\"><figure class=\"elementor-image-box-img\"><a href=\"https:\/\/codofil.org\/fr\/exel-louisiane\/ateliers\/\" tabindex=\"-1\"><img decoding=\"async\" width=\"800\" height=\"533\" src=\"https:\/\/codofil.org\/wp-content\/uploads\/2025\/11\/workshops-site.png\" class=\"elementor-animation-grow attachment-full size-full wp-image-1430\" alt=\"Un groupe de personnes dans un atelier.\" srcset=\"https:\/\/codofil.org\/wp-content\/uploads\/2025\/11\/workshops-site.png 800w, https:\/\/codofil.org\/wp-content\/uploads\/2025\/11\/workshops-site-300x200.png 300w, https:\/\/codofil.org\/wp-content\/uploads\/2025\/11\/workshops-site-768x512.png 768w, https:\/\/codofil.org\/wp-content\/uploads\/2025\/11\/workshops-site-18x12.png 18w\" sizes=\"(max-width: 800px) 100vw, 800px\" \/><\/a><\/figure><div class=\"elementor-image-box-content\"><h2 class=\"elementor-image-box-title\"><a href=\"https:\/\/codofil.org\/fr\/exel-louisiane\/ateliers\/\">Ateliers<\/a><\/h2><p class=\"elementor-image-box-description\">Participez \u00e0 un atelier sur la valeur du fran\u00e7ais dans l'\u00e9conomie de la Louisiane.<\/p><\/div><\/div>\t\t\t\t<\/div>\n\t\t\t\t<\/div>\n\t\t\t\t<\/div>\n\t\t<div class=\"elementor-element elementor-element-58d14e6 e-flex e-con-boxed e-con e-parent\" data-id=\"58d14e6\" data-element_type=\"container\">\n\t\t\t\t\t<div class=\"e-con-inner\">\n\t\t\t\t<div class=\"elementor-element elementor-element-14734d6 elementor-widget-divider--view-line elementor-widget elementor-widget-divider\" data-id=\"14734d6\" data-element_type=\"widget\" data-widget_type=\"divider.default\">\n\t\t\t\t<div class=\"elementor-widget-container\">\n\t\t\t\t\t\t\t<div class=\"elementor-divider\">\n\t\t\t<span class=\"elementor-divider-separator\">\n\t\t\t\t\t\t<\/span>\n\t\t<\/div>\n\t\t\t\t\t\t<\/div>\n\t\t\t\t<\/div>\n\t\t\t\t\t<\/div>\n\t\t\t\t<\/div>\n\t\t<div class=\"elementor-element elementor-element-2fb05db e-flex e-con-boxed e-con e-parent\" data-id=\"2fb05db\" data-element_type=\"container\">\n\t\t\t\t\t<div class=\"e-con-inner\">\n\t\t\t\t<div class=\"elementor-element elementor-element-ecc950a elementor-widget elementor-widget-heading\" data-id=\"ecc950a\" data-element_type=\"widget\" data-widget_type=\"heading.default\">\n\t\t\t\t<div class=\"elementor-widget-container\">\n\t\t\t\t\t<h2 class=\"elementor-heading-title elementor-size-default\">Restez inform\u00e9 des opportunit\u00e9s de d\u00e9veloppement professionnel<\/h2>\t\t\t\t<\/div>\n\t\t\t\t<\/div>\n\t\t\t\t<div class=\"elementor-element elementor-element-7f005d8 elementor-align-center elementor-widget elementor-widget-button\" data-id=\"7f005d8\" data-element_type=\"widget\" data-widget_type=\"button.default\">\n\t\t\t\t<div class=\"elementor-widget-container\">\n\t\t\t\t\t\t\t\t\t<div class=\"elementor-button-wrapper\">\n\t\t\t\t\t<a class=\"elementor-button elementor-button-link elementor-size-sm\" href=\"https:\/\/codofil.org\/fr\/sinscrire-a-notre-infolettre\/\">\n\t\t\t\t\t\t<span class=\"elementor-button-content-wrapper\">\n\t\t\t\t\t\t\t\t\t<span class=\"elementor-button-text\">S'inscrire<\/span>\n\t\t\t\t\t<\/span>\n\t\t\t\t\t<\/a>\n\t\t\t\t<\/div>\n\t\t\t\t\t\t\t\t<\/div>\n\t\t\t\t<\/div>\n\t\t\t\t\t<\/div>\n\t\t\t\t<\/div>\n\t\t\t\t<\/div>","protected":false},"excerpt":{"rendered":"<p>Profitez des outils de d\u00e9veloppement professionnel d'Exel Louisiane pour am\u00e9liorer vos comp\u00e9tences en fran\u00e7ais.   Financement Faites une demande de financement pour soutenir votre projet professionnel qui promeut le fran\u00e7ais en Louisiane. Ateliers Participez \u00e0 un atelier sur la valeur du fran\u00e7ais dans l'\u00e9conomie de la Louisiane. Restez inform\u00e9 des futures opportunit\u00e9s de d\u00e9veloppement professionnel Signez...<\/p>","protected":false},"author":10,"featured_media":1147,"parent":712,"menu_order":0,"comment_status":"closed","ping_status":"closed","template":"","meta":{"_acf_changed":false,"footnotes":"","_links_to":"","_links_to_target":""},"class_list":["post-734","page","type-page","status-publish","has-post-thumbnail","hentry"],"acf":[],"_links":{"self":[{"href":"https:\/\/codofil.org\/fr\/wp-json\/wp\/v2\/pages\/734","targetHints":{"allow":["GET"]}}],"collection":[{"href":"https:\/\/codofil.org\/fr\/wp-json\/wp\/v2\/pages"}],"about":[{"href":"https:\/\/codofil.org\/fr\/wp-json\/wp\/v2\/types\/page"}],"author":[{"embeddable":true,"href":"https:\/\/codofil.org\/fr\/wp-json\/wp\/v2\/users\/10"}],"replies":[{"embeddable":true,"href":"https:\/\/codofil.org\/fr\/wp-json\/wp\/v2\/comments?post=734"}],"version-history":[{"count":0,"href":"https:\/\/codofil.org\/fr\/wp-json\/wp\/v2\/pages\/734\/revisions"}],"up":[{"embeddable":true,"href":"https:\/\/codofil.org\/fr\/wp-json\/wp\/v2\/pages\/712"}],"wp:featuredmedia":[{"embeddable":true,"href":"https:\/\/codofil.org\/fr\/wp-json\/wp\/v2\/media\/1147"}],"wp:attachment":[{"href":"https:\/\/codofil.org\/fr\/wp-json\/wp\/v2\/media?parent=734"}],"curies":[{"name":"wp","href":"https:\/\/api.w.org\/{rel}","templated":true}]}}