{"id":729,"date":"2025-07-10T12:50:11","date_gmt":"2025-07-10T17:50:11","guid":{"rendered":"https:\/\/codofil1.wpenginepowered.com\/?page_id=729"},"modified":"2026-04-21T16:45:51","modified_gmt":"2026-04-21T21:45:51","slug":"apprendre","status":"publish","type":"page","link":"https:\/\/codofil.org\/fr\/apprendre\/","title":{"rendered":"Ressources p\u00e9dagogiques"},"content":{"rendered":"<div data-elementor-type=\"wp-page\" data-elementor-id=\"729\" class=\"elementor elementor-729\" data-elementor-post-type=\"page\">\n\t\t\t\t<div class=\"elementor-element elementor-element-d7b0dcc e-flex e-con-boxed e-con e-parent\" data-id=\"d7b0dcc\" data-element_type=\"container\">\n\t\t\t\t\t<div class=\"e-con-inner\">\n\t\t\t\t<div class=\"elementor-element elementor-element-885570d elementor-widget elementor-widget-text-editor\" data-id=\"885570d\" data-element_type=\"widget\" data-widget_type=\"text-editor.default\">\n\t\t\t\t<div class=\"elementor-widget-container\">\n\t\t\t\t\t\t\t\t\t<p>Le CODOFIL propose des ressources d'apprentissage du fran\u00e7ais pour tous les niveaux. Explorez les diff\u00e9rentes fa\u00e7ons de vous familiariser avec la langue, notamment \u00e0 travers du mat\u00e9riel \u00e9ducatif et des s\u00e9ries de vid\u00e9os \u00e9ducatives.\u00a0<\/p>\t\t\t\t\t\t\t\t<\/div>\n\t\t\t\t<\/div>\n\t\t\t\t<div class=\"elementor-element elementor-element-9041ded elementor-widget elementor-widget-spacer\" data-id=\"9041ded\" data-element_type=\"widget\" data-widget_type=\"spacer.default\">\n\t\t\t\t<div class=\"elementor-widget-container\">\n\t\t\t\t\t\t\t<div class=\"elementor-spacer\">\n\t\t\t<div class=\"elementor-spacer-inner\"><\/div>\n\t\t<\/div>\n\t\t\t\t\t\t<\/div>\n\t\t\t\t<\/div>\n\t\t\t\t\t<\/div>\n\t\t\t\t<\/div>\n\t\t<div class=\"elementor-element elementor-element-79cebbe e-flex e-con-boxed e-con e-parent\" data-id=\"79cebbe\" data-element_type=\"container\">\n\t\t\t\t\t<div class=\"e-con-inner\">\n\t\t<div class=\"elementor-element elementor-element-d423929 e-grid e-con-full e-con e-child\" data-id=\"d423929\" data-element_type=\"container\">\n\t\t\t\t<div class=\"elementor-element elementor-element-a33e6c8 elementor-position-top elementor-widget elementor-widget-image-box\" data-id=\"a33e6c8\" data-element_type=\"widget\" data-widget_type=\"image-box.default\">\n\t\t\t\t<div class=\"elementor-widget-container\">\n\t\t\t\t\t<div class=\"elementor-image-box-wrapper\"><figure class=\"elementor-image-box-img\"><a href=\"https:\/\/codofil.org\/fr\/gombo-de-mots\/\" tabindex=\"-1\"><img fetchpriority=\"high\" decoding=\"async\" width=\"800\" height=\"450\" src=\"https:\/\/codofil.org\/wp-content\/uploads\/2025\/07\/62feb0464df8610f77a94960_immersionLA-Thumbnails-07-p-800.png\" class=\"elementor-animation-grow attachment-full size-full wp-image-852\" alt=\"Les cartes Gombo de mots sont des ressources d&#039;apprentissage du fran\u00e7ais\" srcset=\"https:\/\/codofil.org\/wp-content\/uploads\/2025\/07\/62feb0464df8610f77a94960_immersionLA-Thumbnails-07-p-800.png 800w, https:\/\/codofil.org\/wp-content\/uploads\/2025\/07\/62feb0464df8610f77a94960_immersionLA-Thumbnails-07-p-800-300x169.png 300w, https:\/\/codofil.org\/wp-content\/uploads\/2025\/07\/62feb0464df8610f77a94960_immersionLA-Thumbnails-07-p-800-768x432.png 768w, https:\/\/codofil.org\/wp-content\/uploads\/2025\/07\/62feb0464df8610f77a94960_immersionLA-Thumbnails-07-p-800-18x10.png 18w\" sizes=\"(max-width: 800px) 100vw, 800px\" \/><\/a><\/figure><div class=\"elementor-image-box-content\"><h2 class=\"elementor-image-box-title\"><a href=\"https:\/\/codofil.org\/fr\/gombo-de-mots\/\">Gombo de Mots<\/a><\/h2><p class=\"elementor-image-box-description\">Un jeu de cartes flash mettant en valeur des mots en fran\u00e7ais et en cr\u00e9ole louisianais avec leurs \u00e9quivalents en fran\u00e7ais international et en anglais.<\/p><\/div><\/div>\t\t\t\t<\/div>\n\t\t\t\t<\/div>\n\t\t\t\t<div class=\"elementor-element elementor-element-4365249 elementor-position-top elementor-widget elementor-widget-image-box\" data-id=\"4365249\" data-element_type=\"widget\" data-widget_type=\"image-box.default\">\n\t\t\t\t<div class=\"elementor-widget-container\">\n\t\t\t\t\t<div class=\"elementor-image-box-wrapper\"><figure class=\"elementor-image-box-img\"><a href=\"https:\/\/codofil.org\/wp-content\/uploads\/2026\/01\/TF_Guide_mar2025.pdf\" tabindex=\"-1\"><img decoding=\"async\" width=\"638\" height=\"796\" src=\"https:\/\/codofil.org\/wp-content\/uploads\/2026\/01\/FCFB21D0-4778-4FE2-9AA4-FFEC7838CE76.png\" class=\"elementor-animation-grow attachment-full size-full wp-image-1474\" alt=\"\" srcset=\"https:\/\/codofil.org\/wp-content\/uploads\/2026\/01\/FCFB21D0-4778-4FE2-9AA4-FFEC7838CE76.png 638w, https:\/\/codofil.org\/wp-content\/uploads\/2026\/01\/FCFB21D0-4778-4FE2-9AA4-FFEC7838CE76-240x300.png 240w, https:\/\/codofil.org\/wp-content\/uploads\/2026\/01\/FCFB21D0-4778-4FE2-9AA4-FFEC7838CE76-10x12.png 10w\" sizes=\"(max-width: 638px) 100vw, 638px\" \/><\/a><\/figure><div class=\"elementor-image-box-content\"><h2 class=\"elementor-image-box-title\"><a href=\"https:\/\/codofil.org\/wp-content\/uploads\/2026\/01\/TF_Guide_mar2025.pdf\">Guide de table fran\u00e7ais<\/a><\/h2><p class=\"elementor-image-box-description\">Cr\u00e9\u00e9 par Amanda LaFleur, sp\u00e9cialiste du fran\u00e7ais louisianais, Le Guide des Tables fournit les outils, les sujets et les conseils d'entra\u00eenement n\u00e9cessaires pour favoriser un environnement de parole dynamique.<\/p><\/div><\/div>\t\t\t\t<\/div>\n\t\t\t\t<\/div>\n\t\t\t\t<div class=\"elementor-element elementor-element-485f1b8 elementor-position-top elementor-widget elementor-widget-image-box\" data-id=\"485f1b8\" data-element_type=\"widget\" data-widget_type=\"image-box.default\">\n\t\t\t\t<div class=\"elementor-widget-container\">\n\t\t\t\t\t<div class=\"elementor-image-box-wrapper\"><figure class=\"elementor-image-box-img\"><a href=\"https:\/\/codofil.org\/fr\/exel-louisiane\/ressources-francaises\/\" tabindex=\"-1\"><img decoding=\"async\" width=\"900\" height=\"600\" src=\"https:\/\/codofil.org\/wp-content\/uploads\/2025\/07\/French-translation-services.png\" class=\"elementor-animation-grow attachment-full size-full wp-image-886\" alt=\"Un panneau bilingue en fran\u00e7ais et en anglais \u00e0 Lafayette, en Louisiane.\" srcset=\"https:\/\/codofil.org\/wp-content\/uploads\/2025\/07\/French-translation-services.png 900w, https:\/\/codofil.org\/wp-content\/uploads\/2025\/07\/French-translation-services-300x200.png 300w, https:\/\/codofil.org\/wp-content\/uploads\/2025\/07\/French-translation-services-768x512.png 768w, https:\/\/codofil.org\/wp-content\/uploads\/2025\/07\/French-translation-services-18x12.png 18w\" sizes=\"(max-width: 900px) 100vw, 900px\" \/><\/a><\/figure><div class=\"elementor-image-box-content\"><h2 class=\"elementor-image-box-title\"><a href=\"https:\/\/codofil.org\/fr\/exel-louisiane\/ressources-francaises\/\">Le fran\u00e7ais des affaires<\/a><\/h2><p class=\"elementor-image-box-description\">Les ressources professionnelles en fran\u00e7ais d'Exel Louisiane offrent des moyens pratiques d'accro\u00eetre vos capacit\u00e9s en langue fran\u00e7aise. En incluant une signalisation bilingue et en am\u00e9liorant les comp\u00e9tences fran\u00e7aises de votre personnel, vous pouvez \u00e9tendre votre entreprise aux clients et touristes francophones.<\/p><\/div><\/div>\t\t\t\t<\/div>\n\t\t\t\t<\/div>\n\t\t\t\t<\/div>\n\t\t<div class=\"elementor-element elementor-element-95660a3 e-grid e-con-full e-con e-child\" data-id=\"95660a3\" data-element_type=\"container\">\n\t\t\t\t<div class=\"elementor-element elementor-element-6a5fba5 elementor-position-top elementor-widget elementor-widget-image-box\" data-id=\"6a5fba5\" data-element_type=\"widget\" data-widget_type=\"image-box.default\">\n\t\t\t\t<div class=\"elementor-widget-container\">\n\t\t\t\t\t<div class=\"elementor-image-box-wrapper\"><figure class=\"elementor-image-box-img\"><a href=\"https:\/\/codofil.org\/fr\/kouri-vini-101\/\" tabindex=\"-1\"><img loading=\"lazy\" decoding=\"async\" width=\"1040\" height=\"630\" src=\"https:\/\/codofil.org\/wp-content\/uploads\/2025\/07\/kouri-vini-banner-e1753101657774.png\" class=\"elementor-animation-grow attachment-full size-full wp-image-851\" alt=\"Logo de la s\u00e9rie 101 de Kouri-Vini\" srcset=\"https:\/\/codofil.org\/wp-content\/uploads\/2025\/07\/kouri-vini-banner-e1753101657774.png 1040w, https:\/\/codofil.org\/wp-content\/uploads\/2025\/07\/kouri-vini-banner-e1753101657774-300x182.png 300w, https:\/\/codofil.org\/wp-content\/uploads\/2025\/07\/kouri-vini-banner-e1753101657774-1024x620.png 1024w, https:\/\/codofil.org\/wp-content\/uploads\/2025\/07\/kouri-vini-banner-e1753101657774-768x465.png 768w, https:\/\/codofil.org\/wp-content\/uploads\/2025\/07\/kouri-vini-banner-e1753101657774-18x12.png 18w\" sizes=\"(max-width: 1040px) 100vw, 1040px\" \/><\/a><\/figure><div class=\"elementor-image-box-content\"><h2 class=\"elementor-image-box-title\"><a href=\"https:\/\/codofil.org\/fr\/kouri-vini-101\/\">Kouri-Vini 101<\/a><\/h2><p class=\"elementor-image-box-description\">Une s\u00e9rie de vid\u00e9os sur le kouri-vini, la langue cr\u00e9ole de Louisiane en voie de disparition.<\/p><\/div><\/div>\t\t\t\t<\/div>\n\t\t\t\t<\/div>\n\t\t\t\t<div class=\"elementor-element elementor-element-2ecd250 elementor-position-top elementor-widget elementor-widget-image-box\" data-id=\"2ecd250\" data-element_type=\"widget\" data-widget_type=\"image-box.default\">\n\t\t\t\t<div class=\"elementor-widget-container\">\n\t\t\t\t\t<div class=\"elementor-image-box-wrapper\"><figure class=\"elementor-image-box-img\"><a href=\"https:\/\/codofil.org\/fr\/paroles-de-la-louisiane\/\" tabindex=\"-1\"><img loading=\"lazy\" decoding=\"async\" width=\"1050\" height=\"630\" src=\"https:\/\/codofil.org\/wp-content\/uploads\/2025\/04\/Paroles-de-la-Louisiane-show-board.jpg\" class=\"elementor-animation-grow attachment-full size-full wp-image-384\" alt=\"Le logo de Paroles de la Louisiane sur LPB, une \u00e9mission sur le fran\u00e7ais de Louisiane\" srcset=\"https:\/\/codofil.org\/wp-content\/uploads\/2025\/04\/Paroles-de-la-Louisiane-show-board.jpg 1050w, https:\/\/codofil.org\/wp-content\/uploads\/2025\/04\/Paroles-de-la-Louisiane-show-board-300x180.jpg 300w, https:\/\/codofil.org\/wp-content\/uploads\/2025\/04\/Paroles-de-la-Louisiane-show-board-1024x614.jpg 1024w, https:\/\/codofil.org\/wp-content\/uploads\/2025\/04\/Paroles-de-la-Louisiane-show-board-768x461.jpg 768w, https:\/\/codofil.org\/wp-content\/uploads\/2025\/04\/Paroles-de-la-Louisiane-show-board-18x12.jpg 18w\" sizes=\"(max-width: 1050px) 100vw, 1050px\" \/><\/a><\/figure><div class=\"elementor-image-box-content\"><h2 class=\"elementor-image-box-title\"><a href=\"https:\/\/codofil.org\/fr\/paroles-de-la-louisiane\/\">Paroles de la Louisiane<\/a><\/h2><p class=\"elementor-image-box-description\">Une s\u00e9rie de vid\u00e9os sur le fran\u00e7ais louisianais pour les \u00e9ducateurs, les \u00e9tudiants et les passionn\u00e9s de langues.<\/p><\/div><\/div>\t\t\t\t<\/div>\n\t\t\t\t<\/div>\n\t\t\t\t<div class=\"elementor-element elementor-element-6eb6b93 elementor-position-top elementor-widget elementor-widget-image-box\" data-id=\"6eb6b93\" data-element_type=\"widget\" data-widget_type=\"image-box.default\">\n\t\t\t\t<div class=\"elementor-widget-container\">\n\t\t\t\t\t<div class=\"elementor-image-box-wrapper\"><figure class=\"elementor-image-box-img\"><a href=\"https:\/\/youtube.com\/playlist?list=PLkNYb2y5iqktrUHCzXf3yu2x_dvPcjuW0&#038;si=ouUZDirGYZ64xwq_\" tabindex=\"-1\" target=\"_blank\" rel=\"noopener\"><img loading=\"lazy\" decoding=\"async\" width=\"1036\" height=\"720\" src=\"https:\/\/codofil.org\/wp-content\/uploads\/2026\/04\/pourquoi-comment.jpg\" class=\"elementor-animation-grow attachment-full size-full wp-image-1624\" alt=\"\" srcset=\"https:\/\/codofil.org\/wp-content\/uploads\/2026\/04\/pourquoi-comment.jpg 1036w, https:\/\/codofil.org\/wp-content\/uploads\/2026\/04\/pourquoi-comment-300x208.jpg 300w, https:\/\/codofil.org\/wp-content\/uploads\/2026\/04\/pourquoi-comment-1024x712.jpg 1024w, https:\/\/codofil.org\/wp-content\/uploads\/2026\/04\/pourquoi-comment-768x534.jpg 768w, https:\/\/codofil.org\/wp-content\/uploads\/2026\/04\/pourquoi-comment-18x12.jpg 18w\" sizes=\"(max-width: 1036px) 100vw, 1036px\" \/><\/a><\/figure><div class=\"elementor-image-box-content\"><h2 class=\"elementor-image-box-title\"><a href=\"https:\/\/youtube.com\/playlist?list=PLkNYb2y5iqktrUHCzXf3yu2x_dvPcjuW0&#038;si=ouUZDirGYZ64xwq_\" target=\"_blank\" rel=\"noopener\">Pourquoi ? Comment ?<\/a><\/h2><p class=\"elementor-image-box-description\">Pourquoi? Comment? est une s\u00e9rie d'entretiens o\u00f9 les Louisianais partagent leurs exp\u00e9riences d'apprentissage du fran\u00e7ais.<\/p><\/div><\/div>\t\t\t\t<\/div>\n\t\t\t\t<\/div>\n\t\t\t\t<\/div>\n\t\t\t\t\t<\/div>\n\t\t\t\t<\/div>\n\t\t<div class=\"elementor-element elementor-element-acfab14 e-flex e-con-boxed e-con e-parent\" data-id=\"acfab14\" data-element_type=\"container\">\n\t\t\t\t\t<div class=\"e-con-inner\">\n\t\t\t\t<div class=\"elementor-element elementor-element-a89e5ec elementor-widget elementor-widget-spacer\" data-id=\"a89e5ec\" data-element_type=\"widget\" data-widget_type=\"spacer.default\">\n\t\t\t\t<div class=\"elementor-widget-container\">\n\t\t\t\t\t\t\t<div class=\"elementor-spacer\">\n\t\t\t<div class=\"elementor-spacer-inner\"><\/div>\n\t\t<\/div>\n\t\t\t\t\t\t<\/div>\n\t\t\t\t<\/div>\n\t\t\t\t<div class=\"elementor-element elementor-element-82369b4 elementor-widget-divider--view-line elementor-widget elementor-widget-divider\" data-id=\"82369b4\" data-element_type=\"widget\" data-widget_type=\"divider.default\">\n\t\t\t\t<div class=\"elementor-widget-container\">\n\t\t\t\t\t\t\t<div class=\"elementor-divider\">\n\t\t\t<span class=\"elementor-divider-separator\">\n\t\t\t\t\t\t<\/span>\n\t\t<\/div>\n\t\t\t\t\t\t<\/div>\n\t\t\t\t<\/div>\n\t\t\t\t<div class=\"elementor-element elementor-element-c1876cd elementor-widget elementor-widget-heading\" data-id=\"c1876cd\" data-element_type=\"widget\" data-widget_type=\"heading.default\">\n\t\t\t\t<div class=\"elementor-widget-container\">\n\t\t\t\t\t<h2 class=\"elementor-heading-title elementor-size-default\">Ressources recommand\u00e9es<\/h2>\t\t\t\t<\/div>\n\t\t\t\t<\/div>\n\t\t<div class=\"elementor-element elementor-element-882f942 e-con-full e-flex e-con e-child\" data-id=\"882f942\" data-element_type=\"container\">\n\t\t<div class=\"elementor-element elementor-element-c418263 e-grid e-con-full e-con e-child\" data-id=\"c418263\" data-element_type=\"container\">\n\t\t\t\t<div class=\"elementor-element elementor-element-4adb769 elementor-position-top elementor-widget elementor-widget-image-box\" data-id=\"4adb769\" data-element_type=\"widget\" data-widget_type=\"image-box.default\">\n\t\t\t\t<div class=\"elementor-widget-container\">\n\t\t\t\t\t<div class=\"elementor-image-box-wrapper\"><figure class=\"elementor-image-box-img\"><a href=\"https:\/\/www.upress.state.ms.us\/Books\/D\/Dictionary-of-Louisiana-French\" tabindex=\"-1\" target=\"_blank\" rel=\"noopener\"><img loading=\"lazy\" decoding=\"async\" width=\"772\" height=\"1000\" src=\"https:\/\/codofil.org\/wp-content\/uploads\/2026\/04\/DLF-image.jpg\" class=\"elementor-animation-grow attachment-large size-large wp-image-1625\" alt=\"\" srcset=\"https:\/\/codofil.org\/wp-content\/uploads\/2026\/04\/DLF-image.jpg 772w, https:\/\/codofil.org\/wp-content\/uploads\/2026\/04\/DLF-image-232x300.jpg 232w, https:\/\/codofil.org\/wp-content\/uploads\/2026\/04\/DLF-image-768x995.jpg 768w, https:\/\/codofil.org\/wp-content\/uploads\/2026\/04\/DLF-image-9x12.jpg 9w\" sizes=\"(max-width: 772px) 100vw, 772px\" \/><\/a><\/figure><div class=\"elementor-image-box-content\"><h2 class=\"elementor-image-box-title\"><a href=\"https:\/\/www.upress.state.ms.us\/Books\/D\/Dictionary-of-Louisiana-French\" target=\"_blank\" rel=\"noopener\">Dictionnaire du fran\u00e7ais louisianais<\/a><\/h2><p class=\"elementor-image-box-description\">Le \"Dictionary of Louisiana French: As Spoken in Cajun, Creole, and American Indian Communities\" est le dictionnaire le plus complet de la langue fran\u00e7aise en Louisiane \u00e0 ce jour. Il a fallu plus d'une d\u00e9cennie \u00e0 une \u00e9quipe de linguistes universitaires et d'habitants de la Louisiane pour cr\u00e9er ce dictionnaire qui comprend des phrases d'exemple, des guides de prononciation et de multiples orthographes accept\u00e9es lorsqu'il y a plus d'une fa\u00e7on de dire ou d'\u00e9crire quelque chose.<\/p><\/div><\/div>\t\t\t\t<\/div>\n\t\t\t\t<\/div>\n\t\t\t\t<div class=\"elementor-element elementor-element-87e02df elementor-position-top elementor-widget elementor-widget-image-box\" data-id=\"87e02df\" data-element_type=\"widget\" data-widget_type=\"image-box.default\">\n\t\t\t\t<div class=\"elementor-widget-container\">\n\t\t\t\t\t<div class=\"elementor-image-box-wrapper\"><figure class=\"elementor-image-box-img\"><a href=\"https:\/\/sites.google.com\/view\/learnlouisianacreole\/home\" tabindex=\"-1\" target=\"_blank\" rel=\"noopener\"><img loading=\"lazy\" decoding=\"async\" width=\"333\" height=\"500\" src=\"https:\/\/codofil.org\/wp-content\/uploads\/2026\/04\/ti-liv-kreyol-cover-image.jpg\" class=\"elementor-animation-grow attachment-large size-large wp-image-1626\" alt=\"\" srcset=\"https:\/\/codofil.org\/wp-content\/uploads\/2026\/04\/ti-liv-kreyol-cover-image.jpg 333w, https:\/\/codofil.org\/wp-content\/uploads\/2026\/04\/ti-liv-kreyol-cover-image-200x300.jpg 200w, https:\/\/codofil.org\/wp-content\/uploads\/2026\/04\/ti-liv-kreyol-cover-image-8x12.jpg 8w\" sizes=\"(max-width: 333px) 100vw, 333px\" \/><\/a><\/figure><div class=\"elementor-image-box-content\"><h2 class=\"elementor-image-box-title\"><a href=\"https:\/\/sites.google.com\/view\/learnlouisianacreole\/home\" target=\"_blank\" rel=\"noopener\">Petit Livre Cr\u00e9ole<\/a><\/h2><p class=\"elementor-image-box-description\">Le Ti Liv Kr\u00e9y\u00f2l est une ressource gratuite accessible en ligne. Cr\u00e9\u00e9 par un groupe d'activistes, ce manuel n'est pas un manuel complet, mais il constitue un pas vers le d\u00e9veloppement d'un programme complet de mat\u00e9riel d'apprentissage de la langue cr\u00e9ole de Louisiane pour les enseignants, les \u00e9tudiants et les apprenants ind\u00e9pendants. Cette deuxi\u00e8me \u00e9dition propose des le\u00e7ons simples organis\u00e9es autour de th\u00e8mes tels que la famille, la m\u00e9t\u00e9o ou la nourriture, et comprend m\u00eame des fichiers audio.<\/p><\/div><\/div>\t\t\t\t<\/div>\n\t\t\t\t<\/div>\n\t\t\t\t<div class=\"elementor-element elementor-element-522b09d elementor-position-top elementor-widget elementor-widget-image-box\" data-id=\"522b09d\" data-element_type=\"widget\" data-widget_type=\"image-box.default\">\n\t\t\t\t<div class=\"elementor-widget-container\">\n\t\t\t\t\t<div class=\"elementor-image-box-wrapper\"><figure class=\"elementor-image-box-img\"><a href=\"https:\/\/www.louisianacreoledictionary.com\/\" tabindex=\"-1\" target=\"_blank\" rel=\"noopener\"><img loading=\"lazy\" decoding=\"async\" width=\"800\" height=\"939\" src=\"https:\/\/codofil.org\/wp-content\/uploads\/2026\/04\/LouisianaCreoleDictionary-homepage-872x1024.jpg\" class=\"elementor-animation-grow attachment-large size-large wp-image-1627\" alt=\"\" srcset=\"https:\/\/codofil.org\/wp-content\/uploads\/2026\/04\/LouisianaCreoleDictionary-homepage-872x1024.jpg 872w, https:\/\/codofil.org\/wp-content\/uploads\/2026\/04\/LouisianaCreoleDictionary-homepage-255x300.jpg 255w, https:\/\/codofil.org\/wp-content\/uploads\/2026\/04\/LouisianaCreoleDictionary-homepage-768x902.jpg 768w, https:\/\/codofil.org\/wp-content\/uploads\/2026\/04\/LouisianaCreoleDictionary-homepage-1308x1536.jpg 1308w, https:\/\/codofil.org\/wp-content\/uploads\/2026\/04\/LouisianaCreoleDictionary-homepage-1744x2048.jpg 1744w, https:\/\/codofil.org\/wp-content\/uploads\/2026\/04\/LouisianaCreoleDictionary-homepage-10x12.jpg 10w\" sizes=\"(max-width: 800px) 100vw, 800px\" \/><\/a><\/figure><div class=\"elementor-image-box-content\"><h2 class=\"elementor-image-box-title\"><a href=\"https:\/\/www.louisianacreoledictionary.com\/\" target=\"_blank\" rel=\"noopener\">LouisianaCreoleDictionary.com<\/a><\/h2><p class=\"elementor-image-box-description\">LouisianaCreoleDictionary.com est un dictionnaire et une ressource d'apprentissage en ligne d\u00e9di\u00e9 \u00e0 la documentation, \u00e0 la pr\u00e9servation et au partage du vocabulaire cr\u00e9ole louisianais. Notre objectif est de rendre cette langue accessible aux apprenants, aux chercheurs, aux locuteurs d'h\u00e9ritage et au grand public curieux.\n\nLe dictionnaire comprend des traductions anglais-cr\u00e9ole, des phrases d'exemple, des prononciations audio et des le\u00e7ons structur\u00e9es sur des sujets de grammaire et de vocabulaire. Nous invitons activement les membres de la communaut\u00e9 \u00e0 soumettre de nouveaux mots et \u00e0 nous aider \u00e0 d\u00e9velopper cette ressource.<\/p><\/div><\/div>\t\t\t\t<\/div>\n\t\t\t\t<\/div>\n\t\t\t\t<\/div>\n\t\t\t\t<\/div>\n\t\t\t\t<div class=\"elementor-element elementor-element-31d9992 elementor-widget elementor-widget-spacer\" data-id=\"31d9992\" data-element_type=\"widget\" data-widget_type=\"spacer.default\">\n\t\t\t\t<div class=\"elementor-widget-container\">\n\t\t\t\t\t\t\t<div class=\"elementor-spacer\">\n\t\t\t<div class=\"elementor-spacer-inner\"><\/div>\n\t\t<\/div>\n\t\t\t\t\t\t<\/div>\n\t\t\t\t<\/div>\n\t\t\t\t<div class=\"elementor-element elementor-element-940a4a0 elementor-widget-divider--view-line elementor-widget elementor-widget-divider\" data-id=\"940a4a0\" data-element_type=\"widget\" data-widget_type=\"divider.default\">\n\t\t\t\t<div class=\"elementor-widget-container\">\n\t\t\t\t\t\t\t<div class=\"elementor-divider\">\n\t\t\t<span class=\"elementor-divider-separator\">\n\t\t\t\t\t\t<\/span>\n\t\t<\/div>\n\t\t\t\t\t\t<\/div>\n\t\t\t\t<\/div>\n\t\t\t\t<div class=\"elementor-element elementor-element-2cea3bf elementor-widget elementor-widget-heading\" data-id=\"2cea3bf\" data-element_type=\"widget\" data-widget_type=\"heading.default\">\n\t\t\t\t<div class=\"elementor-widget-container\">\n\t\t\t\t\t<h2 class=\"elementor-heading-title elementor-size-default\">Abonnez-vous \u00e0 notre infolettre pour d\u00e9couvrir les derniers supports p\u00e9dagogiques<\/h2>\t\t\t\t<\/div>\n\t\t\t\t<\/div>\n\t\t\t\t<div class=\"elementor-element elementor-element-c7db8b7 elementor-align-center elementor-widget elementor-widget-button\" data-id=\"c7db8b7\" data-element_type=\"widget\" data-widget_type=\"button.default\">\n\t\t\t\t<div class=\"elementor-widget-container\">\n\t\t\t\t\t\t\t\t\t<div class=\"elementor-button-wrapper\">\n\t\t\t\t\t<a class=\"elementor-button elementor-button-link elementor-size-sm\" href=\"https:\/\/codofil.org\/fr\/sinscrire-a-notre-infolettre\/\">\n\t\t\t\t\t\t<span class=\"elementor-button-content-wrapper\">\n\t\t\t\t\t\t\t\t\t<span class=\"elementor-button-text\">S'inscrire<\/span>\n\t\t\t\t\t<\/span>\n\t\t\t\t\t<\/a>\n\t\t\t\t<\/div>\n\t\t\t\t\t\t\t\t<\/div>\n\t\t\t\t<\/div>\n\t\t\t\t\t<\/div>\n\t\t\t\t<\/div>\n\t\t\t\t<\/div>","protected":false},"excerpt":{"rendered":"<p>CODOFIL offers French learning resources for all levels. Explore the various ways you can engage with the language, including physical assets and educational video series.\u00a0 Gombo de Mots Flashcards A deck of flashcards displaying words in Louisiana French and Creole, international French, and English. French Table Guide Created by Louisiana French specialist Amanda LaFleur, Le&#8230;<\/p>","protected":false},"author":10,"featured_media":852,"parent":0,"menu_order":0,"comment_status":"closed","ping_status":"closed","template":"","meta":{"_acf_changed":false,"footnotes":"","_links_to":"","_links_to_target":""},"class_list":["post-729","page","type-page","status-publish","has-post-thumbnail","hentry"],"acf":[],"_links":{"self":[{"href":"https:\/\/codofil.org\/fr\/wp-json\/wp\/v2\/pages\/729","targetHints":{"allow":["GET"]}}],"collection":[{"href":"https:\/\/codofil.org\/fr\/wp-json\/wp\/v2\/pages"}],"about":[{"href":"https:\/\/codofil.org\/fr\/wp-json\/wp\/v2\/types\/page"}],"author":[{"embeddable":true,"href":"https:\/\/codofil.org\/fr\/wp-json\/wp\/v2\/users\/10"}],"replies":[{"embeddable":true,"href":"https:\/\/codofil.org\/fr\/wp-json\/wp\/v2\/comments?post=729"}],"version-history":[{"count":0,"href":"https:\/\/codofil.org\/fr\/wp-json\/wp\/v2\/pages\/729\/revisions"}],"wp:featuredmedia":[{"embeddable":true,"href":"https:\/\/codofil.org\/fr\/wp-json\/wp\/v2\/media\/852"}],"wp:attachment":[{"href":"https:\/\/codofil.org\/fr\/wp-json\/wp\/v2\/media?parent=729"}],"curies":[{"name":"wp","href":"https:\/\/api.w.org\/{rel}","templated":true}]}}