{"id":723,"date":"2025-07-10T10:13:24","date_gmt":"2025-07-10T15:13:24","guid":{"rendered":"https:\/\/codofil1.wpenginepowered.com\/?page_id=723"},"modified":"2025-08-28T11:59:27","modified_gmt":"2025-08-28T16:59:27","slug":"ressources-francaises","status":"publish","type":"page","link":"https:\/\/codofil.org\/fr\/exel-louisiane\/ressources-francaises\/","title":{"rendered":"Ressources en fran\u00e7ais"},"content":{"rendered":"<div data-elementor-type=\"wp-page\" data-elementor-id=\"723\" class=\"elementor elementor-723\" data-elementor-post-type=\"page\">\n\t\t\t\t<div class=\"elementor-element elementor-element-d7b0dcc e-flex e-con-boxed e-con e-parent\" data-id=\"d7b0dcc\" data-element_type=\"container\">\n\t\t\t\t\t<div class=\"e-con-inner\">\n\t\t\t\t<div class=\"elementor-element elementor-element-fe018ca elementor-widget elementor-widget-text-editor\" data-id=\"fe018ca\" data-element_type=\"widget\" data-widget_type=\"text-editor.default\">\n\t\t\t\t<div class=\"elementor-widget-container\">\n\t\t\t\t\t\t\t\t\t<p>Les ressources professionnelles en fran\u00e7ais propos\u00e9es dans le cadre du programme Exel Louisiane se veulent des moyens pratiques pour faciliter la francisation de votre lieu de travail. L\u2019installation de panneaux bilingues et l\u2019am\u00e9lioration des comp\u00e9tences en fran\u00e7ais de votre personnel vous permettra de d\u00e9velopper votre activit\u00e9 aupr\u00e8s des clients et des touristes francophones.<\/p>\t\t\t\t\t\t\t\t<\/div>\n\t\t\t\t<\/div>\n\t\t\t\t\t<\/div>\n\t\t\t\t<\/div>\n\t\t<div class=\"elementor-element elementor-element-79cebbe e-flex e-con-boxed e-con e-parent\" data-id=\"79cebbe\" data-element_type=\"container\">\n\t\t\t\t\t<div class=\"e-con-inner\">\n\t\t<div class=\"elementor-element elementor-element-d423929 e-grid e-con-full e-con e-child\" data-id=\"d423929\" data-element_type=\"container\">\n\t\t\t\t<div class=\"elementor-element elementor-element-6a5fba5 elementor-position-top elementor-widget elementor-widget-image-box\" data-id=\"6a5fba5\" data-element_type=\"widget\" data-widget_type=\"image-box.default\">\n\t\t\t\t<div class=\"elementor-widget-container\">\n\t\t\t\t\t<div class=\"elementor-image-box-wrapper\"><figure class=\"elementor-image-box-img\"><a href=\"https:\/\/codofil.org\/fr\/services-de-traduction\/\" tabindex=\"-1\"><img fetchpriority=\"high\" decoding=\"async\" width=\"900\" height=\"600\" src=\"https:\/\/codofil.org\/wp-content\/uploads\/2025\/07\/French-translation-services.png\" class=\"elementor-animation-grow attachment-full size-full wp-image-886\" alt=\"Un panneau bilingue en fran\u00e7ais et en anglais \u00e0 Lafayette, en Louisiane.\" srcset=\"https:\/\/codofil.org\/wp-content\/uploads\/2025\/07\/French-translation-services.png 900w, https:\/\/codofil.org\/wp-content\/uploads\/2025\/07\/French-translation-services-300x200.png 300w, https:\/\/codofil.org\/wp-content\/uploads\/2025\/07\/French-translation-services-768x512.png 768w, https:\/\/codofil.org\/wp-content\/uploads\/2025\/07\/French-translation-services-18x12.png 18w\" sizes=\"(max-width: 900px) 100vw, 900px\" \/><\/a><\/figure><div class=\"elementor-image-box-content\"><h2 class=\"elementor-image-box-title\"><a href=\"https:\/\/codofil.org\/fr\/services-de-traduction\/\">Services de traduction<\/a><\/h2><p class=\"elementor-image-box-description\">Entrez en contact avec des traducteurs pour inclure le fran\u00e7ais \u00e0 votre lieu de travail.<\/p><\/div><\/div>\t\t\t\t<\/div>\n\t\t\t\t<\/div>\n\t\t\t\t<div class=\"elementor-element elementor-element-d7699e1 elementor-position-top elementor-widget elementor-widget-image-box\" data-id=\"d7699e1\" data-element_type=\"widget\" data-widget_type=\"image-box.default\">\n\t\t\t\t<div class=\"elementor-widget-container\">\n\t\t\t\t\t<div class=\"elementor-image-box-wrapper\"><figure class=\"elementor-image-box-img\"><a href=\"https:\/\/codofil.org\/fr\/afficher-francais\/\" tabindex=\"-1\"><img decoding=\"async\" width=\"800\" height=\"534\" src=\"https:\/\/codofil.org\/wp-content\/uploads\/2025\/07\/french-materials.png\" class=\"elementor-animation-grow attachment-full size-full wp-image-885\" alt=\"Supports en fran\u00e7ais dans une \u00e9picerie en Louisiane\" srcset=\"https:\/\/codofil.org\/wp-content\/uploads\/2025\/07\/french-materials.png 800w, https:\/\/codofil.org\/wp-content\/uploads\/2025\/07\/french-materials-300x200.png 300w, https:\/\/codofil.org\/wp-content\/uploads\/2025\/07\/french-materials-768x513.png 768w, https:\/\/codofil.org\/wp-content\/uploads\/2025\/07\/french-materials-18x12.png 18w\" sizes=\"(max-width: 800px) 100vw, 800px\" \/><\/a><\/figure><div class=\"elementor-image-box-content\"><h2 class=\"elementor-image-box-title\"><a href=\"https:\/\/codofil.org\/fr\/afficher-francais\/\">Afficher le fran\u00e7ais<\/a><\/h2><p class=\"elementor-image-box-description\">Francisez votre entreprise et profitez de l'\u00e9conomie culturelle de la Louisiane.<\/p><\/div><\/div>\t\t\t\t<\/div>\n\t\t\t\t<\/div>\n\t\t\t\t<div class=\"elementor-element elementor-element-c2699cd elementor-position-top elementor-widget elementor-widget-image-box\" data-id=\"c2699cd\" data-element_type=\"widget\" data-widget_type=\"image-box.default\">\n\t\t\t\t<div class=\"elementor-widget-container\">\n\t\t\t\t\t<div class=\"elementor-image-box-wrapper\"><figure class=\"elementor-image-box-img\"><a href=\"https:\/\/codofil.org\/fr\/certificats-professionnels\/\" tabindex=\"-1\"><img decoding=\"async\" width=\"900\" height=\"599\" src=\"https:\/\/codofil.org\/wp-content\/uploads\/2025\/08\/dfp.png\" class=\"elementor-animation-grow attachment-full size-full wp-image-1294\" alt=\"Campus de l&#039;UL-Lafayette\" srcset=\"https:\/\/codofil.org\/wp-content\/uploads\/2025\/08\/dfp.png 900w, https:\/\/codofil.org\/wp-content\/uploads\/2025\/08\/dfp-300x200.png 300w, https:\/\/codofil.org\/wp-content\/uploads\/2025\/08\/dfp-768x511.png 768w, https:\/\/codofil.org\/wp-content\/uploads\/2025\/08\/dfp-18x12.png 18w\" sizes=\"(max-width: 900px) 100vw, 900px\" \/><\/a><\/figure><div class=\"elementor-image-box-content\"><h2 class=\"elementor-image-box-title\"><a href=\"https:\/\/codofil.org\/fr\/certificats-professionnels\/\">Certificats professionnels<\/a><\/h2><p class=\"elementor-image-box-description\">Deux universit\u00e9s en Louisiane proposent des certificats qui attestent de votre niveau de fran\u00e7ais.<\/p><\/div><\/div>\t\t\t\t<\/div>\n\t\t\t\t<\/div>\n\t\t\t\t<\/div>\n\t\t\t\t\t<\/div>\n\t\t\t\t<\/div>\n\t\t<div class=\"elementor-element elementor-element-ce51899 e-flex e-con-boxed e-con e-parent\" data-id=\"ce51899\" data-element_type=\"container\">\n\t\t\t\t\t<div class=\"e-con-inner\">\n\t\t\t\t<div class=\"elementor-element elementor-element-3bc72fa elementor-widget elementor-widget-spacer\" data-id=\"3bc72fa\" data-element_type=\"widget\" data-widget_type=\"spacer.default\">\n\t\t\t\t<div class=\"elementor-widget-container\">\n\t\t\t\t\t\t\t<div class=\"elementor-spacer\">\n\t\t\t<div class=\"elementor-spacer-inner\"><\/div>\n\t\t<\/div>\n\t\t\t\t\t\t<\/div>\n\t\t\t\t<\/div>\n\t\t\t\t<div class=\"elementor-element elementor-element-ce725a0 elementor-widget-divider--view-line elementor-widget elementor-widget-divider\" data-id=\"ce725a0\" data-element_type=\"widget\" data-widget_type=\"divider.default\">\n\t\t\t\t<div class=\"elementor-widget-container\">\n\t\t\t\t\t\t\t<div class=\"elementor-divider\">\n\t\t\t<span class=\"elementor-divider-separator\">\n\t\t\t\t\t\t<\/span>\n\t\t<\/div>\n\t\t\t\t\t\t<\/div>\n\t\t\t\t<\/div>\n\t\t\t\t<div class=\"elementor-element elementor-element-34a49f8 elementor-widget elementor-widget-heading\" data-id=\"34a49f8\" data-element_type=\"widget\" data-widget_type=\"heading.default\">\n\t\t\t\t<div class=\"elementor-widget-container\">\n\t\t\t\t\t<h2 class=\"elementor-heading-title elementor-size-default\">Inscrivez-vous \u00e0 notre infolettre pour recevoir les derni\u00e8res informations sur les ressources en fran\u00e7ais<\/h2>\t\t\t\t<\/div>\n\t\t\t\t<\/div>\n\t\t\t\t\t<\/div>\n\t\t\t\t<\/div>\n\t\t<div class=\"elementor-element elementor-element-0b111e9 e-flex e-con-boxed e-con e-parent\" data-id=\"0b111e9\" data-element_type=\"container\">\n\t\t\t\t\t<div class=\"e-con-inner\">\n\t\t\t\t<div class=\"elementor-element elementor-element-e5042bc elementor-align-center elementor-widget elementor-widget-button\" data-id=\"e5042bc\" data-element_type=\"widget\" data-widget_type=\"button.default\">\n\t\t\t\t<div class=\"elementor-widget-container\">\n\t\t\t\t\t\t\t\t\t<div class=\"elementor-button-wrapper\">\n\t\t\t\t\t<a class=\"elementor-button elementor-button-link elementor-size-sm\" href=\"https:\/\/codofil.org\/fr\/sinscrire-a-notre-infolettre\/\">\n\t\t\t\t\t\t<span class=\"elementor-button-content-wrapper\">\n\t\t\t\t\t\t\t\t\t<span class=\"elementor-button-text\">S'inscrire<\/span>\n\t\t\t\t\t<\/span>\n\t\t\t\t\t<\/a>\n\t\t\t\t<\/div>\n\t\t\t\t\t\t\t\t<\/div>\n\t\t\t\t<\/div>\n\t\t\t\t\t<\/div>\n\t\t\t\t<\/div>\n\t\t\t\t<\/div>","protected":false},"excerpt":{"rendered":"<p>Les ressources professionnelles en fran\u00e7ais d'Exel Louisiane offrent des moyens pratiques d'accro\u00eetre vos capacit\u00e9s en langue fran\u00e7aise. En installant des panneaux bilingues et en am\u00e9liorant les comp\u00e9tences en fran\u00e7ais de votre personnel, vous pouvez \u00e9tendre votre activit\u00e9 aux clients et aux touristes francophones. Services de traduction Faites appel \u00e0 des traducteurs pour int\u00e9grer le fran\u00e7ais dans votre entreprise. Mat\u00e9riel en fran\u00e7ais Francisez votre entreprise et profitez de la culture de la Louisiane...<\/p>","protected":false},"author":10,"featured_media":887,"parent":712,"menu_order":0,"comment_status":"closed","ping_status":"closed","template":"","meta":{"_acf_changed":false,"footnotes":"","_links_to":"","_links_to_target":""},"class_list":["post-723","page","type-page","status-publish","has-post-thumbnail","hentry"],"acf":[],"_links":{"self":[{"href":"https:\/\/codofil.org\/fr\/wp-json\/wp\/v2\/pages\/723","targetHints":{"allow":["GET"]}}],"collection":[{"href":"https:\/\/codofil.org\/fr\/wp-json\/wp\/v2\/pages"}],"about":[{"href":"https:\/\/codofil.org\/fr\/wp-json\/wp\/v2\/types\/page"}],"author":[{"embeddable":true,"href":"https:\/\/codofil.org\/fr\/wp-json\/wp\/v2\/users\/10"}],"replies":[{"embeddable":true,"href":"https:\/\/codofil.org\/fr\/wp-json\/wp\/v2\/comments?post=723"}],"version-history":[{"count":0,"href":"https:\/\/codofil.org\/fr\/wp-json\/wp\/v2\/pages\/723\/revisions"}],"up":[{"embeddable":true,"href":"https:\/\/codofil.org\/fr\/wp-json\/wp\/v2\/pages\/712"}],"wp:featuredmedia":[{"embeddable":true,"href":"https:\/\/codofil.org\/fr\/wp-json\/wp\/v2\/media\/887"}],"wp:attachment":[{"href":"https:\/\/codofil.org\/fr\/wp-json\/wp\/v2\/media?parent=723"}],"curies":[{"name":"wp","href":"https:\/\/api.w.org\/{rel}","templated":true}]}}