{"id":716,"date":"2025-07-09T12:41:48","date_gmt":"2025-07-09T17:41:48","guid":{"rendered":"https:\/\/codofil1.wpenginepowered.com\/?page_id=716"},"modified":"2025-11-20T10:19:48","modified_gmt":"2025-11-20T16:19:48","slug":"devenir-membre","status":"publish","type":"page","link":"https:\/\/codofil.org\/fr\/exel-louisiane\/devenir-membre\/","title":{"rendered":"Devenir membre"},"content":{"rendered":"<div data-elementor-type=\"wp-page\" data-elementor-id=\"716\" class=\"elementor elementor-716\" data-elementor-post-type=\"page\">\n\t\t\t\t<div class=\"elementor-element elementor-element-2a1462c e-flex e-con-boxed e-con e-parent\" data-id=\"2a1462c\" data-element_type=\"container\">\n\t\t\t\t\t<div class=\"e-con-inner\">\n\t\t\t\t<div class=\"elementor-element elementor-element-8107f03 elementor-widget elementor-widget-text-editor\" data-id=\"8107f03\" data-element_type=\"widget\" data-widget_type=\"text-editor.default\">\n\t\t\t\t<div class=\"elementor-widget-container\">\n\t\t\t\t\t\t\t\t\t<div><div><div><p>Rejoignez le r\u00e9seau croissant d'entreprises, d'institutions culturelles et de professionnels de Louisiane qui soutiennent l'utilisation du fran\u00e7ais dans la vie quotidienne, que vous soyez un propri\u00e9taire d'entreprise qui accueille des clients francophones, une organisation qui propose des \u00e9v\u00e9nements bilingues, ou quelqu'un qui promeut la Louisiane francophone.<\/p><\/div><\/div><\/div>\t\t\t\t\t\t\t\t<\/div>\n\t\t\t\t<\/div>\n\t\t\t\t<div class=\"elementor-element elementor-element-cbdaa6c elementor-widget elementor-widget-spacer\" data-id=\"cbdaa6c\" data-element_type=\"widget\" data-widget_type=\"spacer.default\">\n\t\t\t\t<div class=\"elementor-widget-container\">\n\t\t\t\t\t\t\t<div class=\"elementor-spacer\">\n\t\t\t<div class=\"elementor-spacer-inner\"><\/div>\n\t\t<\/div>\n\t\t\t\t\t\t<\/div>\n\t\t\t\t<\/div>\n\t\t\t\t\t<\/div>\n\t\t\t\t<\/div>\n\t\t<div class=\"elementor-element elementor-element-ee90aac e-con-full e-flex e-con e-parent\" data-id=\"ee90aac\" data-element_type=\"container\">\n\t\t<div class=\"elementor-element elementor-element-02e695c e-con-full e-flex e-con e-child\" data-id=\"02e695c\" data-element_type=\"container\">\n\t\t\t\t<div class=\"elementor-element elementor-element-2185ce4 elementor-widget elementor-widget-image\" data-id=\"2185ce4\" data-element_type=\"widget\" data-widget_type=\"image.default\">\n\t\t\t\t<div class=\"elementor-widget-container\">\n\t\t\t\t\t\t\t\t\t\t\t\t\t\t\t<img fetchpriority=\"high\" decoding=\"async\" width=\"800\" height=\"534\" src=\"https:\/\/codofil.org\/wp-content\/uploads\/2025\/08\/exel-membership.png\" class=\"attachment-large size-large wp-image-1137\" alt=\"\" srcset=\"https:\/\/codofil.org\/wp-content\/uploads\/2025\/08\/exel-membership.png 900w, https:\/\/codofil.org\/wp-content\/uploads\/2025\/08\/exel-membership-300x200.png 300w, https:\/\/codofil.org\/wp-content\/uploads\/2025\/08\/exel-membership-768x513.png 768w, https:\/\/codofil.org\/wp-content\/uploads\/2025\/08\/exel-membership-18x12.png 18w, https:\/\/codofil.org\/wp-content\/uploads\/2025\/08\/elementor\/thumbs\/exel-membership-raat8l5mphr03lkpmz97k6b86z7u8u21rggey4mpb4.png 600w\" sizes=\"(max-width: 800px) 100vw, 800px\">\t\t\t\t\t\t\t\t\t\t\t\t\t\t\t<\/div>\n\t\t\t\t<\/div>\n\t\t\t\t<\/div>\n\t\t<div class=\"elementor-element elementor-element-664a17e e-con-full e-flex e-con e-child\" data-id=\"664a17e\" data-element_type=\"container\">\n\t\t\t\t<div class=\"elementor-element elementor-element-db47656 elementor-widget elementor-widget-heading\" data-id=\"db47656\" data-element_type=\"widget\" data-widget_type=\"heading.default\">\n\t\t\t\t<div class=\"elementor-widget-container\">\n\t\t\t\t\t<h2 class=\"elementor-heading-title elementor-size-default\">Pourquoi rejoindre Exel Louisiane ?<\/h2>\t\t\t\t<\/div>\n\t\t\t\t<\/div>\n\t\t\t\t<div class=\"elementor-element elementor-element-a48a869 elementor-widget elementor-widget-text-editor\" data-id=\"a48a869\" data-element_type=\"widget\" data-widget_type=\"text-editor.default\">\n\t\t\t\t<div class=\"elementor-widget-container\">\n\t\t\t\t\t\t\t\t\t<p>L'adh\u00e9sion est gratuite et, en rejoignant Exel Louisiane, vous figurerez sur la carte <a href=\"https:\/\/codofil.org\/fr\/decouvrir-la-louisiane-francaise\/\">D\u00e9couvrir la Louisiane en fran\u00e7ais<\/a> Ils font partie d'une communaut\u00e9 visible qui met en valeur le fran\u00e7ais en tant qu'atout \u00e9conomique et culturel pour enrichir l'avenir de notre \u00c9tat. Les membres peuvent \u00e9galement solliciter jusqu'\u00e0 <a href=\"https:\/\/codofil.org\/fr\/exel-louisiane\/financement\/\">$1 000 de financement<\/a> pour soutenir des projets professionnels visant \u00e0 promouvoir le fran\u00e7ais en Louisiane.\u00a0<\/p>\t\t\t\t\t\t\t\t<\/div>\n\t\t\t\t<\/div>\n\t\t\t\t<\/div>\n\t\t\t\t<\/div>\n\t\t<div class=\"elementor-element elementor-element-73331d8 e-flex e-con-boxed e-con e-parent\" data-id=\"73331d8\" data-element_type=\"container\">\n\t\t\t\t\t<div class=\"e-con-inner\">\n\t\t\t\t<div class=\"elementor-element elementor-element-366aa4f elementor-widget elementor-widget-spacer\" data-id=\"366aa4f\" data-element_type=\"widget\" data-widget_type=\"spacer.default\">\n\t\t\t\t<div class=\"elementor-widget-container\">\n\t\t\t\t\t\t\t<div class=\"elementor-spacer\">\n\t\t\t<div class=\"elementor-spacer-inner\"><\/div>\n\t\t<\/div>\n\t\t\t\t\t\t<\/div>\n\t\t\t\t<\/div>\n\t\t\t\t<div class=\"elementor-element elementor-element-4c75d00 elementor-widget elementor-widget-heading\" data-id=\"4c75d00\" data-element_type=\"widget\" data-widget_type=\"heading.default\">\n\t\t\t\t<div class=\"elementor-widget-container\">\n\t\t\t\t\t<h2 class=\"elementor-heading-title elementor-size-default\">Avantages de l'adh\u00e9sion<\/h2>\t\t\t\t<\/div>\n\t\t\t\t<\/div>\n\t\t\t\t\t<\/div>\n\t\t\t\t<\/div>\n\t\t<div class=\"elementor-element elementor-element-65ed527 e-grid e-con-boxed e-con e-parent\" data-id=\"65ed527\" data-element_type=\"container\" data-settings=\"{&quot;background_background&quot;:&quot;classic&quot;}\">\n\t\t\t\t\t<div class=\"e-con-inner\">\n\t\t\t\t<div class=\"elementor-element elementor-element-58e0631 elementor-widget elementor-widget-text-editor\" data-id=\"58e0631\" data-element_type=\"widget\" data-widget_type=\"text-editor.default\">\n\t\t\t\t<div class=\"elementor-widget-container\">\n\t\t\t\t\t\t\t\t\t<p>\u00a0<\/p><p><strong>Visibilit\u00e9 et promotion<\/strong><\/p><p>Figurer sur la carte D\u00e9couvrir la Louisiane en fran\u00e7ais comme destination pour les Louisianais et les touristes francophones.<\/p>\t\t\t\t\t\t\t\t<\/div>\n\t\t\t\t<\/div>\n\t\t\t\t<div class=\"elementor-element elementor-element-d1a30c1 elementor-widget elementor-widget-text-editor\" data-id=\"d1a30c1\" data-element_type=\"widget\" data-widget_type=\"text-editor.default\">\n\t\t\t\t<div class=\"elementor-widget-container\">\n\t\t\t\t\t\t\t\t\t<p>\u00a0<\/p><p><strong>Aide financi\u00e8re<\/strong><\/p><p>Les membres peuvent demander jusqu'\u00e0 $1,000 de financement pour soutenir des projets qui promeuvent le fran\u00e7ais en Louisiane.\u00a0<\/p>\t\t\t\t\t\t\t\t<\/div>\n\t\t\t\t<\/div>\n\t\t\t\t<div class=\"elementor-element elementor-element-f0bb49e elementor-widget elementor-widget-text-editor\" data-id=\"f0bb49e\" data-element_type=\"widget\" data-widget_type=\"text-editor.default\">\n\t\t\t\t<div class=\"elementor-widget-container\">\n\t\t\t\t\t\t\t\t\t<p>\u00a0<\/p><p><strong>D\u00e9veloppement professionnel<\/strong><\/p><p>Participez \u00e0 des ateliers et \u00e0 des initiatives de mise en r\u00e9seau pour am\u00e9liorer vos comp\u00e9tences en fran\u00e7ais.\u00a0<\/p><div>\u00a0<\/div>\t\t\t\t\t\t\t\t<\/div>\n\t\t\t\t<\/div>\n\t\t\t\t<div class=\"elementor-element elementor-element-5b02908 elementor-widget elementor-widget-text-editor\" data-id=\"5b02908\" data-element_type=\"widget\" data-widget_type=\"text-editor.default\">\n\t\t\t\t<div class=\"elementor-widget-container\">\n\t\t\t\t\t\t\t\t\t<p>\u00a0<\/p><p><strong>Mat\u00e9riel pour les membres<\/strong><\/p><p>Recevoir des supports promotionnels pour afficher votre adh\u00e9sion, y compris des ressources pour accro\u00eetre la visibilit\u00e9 du fran\u00e7ais au travail.<\/p>\t\t\t\t\t\t\t\t<\/div>\n\t\t\t\t<\/div>\n\t\t\t\t\t<\/div>\n\t\t\t\t<\/div>\n\t\t<div class=\"elementor-element elementor-element-9bde5e0 e-flex e-con-boxed e-con e-parent\" data-id=\"9bde5e0\" data-element_type=\"container\">\n\t\t\t\t\t<div class=\"e-con-inner\">\n\t\t\t\t<div class=\"elementor-element elementor-element-a31daea elementor-widget elementor-widget-spacer\" data-id=\"a31daea\" data-element_type=\"widget\" data-widget_type=\"spacer.default\">\n\t\t\t\t<div class=\"elementor-widget-container\">\n\t\t\t\t\t\t\t<div class=\"elementor-spacer\">\n\t\t\t<div class=\"elementor-spacer-inner\"><\/div>\n\t\t<\/div>\n\t\t\t\t\t\t<\/div>\n\t\t\t\t<\/div>\n\t\t\t\t<div class=\"elementor-element elementor-element-72e0ecd elementor-widget elementor-widget-heading\" data-id=\"72e0ecd\" data-element_type=\"widget\" data-widget_type=\"heading.default\">\n\t\t\t\t<div class=\"elementor-widget-container\">\n\t\t\t\t\t<h2 class=\"elementor-heading-title elementor-size-default\">Qui est \u00e9ligible ?<\/h2>\t\t\t\t<\/div>\n\t\t\t\t<\/div>\n\t\t\t\t\t<\/div>\n\t\t\t\t<\/div>\n\t\t<div class=\"elementor-element elementor-element-70a7f21 e-flex e-con-boxed e-con e-parent\" data-id=\"70a7f21\" data-element_type=\"container\">\n\t\t\t\t\t<div class=\"e-con-inner\">\n\t\t\t\t<div class=\"elementor-element elementor-element-e56d8e6 elementor-widget elementor-widget-text-editor\" data-id=\"e56d8e6\" data-element_type=\"widget\" data-widget_type=\"text-editor.default\">\n\t\t\t\t<div class=\"elementor-widget-container\">\n\t\t\t\t\t\t\t\t\t<div>\n<div>\n<div>\n<p>Les participants sont d\u00e9finis comme des entreprises, des organisations, des institutions culturelles ou des professionnels qui r\u00e9pondent \u00e0 l'un ou \u00e0 l'ensemble des crit\u00e8res suivants :<\/p>\n<\/div>\n<ul>\n<li>sont francophones ou emploient des francophones<\/li>\n<li>proposent des produits ou des services en fran\u00e7ais<\/li>\n<li>proposent des produits ou des services qui soutiennent le fran\u00e7ais en Louisiane<\/li>\n<li>int\u00e8grent\/valorisent le cr\u00e9ole louisianais<\/li>\n<\/ul>\n<\/div>\n<\/div>\t\t\t\t\t\t\t\t<\/div>\n\t\t\t\t<\/div>\n\t\t\t\t\t<\/div>\n\t\t\t\t<\/div>\n\t\t<div class=\"elementor-element elementor-element-eddf0f9 e-flex e-con-boxed e-con e-parent\" data-id=\"eddf0f9\" data-element_type=\"container\">\n\t\t\t\t\t<div class=\"e-con-inner\">\n\t\t\t\t<div class=\"elementor-element elementor-element-e2d35ae elementor-widget-divider--view-line elementor-widget elementor-widget-divider\" data-id=\"e2d35ae\" data-element_type=\"widget\" data-widget_type=\"divider.default\">\n\t\t\t\t<div class=\"elementor-widget-container\">\n\t\t\t\t\t\t\t<div class=\"elementor-divider\">\n\t\t\t<span class=\"elementor-divider-separator\">\n\t\t\t\t\t\t<\/span>\n\t\t<\/div>\n\t\t\t\t\t\t<\/div>\n\t\t\t\t<\/div>\n\t\t\t\t\t<\/div>\n\t\t\t\t<\/div>\n\t\t<div class=\"elementor-element elementor-element-42fc069 e-flex e-con-boxed e-con e-parent\" data-id=\"42fc069\" data-element_type=\"container\">\n\t\t\t\t\t<div class=\"e-con-inner\">\n\t\t\t\t<div class=\"elementor-element elementor-element-3abda72 elementor-widget elementor-widget-heading\" data-id=\"3abda72\" data-element_type=\"widget\" data-widget_type=\"heading.default\">\n\t\t\t\t<div class=\"elementor-widget-container\">\n\t\t\t\t\t<h2 class=\"elementor-heading-title elementor-size-default\">Devenir membre d'Exel Louisiane<\/h2>\t\t\t\t<\/div>\n\t\t\t\t<\/div>\n\t\t\t\t\t<\/div>\n\t\t\t\t<\/div>\n\t\t<div class=\"elementor-element elementor-element-070e979 e-flex e-con-boxed e-con e-parent\" data-id=\"070e979\" data-element_type=\"container\">\n\t\t\t\t\t<div class=\"e-con-inner\">\n\t\t\t\t<div class=\"elementor-element elementor-element-ac3a407 elementor-align-center elementor-widget elementor-widget-button\" data-id=\"ac3a407\" data-element_type=\"widget\" data-widget_type=\"button.default\">\n\t\t\t\t<div class=\"elementor-widget-container\">\n\t\t\t\t\t\t\t\t\t<div class=\"elementor-button-wrapper\">\n\t\t\t\t\t<a class=\"elementor-button elementor-button-link elementor-size-sm\" href=\"https:\/\/codofil.org\/fr\/exel-louisiane-inscrire\/\">\n\t\t\t\t\t\t<span class=\"elementor-button-content-wrapper\">\n\t\t\t\t\t\t\t\t\t<span class=\"elementor-button-text\">S'inscrire<\/span>\n\t\t\t\t\t<\/span>\n\t\t\t\t\t<\/a>\n\t\t\t\t<\/div>\n\t\t\t\t\t\t\t\t<\/div>\n\t\t\t\t<\/div>\n\t\t\t\t\t<\/div>\n\t\t\t\t<\/div>\n\t\t\t\t<\/div>","protected":false},"excerpt":{"rendered":"<p>Rejoignez le r\u00e9seau croissant d'entreprises, d'institutions culturelles et de professionnels de Louisiane qui soutiennent l'utilisation du fran\u00e7ais dans la vie quotidienne - que vous soyez un propri\u00e9taire d'entreprise qui accueille des clients francophones, une organisation qui propose des \u00e9v\u00e9nements bilingues, ou quelqu'un qui promeut le paysage linguistique unique de la Louisiane. Pourquoi rejoindre Exel Louisiane ? L'adh\u00e9sion est gratuite et en rejoignant Exel Louisiane vous...<\/p>","protected":false},"author":10,"featured_media":608,"parent":712,"menu_order":0,"comment_status":"closed","ping_status":"closed","template":"","meta":{"_acf_changed":false,"footnotes":"","_links_to":"","_links_to_target":""},"class_list":["post-716","page","type-page","status-publish","has-post-thumbnail","hentry"],"acf":[],"_links":{"self":[{"href":"https:\/\/codofil.org\/fr\/wp-json\/wp\/v2\/pages\/716","targetHints":{"allow":["GET"]}}],"collection":[{"href":"https:\/\/codofil.org\/fr\/wp-json\/wp\/v2\/pages"}],"about":[{"href":"https:\/\/codofil.org\/fr\/wp-json\/wp\/v2\/types\/page"}],"author":[{"embeddable":true,"href":"https:\/\/codofil.org\/fr\/wp-json\/wp\/v2\/users\/10"}],"replies":[{"embeddable":true,"href":"https:\/\/codofil.org\/fr\/wp-json\/wp\/v2\/comments?post=716"}],"version-history":[{"count":0,"href":"https:\/\/codofil.org\/fr\/wp-json\/wp\/v2\/pages\/716\/revisions"}],"up":[{"embeddable":true,"href":"https:\/\/codofil.org\/fr\/wp-json\/wp\/v2\/pages\/712"}],"wp:featuredmedia":[{"embeddable":true,"href":"https:\/\/codofil.org\/fr\/wp-json\/wp\/v2\/media\/608"}],"wp:attachment":[{"href":"https:\/\/codofil.org\/fr\/wp-json\/wp\/v2\/media?parent=716"}],"curies":[{"name":"wp","href":"https:\/\/api.w.org\/{rel}","templated":true}]}}