{"id":695,"date":"2025-07-08T15:06:57","date_gmt":"2025-07-08T20:06:57","guid":{"rendered":"https:\/\/codofil1.wpenginepowered.com\/?page_id=695"},"modified":"2025-09-12T14:55:01","modified_gmt":"2025-09-12T19:55:01","slug":"paroles-de-la-louisiane","status":"publish","type":"page","link":"https:\/\/codofil.org\/fr\/apprendre\/paroles-de-la-louisiane\/","title":{"rendered":"Paroles de la Louisiane"},"content":{"rendered":"<div data-elementor-type=\"wp-page\" data-elementor-id=\"695\" class=\"elementor elementor-695\" data-elementor-post-type=\"page\">\n\t\t\t\t<div class=\"elementor-element elementor-element-8a0ebc3 e-flex e-con-boxed e-con e-parent\" data-id=\"8a0ebc3\" data-element_type=\"container\">\n\t\t\t\t\t<div class=\"e-con-inner\">\n\t\t\t\t<div class=\"elementor-element elementor-element-7318941 elementor-widget elementor-widget-text-editor\" data-id=\"7318941\" data-element_type=\"widget\" data-widget_type=\"text-editor.default\">\n\t\t\t\t<div class=\"elementor-widget-container\">\n\t\t\t\t\t\t\t\t\t<div><div><div><p>Dans la s\u00e9rie vid\u00e9o Paroles de la Louisiane, la linguiste Amanda LaFleur et le professeur d'immersion fran\u00e7aise Ryan Langley explorent le fran\u00e7ais vernaculaire de la Louisiane \u00e0 travers des sc\u00e8nes captivantes, des interviews d'archives et des chansons. Une s\u00e9rie de 7 \u00e9pisodes produite en partenariat avec <a href=\"https:\/\/www.lpb.org\/programs\/paroles-de-la-louisiane\" target=\"_blank\" rel=\"noopener\">Louisiana Public Broadcasting,<\/a>Paroles de la Louisiane c\u00e9l\u00e8bre la richesse culturelle et linguistique du patrimoine louisianais tout en fournissant des indications pratiques pour l'enseignement et l'apprentissage.<\/p><\/div><\/div><\/div>\t\t\t\t\t\t\t\t<\/div>\n\t\t\t\t<\/div>\n\t\t\t\t\t<\/div>\n\t\t\t\t<\/div>\n\t\t<div class=\"elementor-element elementor-element-12a7d3d e-flex e-con-boxed e-con e-parent\" data-id=\"12a7d3d\" data-element_type=\"container\">\n\t\t\t\t\t<div class=\"e-con-inner\">\n\t\t\t\t<div class=\"elementor-element elementor-element-eff92f5 elementor-widget elementor-widget-heading\" data-id=\"eff92f5\" data-element_type=\"widget\" data-widget_type=\"heading.default\">\n\t\t\t\t<div class=\"elementor-widget-container\">\n\t\t\t\t\t<h2 class=\"elementor-heading-title elementor-size-default\">\u00c9pisodes de Paroles de la Louisiane<\/h2>\t\t\t\t<\/div>\n\t\t\t\t<\/div>\n\t\t\t\t<div class=\"elementor-element elementor-element-d3e5c88 elementor-widget elementor-widget-heading\" data-id=\"d3e5c88\" data-element_type=\"widget\" data-widget_type=\"heading.default\">\n\t\t\t\t<div class=\"elementor-widget-container\">\n\t\t\t\t\t<h3 class=\"elementor-heading-title elementor-size-default\">Mme Bergeron et la grippe de 1918<\/h3>\t\t\t\t<\/div>\n\t\t\t\t<\/div>\n\t\t\t\t\t<\/div>\n\t\t\t\t<\/div>\n\t\t<div class=\"elementor-element elementor-element-33ddfdb e-con-full e-flex e-con e-parent\" data-id=\"33ddfdb\" data-element_type=\"container\">\n\t\t\t\t<div class=\"elementor-element elementor-element-d8e1cb8 elementor-widget elementor-widget-video\" data-id=\"d8e1cb8\" data-element_type=\"widget\" data-settings=\"{&quot;youtube_url&quot;:&quot;https:\\\/\\\/www.youtube.com\\\/watch?v=2WpJ8HWjklc&quot;,&quot;video_type&quot;:&quot;youtube&quot;,&quot;controls&quot;:&quot;yes&quot;}\" data-widget_type=\"video.default\">\n\t\t\t\t<div class=\"elementor-widget-container\">\n\t\t\t\t\t\t\t<div class=\"elementor-wrapper elementor-open-inline\">\n\t\t\t<div class=\"elementor-video\"><\/div>\t\t<\/div>\n\t\t\t\t\t\t<\/div>\n\t\t\t\t<\/div>\n\t\t\t\t<\/div>\n\t\t<div class=\"elementor-element elementor-element-62cd6ff e-flex e-con-boxed e-con e-parent\" data-id=\"62cd6ff\" data-element_type=\"container\">\n\t\t\t\t\t<div class=\"e-con-inner\">\n\t\t\t\t<div class=\"elementor-element elementor-element-49404d9 elementor-widget elementor-widget-text-editor\" data-id=\"49404d9\" data-element_type=\"widget\" data-widget_type=\"text-editor.default\">\n\t\t\t\t<div class=\"elementor-widget-container\">\n\t\t\t\t\t\t\t\t\t<div><p>Dans le premier \u00e9pisode de Paroles de la Louisiane, Amanda LaFleur et Ryan Langley \u00e9coutent un t\u00e9moignage de premi\u00e8re main sur l'\u00e9pid\u00e9mie de grippe de 1918 et discutent ensuite de la prononciation de \u00ab un\/une \u00bb en Louisiane, de l'utilisation de \u00ab beaucoup \u00bb pour modifier un adjectif et de la pr\u00e9sence d'anglicismes dans le fran\u00e7ais de Louisiane.<\/p><p><strong>Pour r\u00e9flexion : <\/strong>Il est compr\u00e9hensible (et c'est un ph\u00e9nom\u00e8ne linguistique courant) d'emprunter \u00e0 d'autres langues lorsqu'il y a une nouvelle technologie ou une nouvelle id\u00e9e, mais la diversit\u00e9 du monde francophone peut nous donner l'occasion d'emprunter \u00e0 d'autres francophones plut\u00f4t que de passer \u00e0 l'anglais pour nommer quelque chose de nouveau.<\/p><\/div>\t\t\t\t\t\t\t\t<\/div>\n\t\t\t\t<\/div>\n\t\t\t\t<div class=\"elementor-element elementor-element-55ab11a elementor-widget elementor-widget-spacer\" data-id=\"55ab11a\" data-element_type=\"widget\" data-widget_type=\"spacer.default\">\n\t\t\t\t<div class=\"elementor-widget-container\">\n\t\t\t\t\t\t\t<div class=\"elementor-spacer\">\n\t\t\t<div class=\"elementor-spacer-inner\"><\/div>\n\t\t<\/div>\n\t\t\t\t\t\t<\/div>\n\t\t\t\t<\/div>\n\t\t\t\t\t<\/div>\n\t\t\t\t<\/div>\n\t\t<div class=\"elementor-element elementor-element-3e3b52d e-flex e-con-boxed e-con e-parent\" data-id=\"3e3b52d\" data-element_type=\"container\">\n\t\t\t\t\t<div class=\"e-con-inner\">\n\t\t\t\t<div class=\"elementor-element elementor-element-1f05782 elementor-widget elementor-widget-heading\" data-id=\"1f05782\" data-element_type=\"widget\" data-widget_type=\"heading.default\">\n\t\t\t\t<div class=\"elementor-widget-container\">\n\t\t\t\t\t<h3 class=\"elementor-heading-title elementor-size-default\">Donne-moi une autre chance par Belton Richard<\/h3>\t\t\t\t<\/div>\n\t\t\t\t<\/div>\n\t\t\t\t\t<\/div>\n\t\t\t\t<\/div>\n\t\t<div class=\"elementor-element elementor-element-28678ac e-con-full e-flex e-con e-parent\" data-id=\"28678ac\" data-element_type=\"container\">\n\t\t\t\t<div class=\"elementor-element elementor-element-f4c4e4b elementor-widget elementor-widget-video\" data-id=\"f4c4e4b\" data-element_type=\"widget\" data-settings=\"{&quot;youtube_url&quot;:&quot;https:\\\/\\\/www.youtube.com\\\/watch?v=NT1VyJX3eN4&quot;,&quot;video_type&quot;:&quot;youtube&quot;,&quot;controls&quot;:&quot;yes&quot;}\" data-widget_type=\"video.default\">\n\t\t\t\t<div class=\"elementor-widget-container\">\n\t\t\t\t\t\t\t<div class=\"elementor-wrapper elementor-open-inline\">\n\t\t\t<div class=\"elementor-video\"><\/div>\t\t<\/div>\n\t\t\t\t\t\t<\/div>\n\t\t\t\t<\/div>\n\t\t\t\t<\/div>\n\t\t<div class=\"elementor-element elementor-element-242daf9 e-flex e-con-boxed e-con e-parent\" data-id=\"242daf9\" data-element_type=\"container\">\n\t\t\t\t\t<div class=\"e-con-inner\">\n\t\t\t\t<div class=\"elementor-element elementor-element-79166b3 elementor-widget elementor-widget-text-editor\" data-id=\"79166b3\" data-element_type=\"widget\" data-widget_type=\"text-editor.default\">\n\t\t\t\t<div class=\"elementor-widget-container\">\n\t\t\t\t\t\t\t\t\t<p>Cet \u00e9pisode de Paroles de la Louisiane pr\u00e9sente la c\u00e9l\u00e8bre chanson de Belton Richard, Donne-moi une autre chance. Les animateurs utilisent la chanson pour discuter de la conjugaison futur proche je vas, de l'abandon facultatif de la conjonction que, et du pr\u00e9sent progressif, apr\u00e8s faire quelque chose.\u00a0<\/p><p><strong>Pour r\u00e9flexion :<\/strong> On peut dire \u00ab piasse \u00bb et \u00e9crire \u00ab piastre. \u00bb (Ou nous pouvons \u00e9crire \u00ab piasse \u00bb si nous voulons \u00e9crire en dialecte - par exemple, pour le dialogue d'une pi\u00e8ce de th\u00e9\u00e2tre). Les gens peuvent choisir d'\u00e9crire d'une mani\u00e8re standardis\u00e9e sans que cela ne constitue un jugement sur la langue parl\u00e9e.<\/p>\t\t\t\t\t\t\t\t<\/div>\n\t\t\t\t<\/div>\n\t\t\t\t\t<\/div>\n\t\t\t\t<\/div>\n\t\t<div class=\"elementor-element elementor-element-ea2f6eb e-flex e-con-boxed e-con e-parent\" data-id=\"ea2f6eb\" data-element_type=\"container\">\n\t\t\t\t\t<div class=\"e-con-inner\">\n\t\t\t\t<div class=\"elementor-element elementor-element-ef55100 elementor-widget elementor-widget-spacer\" data-id=\"ef55100\" data-element_type=\"widget\" data-widget_type=\"spacer.default\">\n\t\t\t\t<div class=\"elementor-widget-container\">\n\t\t\t\t\t\t\t<div class=\"elementor-spacer\">\n\t\t\t<div class=\"elementor-spacer-inner\"><\/div>\n\t\t<\/div>\n\t\t\t\t\t\t<\/div>\n\t\t\t\t<\/div>\n\t\t\t\t<div class=\"elementor-element elementor-element-eb9cae9 elementor-widget elementor-widget-heading\" data-id=\"eb9cae9\" data-element_type=\"widget\" data-widget_type=\"heading.default\">\n\t\t\t\t<div class=\"elementor-widget-container\">\n\t\t\t\t\t<h3 class=\"elementor-heading-title elementor-size-default\">La Table des veuves par Le Th\u00e9\u00e2tre Cadien<\/h3>\t\t\t\t<\/div>\n\t\t\t\t<\/div>\n\t\t\t\t\t<\/div>\n\t\t\t\t<\/div>\n\t\t<div class=\"elementor-element elementor-element-0c9d2b1 e-con-full e-flex e-con e-parent\" data-id=\"0c9d2b1\" data-element_type=\"container\">\n\t\t\t\t<div class=\"elementor-element elementor-element-998f761 elementor-widget elementor-widget-video\" data-id=\"998f761\" data-element_type=\"widget\" data-settings=\"{&quot;youtube_url&quot;:&quot;https:\\\/\\\/www.youtube.com\\\/watch?v=MjyYW1QF080&quot;,&quot;video_type&quot;:&quot;youtube&quot;,&quot;controls&quot;:&quot;yes&quot;}\" data-widget_type=\"video.default\">\n\t\t\t\t<div class=\"elementor-widget-container\">\n\t\t\t\t\t\t\t<div class=\"elementor-wrapper elementor-open-inline\">\n\t\t\t<div class=\"elementor-video\"><\/div>\t\t<\/div>\n\t\t\t\t\t\t<\/div>\n\t\t\t\t<\/div>\n\t\t\t\t<\/div>\n\t\t<div class=\"elementor-element elementor-element-7b3c5cb e-flex e-con-boxed e-con e-parent\" data-id=\"7b3c5cb\" data-element_type=\"container\">\n\t\t\t\t\t<div class=\"e-con-inner\">\n\t\t\t\t<div class=\"elementor-element elementor-element-3304e79 elementor-widget elementor-widget-text-editor\" data-id=\"3304e79\" data-element_type=\"widget\" data-widget_type=\"text-editor.default\">\n\t\t\t\t<div class=\"elementor-widget-container\">\n\t\t\t\t\t\t\t\t\t<p>Dans cet \u00e9pisode de Paroles de la Louisiane, les animateurs regardent l'enregistrement de LPB d'une <a href=\"https:\/\/ladigitalmedia.org\/video_v2\/asset-detail\/LFRAN-0306\" target=\"_blank\" rel=\"noopener\">1982 : mise en sc\u00e8ne du Th\u00e9\u00e2tre Cadien<\/a> et de discuter des verbes faux-amis comme \u00ab esp\u00e9rer \u00bb et \u00ab attendre \u00bb, des salutations courantes en Louisiane et du pronom sujet \u00ab vous-autres. \u00bb<\/p><p><strong>Pour r\u00e9flexion<\/strong><strong>:<\/strong> M\u00eame lorsque nous sommes confront\u00e9s \u00e0 des formes \u00e9loign\u00e9es de la norme, nous ne devons pas penser trop vite que les diff\u00e9rences sont intrins\u00e8quement bonnes ou mauvaises. Par ailleurs, les langues globales peuvent pr\u00e9senter de nombreuses variations. Prenons l'exemple de \u00ab vosotros\/vos \u00bb utilis\u00e9 en espagnol : ce n'est pas parce qu'un Espagnol dit \u00ab vosotros \u00bb que tout Am\u00e9ricain apprenant l'espagnol doit conna\u00eetre cette conjugaison. D'un autre c\u00f4t\u00e9, il n'y a rien de mal \u00e0 cette forme : elle n'est peut-\u00eatre pas universelle, mais elle est l\u00e9gitime dans son contexte.<\/p>\t\t\t\t\t\t\t\t<\/div>\n\t\t\t\t<\/div>\n\t\t\t\t<div class=\"elementor-element elementor-element-82501df elementor-widget elementor-widget-spacer\" data-id=\"82501df\" data-element_type=\"widget\" data-widget_type=\"spacer.default\">\n\t\t\t\t<div class=\"elementor-widget-container\">\n\t\t\t\t\t\t\t<div class=\"elementor-spacer\">\n\t\t\t<div class=\"elementor-spacer-inner\"><\/div>\n\t\t<\/div>\n\t\t\t\t\t\t<\/div>\n\t\t\t\t<\/div>\n\t\t\t\t\t<\/div>\n\t\t\t\t<\/div>\n\t\t<div class=\"elementor-element elementor-element-8c64a6a e-flex e-con-boxed e-con e-parent\" data-id=\"8c64a6a\" data-element_type=\"container\">\n\t\t\t\t\t<div class=\"e-con-inner\">\n\t\t\t\t<div class=\"elementor-element elementor-element-f9a58bf elementor-widget elementor-widget-heading\" data-id=\"f9a58bf\" data-element_type=\"widget\" data-widget_type=\"heading.default\">\n\t\t\t\t<div class=\"elementor-widget-container\">\n\t\t\t\t\t<h3 class=\"elementor-heading-title elementor-size-default\">De la s\u00e9rie En Fran\u00e7ais - La Famille Guidry<\/h3>\t\t\t\t<\/div>\n\t\t\t\t<\/div>\n\t\t\t\t\t<\/div>\n\t\t\t\t<\/div>\n\t\t<div class=\"elementor-element elementor-element-3de4020 e-con-full e-flex e-con e-parent\" data-id=\"3de4020\" data-element_type=\"container\">\n\t\t\t\t<div class=\"elementor-element elementor-element-da465d2 elementor-widget elementor-widget-video\" data-id=\"da465d2\" data-element_type=\"widget\" data-settings=\"{&quot;youtube_url&quot;:&quot;https:\\\/\\\/www.youtube.com\\\/watch?v=cE4SWKt-zCw&quot;,&quot;video_type&quot;:&quot;youtube&quot;,&quot;controls&quot;:&quot;yes&quot;}\" data-widget_type=\"video.default\">\n\t\t\t\t<div class=\"elementor-widget-container\">\n\t\t\t\t\t\t\t<div class=\"elementor-wrapper elementor-open-inline\">\n\t\t\t<div class=\"elementor-video\"><\/div>\t\t<\/div>\n\t\t\t\t\t\t<\/div>\n\t\t\t\t<\/div>\n\t\t\t\t<\/div>\n\t\t<div class=\"elementor-element elementor-element-d81da87 e-flex e-con-boxed e-con e-parent\" data-id=\"d81da87\" data-element_type=\"container\">\n\t\t\t\t\t<div class=\"e-con-inner\">\n\t\t\t\t<div class=\"elementor-element elementor-element-30c8840 elementor-widget elementor-widget-text-editor\" data-id=\"30c8840\" data-element_type=\"widget\" data-widget_type=\"text-editor.default\">\n\t\t\t\t<div class=\"elementor-widget-container\">\n\t\t\t\t\t\t\t\t\t<p>Les animateurs regardent une interview tir\u00e9e d'un \u00e9pisode de 1982 de l'\u00e9mission <a href=\"https:\/\/ladigitalmedia.org\/video_v2\/asset-detail\/LFRAN-0217\" target=\"_blank\" rel=\"noopener\">En Fran\u00e7ais<\/a> puis de discuter des villes de Louisiane aux noms multiples, du pass\u00e9 compos\u00e9 et du vocabulaire agricole.<\/p><p><strong>Pour r\u00e9flexion :<\/strong> Chaque langue et chaque vari\u00e9t\u00e9 de langue poss\u00e8de sa propre grammaire et son propre ensemble de r\u00e8gles pour ce qui fonctionne et ce qui ne fonctionne pas. Lorsqu'on examine une vari\u00e9t\u00e9 de langue - par exemple, la langue utilis\u00e9e par un locuteur natif du fran\u00e7ais de Louisiane - il ne s'agit pas vraiment d'une question de grammaire ou non, mais plut\u00f4t d'un ensemble diff\u00e9rent de r\u00e8gles qui peuvent \u00eatre moins adapt\u00e9es \u00e0 certains contextes. Mais il serait inexact de dire qu'elle n'a pas de grammaire ou qu'elle ne suit pas les r\u00e8gles.<\/p>\t\t\t\t\t\t\t\t<\/div>\n\t\t\t\t<\/div>\n\t\t\t\t<div class=\"elementor-element elementor-element-6080e90 elementor-widget elementor-widget-spacer\" data-id=\"6080e90\" data-element_type=\"widget\" data-widget_type=\"spacer.default\">\n\t\t\t\t<div class=\"elementor-widget-container\">\n\t\t\t\t\t\t\t<div class=\"elementor-spacer\">\n\t\t\t<div class=\"elementor-spacer-inner\"><\/div>\n\t\t<\/div>\n\t\t\t\t\t\t<\/div>\n\t\t\t\t<\/div>\n\t\t\t\t\t<\/div>\n\t\t\t\t<\/div>\n\t\t<div class=\"elementor-element elementor-element-2b94ce6 e-flex e-con-boxed e-con e-parent\" data-id=\"2b94ce6\" data-element_type=\"container\">\n\t\t\t\t\t<div class=\"e-con-inner\">\n\t\t\t\t<div class=\"elementor-element elementor-element-5311561 elementor-widget elementor-widget-heading\" data-id=\"5311561\" data-element_type=\"widget\" data-widget_type=\"heading.default\">\n\t\t\t\t<div class=\"elementor-widget-container\">\n\t\t\t\t\t<h3 class=\"elementor-heading-title elementor-size-default\">Le Chausson Show avec Hilda Gisclair<\/h3>\t\t\t\t<\/div>\n\t\t\t\t<\/div>\n\t\t\t\t\t<\/div>\n\t\t\t\t<\/div>\n\t\t<div class=\"elementor-element elementor-element-1f76f4c e-con-full e-flex e-con e-parent\" data-id=\"1f76f4c\" data-element_type=\"container\">\n\t\t\t\t<div class=\"elementor-element elementor-element-467d0d0 elementor-widget elementor-widget-video\" data-id=\"467d0d0\" data-element_type=\"widget\" data-settings=\"{&quot;youtube_url&quot;:&quot;https:\\\/\\\/www.youtube.com\\\/watch?v=Cl_ytrAKqD4&quot;,&quot;video_type&quot;:&quot;youtube&quot;,&quot;controls&quot;:&quot;yes&quot;}\" data-widget_type=\"video.default\">\n\t\t\t\t<div class=\"elementor-widget-container\">\n\t\t\t\t\t\t\t<div class=\"elementor-wrapper elementor-open-inline\">\n\t\t\t<div class=\"elementor-video\"><\/div>\t\t<\/div>\n\t\t\t\t\t\t<\/div>\n\t\t\t\t<\/div>\n\t\t\t\t<\/div>\n\t\t<div class=\"elementor-element elementor-element-f20bd4b e-flex e-con-boxed e-con e-parent\" data-id=\"f20bd4b\" data-element_type=\"container\">\n\t\t\t\t\t<div class=\"e-con-inner\">\n\t\t\t\t<div class=\"elementor-element elementor-element-ba94604 elementor-widget elementor-widget-text-editor\" data-id=\"ba94604\" data-element_type=\"widget\" data-widget_type=\"text-editor.default\">\n\t\t\t\t<div class=\"elementor-widget-container\">\n\t\t\t\t\t\t\t\t\t<p>Dans cet \u00e9pisode de Paroles de la Louisiane, les animateurs examinent un extrait de la s\u00e9rie Youtube <a href=\"https:\/\/www.youtube.com\/watch?v=z6t5EAwqoOI\" target=\"_blank\" rel=\"noopener\">Le Chausson Show<\/a> puis en discutant des pronoms interrogatifs, du vocabulaire vestimentaire et de la prononciation r\u00e9gionale de \/h\/ l\u00e0 o\u00f9 l'on pourrait entendre \/\u0292\/ (\u00ab H'aime \u00e7a \u00bb, \u00ab H'ai \u00e9t\u00e9 \u00bb... etc).<\/p><p><strong>Pour r\u00e9flexion : <\/strong>Si quelqu'un souhaite int\u00e9grer davantage de langue locale dans sa classe, le vocabulaire est un excellent point de d\u00e9part, car il faut beaucoup de temps et d'exposition pour comprendre des r\u00e9gionalismes plus complexes tels que \u00ab Qui t'aimes cuire ? \u00bb ou \u00ab H'ai d\u00e9m\u00e9nah\u00e9. \u00bb Pour plus d'informations sur le vocabulaire sp\u00e9cifique \u00e0 la Louisiane, consultez la s\u00e9rie de cartes flash du CODOFIL. <a href=\"https:\/\/codofil.org\/fr\/gombo-de-mots\/\">Gombo de Mots<\/a>.\u00a0<\/p>\t\t\t\t\t\t\t\t<\/div>\n\t\t\t\t<\/div>\n\t\t\t\t<div class=\"elementor-element elementor-element-b7d4433 elementor-widget elementor-widget-spacer\" data-id=\"b7d4433\" data-element_type=\"widget\" data-widget_type=\"spacer.default\">\n\t\t\t\t<div class=\"elementor-widget-container\">\n\t\t\t\t\t\t\t<div class=\"elementor-spacer\">\n\t\t\t<div class=\"elementor-spacer-inner\"><\/div>\n\t\t<\/div>\n\t\t\t\t\t\t<\/div>\n\t\t\t\t<\/div>\n\t\t\t\t\t<\/div>\n\t\t\t\t<\/div>\n\t\t<div class=\"elementor-element elementor-element-13d43aa e-flex e-con-boxed e-con e-parent\" data-id=\"13d43aa\" data-element_type=\"container\">\n\t\t\t\t\t<div class=\"e-con-inner\">\n\t\t\t\t<div class=\"elementor-element elementor-element-3ba5d26 elementor-widget elementor-widget-heading\" data-id=\"3ba5d26\" data-element_type=\"widget\" data-widget_type=\"heading.default\">\n\t\t\t\t<div class=\"elementor-widget-container\">\n\t\t\t\t\t<h3 class=\"elementor-heading-title elementor-size-default\">Acadie : s\u00e9rie Nord et Sud - Josh Pitre<\/h3>\t\t\t\t<\/div>\n\t\t\t\t<\/div>\n\t\t\t\t\t<\/div>\n\t\t\t\t<\/div>\n\t\t<div class=\"elementor-element elementor-element-5a46579 e-con-full e-flex e-con e-parent\" data-id=\"5a46579\" data-element_type=\"container\">\n\t\t\t\t<div class=\"elementor-element elementor-element-fd8651d elementor-widget elementor-widget-video\" data-id=\"fd8651d\" data-element_type=\"widget\" data-settings=\"{&quot;youtube_url&quot;:&quot;https:\\\/\\\/www.youtube.com\\\/watch?v=lpg3Oy9o3vU&quot;,&quot;video_type&quot;:&quot;youtube&quot;,&quot;controls&quot;:&quot;yes&quot;}\" data-widget_type=\"video.default\">\n\t\t\t\t<div class=\"elementor-widget-container\">\n\t\t\t\t\t\t\t<div class=\"elementor-wrapper elementor-open-inline\">\n\t\t\t<div class=\"elementor-video\"><\/div>\t\t<\/div>\n\t\t\t\t\t\t<\/div>\n\t\t\t\t<\/div>\n\t\t\t\t<\/div>\n\t\t<div class=\"elementor-element elementor-element-4588963 e-flex e-con-boxed e-con e-parent\" data-id=\"4588963\" data-element_type=\"container\">\n\t\t\t\t\t<div class=\"e-con-inner\">\n\t\t\t\t<div class=\"elementor-element elementor-element-4d7b383 elementor-widget elementor-widget-text-editor\" data-id=\"4d7b383\" data-element_type=\"widget\" data-widget_type=\"text-editor.default\">\n\t\t\t\t<div class=\"elementor-widget-container\">\n\t\t\t\t\t\t\t\t\t<p>Les animateurs regardent un extrait vid\u00e9o de la s\u00e9rie <a href=\"https:\/\/www.youtube.com\/watch?v=Cydu3uSon_Y&amp;t=436s\" target=\"_blank\" rel=\"noopener\">Acadie : Nord et Sud <\/a>Nous aborderons ensuite les verbes \u00ab conna\u00eetre \u00bb et \u00ab savoir \u00bb, les traditions du traiteur et la situation unique des apprenants de langues ancestrales en Louisiane.<\/p><p><strong>Pour r\u00e9flexion :<\/strong> Il peut \u00eatre difficile pour les personnes qui apprennent le fran\u00e7ais louisianais de s'y retrouver dans les diff\u00e9rences entre les vari\u00e9t\u00e9s de la langue. Mais si quelqu'un s'int\u00e9resse \u00e0 la fa\u00e7on de parler de sa famille, il ne doit pas se laisser d\u00e9courager par cette complexit\u00e9. L'exposition \u00e0 diff\u00e9rentes formes de fran\u00e7ais et \u00e0 diff\u00e9rents interlocuteurs doit \u00eatre consid\u00e9r\u00e9e comme un enrichissement et non pas comme un probl\u00e8me.<\/p>\t\t\t\t\t\t\t\t<\/div>\n\t\t\t\t<\/div>\n\t\t\t\t<div class=\"elementor-element elementor-element-75a6a70 elementor-widget elementor-widget-spacer\" data-id=\"75a6a70\" data-element_type=\"widget\" data-widget_type=\"spacer.default\">\n\t\t\t\t<div class=\"elementor-widget-container\">\n\t\t\t\t\t\t\t<div class=\"elementor-spacer\">\n\t\t\t<div class=\"elementor-spacer-inner\"><\/div>\n\t\t<\/div>\n\t\t\t\t\t\t<\/div>\n\t\t\t\t<\/div>\n\t\t\t\t\t<\/div>\n\t\t\t\t<\/div>\n\t\t<div class=\"elementor-element elementor-element-b44c818 e-flex e-con-boxed e-con e-parent\" data-id=\"b44c818\" data-element_type=\"container\">\n\t\t\t\t\t<div class=\"e-con-inner\">\n\t\t\t\t<div class=\"elementor-element elementor-element-d65e93d elementor-widget elementor-widget-heading\" data-id=\"d65e93d\" data-element_type=\"widget\" data-widget_type=\"heading.default\">\n\t\t\t\t<div class=\"elementor-widget-container\">\n\t\t\t\t\t<h3 class=\"elementor-heading-title elementor-size-default\">Mme Hazelton et les anciennes traditions de mariages<\/h3>\t\t\t\t<\/div>\n\t\t\t\t<\/div>\n\t\t\t\t\t<\/div>\n\t\t\t\t<\/div>\n\t\t<div class=\"elementor-element elementor-element-faf6720 e-con-full e-flex e-con e-parent\" data-id=\"faf6720\" data-element_type=\"container\">\n\t\t\t\t<div class=\"elementor-element elementor-element-4ab826a elementor-widget elementor-widget-video\" data-id=\"4ab826a\" data-element_type=\"widget\" data-settings=\"{&quot;youtube_url&quot;:&quot;https:\\\/\\\/www.youtube.com\\\/watch?v=oqKV7kE-U0Q&quot;,&quot;video_type&quot;:&quot;youtube&quot;,&quot;controls&quot;:&quot;yes&quot;}\" data-widget_type=\"video.default\">\n\t\t\t\t<div class=\"elementor-widget-container\">\n\t\t\t\t\t\t\t<div class=\"elementor-wrapper elementor-open-inline\">\n\t\t\t<div class=\"elementor-video\"><\/div>\t\t<\/div>\n\t\t\t\t\t\t<\/div>\n\t\t\t\t<\/div>\n\t\t\t\t<\/div>\n\t\t<div class=\"elementor-element elementor-element-4b08046 e-flex e-con-boxed e-con e-parent\" data-id=\"4b08046\" data-element_type=\"container\">\n\t\t\t\t\t<div class=\"e-con-inner\">\n\t\t\t\t<div class=\"elementor-element elementor-element-e084ebe elementor-widget elementor-widget-text-editor\" data-id=\"e084ebe\" data-element_type=\"widget\" data-widget_type=\"text-editor.default\">\n\t\t\t\t<div class=\"elementor-widget-container\">\n\t\t\t\t\t\t\t\t\t<p>Dans le dernier \u00e9pisode de Paroles de la Louisiane, les animateurs \u00e9coutent un t\u00e9moignage de premi\u00e8re main sur les traditions de mariage en Louisiane, puis discutent de l'utilisation r\u00e9gionale et historique de la terminaison verbale -ont, du ph\u00e9nom\u00e8ne phonologique de l'assibilation et de l'influence des termes nautiques sur le vocabulaire et les noms de lieux de la Louisiane.<\/p><p><strong>Pour r\u00e9flexion :<\/strong> Ce clip est un excellent exemple de contenu d'\u00e9tudes sociales qui n'est accessible que par le biais du fran\u00e7ais de Louisiane. Si nous n'incluons pas de mat\u00e9riel en fran\u00e7ais de Louisiane parce que nous consid\u00e9rons que les diff\u00e9rences linguistiques sont trop \u00e9loign\u00e9es de la norme internationale, nous risquons de passer \u00e0 c\u00f4t\u00e9 d'histoires fascinantes et de connaissances culturelles importantes.<\/p>\t\t\t\t\t\t\t\t<\/div>\n\t\t\t\t<\/div>\n\t\t\t\t\t<\/div>\n\t\t\t\t<\/div>\n\t\t\t\t<\/div>","protected":false},"excerpt":{"rendered":"<p>In Paroles de la Louisiane, language scholar Amanda LaFleur and French immersion teacher Ryan Langley explore the vernacular French of Louisiana through captivating scenes, archival interviews, and songs. A 7-episode series produced in partnership with Louisiana Public Broadcasting, Paroles de la Louisiane celebrates the cultural and linguistic richness of Louisiana&#8217;s heritage while providing practical insights&#8230;<\/p>","protected":false},"author":10,"featured_media":384,"parent":729,"menu_order":0,"comment_status":"closed","ping_status":"closed","template":"","meta":{"_acf_changed":false,"footnotes":"","_links_to":"","_links_to_target":""},"class_list":["post-695","page","type-page","status-publish","has-post-thumbnail","hentry"],"acf":[],"_links":{"self":[{"href":"https:\/\/codofil.org\/fr\/wp-json\/wp\/v2\/pages\/695","targetHints":{"allow":["GET"]}}],"collection":[{"href":"https:\/\/codofil.org\/fr\/wp-json\/wp\/v2\/pages"}],"about":[{"href":"https:\/\/codofil.org\/fr\/wp-json\/wp\/v2\/types\/page"}],"author":[{"embeddable":true,"href":"https:\/\/codofil.org\/fr\/wp-json\/wp\/v2\/users\/10"}],"replies":[{"embeddable":true,"href":"https:\/\/codofil.org\/fr\/wp-json\/wp\/v2\/comments?post=695"}],"version-history":[{"count":0,"href":"https:\/\/codofil.org\/fr\/wp-json\/wp\/v2\/pages\/695\/revisions"}],"up":[{"embeddable":true,"href":"https:\/\/codofil.org\/fr\/wp-json\/wp\/v2\/pages\/729"}],"wp:featuredmedia":[{"embeddable":true,"href":"https:\/\/codofil.org\/fr\/wp-json\/wp\/v2\/media\/384"}],"wp:attachment":[{"href":"https:\/\/codofil.org\/fr\/wp-json\/wp\/v2\/media?parent=695"}],"curies":[{"name":"wp","href":"https:\/\/api.w.org\/{rel}","templated":true}]}}