{"id":678,"date":"2025-07-08T10:23:36","date_gmt":"2025-07-08T15:23:36","guid":{"rendered":"https:\/\/codofil1.wpenginepowered.com\/?page_id=678"},"modified":"2025-09-16T13:20:23","modified_gmt":"2025-09-16T18:20:23","slug":"immersion-francaise","status":"publish","type":"page","link":"https:\/\/codofil.org\/fr\/immersion-francaise\/","title":{"rendered":"Immersion fran\u00e7aise"},"content":{"rendered":"<div data-elementor-type=\"wp-page\" data-elementor-id=\"678\" class=\"elementor elementor-678\" data-elementor-post-type=\"page\">\n\t\t\t\t<div class=\"elementor-element elementor-element-3c2fa4a e-flex e-con-boxed e-con e-parent\" data-id=\"3c2fa4a\" data-element_type=\"container\">\n\t\t\t\t\t<div class=\"e-con-inner\">\n\t\t\t\t<div class=\"elementor-element elementor-element-4ea1b8c elementor-widget elementor-widget-text-editor\" data-id=\"4ea1b8c\" data-element_type=\"widget\" data-widget_type=\"text-editor.default\">\n\t\t\t\t<div class=\"elementor-widget-container\">\n\t\t\t\t\t\t\t\t\t<div><div><div><p>Les programmes d'immersion fran\u00e7aise repr\u00e9sentent l'avenir de la langue en Louisiane. Le CODOFIL et le <a href=\"https:\/\/doe.louisiana.gov\/home\" target=\"_blank\" rel=\"noopener\">D\u00e9partement de l'\u00e9ducation de Louisiane<\/a> soutiennent la croissance de ces programmes en recrutant des enseignants de fran\u00e7ais qualifi\u00e9s et en aidant les communaut\u00e9s int\u00e9ress\u00e9es qui souhaitent mettre en place un programme d'immersion dans leur \u00e9cole.<\/p><\/div><\/div><\/div>\t\t\t\t\t\t\t\t<\/div>\n\t\t\t\t<\/div>\n\t\t\t\t\t<\/div>\n\t\t\t\t<\/div>\n\t\t<div class=\"elementor-element elementor-element-3503dda e-flex e-con-boxed e-con e-parent\" data-id=\"3503dda\" data-element_type=\"container\">\n\t\t\t\t\t<div class=\"e-con-inner\">\n\t\t<div class=\"elementor-element elementor-element-2c1ffcb e-grid e-con-full e-con e-child\" data-id=\"2c1ffcb\" data-element_type=\"container\">\n\t\t\t\t<div class=\"elementor-element elementor-element-fff2b45 elementor-widget elementor-widget-text-editor\" data-id=\"fff2b45\" data-element_type=\"widget\" data-widget_type=\"text-editor.default\">\n\t\t\t\t<div class=\"elementor-widget-container\">\n\t\t\t\t\t\t\t\t\t<h2>36<\/h2>\t\t\t\t\t\t\t\t<\/div>\n\t\t\t\t<\/div>\n\t\t\t\t<div class=\"elementor-element elementor-element-cbcf302 elementor-widget elementor-widget-text-editor\" data-id=\"cbcf302\" data-element_type=\"widget\" data-widget_type=\"text-editor.default\">\n\t\t\t\t<div class=\"elementor-widget-container\">\n\t\t\t\t\t\t\t\t\t<h2>5,500+<\/h2>\t\t\t\t\t\t\t\t<\/div>\n\t\t\t\t<\/div>\n\t\t\t\t<div class=\"elementor-element elementor-element-aa81dbc elementor-widget elementor-widget-text-editor\" data-id=\"aa81dbc\" data-element_type=\"widget\" data-widget_type=\"text-editor.default\">\n\t\t\t\t<div class=\"elementor-widget-container\">\n\t\t\t\t\t\t\t\t\t<h3>\u00c9coles en Louisiane<\/h3>\t\t\t\t\t\t\t\t<\/div>\n\t\t\t\t<\/div>\n\t\t\t\t<div class=\"elementor-element elementor-element-fb81ef7 elementor-widget elementor-widget-text-editor\" data-id=\"fb81ef7\" data-element_type=\"widget\" data-widget_type=\"text-editor.default\">\n\t\t\t\t<div class=\"elementor-widget-container\">\n\t\t\t\t\t\t\t\t\t<h3>\u00c9l\u00e8ves inscrits<\/h3>\t\t\t\t\t\t\t\t<\/div>\n\t\t\t\t<\/div>\n\t\t\t\t<\/div>\n\t\t\t\t\t<\/div>\n\t\t\t\t<\/div>\n\t\t<div class=\"elementor-element elementor-element-536e38a e-flex e-con-boxed e-con e-parent\" data-id=\"536e38a\" data-element_type=\"container\">\n\t\t\t\t\t<div class=\"e-con-inner\">\n\t\t<div class=\"elementor-element elementor-element-31b3562 e-con-full e-flex e-con e-child\" data-id=\"31b3562\" data-element_type=\"container\">\n\t\t\t\t<div class=\"elementor-element elementor-element-d45f596 elementor-widget elementor-widget-image\" data-id=\"d45f596\" data-element_type=\"widget\" data-widget_type=\"image.default\">\n\t\t\t\t<div class=\"elementor-widget-container\">\n\t\t\t\t\t\t\t\t\t\t\t\t\t\t\t<img fetchpriority=\"high\" decoding=\"async\" width=\"800\" height=\"533\" src=\"https:\/\/codofil.org\/wp-content\/uploads\/2025\/08\/codofil_immersion.png\" class=\"attachment-large size-large wp-image-1211\" alt=\"Deux \u00e9l\u00e8ves dans une classe d&#039;immersion fran\u00e7aise\" srcset=\"https:\/\/codofil.org\/wp-content\/uploads\/2025\/08\/codofil_immersion.png 900w, https:\/\/codofil.org\/wp-content\/uploads\/2025\/08\/codofil_immersion-300x200.png 300w, https:\/\/codofil.org\/wp-content\/uploads\/2025\/08\/codofil_immersion-768x512.png 768w, https:\/\/codofil.org\/wp-content\/uploads\/2025\/08\/codofil_immersion-18x12.png 18w\" sizes=\"(max-width: 800px) 100vw, 800px\" \/>\t\t\t\t\t\t\t\t\t\t\t\t\t\t\t<\/div>\n\t\t\t\t<\/div>\n\t\t\t\t<\/div>\n\t\t<div class=\"elementor-element elementor-element-ac6c0a0 e-con-full e-flex e-con e-child\" data-id=\"ac6c0a0\" data-element_type=\"container\">\n\t\t\t\t<div class=\"elementor-element elementor-element-d660717 elementor-widget elementor-widget-image\" data-id=\"d660717\" data-element_type=\"widget\" data-widget_type=\"image.default\">\n\t\t\t\t<div class=\"elementor-widget-container\">\n\t\t\t\t\t\t\t\t\t\t\t\t\t\t\t<img decoding=\"async\" width=\"800\" height=\"534\" src=\"https:\/\/codofil.org\/wp-content\/uploads\/2025\/08\/teach-french-in-louisiana.png\" class=\"attachment-large size-large wp-image-1152\" alt=\"Deux \u00e9tudiants apprennent le fran\u00e7ais en Louisiane\" srcset=\"https:\/\/codofil.org\/wp-content\/uploads\/2025\/08\/teach-french-in-louisiana.png 1000w, https:\/\/codofil.org\/wp-content\/uploads\/2025\/08\/teach-french-in-louisiana-300x200.png 300w, https:\/\/codofil.org\/wp-content\/uploads\/2025\/08\/teach-french-in-louisiana-768x512.png 768w, https:\/\/codofil.org\/wp-content\/uploads\/2025\/08\/teach-french-in-louisiana-18x12.png 18w\" sizes=\"(max-width: 800px) 100vw, 800px\" \/>\t\t\t\t\t\t\t\t\t\t\t\t\t\t\t<\/div>\n\t\t\t\t<\/div>\n\t\t\t\t<\/div>\n\t\t\t\t\t<\/div>\n\t\t\t\t<\/div>\n\t\t<section class=\"elementor-element elementor-element-9430090 e-flex e-con-boxed e-con e-parent\" data-id=\"9430090\" data-element_type=\"container\">\n\t\t\t\t\t<div class=\"e-con-inner\">\n\t\t<div class=\"elementor-element elementor-element-441e1a64 e-con-full e-flex elementor-invisible e-con e-child\" data-id=\"441e1a64\" data-element_type=\"container\" id=\"french-in-louisiana\" data-settings=\"{&quot;animation&quot;:&quot;fadeInUp&quot;}\">\n\t\t\t\t<div class=\"elementor-element elementor-element-7fc81926 elementor-widget elementor-widget-heading\" data-id=\"7fc81926\" data-element_type=\"widget\" data-widget_type=\"heading.default\">\n\t\t\t\t<div class=\"elementor-widget-container\">\n\t\t\t\t\t<h2 class=\"elementor-heading-title elementor-size-default\">Les avantages de l'immersion fran\u00e7aise<\/h2>\t\t\t\t<\/div>\n\t\t\t\t<\/div>\n\t\t\t\t<div class=\"elementor-element elementor-element-37a58529 elementor-widget elementor-widget-text-editor\" data-id=\"37a58529\" data-element_type=\"widget\" data-widget_type=\"text-editor.default\">\n\t\t\t\t<div class=\"elementor-widget-container\">\n\t\t\t\t\t\t\t\t\t<p>\u00c9tudier le fran\u00e7ais en Louisiane, c'est bien plus que perp\u00e9tuer l'h\u00e9ritage linguistique de la r\u00e9gion. La ma\u00eetrise d'une deuxi\u00e8me langue est un atout dans un monde de plus en plus globalis\u00e9.\u00a0<\/p>\t\t\t\t\t\t\t\t<\/div>\n\t\t\t\t<\/div>\n\t\t<div class=\"elementor-element elementor-element-4a3fc6a0 e-con-full e-flex e-con e-child\" data-id=\"4a3fc6a0\" data-element_type=\"container\">\n\t\t<div class=\"elementor-element elementor-element-2d814d41 e-con-full e-flex e-con e-child\" data-id=\"2d814d41\" data-element_type=\"container\">\n\t\t<a class=\"elementor-element elementor-element-6d87c1fe e-con-full e-flex e-con e-child\" data-id=\"6d87c1fe\" data-element_type=\"container\">\n\t\t\t\t<div class=\"elementor-element elementor-element-21a6ce07 elementor-widget__width-initial elementor-widget elementor-widget-image\" data-id=\"21a6ce07\" data-element_type=\"widget\" data-widget_type=\"image.default\">\n\t\t\t\t<div class=\"elementor-widget-container\">\n\t\t\t\t\t\t\t\t\t\t\t\t\t\t\t<img decoding=\"async\" width=\"800\" height=\"796\" src=\"https:\/\/codofil.org\/wp-content\/uploads\/2025\/07\/immersion4-1024x1019.png\" class=\"attachment-large size-large wp-image-963\" alt=\"ic\u00f4ne des tests\" srcset=\"https:\/\/codofil.org\/wp-content\/uploads\/2025\/07\/immersion4-1024x1019.png 1024w, https:\/\/codofil.org\/wp-content\/uploads\/2025\/07\/immersion4-300x298.png 300w, https:\/\/codofil.org\/wp-content\/uploads\/2025\/07\/immersion4-150x150.png 150w, https:\/\/codofil.org\/wp-content\/uploads\/2025\/07\/immersion4-768x764.png 768w, https:\/\/codofil.org\/wp-content\/uploads\/2025\/07\/immersion4-12x12.png 12w, https:\/\/codofil.org\/wp-content\/uploads\/2025\/07\/immersion4.png 1363w\" sizes=\"(max-width: 800px) 100vw, 800px\" \/>\t\t\t\t\t\t\t\t\t\t\t\t\t\t\t<\/div>\n\t\t\t\t<\/div>\n\t\t\t\t<div class=\"elementor-element elementor-element-16c4faf elementor-widget elementor-widget-heading\" data-id=\"16c4faf\" data-element_type=\"widget\" data-widget_type=\"heading.default\">\n\t\t\t\t<div class=\"elementor-widget-container\">\n\t\t\t\t\t<h3 class=\"elementor-heading-title elementor-size-default\">Des r\u00e9sultats \u00e9lev\u00e9s aux tests<\/h3>\t\t\t\t<\/div>\n\t\t\t\t<\/div>\n\t\t\t\t<\/a>\n\t\t\t\t<div class=\"elementor-element elementor-element-756fd0bd elementor-widget elementor-widget-text-editor\" data-id=\"756fd0bd\" data-element_type=\"widget\" data-widget_type=\"text-editor.default\">\n\t\t\t\t<div class=\"elementor-widget-container\">\n\t\t\t\t\t\t\t\t\t<p>Les recherches indiquent que les enfants qui \u00e9tudient une deuxi\u00e8me langue d\u00e8s le plus jeune \u00e2ge obtiennent de meilleurs r\u00e9sultats aux tests de lecture et de math\u00e9matiques et ont de meilleures capacit\u00e9s cognitives.<\/p>\t\t\t\t\t\t\t\t<\/div>\n\t\t\t\t<\/div>\n\t\t\t\t<\/div>\n\t\t<div class=\"elementor-element elementor-element-8a564be e-con-full e-flex e-con e-child\" data-id=\"8a564be\" data-element_type=\"container\">\n\t\t<a class=\"elementor-element elementor-element-abce6e4 e-con-full e-flex e-con e-child\" data-id=\"abce6e4\" data-element_type=\"container\">\n\t\t\t\t<div class=\"elementor-element elementor-element-581bcacb elementor-widget__width-initial elementor-widget elementor-widget-image\" data-id=\"581bcacb\" data-element_type=\"widget\" data-widget_type=\"image.default\">\n\t\t\t\t<div class=\"elementor-widget-container\">\n\t\t\t\t\t\t\t\t\t\t\t\t\t\t\t<img loading=\"lazy\" decoding=\"async\" width=\"800\" height=\"857\" src=\"https:\/\/codofil.org\/wp-content\/uploads\/2025\/07\/immersion3-956x1024.png\" class=\"attachment-large size-large wp-image-962\" alt=\"ic\u00f4ne du globe\" srcset=\"https:\/\/codofil.org\/wp-content\/uploads\/2025\/07\/immersion3-956x1024.png 956w, https:\/\/codofil.org\/wp-content\/uploads\/2025\/07\/immersion3-280x300.png 280w, https:\/\/codofil.org\/wp-content\/uploads\/2025\/07\/immersion3-768x823.png 768w, https:\/\/codofil.org\/wp-content\/uploads\/2025\/07\/immersion3-11x12.png 11w, https:\/\/codofil.org\/wp-content\/uploads\/2025\/07\/immersion3.png 1247w\" sizes=\"(max-width: 800px) 100vw, 800px\" \/>\t\t\t\t\t\t\t\t\t\t\t\t\t\t\t<\/div>\n\t\t\t\t<\/div>\n\t\t\t\t<div class=\"elementor-element elementor-element-169e1332 elementor-widget elementor-widget-heading\" data-id=\"169e1332\" data-element_type=\"widget\" data-widget_type=\"heading.default\">\n\t\t\t\t<div class=\"elementor-widget-container\">\n\t\t\t\t\t<h3 class=\"elementor-heading-title elementor-size-default\">Bilingue et comp\u00e9titif<\/h3>\t\t\t\t<\/div>\n\t\t\t\t<\/div>\n\t\t\t\t<\/a>\n\t\t\t\t<div class=\"elementor-element elementor-element-4dadfb87 elementor-widget elementor-widget-text-editor\" data-id=\"4dadfb87\" data-element_type=\"widget\" data-widget_type=\"text-editor.default\">\n\t\t\t\t<div class=\"elementor-widget-container\">\n\t\t\t\t\t\t\t\t\t<p>Dans le monde globalis\u00e9 d'aujourd'hui, parler une deuxi\u00e8me langue est un atout, que ce soit pour s'inscrire \u00e0 une universit\u00e9 ou candidater \u00e0 un emploi.<\/p>\t\t\t\t\t\t\t\t<\/div>\n\t\t\t\t<\/div>\n\t\t\t\t<\/div>\n\t\t<div class=\"elementor-element elementor-element-14266a05 e-con-full e-flex e-con e-child\" data-id=\"14266a05\" data-element_type=\"container\">\n\t\t<a class=\"elementor-element elementor-element-4ad02c83 e-con-full e-flex e-con e-child\" data-id=\"4ad02c83\" data-element_type=\"container\">\n\t\t\t\t<div class=\"elementor-element elementor-element-5fa0fa1 elementor-widget__width-initial elementor-widget elementor-widget-image\" data-id=\"5fa0fa1\" data-element_type=\"widget\" data-widget_type=\"image.default\">\n\t\t\t\t<div class=\"elementor-widget-container\">\n\t\t\t\t\t\t\t\t\t\t\t\t\t\t\t<img loading=\"lazy\" decoding=\"async\" width=\"800\" height=\"898\" src=\"https:\/\/codofil.org\/wp-content\/uploads\/2025\/07\/Immersion_1-912x1024.png\" class=\"attachment-large size-large wp-image-959\" alt=\"ic\u00f4ne de la fleur de lis\" srcset=\"https:\/\/codofil.org\/wp-content\/uploads\/2025\/07\/Immersion_1-912x1024.png 912w, https:\/\/codofil.org\/wp-content\/uploads\/2025\/07\/Immersion_1-267x300.png 267w, https:\/\/codofil.org\/wp-content\/uploads\/2025\/07\/Immersion_1-768x862.png 768w, https:\/\/codofil.org\/wp-content\/uploads\/2025\/07\/Immersion_1-11x12.png 11w, https:\/\/codofil.org\/wp-content\/uploads\/2025\/07\/Immersion_1.png 1086w\" sizes=\"(max-width: 800px) 100vw, 800px\" \/>\t\t\t\t\t\t\t\t\t\t\t\t\t\t\t<\/div>\n\t\t\t\t<\/div>\n\t\t\t\t<div class=\"elementor-element elementor-element-e72eba elementor-widget elementor-widget-heading\" data-id=\"e72eba\" data-element_type=\"widget\" data-widget_type=\"heading.default\">\n\t\t\t\t<div class=\"elementor-widget-container\">\n\t\t\t\t\t<h3 class=\"elementor-heading-title elementor-size-default\">Perp\u00e9tuer les traditions locales<\/h3>\t\t\t\t<\/div>\n\t\t\t\t<\/div>\n\t\t\t\t<\/a>\n\t\t\t\t<div class=\"elementor-element elementor-element-b98ffdd elementor-widget elementor-widget-text-editor\" data-id=\"b98ffdd\" data-element_type=\"widget\" data-widget_type=\"text-editor.default\">\n\t\t\t\t<div class=\"elementor-widget-container\">\n\t\t\t\t\t\t\t\t\t<p>Le fran\u00e7ais n'est pas une langue \u00e9trang\u00e8re en Louisiane : il est parl\u00e9 dans la r\u00e9gion depuis le 17e si\u00e8cle et fait partie int\u00e9grante de sa culture.<\/p>\t\t\t\t\t\t\t\t<\/div>\n\t\t\t\t<\/div>\n\t\t\t\t<\/div>\n\t\t\t\t<\/div>\n\t\t\t\t<\/div>\n\t\t\t\t\t<\/div>\n\t\t\t\t<\/section>\n\t\t<div class=\"elementor-element elementor-element-021a7c0 e-flex e-con-boxed e-con e-parent\" data-id=\"021a7c0\" data-element_type=\"container\">\n\t\t\t\t\t<div class=\"e-con-inner\">\n\t\t\t\t<div class=\"elementor-element elementor-element-a34e056 elementor-widget elementor-widget-heading\" data-id=\"a34e056\" data-element_type=\"widget\" data-widget_type=\"heading.default\">\n\t\t\t\t<div class=\"elementor-widget-container\">\n\t\t\t\t\t<h2 class=\"elementor-heading-title elementor-size-default\">L'Immersion fran\u00e7aise dans votre \u00e9cole en 4 \u00e9tapes<\/h2>\t\t\t\t<\/div>\n\t\t\t\t<\/div>\n\t\t\t\t<div class=\"elementor-element elementor-element-4c8d53f elementor-widget elementor-widget-text-editor\" data-id=\"4c8d53f\" data-element_type=\"widget\" data-widget_type=\"text-editor.default\">\n\t\t\t\t<div class=\"elementor-widget-container\">\n\t\t\t\t\t\t\t\t\t<p>Gr\u00e2ce \u00e0 <a href=\"https:\/\/www.legis.la.gov\/legis\/ViewDocument.aspx?d=857655&amp;n=SB205\" target=\"_blank\" rel=\"noopener\">l'Acte 361<\/a> de la session l\u00e9gislative de 2013, vous avez le droit de demander \u00e0 votre conseil scolaire de cr\u00e9er un programme d'immersion fran\u00e7aise. Cette proc\u00e9dure habilite les parents \u00e0 demander \u00e0 leur conseil scolaire local de cr\u00e9er des parcours d'immersion linguistique si aucun n'est actuellement propos\u00e9. Si les parents d'au moins 25 enfants en \u00e2ge de fr\u00e9quenter l'\u00e9cole maternelle adressent une p\u00e9tition au conseil scolaire local, celui-ci est tenu de fournir \u00e0 votre enfant un acc\u00e8s \u00e0 l'enseignement \u00e9l\u00e9mentaire dans la langue sp\u00e9cifi\u00e9e. Voici comment d\u00e9poser une p\u00e9tition aupr\u00e8s de votre conseil scolaire.<\/p>\t\t\t\t\t\t\t\t<\/div>\n\t\t\t\t<\/div>\n\t\t\t\t\t<\/div>\n\t\t\t\t<\/div>\n\t\t<div class=\"elementor-element elementor-element-b1862c7 e-flex e-con-boxed e-con e-parent\" data-id=\"b1862c7\" data-element_type=\"container\">\n\t\t\t\t\t<div class=\"e-con-inner\">\n\t\t\t\t<div class=\"elementor-element elementor-element-c21b6db elementor-widget elementor-widget-heading\" data-id=\"c21b6db\" data-element_type=\"widget\" data-widget_type=\"heading.default\">\n\t\t\t\t<div class=\"elementor-widget-container\">\n\t\t\t\t\t<h3 class=\"elementor-heading-title elementor-size-default\">\u00c9tape 1<\/h3>\t\t\t\t<\/div>\n\t\t\t\t<\/div>\n\t\t\t\t\t<\/div>\n\t\t\t\t<\/div>\n\t\t<div class=\"elementor-element elementor-element-67c1fb5 e-flex e-con-boxed e-con e-parent\" data-id=\"67c1fb5\" data-element_type=\"container\">\n\t\t\t\t\t<div class=\"e-con-inner\">\n\t\t\t\t<div class=\"elementor-element elementor-element-a990d88 elementor-widget elementor-widget-text-editor\" data-id=\"a990d88\" data-element_type=\"widget\" data-widget_type=\"text-editor.default\">\n\t\t\t\t<div class=\"elementor-widget-container\">\n\t\t\t\t\t\t\t\t\t<div><div><div><p>Organisez une r\u00e9union informelle des parents int\u00e9ress\u00e9s d'enfants d'\u00e2ge pr\u00e9scolaire entrant en maternelle l'ann\u00e9e scolaire suivante pour discuter de l'immersion fran\u00e7aise dans votre \u00e9cole locale.<\/p><\/div><\/div><\/div>\t\t\t\t\t\t\t\t<\/div>\n\t\t\t\t<\/div>\n\t\t\t\t\t<\/div>\n\t\t\t\t<\/div>\n\t\t<div class=\"elementor-element elementor-element-f18b345 e-flex e-con-boxed e-con e-parent\" data-id=\"f18b345\" data-element_type=\"container\">\n\t\t\t\t\t<div class=\"e-con-inner\">\n\t\t\t\t<div class=\"elementor-element elementor-element-6d2e09e elementor-widget elementor-widget-heading\" data-id=\"6d2e09e\" data-element_type=\"widget\" data-widget_type=\"heading.default\">\n\t\t\t\t<div class=\"elementor-widget-container\">\n\t\t\t\t\t<h3 class=\"elementor-heading-title elementor-size-default\">\u00c9tape 2<\/h3>\t\t\t\t<\/div>\n\t\t\t\t<\/div>\n\t\t\t\t\t<\/div>\n\t\t\t\t<\/div>\n\t\t<div class=\"elementor-element elementor-element-d8158f9 e-flex e-con-boxed e-con e-parent\" data-id=\"d8158f9\" data-element_type=\"container\">\n\t\t\t\t\t<div class=\"e-con-inner\">\n\t\t\t\t<div class=\"elementor-element elementor-element-1f50d9e elementor-widget elementor-widget-text-editor\" data-id=\"1f50d9e\" data-element_type=\"widget\" data-widget_type=\"text-editor.default\">\n\t\t\t\t<div class=\"elementor-widget-container\">\n\t\t\t\t\t\t\t\t\t<div>Sur le site <a href=\"https:\/\/doe.louisiana.gov\/docs\/default-source\/academics\/2013-act-361-parent-petition.pdf?sfvrsn=9207b91f_0\" target=\"_blank\" rel=\"noopener\">Formulaire de demande des parents<\/a>, obtenez la signatures d'au moins 25 parents dont les enfants entreront \u00e0 l'\u00e9cole maternelle l'ann\u00e9e scolaire suivante. (Seuls les parents ou les tuteurs l\u00e9gaux des enfants peuvent signer la p\u00e9tition).\u00a0<\/div>\t\t\t\t\t\t\t\t<\/div>\n\t\t\t\t<\/div>\n\t\t\t\t\t<\/div>\n\t\t\t\t<\/div>\n\t\t<div class=\"elementor-element elementor-element-afec4a1 e-flex e-con-boxed e-con e-parent\" data-id=\"afec4a1\" data-element_type=\"container\">\n\t\t\t\t\t<div class=\"e-con-inner\">\n\t\t\t\t<div class=\"elementor-element elementor-element-abf3252 elementor-widget elementor-widget-heading\" data-id=\"abf3252\" data-element_type=\"widget\" data-widget_type=\"heading.default\">\n\t\t\t\t<div class=\"elementor-widget-container\">\n\t\t\t\t\t<h3 class=\"elementor-heading-title elementor-size-default\">\u00c9tape 3<\/h3>\t\t\t\t<\/div>\n\t\t\t\t<\/div>\n\t\t\t\t\t<\/div>\n\t\t\t\t<\/div>\n\t\t<div class=\"elementor-element elementor-element-6ffa833 e-flex e-con-boxed e-con e-parent\" data-id=\"6ffa833\" data-element_type=\"container\">\n\t\t\t\t\t<div class=\"e-con-inner\">\n\t\t\t\t<div class=\"elementor-element elementor-element-2a9af48 elementor-widget elementor-widget-text-editor\" data-id=\"2a9af48\" data-element_type=\"widget\" data-widget_type=\"text-editor.default\">\n\t\t\t\t<div class=\"elementor-widget-container\">\n\t\t\t\t\t\t\t\t\t<div><div><div><p>Soumettez la demande d\u00fbment remplie \u00e0 votre conseil scolaire local au plus tard le 1er mars pr\u00e9c\u00e9dant l'ann\u00e9e scolaire au cours de laquelle le parcours doit \u00eatre mis en place.\u00a0<\/p><\/div><\/div><\/div>\t\t\t\t\t\t\t\t<\/div>\n\t\t\t\t<\/div>\n\t\t\t\t\t<\/div>\n\t\t\t\t<\/div>\n\t\t<div class=\"elementor-element elementor-element-ff1b016 e-flex e-con-boxed e-con e-parent\" data-id=\"ff1b016\" data-element_type=\"container\">\n\t\t\t\t\t<div class=\"e-con-inner\">\n\t\t\t\t<div class=\"elementor-element elementor-element-aa5c3c1 elementor-widget elementor-widget-heading\" data-id=\"aa5c3c1\" data-element_type=\"widget\" data-widget_type=\"heading.default\">\n\t\t\t\t<div class=\"elementor-widget-container\">\n\t\t\t\t\t<h3 class=\"elementor-heading-title elementor-size-default\">\u00c9tape 4<\/h3>\t\t\t\t<\/div>\n\t\t\t\t<\/div>\n\t\t\t\t\t<\/div>\n\t\t\t\t<\/div>\n\t\t<div class=\"elementor-element elementor-element-7beb22e e-flex e-con-boxed e-con e-parent\" data-id=\"7beb22e\" data-element_type=\"container\">\n\t\t\t\t\t<div class=\"e-con-inner\">\n\t\t\t\t<div class=\"elementor-element elementor-element-3e29831 elementor-widget elementor-widget-text-editor\" data-id=\"3e29831\" data-element_type=\"widget\" data-widget_type=\"text-editor.default\">\n\t\t\t\t<div class=\"elementor-widget-container\">\n\t\t\t\t\t\t\t\t\t<div><div><div><p>Informez le D\u00e9partement de l'\u00e9ducation de Louisiane de votre demande en appelant le 877-453-2721. Le personnel peut \u00e9galement r\u00e9pondre \u00e0 vos questions sur cette proc\u00e9dure et vous conseiller en envoyant un courriel \u00e0 l'adresse suivante : <a href=\"mailto:Language.Acquisition@la.gov\">Language.Acquisition@la.gov<\/a>.<\/p><\/div><\/div><\/div>\t\t\t\t\t\t\t\t<\/div>\n\t\t\t\t<\/div>\n\t\t\t\t<div class=\"elementor-element elementor-element-34cb16c elementor-widget elementor-widget-spacer\" data-id=\"34cb16c\" data-element_type=\"widget\" data-widget_type=\"spacer.default\">\n\t\t\t\t<div class=\"elementor-widget-container\">\n\t\t\t\t\t\t\t<div class=\"elementor-spacer\">\n\t\t\t<div class=\"elementor-spacer-inner\"><\/div>\n\t\t<\/div>\n\t\t\t\t\t\t<\/div>\n\t\t\t\t<\/div>\n\t\t\t\t\t<\/div>\n\t\t\t\t<\/div>\n\t\t<div class=\"elementor-element elementor-element-add8dfd e-flex e-con-boxed e-con e-parent\" data-id=\"add8dfd\" data-element_type=\"container\">\n\t\t\t\t\t<div class=\"e-con-inner\">\n\t\t\t\t<div class=\"elementor-element elementor-element-2a48dd1 elementor-widget-divider--view-line elementor-widget elementor-widget-divider\" data-id=\"2a48dd1\" data-element_type=\"widget\" data-widget_type=\"divider.default\">\n\t\t\t\t<div class=\"elementor-widget-container\">\n\t\t\t\t\t\t\t<div class=\"elementor-divider\">\n\t\t\t<span class=\"elementor-divider-separator\">\n\t\t\t\t\t\t<\/span>\n\t\t<\/div>\n\t\t\t\t\t\t<\/div>\n\t\t\t\t<\/div>\n\t\t\t\t<div class=\"elementor-element elementor-element-daf5dd8 elementor-widget elementor-widget-heading\" data-id=\"daf5dd8\" data-element_type=\"widget\" data-widget_type=\"heading.default\">\n\t\t\t\t<div class=\"elementor-widget-container\">\n\t\t\t\t\t<h2 class=\"elementor-heading-title elementor-size-default\">Contactez-nous pour en savoir plus sur l'immersion en Louisiane<\/h2>\t\t\t\t<\/div>\n\t\t\t\t<\/div>\n\t\t\t\t<div class=\"elementor-element elementor-element-5d8796c elementor-align-center elementor-widget elementor-widget-button\" data-id=\"5d8796c\" data-element_type=\"widget\" data-widget_type=\"button.default\">\n\t\t\t\t<div class=\"elementor-widget-container\">\n\t\t\t\t\t\t\t\t\t<div class=\"elementor-button-wrapper\">\n\t\t\t\t\t<a class=\"elementor-button elementor-button-link elementor-size-sm\" href=\"https:\/\/codofil.org\/fr\/nous-joindre\/\">\n\t\t\t\t\t\t<span class=\"elementor-button-content-wrapper\">\n\t\t\t\t\t\t\t\t\t<span class=\"elementor-button-text\">Nous joindre<\/span>\n\t\t\t\t\t<\/span>\n\t\t\t\t\t<\/a>\n\t\t\t\t<\/div>\n\t\t\t\t\t\t\t\t<\/div>\n\t\t\t\t<\/div>\n\t\t\t\t\t<\/div>\n\t\t\t\t<\/div>\n\t\t\t\t<\/div>","protected":false},"excerpt":{"rendered":"<p>Les programmes d'immersion en fran\u00e7ais en Louisiane repr\u00e9sentent l'avenir de la langue dans l'Etat. Le CODOFIL et le D\u00e9partement de l'Education de Louisiane soutiennent la croissance soutenue de ces programmes en recrutant des enseignants de fran\u00e7ais qualifi\u00e9s et en aidant les communaut\u00e9s int\u00e9ress\u00e9es qui souhaitent mettre en place un programme d'immersion dans leur \u00e9cole. 36 Plus de 5 500 \u00e9coles en Louisiane Etudiants inscrits Avantages de...<\/p>","protected":false},"author":10,"featured_media":1211,"parent":0,"menu_order":0,"comment_status":"closed","ping_status":"closed","template":"","meta":{"_acf_changed":false,"footnotes":"","_links_to":"","_links_to_target":""},"class_list":["post-678","page","type-page","status-publish","has-post-thumbnail","hentry"],"acf":[],"_links":{"self":[{"href":"https:\/\/codofil.org\/fr\/wp-json\/wp\/v2\/pages\/678","targetHints":{"allow":["GET"]}}],"collection":[{"href":"https:\/\/codofil.org\/fr\/wp-json\/wp\/v2\/pages"}],"about":[{"href":"https:\/\/codofil.org\/fr\/wp-json\/wp\/v2\/types\/page"}],"author":[{"embeddable":true,"href":"https:\/\/codofil.org\/fr\/wp-json\/wp\/v2\/users\/10"}],"replies":[{"embeddable":true,"href":"https:\/\/codofil.org\/fr\/wp-json\/wp\/v2\/comments?post=678"}],"version-history":[{"count":0,"href":"https:\/\/codofil.org\/fr\/wp-json\/wp\/v2\/pages\/678\/revisions"}],"wp:featuredmedia":[{"embeddable":true,"href":"https:\/\/codofil.org\/fr\/wp-json\/wp\/v2\/media\/1211"}],"wp:attachment":[{"href":"https:\/\/codofil.org\/fr\/wp-json\/wp\/v2\/media?parent=678"}],"curies":[{"name":"wp","href":"https:\/\/api.w.org\/{rel}","templated":true}]}}