{"id":675,"date":"2025-07-08T09:22:51","date_gmt":"2025-07-08T14:22:51","guid":{"rendered":"https:\/\/codofil1.wpenginepowered.com\/?page_id=675"},"modified":"2026-03-02T10:57:47","modified_gmt":"2026-03-02T16:57:47","slug":"programme-enseignants-internationaux-associes","status":"publish","type":"page","link":"https:\/\/codofil.org\/fr\/programme-enseignants-internationaux-associes\/","title":{"rendered":"Programme d\u2019enseignants internationaux associ\u00e9s"},"content":{"rendered":"<div data-elementor-type=\"wp-page\" data-elementor-id=\"675\" class=\"elementor elementor-675\" data-elementor-post-type=\"page\">\n\t\t\t\t<div class=\"elementor-element elementor-element-d822d8b e-flex e-con-boxed e-con e-parent\" data-id=\"d822d8b\" data-element_type=\"container\">\n\t\t\t\t\t<div class=\"e-con-inner\">\n\t\t<div class=\"elementor-element elementor-element-200fb90 e-con-full e-flex e-con e-child\" data-id=\"200fb90\" data-element_type=\"container\">\n\t\t\t\t<div class=\"elementor-element elementor-element-2b9b48b elementor-widget elementor-widget-image\" data-id=\"2b9b48b\" data-element_type=\"widget\" data-widget_type=\"image.default\">\n\t\t\t\t<div class=\"elementor-widget-container\">\n\t\t\t\t\t\t\t\t\t\t\t\t\t\t\t<img fetchpriority=\"high\" decoding=\"async\" width=\"800\" height=\"533\" src=\"https:\/\/codofil.org\/wp-content\/uploads\/2025\/08\/international-associate-teacher-program.png\" class=\"attachment-large size-large wp-image-1056\" alt=\"Une \u00e9l\u00e8ve et un enseignant du programme d\u2019enseignants internationaux associ\u00e9s\" srcset=\"https:\/\/codofil.org\/wp-content\/uploads\/2025\/08\/international-associate-teacher-program.png 900w, https:\/\/codofil.org\/wp-content\/uploads\/2025\/08\/international-associate-teacher-program-300x200.png 300w, https:\/\/codofil.org\/wp-content\/uploads\/2025\/08\/international-associate-teacher-program-768x512.png 768w, https:\/\/codofil.org\/wp-content\/uploads\/2025\/08\/international-associate-teacher-program-18x12.png 18w\" sizes=\"(max-width: 800px) 100vw, 800px\" \/>\t\t\t\t\t\t\t\t\t\t\t\t\t\t\t<\/div>\n\t\t\t\t<\/div>\n\t\t\t\t<\/div>\n\t\t<div class=\"elementor-element elementor-element-84281dc e-con-full e-flex e-con e-child\" data-id=\"84281dc\" data-element_type=\"container\">\n\t\t\t\t<div class=\"elementor-element elementor-element-99860b7 elementor-widget elementor-widget-text-editor\" data-id=\"99860b7\" data-element_type=\"widget\" data-widget_type=\"text-editor.default\">\n\t\t\t\t<div class=\"elementor-widget-container\">\n\t\t\t\t\t\t\t\t\t<h2>Embarquez-vous dans une nouvelle aventure<\/h2><div>D\u00e9couvrez les \u00c9tats-Unis en enseignant le fran\u00e7ais en Louisiane dans l'un des programmes d'immersion fran\u00e7aise de notre \u00e9tat. L'immersion repr\u00e9sente les efforts mis en place en Louisiane dans l'objectif de construire une nouvelle g\u00e9n\u00e9ration de Louisianais qui respectent le pass\u00e9 linguistique de notre r\u00e9gion et seront comp\u00e9titifs dans un monde de plus en plus globalis\u00e9. Par le biais du programme d'enseignants internationaux associ\u00e9s, le CODOFIL recrute des enseignants de fran\u00e7ais de pays comme la France et le Canada. Ces enseignants sont ensuite affect\u00e9s \u00e0 travers la Louisiane dans de petites villes comme C\u00e9cilia ou dans de grandes villes comme la c\u00e9l\u00e8bre Nouvelle-Orl\u00e9ans.<\/div>\t\t\t\t\t\t\t\t<\/div>\n\t\t\t\t<\/div>\n\t\t\t\t<\/div>\n\t\t\t\t\t<\/div>\n\t\t\t\t<\/div>\n\t\t<div class=\"elementor-element elementor-element-3503dda e-flex e-con-boxed e-con e-parent\" data-id=\"3503dda\" data-element_type=\"container\">\n\t\t\t\t\t<div class=\"e-con-inner\">\n\t\t<div class=\"elementor-element elementor-element-2c1ffcb e-grid e-con-full e-con e-child\" data-id=\"2c1ffcb\" data-element_type=\"container\">\n\t\t\t\t<div class=\"elementor-element elementor-element-fff2b45 elementor-widget elementor-widget-text-editor\" data-id=\"fff2b45\" data-element_type=\"widget\" data-widget_type=\"text-editor.default\">\n\t\t\t\t<div class=\"elementor-widget-container\">\n\t\t\t\t\t\t\t\t\t<h2>150<\/h2>\t\t\t\t\t\t\t\t<\/div>\n\t\t\t\t<\/div>\n\t\t\t\t<div class=\"elementor-element elementor-element-cbcf302 elementor-widget elementor-widget-text-editor\" data-id=\"cbcf302\" data-element_type=\"widget\" data-widget_type=\"text-editor.default\">\n\t\t\t\t<div class=\"elementor-widget-container\">\n\t\t\t\t\t\t\t\t\t<h2>36<\/h2>\t\t\t\t\t\t\t\t<\/div>\n\t\t\t\t<\/div>\n\t\t\t\t<div class=\"elementor-element elementor-element-aa81dbc elementor-widget elementor-widget-text-editor\" data-id=\"aa81dbc\" data-element_type=\"widget\" data-widget_type=\"text-editor.default\">\n\t\t\t\t<div class=\"elementor-widget-container\">\n\t\t\t\t\t\t\t\t\t<h3>Enseignants internationaux en Louisiane<\/h3>\t\t\t\t\t\t\t\t<\/div>\n\t\t\t\t<\/div>\n\t\t\t\t<div class=\"elementor-element elementor-element-fb81ef7 elementor-widget elementor-widget-text-editor\" data-id=\"fb81ef7\" data-element_type=\"widget\" data-widget_type=\"text-editor.default\">\n\t\t\t\t<div class=\"elementor-widget-container\">\n\t\t\t\t\t\t\t\t\t<h3 class=\"cvGsUA direction-ltr align-start para-style-body\"><span class=\"OYPEnA font-feature-liga-off font-feature-clig-off font-feature-calt-off text-decoration-none text-strikethrough-none\">\u00c9coles d'immersion participantes<\/span><\/h3>\t\t\t\t\t\t\t\t<\/div>\n\t\t\t\t<\/div>\n\t\t\t\t<\/div>\n\t\t\t\t\t<\/div>\n\t\t\t\t<\/div>\n\t\t<aside class=\"elementor-element elementor-element-73ea28a8 callout-pills full-width e-flex e-con-boxed e-con e-parent\" data-id=\"73ea28a8\" data-element_type=\"container\" data-settings=\"{&quot;background_background&quot;:&quot;classic&quot;}\">\n\t\t\t\t\t<div class=\"e-con-inner\">\n\t\t<div class=\"elementor-element elementor-element-7209b9ce e-con-full e-flex e-con e-child\" data-id=\"7209b9ce\" data-element_type=\"container\">\n\t\t<div class=\"elementor-element elementor-element-7224d7d8 e-flex e-con-boxed e-con e-child\" data-id=\"7224d7d8\" data-element_type=\"container\">\n\t\t\t\t\t<div class=\"e-con-inner\">\n\t\t\t\t<div class=\"elementor-element elementor-element-28d67155 elementor-widget elementor-widget-image\" data-id=\"28d67155\" data-element_type=\"widget\" data-widget_type=\"image.default\">\n\t\t\t\t<div class=\"elementor-widget-container\">\n\t\t\t\t\t\t\t\t\t\t\t\t\t\t\t<img decoding=\"async\" width=\"150\" height=\"150\" src=\"https:\/\/codofil.org\/wp-content\/uploads\/2025\/08\/jessica-teacher-150x150.png\" class=\"attachment-thumbnail size-thumbnail wp-image-1178\" alt=\"Jessica Capseta\" \/>\t\t\t\t\t\t\t\t\t\t\t\t\t\t\t<\/div>\n\t\t\t\t<\/div>\n\t\t<div class=\"elementor-element elementor-element-14f5819f e-con-full e-flex e-con e-child\" data-id=\"14f5819f\" data-element_type=\"container\">\n\t\t\t\t<div class=\"elementor-element elementor-element-2608866 elementor-widget elementor-widget-heading\" data-id=\"2608866\" data-element_type=\"widget\" data-widget_type=\"heading.default\">\n\t\t\t\t<div class=\"elementor-widget-container\">\n\t\t\t\t\t<p class=\"elementor-heading-title elementor-size-default\">\u00ab Le temps que j'ai pass\u00e9 dans le programme CODOFIL restera un souvenir pr\u00e9cieux. J'ai vraiment ador\u00e9 enseigner le fran\u00e7ais en Louisiane. \u00bb<\/p>\t\t\t\t<\/div>\n\t\t\t\t<\/div>\n\t\t\t\t<div class=\"elementor-element elementor-element-5532479b elementor-widget elementor-widget-text-editor\" data-id=\"5532479b\" data-element_type=\"widget\" data-widget_type=\"text-editor.default\">\n\t\t\t\t<div class=\"elementor-widget-container\">\n\t\t\t\t\t\t\t\t\t<p>- Jessica Capseta, ancienne enseignante du CODOFIL et finaliste en 2024 pour le titre d'enseignante de l'ann\u00e9e en Louisiane<\/p>\t\t\t\t\t\t\t\t<\/div>\n\t\t\t\t<\/div>\n\t\t\t\t<\/div>\n\t\t\t\t\t<\/div>\n\t\t\t\t<\/div>\n\t\t\t\t<\/div>\n\t\t\t\t\t<\/div>\n\t\t\t\t<\/aside>\n\t\t<div class=\"elementor-element elementor-element-6205be8 e-flex e-con-boxed e-con e-parent\" data-id=\"6205be8\" data-element_type=\"container\">\n\t\t\t\t\t<div class=\"e-con-inner\">\n\t\t\t\t<div class=\"elementor-element elementor-element-372599d elementor-widget elementor-widget-heading\" data-id=\"372599d\" data-element_type=\"widget\" data-widget_type=\"heading.default\">\n\t\t\t\t<div class=\"elementor-widget-container\">\n\t\t\t\t\t<h2 class=\"elementor-heading-title elementor-size-default\">Candidater au programme d'enseignants internationaux associ\u00e9s<\/h2>\t\t\t\t<\/div>\n\t\t\t\t<\/div>\n\t\t\t\t<div class=\"elementor-element elementor-element-ffc527e elementor-widget elementor-widget-text-editor\" data-id=\"ffc527e\" data-element_type=\"widget\" data-widget_type=\"text-editor.default\">\n\t\t\t\t<div class=\"elementor-widget-container\">\n\t\t\t\t\t\t\t\t\t<p>Les demandes sont trait\u00e9es en fonction du pays d'origine du candidat. Choisissez parmi les trois options ci-dessous en fonction de votre nationalit\u00e9 pour d\u00e9poser votre candidature \u00e0 un poste d\u2019enseignant de fran\u00e7ais en Louisiane.<\/p>\t\t\t\t\t\t\t\t<\/div>\n\t\t\t\t<\/div>\n\t\t\t\t\t<\/div>\n\t\t\t\t<\/div>\n\t\t<div class=\"elementor-element elementor-element-2dcd5d6 e-flex e-con-boxed e-con e-parent\" data-id=\"2dcd5d6\" data-element_type=\"container\">\n\t\t\t\t\t<div class=\"e-con-inner\">\n\t\t<div class=\"elementor-element elementor-element-65b959a e-con-full e-flex e-con e-child\" data-id=\"65b959a\" data-element_type=\"container\">\n\t\t\t\t<div class=\"elementor-element elementor-element-dd2f7d7 elementor-widget elementor-widget-image\" data-id=\"dd2f7d7\" data-element_type=\"widget\" data-widget_type=\"image.default\">\n\t\t\t\t<div class=\"elementor-widget-container\">\n\t\t\t\t\t\t\t\t\t\t\t\t\t\t\t\t<a href=\"https:\/\/www.france-education-international.fr\/partir-letranger\/partir-enseigner-le-francais-en-louisiane-codofil\" target=\"_blank\" rel=\"noopener\">\n\t\t\t\t\t\t\t<img decoding=\"async\" width=\"768\" height=\"512\" src=\"https:\/\/codofil.org\/wp-content\/uploads\/2025\/03\/Eiffel-Tower-768x512.jpg\" class=\"elementor-animation-grow attachment-medium_large size-medium_large wp-image-195\" alt=\"Tour Eiffel\" srcset=\"https:\/\/codofil.org\/wp-content\/uploads\/2025\/03\/Eiffel-Tower-768x512.jpg 768w, https:\/\/codofil.org\/wp-content\/uploads\/2025\/03\/Eiffel-Tower-300x200.jpg 300w, https:\/\/codofil.org\/wp-content\/uploads\/2025\/03\/Eiffel-Tower-1024x683.jpg 1024w, https:\/\/codofil.org\/wp-content\/uploads\/2025\/03\/Eiffel-Tower-391x260.jpg 391w, https:\/\/codofil.org\/wp-content\/uploads\/2025\/03\/Eiffel-Tower-18x12.jpg 18w, https:\/\/codofil.org\/wp-content\/uploads\/2025\/03\/Eiffel-Tower.jpg 1200w\" sizes=\"(max-width: 768px) 100vw, 768px\" \/>\t\t\t\t\t\t\t\t<\/a>\n\t\t\t\t\t\t\t\t\t\t\t\t\t\t\t<\/div>\n\t\t\t\t<\/div>\n\t\t\t\t<\/div>\n\t\t<div class=\"elementor-element elementor-element-3fc54a7 e-con-full e-flex e-con e-child\" data-id=\"3fc54a7\" data-element_type=\"container\">\n\t\t\t\t<div class=\"elementor-element elementor-element-4d22a09 elementor-widget elementor-widget-heading\" data-id=\"4d22a09\" data-element_type=\"widget\" data-widget_type=\"heading.default\">\n\t\t\t\t<div class=\"elementor-widget-container\">\n\t\t\t\t\t<h3 class=\"elementor-heading-title elementor-size-default\">Candidats de France<\/h3>\t\t\t\t<\/div>\n\t\t\t\t<\/div>\n\t\t\t\t<div class=\"elementor-element elementor-element-976df70 elementor-widget elementor-widget-text-editor\" data-id=\"976df70\" data-element_type=\"widget\" data-widget_type=\"text-editor.default\">\n\t\t\t\t<div class=\"elementor-widget-container\">\n\t\t\t\t\t\t\t\t\t<div><div><div><p>Les citoyens fran\u00e7ais qui souhaitent enseigner le fran\u00e7ais en Louisiane doivent poser leur candidature par l'interm\u00e9diaire de <a href=\"https:\/\/www.france-education-international.fr\/partir-letranger\/partir-enseigner-le-francais-en-louisiane-codofil\" target=\"_blank\" rel=\"noopener\">France \u00c9ducation International<\/a>.<\/p><p>Les candidatures sont accept\u00e9es chaque ann\u00e9e \u00e0 partir du mois d'octobre.<\/p><\/div><\/div><\/div>\t\t\t\t\t\t\t\t<\/div>\n\t\t\t\t<\/div>\n\t\t\t\t<\/div>\n\t\t\t\t\t<\/div>\n\t\t\t\t<\/div>\n\t\t<div class=\"elementor-element elementor-element-8bba551 e-flex e-con-boxed e-con e-parent\" data-id=\"8bba551\" data-element_type=\"container\">\n\t\t\t\t\t<div class=\"e-con-inner\">\n\t\t<div class=\"elementor-element elementor-element-9bca454 e-con-full e-flex e-con e-child\" data-id=\"9bca454\" data-element_type=\"container\">\n\t\t\t\t<div class=\"elementor-element elementor-element-7e414c9 elementor-widget elementor-widget-image\" data-id=\"7e414c9\" data-element_type=\"widget\" data-widget_type=\"image.default\">\n\t\t\t\t<div class=\"elementor-widget-container\">\n\t\t\t\t\t\t\t\t\t\t\t\t\t\t\t\t<a href=\"https:\/\/www.wbi.be\/fr\/aide-service\/devenir-formatrice-ou-formateur-enseignante-louisiane-wbi\" target=\"_blank\" rel=\"noopener\">\n\t\t\t\t\t\t\t<img loading=\"lazy\" decoding=\"async\" width=\"768\" height=\"576\" src=\"https:\/\/codofil.org\/wp-content\/uploads\/2025\/07\/belgium-buildings-768x576.png\" class=\"elementor-animation-grow attachment-medium_large size-medium_large wp-image-979\" alt=\"B\u00e2timents en Belgique\" srcset=\"https:\/\/codofil.org\/wp-content\/uploads\/2025\/07\/belgium-buildings-768x576.png 768w, https:\/\/codofil.org\/wp-content\/uploads\/2025\/07\/belgium-buildings-300x225.png 300w, https:\/\/codofil.org\/wp-content\/uploads\/2025\/07\/belgium-buildings-16x12.png 16w, https:\/\/codofil.org\/wp-content\/uploads\/2025\/07\/belgium-buildings.png 800w\" sizes=\"(max-width: 768px) 100vw, 768px\" \/>\t\t\t\t\t\t\t\t<\/a>\n\t\t\t\t\t\t\t\t\t\t\t\t\t\t\t<\/div>\n\t\t\t\t<\/div>\n\t\t\t\t<\/div>\n\t\t<div class=\"elementor-element elementor-element-352a4e3 e-con-full e-flex e-con e-child\" data-id=\"352a4e3\" data-element_type=\"container\">\n\t\t\t\t<div class=\"elementor-element elementor-element-083294d elementor-widget elementor-widget-heading\" data-id=\"083294d\" data-element_type=\"widget\" data-widget_type=\"heading.default\">\n\t\t\t\t<div class=\"elementor-widget-container\">\n\t\t\t\t\t<h3 class=\"elementor-heading-title elementor-size-default\">Candidats de Belgique<\/h3>\t\t\t\t<\/div>\n\t\t\t\t<\/div>\n\t\t\t\t<div class=\"elementor-element elementor-element-549c168 elementor-widget elementor-widget-text-editor\" data-id=\"549c168\" data-element_type=\"widget\" data-widget_type=\"text-editor.default\">\n\t\t\t\t<div class=\"elementor-widget-container\">\n\t\t\t\t\t\t\t\t\t<div><div><div><p>Les citoyens belges qui souhaitent enseigner le fran\u00e7ais en Louisiane doivent poser leur candidature par l'interm\u00e9diaire de <a href=\"https:\/\/www.wbi.be\/fr\/aide-service\/devenir-formatrice-ou-formateur-enseignante-louisiane-wbi\" target=\"_blank\" rel=\"noopener\">Wallonie-Bruxelles International<\/a>.<\/p><p>Les candidatures sont accept\u00e9es chaque ann\u00e9e \u00e0 partir du mois d'octobre.<\/p><\/div><\/div><\/div>\t\t\t\t\t\t\t\t<\/div>\n\t\t\t\t<\/div>\n\t\t\t\t<\/div>\n\t\t\t\t\t<\/div>\n\t\t\t\t<\/div>\n\t\t<div class=\"elementor-element elementor-element-43fc441 e-flex e-con-boxed e-con e-parent\" data-id=\"43fc441\" data-element_type=\"container\">\n\t\t\t\t\t<div class=\"e-con-inner\">\n\t\t<div class=\"elementor-element elementor-element-5dfc55a e-con-full e-flex e-con e-child\" data-id=\"5dfc55a\" data-element_type=\"container\">\n\t\t\t\t<div class=\"elementor-element elementor-element-0d6865a elementor-widget elementor-widget-image\" data-id=\"0d6865a\" data-element_type=\"widget\" data-widget_type=\"image.default\">\n\t\t\t\t<div class=\"elementor-widget-container\">\n\t\t\t\t\t\t\t\t\t\t\t\t\t\t\t\t<a href=\"https:\/\/codofil.org\/fr\/programme-enseignants-internationaux-associes\/enseigner\/\">\n\t\t\t\t\t\t\t<img loading=\"lazy\" decoding=\"async\" width=\"768\" height=\"551\" src=\"https:\/\/codofil.org\/wp-content\/uploads\/2025\/07\/Quebec-768x551.png\" class=\"elementor-animation-grow attachment-medium_large size-medium_large wp-image-980\" alt=\"B\u00e2timents et personnes se promenant dans le vieux Qu\u00e9bec\" srcset=\"https:\/\/codofil.org\/wp-content\/uploads\/2025\/07\/Quebec-768x551.png 768w, https:\/\/codofil.org\/wp-content\/uploads\/2025\/07\/Quebec-300x215.png 300w, https:\/\/codofil.org\/wp-content\/uploads\/2025\/07\/Quebec-18x12.png 18w, https:\/\/codofil.org\/wp-content\/uploads\/2025\/07\/Quebec.png 800w\" sizes=\"(max-width: 768px) 100vw, 768px\" \/>\t\t\t\t\t\t\t\t<\/a>\n\t\t\t\t\t\t\t\t\t\t\t\t\t\t\t<\/div>\n\t\t\t\t<\/div>\n\t\t\t\t<\/div>\n\t\t<div class=\"elementor-element elementor-element-75a27e6 e-con-full e-flex e-con e-child\" data-id=\"75a27e6\" data-element_type=\"container\">\n\t\t\t\t<div class=\"elementor-element elementor-element-dfc2e90 elementor-widget elementor-widget-heading\" data-id=\"dfc2e90\" data-element_type=\"widget\" data-widget_type=\"heading.default\">\n\t\t\t\t<div class=\"elementor-widget-container\">\n\t\t\t\t\t<h3 class=\"elementor-heading-title elementor-size-default\"><a href=\"https:\/\/codofil.org\/fr\/programme-enseignants-internationaux-associes\/enseigner\/\">Candidats du Canada, d'Afrique et d'autres r\u00e9gions francophones<\/a><\/h3>\t\t\t\t<\/div>\n\t\t\t\t<\/div>\n\t\t\t\t<div class=\"elementor-element elementor-element-b2e8959 elementor-widget elementor-widget-text-editor\" data-id=\"b2e8959\" data-element_type=\"widget\" data-widget_type=\"text-editor.default\">\n\t\t\t\t<div class=\"elementor-widget-container\">\n\t\t\t\t\t\t\t\t\t<div><div><div><p>Les personnes int\u00e9ress\u00e9es par l'enseignement du fran\u00e7ais en Louisiane et originaires du Canada, de pays d'Afrique ou d'autres r\u00e9gions francophones doivent poser leur candidature par l'interm\u00e9diaire du CODOFIL. <a href=\"https:\/\/codofil.org\/fr\/programme-enseignants-internationaux-associes\/enseigner\/\">Consultez cette page<\/a> pour plus d'informations.\u00a0<\/p><p class=\"cvGsUA direction-ltr align-start para-style-body\"><span class=\"OYPEnA font-feature-liga-off font-feature-clig-off font-feature-calt-off text-decoration-none text-strikethrough-none\">Les candidatures sont accept\u00e9es du 10 janvier au 15 mars 2026.<\/span><\/p><\/div><\/div><\/div>\t\t\t\t\t\t\t\t<\/div>\n\t\t\t\t<\/div>\n\t\t\t\t<\/div>\n\t\t\t\t\t<\/div>\n\t\t\t\t<\/div>\n\t\t\t\t<\/div>","protected":false},"excerpt":{"rendered":"<p>Embarquez pour une nouvelle aventure D\u00e9couvrez les \u00c9tats-Unis en enseignant le fran\u00e7ais en Louisiane dans l'un des programmes d'immersion en fran\u00e7ais de notre \u00c9tat. L'immersion repr\u00e9sente les efforts de l'\u00c9tat pour construire une nouvelle g\u00e9n\u00e9ration de Louisianais qui honorent le pass\u00e9 linguistique de l'\u00c9tat et sont comp\u00e9titifs dans un monde de plus en plus globalis\u00e9. Le programme international d'enseignants associ\u00e9s est...<\/p>","protected":false},"author":10,"featured_media":1056,"parent":0,"menu_order":0,"comment_status":"closed","ping_status":"closed","template":"","meta":{"_acf_changed":false,"footnotes":"","_links_to":"","_links_to_target":""},"class_list":["post-675","page","type-page","status-publish","has-post-thumbnail","hentry"],"acf":[],"_links":{"self":[{"href":"https:\/\/codofil.org\/fr\/wp-json\/wp\/v2\/pages\/675","targetHints":{"allow":["GET"]}}],"collection":[{"href":"https:\/\/codofil.org\/fr\/wp-json\/wp\/v2\/pages"}],"about":[{"href":"https:\/\/codofil.org\/fr\/wp-json\/wp\/v2\/types\/page"}],"author":[{"embeddable":true,"href":"https:\/\/codofil.org\/fr\/wp-json\/wp\/v2\/users\/10"}],"replies":[{"embeddable":true,"href":"https:\/\/codofil.org\/fr\/wp-json\/wp\/v2\/comments?post=675"}],"version-history":[{"count":0,"href":"https:\/\/codofil.org\/fr\/wp-json\/wp\/v2\/pages\/675\/revisions"}],"wp:featuredmedia":[{"embeddable":true,"href":"https:\/\/codofil.org\/fr\/wp-json\/wp\/v2\/media\/1056"}],"wp:attachment":[{"href":"https:\/\/codofil.org\/fr\/wp-json\/wp\/v2\/media?parent=675"}],"curies":[{"name":"wp","href":"https:\/\/api.w.org\/{rel}","templated":true}]}}