{"id":667,"date":"2025-07-07T12:53:35","date_gmt":"2025-07-07T17:53:35","guid":{"rendered":"https:\/\/codofil1.wpenginepowered.com\/?page_id=667"},"modified":"2025-10-24T10:02:41","modified_gmt":"2025-10-24T15:02:41","slug":"enseignants-certifies","status":"publish","type":"page","link":"https:\/\/codofil.org\/fr\/escadrille-louisiane\/enseignants-certifies\/","title":{"rendered":"Immersion fran\u00e7aise pour les enseignants certifi\u00e9s"},"content":{"rendered":"<div data-elementor-type=\"wp-page\" data-elementor-id=\"667\" class=\"elementor elementor-667\" data-elementor-post-type=\"page\">\n\t\t\t\t<div class=\"elementor-element elementor-element-3503dda e-flex e-con-boxed e-con e-parent\" data-id=\"3503dda\" data-element_type=\"container\">\n\t\t\t\t\t<div class=\"e-con-inner\">\n\t\t<div class=\"elementor-element elementor-element-3105d81 e-con-full e-flex e-con e-child\" data-id=\"3105d81\" data-element_type=\"container\">\n\t\t\t\t<div class=\"elementor-element elementor-element-50398be elementor-widget elementor-widget-image\" data-id=\"50398be\" data-element_type=\"widget\" data-widget_type=\"image.default\">\n\t\t\t\t<div class=\"elementor-widget-container\">\n\t\t\t\t\t\t\t\t\t\t\t\t\t\t\t<img fetchpriority=\"high\" decoding=\"async\" width=\"800\" height=\"600\" src=\"https:\/\/codofil.org\/wp-content\/uploads\/2025\/08\/sarah-nolan.png\" class=\"attachment-large size-large wp-image-1272\" alt=\"\" srcset=\"https:\/\/codofil.org\/wp-content\/uploads\/2025\/08\/sarah-nolan.png 800w, https:\/\/codofil.org\/wp-content\/uploads\/2025\/08\/sarah-nolan-300x225.png 300w, https:\/\/codofil.org\/wp-content\/uploads\/2025\/08\/sarah-nolan-768x576.png 768w, https:\/\/codofil.org\/wp-content\/uploads\/2025\/08\/sarah-nolan-16x12.png 16w\" sizes=\"(max-width: 800px) 100vw, 800px\">\t\t\t\t\t\t\t\t\t\t\t\t\t\t\t<\/div>\n\t\t\t\t<\/div>\n\t\t\t\t<\/div>\n\t\t<div class=\"elementor-element elementor-element-2eb034a e-con-full e-flex e-con e-child\" data-id=\"2eb034a\" data-element_type=\"container\">\n\t\t\t\t<div class=\"elementor-element elementor-element-adef9dc elementor-widget elementor-widget-text-editor\" data-id=\"adef9dc\" data-element_type=\"widget\" data-widget_type=\"text-editor.default\">\n\t\t\t\t<div class=\"elementor-widget-container\">\n\t\t\t\t\t\t\t\t\t<div class=\"elementor-element elementor-element-fcec19a e-con-full e-flex e-con e-child\" data-id=\"fcec19a\" data-element_type=\"container\"><div class=\"elementor-element elementor-element-8a57780 elementor-widget elementor-widget-text-editor\" data-id=\"8a57780\" data-element_type=\"widget\" data-widget_type=\"text-editor.default\"><div class=\"elementor-widget-container\"><div><div><div><div><div><div><div><div><div><div><div><div><div><div><div><p>Ce parcours de l'Escadrille Louisiane s'adresse aux enseignants tr\u00e8s motiv\u00e9s et d\u00e9j\u00e0 certifi\u00e9s en Louisiane qui parlent fran\u00e7ais et qui souhaitent enseigner dans un programme d'immersion fran\u00e7aise dans les \u00e9coles publiques \u00e9l\u00e9mentaires de Louisiane (PK-8).<\/p><\/div><\/div><\/div><\/div><\/div><\/div><\/div><\/div><\/div><\/div><\/div><\/div><\/div><\/div><\/div><\/div><\/div><\/div>\t\t\t\t\t\t\t\t<\/div>\n\t\t\t\t<\/div>\n\t\t\t\t<\/div>\n\t\t\t\t\t<\/div>\n\t\t\t\t<\/div>\n\t\t<div class=\"elementor-element elementor-element-5dcffeb e-flex e-con-boxed e-con e-parent\" data-id=\"5dcffeb\" data-element_type=\"container\">\n\t\t\t\t\t<div class=\"e-con-inner\">\n\t\t<div class=\"elementor-element elementor-element-df4828b e-con-full e-flex e-con e-child\" data-id=\"df4828b\" data-element_type=\"container\">\n\t\t\t\t<div class=\"elementor-element elementor-element-f3ac100 elementor-widget elementor-widget-heading\" data-id=\"f3ac100\" data-element_type=\"widget\" data-widget_type=\"heading.default\">\n\t\t\t\t<div class=\"elementor-widget-container\">\n\t\t\t\t\t<h2 class=\"elementor-heading-title elementor-size-default\">Description du programme<\/h2>\t\t\t\t<\/div>\n\t\t\t\t<\/div>\n\t\t\t\t<div class=\"elementor-element elementor-element-ce6c6c0 elementor-widget elementor-widget-text-editor\" data-id=\"ce6c6c0\" data-element_type=\"widget\" data-widget_type=\"text-editor.default\">\n\t\t\t\t<div class=\"elementor-widget-container\">\n\t\t\t\t\t\t\t\t\t<div><div><div><div><div><div><div><p>Les candidats s\u00e9lectionn\u00e9s devront satisfaire aux exigences de l'\u00e9tat de Louisiane pour ajouter l'enseignement \u00e9l\u00e9mentaire de la premi\u00e8re \u00e0 la cinqui\u00e8me ann\u00e9e \u00e0 un certificat d'enseignement existant et valide en Louisiane. \u00c0 l'heure actuelle, cela implique ce qui suit :<\/p><\/div><div><ul><li>Obtenir la note de r\u00e9ussite au test PRAXIS Elementary Education Multiple Subjects (code de test 7001 ; cela comprend les quatre sous-tests ainsi que l'examen 7002)<\/li><li>Obtenir la note de passage au test PRAXIS Principles of Learning and Teaching K-6 (code de test 5622)<\/li><li>Suivre neuf (9) heures de cours sur l'enseignement de la lecture et de l'alphab\u00e9tisation<\/li><li>Obtenir la note de r\u00e9ussite au test PRAXIS Elementary Education : Enseignement de la lecture (code de test 7002)<\/li><\/ul><div><div><div><p>Le programme EL couvrira les frais suivants :<\/p><ul><li>Remboursement de l'examen DELF B2 si le candidat n'est pas encore titulaire d'un tel certificat<\/li><li>Remboursement du test PRAXIS Elementary Education Multiple Subjects (code de test 7001)<\/li><li>Remboursement du test PRAXIS Principles of Learning and Teaching K-6 (code de test 5622)<\/li><\/ul><\/div><div><p>Veuillez noter qu'un seul remboursement sera effectu\u00e9 par examen PRAXIS mentionn\u00e9 ci-dessus. De plus, le programme ne couvre pas le mat\u00e9riel d'\u00e9tude PRAXIS ni les reprises d'examen. Apr\u00e8s avoir obtenu le certificat d'enseignement \u00e9l\u00e9mentaire 1-5 et maintenu le certificat d'enseignement fran\u00e7ais K-12, la personne sera consid\u00e9r\u00e9e comme un dipl\u00f4m\u00e9\/enseignant de l'Escadrille. Elle aura droit \u00e0 une allocation de 14 000 $, vers\u00e9e sur une p\u00e9riode de 3 ans, \u00e0 condition qu'il enseigne l'immersion en fran\u00e7ais \u00e0 temps plein dans une \u00e9cole primaire ou secondaire publique ou une \u00e9cole \u00e0 charte en Louisiane.<\/p><\/div><\/div><\/div><\/div><\/div><\/div><\/div><\/div><\/div><\/div>\t\t\t\t\t\t\t\t<\/div>\n\t\t\t\t<\/div>\n\t\t\t\t<\/div>\n\t\t\t\t<div class=\"elementor-element elementor-element-771203d elementor-widget elementor-widget-heading\" data-id=\"771203d\" data-element_type=\"widget\" data-widget_type=\"heading.default\">\n\t\t\t\t<div class=\"elementor-widget-container\">\n\t\t\t\t\t<h2 class=\"elementor-heading-title elementor-size-default\">Exigences<\/h2>\t\t\t\t<\/div>\n\t\t\t\t<\/div>\n\t\t\t\t\t<\/div>\n\t\t\t\t<\/div>\n\t\t<div class=\"elementor-element elementor-element-8393e04 e-flex e-con-boxed e-con e-parent\" data-id=\"8393e04\" data-element_type=\"container\">\n\t\t\t\t\t<div class=\"e-con-inner\">\n\t\t\t\t<div class=\"elementor-element elementor-element-4409276 elementor-widget elementor-widget-text-editor\" data-id=\"4409276\" data-element_type=\"widget\" data-widget_type=\"text-editor.default\">\n\t\t\t\t<div class=\"elementor-widget-container\">\n\t\t\t\t\t\t\t\t\t<div><div><div><div><div><div><div><div><div><p>Les candidats doivent<\/p><\/div><ul><li>\u00catre titulaire d'un dipl\u00f4me d'enseignant de fran\u00e7ais de la maternelle \u00e0 la 12e ann\u00e9e en cours de validit\u00e9<\/li><li>Avoir satisfait aux normes d'efficacit\u00e9 de l'enseignement pendant deux des trois derni\u00e8res ann\u00e9es d'enseignement.<\/li><li>Fournir la preuve d'un niveau de fran\u00e7ais au moins \u00e9gal \u00e0 B2 selon l'\u00e9chelle des <a href=\"https:\/\/www.france-education-international.fr\/en\/hub\/diplomes-tests\" target=\"_blank\" rel=\"noopener\">normes du DELF<\/a><\/li><li>Avoir un fort d\u00e9sir d'enseigner le fran\u00e7ais en immersion en Louisiane<\/li><li>\u00catre disponible pour un entretien en fran\u00e7ais au printemps 2026<\/li><\/ul><\/div><\/div><\/div><\/div><\/div><\/div><\/div><\/div>\t\t\t\t\t\t\t\t<\/div>\n\t\t\t\t<\/div>\n\t\t\t\t<div class=\"elementor-element elementor-element-0b4b07e elementor-widget elementor-widget-heading\" data-id=\"0b4b07e\" data-element_type=\"widget\" data-widget_type=\"heading.default\">\n\t\t\t\t<div class=\"elementor-widget-container\">\n\t\t\t\t\t<h3 class=\"elementor-heading-title elementor-size-default\">Documents de candidature requis<\/h3>\t\t\t\t<\/div>\n\t\t\t\t<\/div>\n\t\t\t\t<div class=\"elementor-element elementor-element-5158bae elementor-widget elementor-widget-text-editor\" data-id=\"5158bae\" data-element_type=\"widget\" data-widget_type=\"text-editor.default\">\n\t\t\t\t<div class=\"elementor-widget-container\">\n\t\t\t\t\t\t\t\t\t<p>Lorsqu'une demande de participation au programme Escadrille Louisiane est soumise, un dossier complet doit comporter chacun des \u00e9l\u00e9ments suivants :<\/p><ul><li>Formulaire de demande<\/li><li>Curriculum vitae<\/li><li>Une lettre de motivation dactylographi\u00e9e en fran\u00e7ais<\/li><li>2 lettres de recommandation de vos sup\u00e9rieurs hi\u00e9rarchiques<\/li><li>Une copie de votre certificat d'enseignement fran\u00e7ais K-12 LDOE en cours de validit\u00e9<\/li><li>Preuve d'avoir satisfait aux normes d'efficacit\u00e9 de l'enseignement pendant deux des trois derni\u00e8res ann\u00e9es d'enseignement.<\/li><li>Une copie de votre certificat DELF B2<\/li><\/ul>\t\t\t\t\t\t\t\t<\/div>\n\t\t\t\t<\/div>\n\t\t\t\t<div class=\"elementor-element elementor-element-aabddce elementor-widget elementor-widget-heading\" data-id=\"aabddce\" data-element_type=\"widget\" data-widget_type=\"heading.default\">\n\t\t\t\t<div class=\"elementor-widget-container\">\n\t\t\t\t\t<h2 class=\"elementor-heading-title elementor-size-default\">Date limite de candidature<\/h2>\t\t\t\t<\/div>\n\t\t\t\t<\/div>\n\t\t\t\t\t<\/div>\n\t\t\t\t<\/div>\n\t\t<div class=\"elementor-element elementor-element-1578e52 e-flex e-con-boxed e-con e-parent\" data-id=\"1578e52\" data-element_type=\"container\">\n\t\t\t\t\t<div class=\"e-con-inner\">\n\t\t\t\t<div class=\"elementor-element elementor-element-4002378 elementor-widget elementor-widget-heading\" data-id=\"4002378\" data-element_type=\"widget\" data-widget_type=\"heading.default\">\n\t\t\t\t<div class=\"elementor-widget-container\">\n\t\t\t\t\t<h3 class=\"elementor-heading-title elementor-size-default\">13 mars 2026<\/h3>\t\t\t\t<\/div>\n\t\t\t\t<\/div>\n\t\t\t\t\t<\/div>\n\t\t\t\t<\/div>\n\t\t<div class=\"elementor-element elementor-element-94c76a3 e-flex e-con-boxed e-con e-parent\" data-id=\"94c76a3\" data-element_type=\"container\">\n\t\t\t\t\t<div class=\"e-con-inner\">\n\t\t\t\t<div class=\"elementor-element elementor-element-2174ea5 elementor-widget-divider--view-line elementor-widget elementor-widget-divider\" data-id=\"2174ea5\" data-element_type=\"widget\" data-widget_type=\"divider.default\">\n\t\t\t\t<div class=\"elementor-widget-container\">\n\t\t\t\t\t\t\t<div class=\"elementor-divider\">\n\t\t\t<span class=\"elementor-divider-separator\">\n\t\t\t\t\t\t<\/span>\n\t\t<\/div>\n\t\t\t\t\t\t<\/div>\n\t\t\t\t<\/div>\n\t\t\t\t\t<\/div>\n\t\t\t\t<\/div>\n\t\t<div class=\"elementor-element elementor-element-a6a4103 e-flex e-con-boxed e-con e-parent\" data-id=\"a6a4103\" data-element_type=\"container\">\n\t\t\t\t\t<div class=\"e-con-inner\">\n\t\t\t\t<div class=\"elementor-element elementor-element-f2c4a71 elementor-widget elementor-widget-heading\" data-id=\"f2c4a71\" data-element_type=\"widget\" data-widget_type=\"heading.default\">\n\t\t\t\t<div class=\"elementor-widget-container\">\n\t\t\t\t\t<h2 class=\"elementor-heading-title elementor-size-default\">Candidater \u00e0 l'Escadrille Louisiane<\/h2>\t\t\t\t<\/div>\n\t\t\t\t<\/div>\n\t\t\t\t<div class=\"elementor-element elementor-element-b9b7d0a elementor-align-center elementor-widget elementor-widget-button\" data-id=\"b9b7d0a\" data-element_type=\"widget\" data-widget_type=\"button.default\">\n\t\t\t\t<div class=\"elementor-widget-container\">\n\t\t\t\t\t\t\t\t\t<div class=\"elementor-button-wrapper\">\n\t\t\t\t\t<a class=\"elementor-button elementor-button-link elementor-size-sm\" href=\"https:\/\/codofil.org\/fr\/candidater-escadrille-louisiane-transition-francaise\/\">\n\t\t\t\t\t\t<span class=\"elementor-button-content-wrapper\">\n\t\t\t\t\t\t\t\t\t<span class=\"elementor-button-text\">Candidater<\/span>\n\t\t\t\t\t<\/span>\n\t\t\t\t\t<\/a>\n\t\t\t\t<\/div>\n\t\t\t\t\t\t\t\t<\/div>\n\t\t\t\t<\/div>\n\t\t\t\t\t<\/div>\n\t\t\t\t<\/div>\n\t\t\t\t<\/div>","protected":false},"excerpt":{"rendered":"<p>This Escadrille Louisiane pathway is for highly motivated Louisiana certified teachers who speak French and who are interested in teaching in a French immersion program in Louisiana elementary (PK-8) public schools. Program Description Selected candidates will need to fulfill the state\u2019s requirements to add Elementary Education Grades 1-5 to an existing, valid Louisiana teaching certificate&#8230;.<\/p>","protected":false},"author":10,"featured_media":1272,"parent":632,"menu_order":0,"comment_status":"closed","ping_status":"closed","template":"","meta":{"_acf_changed":false,"footnotes":"","_links_to":"","_links_to_target":""},"class_list":["post-667","page","type-page","status-publish","has-post-thumbnail","hentry"],"acf":[],"_links":{"self":[{"href":"https:\/\/codofil.org\/fr\/wp-json\/wp\/v2\/pages\/667","targetHints":{"allow":["GET"]}}],"collection":[{"href":"https:\/\/codofil.org\/fr\/wp-json\/wp\/v2\/pages"}],"about":[{"href":"https:\/\/codofil.org\/fr\/wp-json\/wp\/v2\/types\/page"}],"author":[{"embeddable":true,"href":"https:\/\/codofil.org\/fr\/wp-json\/wp\/v2\/users\/10"}],"replies":[{"embeddable":true,"href":"https:\/\/codofil.org\/fr\/wp-json\/wp\/v2\/comments?post=667"}],"version-history":[{"count":0,"href":"https:\/\/codofil.org\/fr\/wp-json\/wp\/v2\/pages\/667\/revisions"}],"up":[{"embeddable":true,"href":"https:\/\/codofil.org\/fr\/wp-json\/wp\/v2\/pages\/632"}],"wp:featuredmedia":[{"embeddable":true,"href":"https:\/\/codofil.org\/fr\/wp-json\/wp\/v2\/media\/1272"}],"wp:attachment":[{"href":"https:\/\/codofil.org\/fr\/wp-json\/wp\/v2\/media?parent=667"}],"curies":[{"name":"wp","href":"https:\/\/api.w.org\/{rel}","templated":true}]}}