{"id":666,"date":"2025-07-07T12:49:50","date_gmt":"2025-07-07T17:49:50","guid":{"rendered":"https:\/\/codofil1.wpenginepowered.com\/?page_id=666"},"modified":"2025-10-24T10:01:26","modified_gmt":"2025-10-24T15:01:26","slug":"professeur-certifie-immersion-francaise","status":"publish","type":"page","link":"https:\/\/codofil.org\/fr\/escadrille-louisiane\/professeur-certifie-immersion-francaise\/","title":{"rendered":"Devenir professeur certifi\u00e9 d'immersion fran\u00e7aise"},"content":{"rendered":"<div data-elementor-type=\"wp-page\" data-elementor-id=\"666\" class=\"elementor elementor-666\" data-elementor-post-type=\"page\">\n\t\t\t\t<div class=\"elementor-element elementor-element-3503dda e-flex e-con-boxed e-con e-parent\" data-id=\"3503dda\" data-element_type=\"container\">\n\t\t\t\t\t<div class=\"e-con-inner\">\n\t\t<div class=\"elementor-element elementor-element-8cdbbb6 e-con-full e-flex e-con e-child\" data-id=\"8cdbbb6\" data-element_type=\"container\">\n\t\t\t\t<div class=\"elementor-element elementor-element-68e2b43 elementor-widget elementor-widget-image\" data-id=\"68e2b43\" data-element_type=\"widget\" data-widget_type=\"image.default\">\n\t\t\t\t<div class=\"elementor-widget-container\">\n\t\t\t\t\t\t\t\t\t\t\t\t\t\t\t<img fetchpriority=\"high\" decoding=\"async\" width=\"800\" height=\"600\" src=\"https:\/\/codofil.org\/wp-content\/uploads\/2025\/08\/escadrille-louisiane-teacher.png\" class=\"attachment-large size-large wp-image-1219\" alt=\"Enseignant de l&#039;Escadrille Louisiane \u00e0 Myrtle Place.\" srcset=\"https:\/\/codofil.org\/wp-content\/uploads\/2025\/08\/escadrille-louisiane-teacher.png 900w, https:\/\/codofil.org\/wp-content\/uploads\/2025\/08\/escadrille-louisiane-teacher-300x225.png 300w, https:\/\/codofil.org\/wp-content\/uploads\/2025\/08\/escadrille-louisiane-teacher-768x576.png 768w, https:\/\/codofil.org\/wp-content\/uploads\/2025\/08\/escadrille-louisiane-teacher-16x12.png 16w\" sizes=\"(max-width: 800px) 100vw, 800px\" \/>\t\t\t\t\t\t\t\t\t\t\t\t\t\t\t<\/div>\n\t\t\t\t<\/div>\n\t\t\t\t<\/div>\n\t\t<div class=\"elementor-element elementor-element-ba8f8f1 e-con-full e-flex e-con e-child\" data-id=\"ba8f8f1\" data-element_type=\"container\">\n\t\t\t\t<div class=\"elementor-element elementor-element-bef6599 elementor-widget elementor-widget-text-editor\" data-id=\"bef6599\" data-element_type=\"widget\" data-widget_type=\"text-editor.default\">\n\t\t\t\t<div class=\"elementor-widget-container\">\n\t\t\t\t\t\t\t\t\t<div class=\"elementor-element elementor-element-fcec19a e-con-full e-flex e-con e-child\" data-id=\"fcec19a\" data-element_type=\"container\"><div class=\"elementor-element elementor-element-8a57780 elementor-widget elementor-widget-text-editor\" data-id=\"8a57780\" data-element_type=\"widget\" data-widget_type=\"text-editor.default\"><div class=\"elementor-widget-container\"><div><div><div><div><div><div><div><div><div><div class=\"elementor-element elementor-element-fcec19a e-con-full e-flex e-con e-child\" data-id=\"fcec19a\" data-element_type=\"container\"><div class=\"elementor-element elementor-element-8a57780 elementor-widget elementor-widget-text-editor\" data-id=\"8a57780\" data-element_type=\"widget\" data-widget_type=\"text-editor.default\"><div class=\"elementor-widget-container\"><div><div><div><div><div><div><div><div><div><div><div><div><p>Ce parcours de l'Escadrille Louisiane s'adresse aux r\u00e9sidents de Louisiane ayant un niveau de fran\u00e7ais avanc\u00e9. Les participants suivent un programme alternatif approuv\u00e9 de certification des enseignants en Louisiane. Pour plus d'informations sur les programmes de formation des enseignants, consultez le site du D\u00e9partement de l'\u00e9ducation de Louisiane : <a href=\"https:\/\/doe.louisiana.gov\/educators\/certification\/preparation\" target=\"_blank\" rel=\"noopener\">Page de pr\u00e9paration des enseignants<\/a>.<\/p><\/div><\/div><\/div><\/div><\/div><\/div><\/div><\/div><\/div><\/div><\/div><\/div><\/div><\/div><\/div><\/div><\/div><\/div><\/div><\/div><\/div><\/div><\/div><\/div><\/div><\/div><\/div>\t\t\t\t\t\t\t\t<\/div>\n\t\t\t\t<\/div>\n\t\t\t\t<\/div>\n\t\t\t\t\t<\/div>\n\t\t\t\t<\/div>\n\t\t<div class=\"elementor-element elementor-element-5dcffeb e-flex e-con-boxed e-con e-parent\" data-id=\"5dcffeb\" data-element_type=\"container\">\n\t\t\t\t\t<div class=\"e-con-inner\">\n\t\t<div class=\"elementor-element elementor-element-df4828b e-con-full e-flex e-con e-child\" data-id=\"df4828b\" data-element_type=\"container\">\n\t\t\t\t<div class=\"elementor-element elementor-element-f3ac100 elementor-widget elementor-widget-heading\" data-id=\"f3ac100\" data-element_type=\"widget\" data-widget_type=\"heading.default\">\n\t\t\t\t<div class=\"elementor-widget-container\">\n\t\t\t\t\t<h2 class=\"elementor-heading-title elementor-size-default\">Description du programme<\/h2>\t\t\t\t<\/div>\n\t\t\t\t<\/div>\n\t\t\t\t<div class=\"elementor-element elementor-element-ce6c6c0 elementor-widget elementor-widget-text-editor\" data-id=\"ce6c6c0\" data-element_type=\"widget\" data-widget_type=\"text-editor.default\">\n\t\t\t\t<div class=\"elementor-widget-container\">\n\t\t\t\t\t\t\t\t\t<div><div><div><div><div><p>Pour obtenir l'autorisation d'enseigner le fran\u00e7ais en immersion (niveau \u00e9l\u00e9mentaire) en Louisiane, il faut obtenir la certification Elementary Education Grades 1-5 (enseignement \u00e9l\u00e9mentaire) et la certification French K-12 (enseignement du fran\u00e7ais de la maternelle \u00e0 la 12e ann\u00e9e). Les personnes qualifi\u00e9es peuvent demander une aide financi\u00e8re une fois qu'elles sont inscrites dans un programme alternatif appropri\u00e9 de certification des enseignants. L'aide financi\u00e8re sera d\u00e9termin\u00e9e au cas par cas.<\/p><p>Apr\u00e8s avoir termin\u00e9 avec succ\u00e8s le programme alternatif de certification des enseignants, la personne sera consid\u00e9r\u00e9e comme un dipl\u00f4m\u00e9\/enseignant de l'Escadrille Louisiane. Elle pourra alors b\u00e9n\u00e9ficier d'une allocation de 14 000 $, vers\u00e9e sur une p\u00e9riode de 3 ans, tant qu'elle enseignera l'immersion en fran\u00e7ais \u00e0 temps plein dans une \u00e9cole primaire publique ou une \u00e9cole publique \u00e0 charte en Louisiane.<\/p><\/div><\/div><\/div><\/div><\/div>\t\t\t\t\t\t\t\t<\/div>\n\t\t\t\t<\/div>\n\t\t\t\t<\/div>\n\t\t\t\t<div class=\"elementor-element elementor-element-771203d elementor-widget elementor-widget-heading\" data-id=\"771203d\" data-element_type=\"widget\" data-widget_type=\"heading.default\">\n\t\t\t\t<div class=\"elementor-widget-container\">\n\t\t\t\t\t<h2 class=\"elementor-heading-title elementor-size-default\">Exigences<\/h2>\t\t\t\t<\/div>\n\t\t\t\t<\/div>\n\t\t\t\t\t<\/div>\n\t\t\t\t<\/div>\n\t\t<div class=\"elementor-element elementor-element-8393e04 e-flex e-con-boxed e-con e-parent\" data-id=\"8393e04\" data-element_type=\"container\">\n\t\t\t\t\t<div class=\"e-con-inner\">\n\t\t\t\t<div class=\"elementor-element elementor-element-4409276 elementor-widget elementor-widget-text-editor\" data-id=\"4409276\" data-element_type=\"widget\" data-widget_type=\"text-editor.default\">\n\t\t\t\t<div class=\"elementor-widget-container\">\n\t\t\t\t\t\t\t\t\t<div><div><div><div><div><div><div><p>Les candidats doivent<\/p><\/div><ul><li>\u00catre d\u00e9j\u00e0 titulaire d'une licence en arts ou en sciences<\/li><li>Ne pas \u00eatre titulaire d'un dipl\u00f4me d'enseignant<\/li><li>Avoir au moins le niveau B2 en fran\u00e7ais selon l'\u00e9chelle d'\u00e9valuation des <a href=\"https:\/\/www.france-education-international.fr\/en\/hub\/diplomes-tests\" target=\"_blank\" rel=\"noopener\">normes du DELF<\/a> ou le niveau avanc\u00e9 faible\/moyen de fran\u00e7ais selon les normes de l'Oral Proficiency Interview (OPI) de l'ACTFL<\/li><li>Souhaiter devenir professeur certifi\u00e9 d'immersion fran\u00e7aise sans passer par une ma\u00eetrise<\/li><li>S'engager \u00e0 enseigner le fran\u00e7ais en immersion en Louisiane pendant au moins 3 ans<\/li><\/ul><\/div><\/div><\/div><\/div><\/div><\/div>\t\t\t\t\t\t\t\t<\/div>\n\t\t\t\t<\/div>\n\t\t\t\t<div class=\"elementor-element elementor-element-2798172 elementor-widget elementor-widget-heading\" data-id=\"2798172\" data-element_type=\"widget\" data-widget_type=\"heading.default\">\n\t\t\t\t<div class=\"elementor-widget-container\">\n\t\t\t\t\t<h3 class=\"elementor-heading-title elementor-size-default\">Documents de candidature requis<\/h3>\t\t\t\t<\/div>\n\t\t\t\t<\/div>\n\t\t\t\t<div class=\"elementor-element elementor-element-f6e6edf elementor-widget elementor-widget-text-editor\" data-id=\"f6e6edf\" data-element_type=\"widget\" data-widget_type=\"text-editor.default\">\n\t\t\t\t<div class=\"elementor-widget-container\">\n\t\t\t\t\t\t\t\t\t<div class=\"elementor-element elementor-element-97bd87a elementor-widget elementor-widget-text-editor\" data-id=\"97bd87a\" data-element_type=\"widget\" data-widget_type=\"text-editor.default\"><div class=\"elementor-widget-container\"><div class=\"elementor-element elementor-element-3822208 elementor-widget elementor-widget-text-editor\" data-id=\"3822208\" data-element_type=\"widget\" data-widget_type=\"text-editor.default\"><div class=\"elementor-widget-container\"><p>Lorsqu'une demande de participation au programme Escadrille Louisiane est soumise, un dossier complet doit comporter chacun des \u00e9l\u00e9ments suivants :<\/p><ul><li>Formulaire de demande<\/li><li>Curriculum vitae<\/li><li>Une lettre de motivation dactylographi\u00e9e en fran\u00e7ais<\/li><li>Une lettre de recommandation<\/li><li>Preuve de l'obtention d'une licence en arts ou en sciences<\/li><li>Certificat DELF B2 ou preuve d'un niveau de fran\u00e7ais ACTFL Advanced Low\/Mid.<\/li><\/ul><\/div><\/div><\/div><\/div>\t\t\t\t\t\t\t\t<\/div>\n\t\t\t\t<\/div>\n\t\t\t\t<div class=\"elementor-element elementor-element-aabddce elementor-widget elementor-widget-heading\" data-id=\"aabddce\" data-element_type=\"widget\" data-widget_type=\"heading.default\">\n\t\t\t\t<div class=\"elementor-widget-container\">\n\t\t\t\t\t<h2 class=\"elementor-heading-title elementor-size-default\">Date limite de candidature<\/h2>\t\t\t\t<\/div>\n\t\t\t\t<\/div>\n\t\t\t\t\t<\/div>\n\t\t\t\t<\/div>\n\t\t<div class=\"elementor-element elementor-element-1578e52 e-flex e-con-boxed e-con e-parent\" data-id=\"1578e52\" data-element_type=\"container\">\n\t\t\t\t\t<div class=\"e-con-inner\">\n\t\t\t\t<div class=\"elementor-element elementor-element-4002378 elementor-widget elementor-widget-heading\" data-id=\"4002378\" data-element_type=\"widget\" data-widget_type=\"heading.default\">\n\t\t\t\t<div class=\"elementor-widget-container\">\n\t\t\t\t\t<h3 class=\"elementor-heading-title elementor-size-default\">13 mars 2026<\/h3>\t\t\t\t<\/div>\n\t\t\t\t<\/div>\n\t\t\t\t\t<\/div>\n\t\t\t\t<\/div>\n\t\t<div class=\"elementor-element elementor-element-94c76a3 e-flex e-con-boxed e-con e-parent\" data-id=\"94c76a3\" data-element_type=\"container\">\n\t\t\t\t\t<div class=\"e-con-inner\">\n\t\t\t\t<div class=\"elementor-element elementor-element-2174ea5 elementor-widget-divider--view-line elementor-widget elementor-widget-divider\" data-id=\"2174ea5\" data-element_type=\"widget\" data-widget_type=\"divider.default\">\n\t\t\t\t<div class=\"elementor-widget-container\">\n\t\t\t\t\t\t\t<div class=\"elementor-divider\">\n\t\t\t<span class=\"elementor-divider-separator\">\n\t\t\t\t\t\t<\/span>\n\t\t<\/div>\n\t\t\t\t\t\t<\/div>\n\t\t\t\t<\/div>\n\t\t\t\t\t<\/div>\n\t\t\t\t<\/div>\n\t\t<div class=\"elementor-element elementor-element-a6a4103 e-flex e-con-boxed e-con e-parent\" data-id=\"a6a4103\" data-element_type=\"container\">\n\t\t\t\t\t<div class=\"e-con-inner\">\n\t\t\t\t<div class=\"elementor-element elementor-element-f2c4a71 elementor-widget elementor-widget-heading\" data-id=\"f2c4a71\" data-element_type=\"widget\" data-widget_type=\"heading.default\">\n\t\t\t\t<div class=\"elementor-widget-container\">\n\t\t\t\t\t<h2 class=\"elementor-heading-title elementor-size-default\">Candidater \u00e0 l'Escadrille Louisiane<\/h2>\t\t\t\t<\/div>\n\t\t\t\t<\/div>\n\t\t\t\t<div class=\"elementor-element elementor-element-b9b7d0a elementor-align-center elementor-widget elementor-widget-button\" data-id=\"b9b7d0a\" data-element_type=\"widget\" data-widget_type=\"button.default\">\n\t\t\t\t<div class=\"elementor-widget-container\">\n\t\t\t\t\t\t\t\t\t<div class=\"elementor-button-wrapper\">\n\t\t\t\t\t<a class=\"elementor-button elementor-button-link elementor-size-sm\" href=\"https:\/\/codofil.org\/fr\/candidater-escadrille-louisiane-certificat-enseigner-francais\/\">\n\t\t\t\t\t\t<span class=\"elementor-button-content-wrapper\">\n\t\t\t\t\t\t\t\t\t<span class=\"elementor-button-text\">Candidater<\/span>\n\t\t\t\t\t<\/span>\n\t\t\t\t\t<\/a>\n\t\t\t\t<\/div>\n\t\t\t\t\t\t\t\t<\/div>\n\t\t\t\t<\/div>\n\t\t\t\t\t<\/div>\n\t\t\t\t<\/div>\n\t\t\t\t<\/div>","protected":false},"excerpt":{"rendered":"<p>This Escadrille Louisiane pathway is for Louisiana residents with an advanced level of French. Participants pursue an approved, post-baccalaureate alternative teacher certification program in Louisiana. For more information about teacher preparation programs, visit the Louisiana Department of Education teacher prep page. Program Description To be fully certified to teach French immersion (elementary level) in Louisiana,&#8230;<\/p>","protected":false},"author":10,"featured_media":1219,"parent":632,"menu_order":0,"comment_status":"closed","ping_status":"closed","template":"","meta":{"_acf_changed":false,"footnotes":"","_links_to":"","_links_to_target":""},"class_list":["post-666","page","type-page","status-publish","has-post-thumbnail","hentry"],"acf":[],"_links":{"self":[{"href":"https:\/\/codofil.org\/fr\/wp-json\/wp\/v2\/pages\/666","targetHints":{"allow":["GET"]}}],"collection":[{"href":"https:\/\/codofil.org\/fr\/wp-json\/wp\/v2\/pages"}],"about":[{"href":"https:\/\/codofil.org\/fr\/wp-json\/wp\/v2\/types\/page"}],"author":[{"embeddable":true,"href":"https:\/\/codofil.org\/fr\/wp-json\/wp\/v2\/users\/10"}],"replies":[{"embeddable":true,"href":"https:\/\/codofil.org\/fr\/wp-json\/wp\/v2\/comments?post=666"}],"version-history":[{"count":0,"href":"https:\/\/codofil.org\/fr\/wp-json\/wp\/v2\/pages\/666\/revisions"}],"up":[{"embeddable":true,"href":"https:\/\/codofil.org\/fr\/wp-json\/wp\/v2\/pages\/632"}],"wp:featuredmedia":[{"embeddable":true,"href":"https:\/\/codofil.org\/fr\/wp-json\/wp\/v2\/media\/1219"}],"wp:attachment":[{"href":"https:\/\/codofil.org\/fr\/wp-json\/wp\/v2\/media?parent=666"}],"curies":[{"name":"wp","href":"https:\/\/api.w.org\/{rel}","templated":true}]}}