{"id":665,"date":"2025-07-07T11:53:55","date_gmt":"2025-07-07T16:53:55","guid":{"rendered":"https:\/\/codofil1.wpenginepowered.com\/?page_id=665"},"modified":"2025-10-24T10:00:27","modified_gmt":"2025-10-24T15:00:27","slug":"ul-lafayette","status":"publish","type":"page","link":"https:\/\/codofil.org\/fr\/escadrille-louisiane\/ul-lafayette\/","title":{"rendered":"Ma\u00eetrise \u00e8s arts en enseignement \u00e9l\u00e9mentaire \u00e0 l'UL-Lafayette"},"content":{"rendered":"<div data-elementor-type=\"wp-page\" data-elementor-id=\"665\" class=\"elementor elementor-665\" data-elementor-post-type=\"page\">\n\t\t\t\t<div class=\"elementor-element elementor-element-3503dda e-flex e-con-boxed e-con e-parent\" data-id=\"3503dda\" data-element_type=\"container\">\n\t\t\t\t\t<div class=\"e-con-inner\">\n\t\t<div class=\"elementor-element elementor-element-6fa5471 e-con-full e-flex e-con e-child\" data-id=\"6fa5471\" data-element_type=\"container\">\n\t\t\t\t<div class=\"elementor-element elementor-element-4606f84 elementor-widget elementor-widget-image\" data-id=\"4606f84\" data-element_type=\"widget\" data-widget_type=\"image.default\">\n\t\t\t\t<div class=\"elementor-widget-container\">\n\t\t\t\t\t\t\t\t\t\t\t\t\t\t\t<img fetchpriority=\"high\" decoding=\"async\" width=\"800\" height=\"600\" src=\"https:\/\/codofil.org\/wp-content\/uploads\/2025\/08\/shelby-boling.png\" class=\"attachment-large size-large wp-image-1271\" alt=\"Shelby Boling\" srcset=\"https:\/\/codofil.org\/wp-content\/uploads\/2025\/08\/shelby-boling.png 900w, https:\/\/codofil.org\/wp-content\/uploads\/2025\/08\/shelby-boling-300x225.png 300w, https:\/\/codofil.org\/wp-content\/uploads\/2025\/08\/shelby-boling-768x576.png 768w, https:\/\/codofil.org\/wp-content\/uploads\/2025\/08\/shelby-boling-16x12.png 16w\" sizes=\"(max-width: 800px) 100vw, 800px\" \/>\t\t\t\t\t\t\t\t\t\t\t\t\t\t\t<\/div>\n\t\t\t\t<\/div>\n\t\t\t\t<\/div>\n\t\t<div class=\"elementor-element elementor-element-4818d54 e-con-full e-flex e-con e-child\" data-id=\"4818d54\" data-element_type=\"container\">\n\t\t\t\t<div class=\"elementor-element elementor-element-2b8d763 elementor-widget elementor-widget-text-editor\" data-id=\"2b8d763\" data-element_type=\"widget\" data-widget_type=\"text-editor.default\">\n\t\t\t\t<div class=\"elementor-widget-container\">\n\t\t\t\t\t\t\t\t\t<div class=\"elementor-element elementor-element-fcec19a e-con-full e-flex e-con e-child\" data-id=\"fcec19a\" data-element_type=\"container\"><div class=\"elementor-element elementor-element-8a57780 elementor-widget elementor-widget-text-editor\" data-id=\"8a57780\" data-element_type=\"widget\" data-widget_type=\"text-editor.default\"><div class=\"elementor-widget-container\"><div><div><div><div><div><div><div><div><div><p>La <a href=\"https:\/\/curriculum.louisiana.edu\/programs\/masters-programs\/elementary-education-french-immersion-grades-1-5\" target=\"_blank\" rel=\"noopener\">ma\u00eetrise \u00e8s arts en enseignement \u00e9l\u00e9mentaire \u00e0 l'Universit\u00e9 de Louisiane \u00e0 Lafayette<\/a> s'adresse aux personnes qui ne d\u00e9tiennent pas de brevet d'enseignement \u00e9l\u00e9mentaire 1-5. Ce programme est con\u00e7u pour les personnes qui ma\u00eetrisent le fran\u00e7ais et qui souhaitent acqu\u00e9rir l'expertise p\u00e9dagogique n\u00e9cessaire pour enseigner dans des programmes d'immersion fran\u00e7aise au niveau \u00e9l\u00e9mentaire. Pour obtenir l'autorisation d'enseigner le fran\u00e7ais, vous devez avoir une comp\u00e9tence avanc\u00e9e en fran\u00e7ais (DELF C1) avant d'obtenir votre dipl\u00f4me.<\/p><\/div><\/div><\/div><\/div><\/div><\/div><\/div><\/div><\/div><\/div><\/div><\/div>\t\t\t\t\t\t\t\t<\/div>\n\t\t\t\t<\/div>\n\t\t\t\t<\/div>\n\t\t\t\t\t<\/div>\n\t\t\t\t<\/div>\n\t\t<div class=\"elementor-element elementor-element-5dcffeb e-flex e-con-boxed e-con e-parent\" data-id=\"5dcffeb\" data-element_type=\"container\">\n\t\t\t\t\t<div class=\"e-con-inner\">\n\t\t<div class=\"elementor-element elementor-element-df4828b e-con-full e-flex e-con e-child\" data-id=\"df4828b\" data-element_type=\"container\">\n\t\t\t\t<div class=\"elementor-element elementor-element-f3ac100 elementor-widget elementor-widget-heading\" data-id=\"f3ac100\" data-element_type=\"widget\" data-widget_type=\"heading.default\">\n\t\t\t\t<div class=\"elementor-widget-container\">\n\t\t\t\t\t<h2 class=\"elementor-heading-title elementor-size-default\">Description du programme<\/h2>\t\t\t\t<\/div>\n\t\t\t\t<\/div>\n\t\t\t\t<div class=\"elementor-element elementor-element-ce6c6c0 elementor-widget elementor-widget-text-editor\" data-id=\"ce6c6c0\" data-element_type=\"widget\" data-widget_type=\"text-editor.default\">\n\t\t\t\t<div class=\"elementor-widget-container\">\n\t\t\t\t\t\t\t\t\t<div><div><div><p>Le programme commence pendant la session d'\u00e9t\u00e9 de l'universit\u00e9 et se termine g\u00e9n\u00e9ralement 14 mois plus tard, \u00e0 la fin de la session d'\u00e9t\u00e9 de l'ann\u00e9e suivante. Des cours en personne et des cours hybrides sont propos\u00e9s. Tous les \u00e9tudiants doivent suivre 39 heures de cours de deuxi\u00e8me cycle, dont des cours de base (27 heures de cours), des cours en r\u00e9sidence (6 heures de cours) et des cours d'approfondissement de la recherche (6 heures de cours).<\/p><p>Les \u00e9tudiants peuvent poser leur candidature pour <a href=\"https:\/\/albertinefoundation.org\/french-for-all\/french-dual-language-fund\/future-immersion-teacher-fellowship\/\" target=\"_blank\" rel=\"noopener\">la Bourse pour les futurs enseignants en immersion<\/a> de la Fondation Albertine. Les boursiers de la FIT re\u00e7oivent des bourses allant jusqu'\u00e0 10 000 $ pour poursuivre des \u00e9tudes sup\u00e9rieures et des programmes de certification qui les pr\u00e9parent \u00e0 devenir des enseignants d'immersion fran\u00e7aise.<\/p><p>Apr\u00e8s avoir termin\u00e9 avec succ\u00e8s le programme de l'UL-Lafayette, la personne sera consid\u00e9r\u00e9e comme un dipl\u00f4m\u00e9\/enseignant de l'Escadrille Louisiane. Elle pourra alors b\u00e9n\u00e9ficier d'une allocation de 14 000 $, vers\u00e9e sur une p\u00e9riode de 3 ans, tant qu'elle enseignera en immersion fran\u00e7aise \u00e0 temps plein dans une \u00e9cole primaire publique ou une \u00e9cole publique \u00e0 charte en Louisiane.<\/p><\/div><\/div><\/div>\t\t\t\t\t\t\t\t<\/div>\n\t\t\t\t<\/div>\n\t\t\t\t<\/div>\n\t\t\t\t<div class=\"elementor-element elementor-element-771203d elementor-widget elementor-widget-heading\" data-id=\"771203d\" data-element_type=\"widget\" data-widget_type=\"heading.default\">\n\t\t\t\t<div class=\"elementor-widget-container\">\n\t\t\t\t\t<h2 class=\"elementor-heading-title elementor-size-default\">Exigences<\/h2>\t\t\t\t<\/div>\n\t\t\t\t<\/div>\n\t\t\t\t\t<\/div>\n\t\t\t\t<\/div>\n\t\t<div class=\"elementor-element elementor-element-8393e04 e-flex e-con-boxed e-con e-parent\" data-id=\"8393e04\" data-element_type=\"container\">\n\t\t\t\t\t<div class=\"e-con-inner\">\n\t\t\t\t<div class=\"elementor-element elementor-element-4409276 elementor-widget elementor-widget-text-editor\" data-id=\"4409276\" data-element_type=\"widget\" data-widget_type=\"text-editor.default\">\n\t\t\t\t<div class=\"elementor-widget-container\">\n\t\t\t\t\t\t\t\t\t<div><div><div><div><div><p>Les candidats doivent<\/p><\/div><ul><li>\u00catre titulaire d'une licence (ou d'un dipl\u00f4me \u00e9quivalent) d\u00e9livr\u00e9e par une universit\u00e9 accr\u00e9dit\u00e9e au niveau r\u00e9gional<\/li><li>Avoir une moyenne g\u00e9n\u00e9rale de 3,0 (\u00e9chelle de 4,0) au cours des 60 derni\u00e8res heures d'\u00e9tudes de premier cycle<\/li><li>Disposer de 3 lettres de recommandation<\/li><li>Avoir obtenu la note de passage au GRE (les candidats qui ont une moyenne pond\u00e9r\u00e9e ou cumulative de 3,2 sur une \u00e9chelle de 4,0 sont dispens\u00e9s de l'exigence du GRE)<\/li><li>D\u00e9montrer un niveau de comp\u00e9tence interm\u00e9diaire en fran\u00e7ais avec (1) une licence de quatre ans en fran\u00e7ais et\/ou \u00e9tudes francophones, ou (2) un score de niveau B1 \u00e0 l'examen du Cadre europ\u00e9en (DELF), ou un niveau interm\u00e9diaire \u00e0 l'entretien de comp\u00e9tence orale (OPI) de l'American Council on Teaching of Foreign Languages (ACTFL)<\/li><li>R\u00e9ussir tous les examens PRAXIS requis, y compris l'examen dans le domaine de contenu appropri\u00e9 pour votre dipl\u00f4me<\/li><\/ul><\/div><\/div><\/div><\/div>\t\t\t\t\t\t\t\t<\/div>\n\t\t\t\t<\/div>\n\t\t\t\t<div class=\"elementor-element elementor-element-c559ba7 elementor-widget elementor-widget-heading\" data-id=\"c559ba7\" data-element_type=\"widget\" data-widget_type=\"heading.default\">\n\t\t\t\t<div class=\"elementor-widget-container\">\n\t\t\t\t\t<h3 class=\"elementor-heading-title elementor-size-default\">Documents de candidature requis<\/h3>\t\t\t\t<\/div>\n\t\t\t\t<\/div>\n\t\t\t\t<div class=\"elementor-element elementor-element-a53318e elementor-widget elementor-widget-text-editor\" data-id=\"a53318e\" data-element_type=\"widget\" data-widget_type=\"text-editor.default\">\n\t\t\t\t<div class=\"elementor-widget-container\">\n\t\t\t\t\t\t\t\t\t<p>Lorsqu'une demande de participation au programme Escadrille Louisiane est soumise, un dossier complet doit comporter chacun des \u00e9l\u00e9ments suivants :<\/p><ul><li>Formulaire de demande<\/li><li>Curriculum vitae<\/li><li>Outre la d\u00e9position d'une demande au CODOFIL pour participer \u00e0 l'Escadrille Louisiane, vous devez \u00e9galement :<ul><li>Candidater pour la ma\u00eetrise \u00e8s arts en \u00e9ducation \u00e9l\u00e9mentaire 1-5 de concentration en immersion fran\u00e7aise \u00e0 <a href=\"https:\/\/louisiana.edu\/graduateschool\" target=\"_blank\" rel=\"noopener\">l'UL-Lafayette.<\/a> Pour toute question concernant ce programme, veuillez contacter Natalie Keefer \u00e0 l'adresse suivante <a href=\"mailto:natalie.keefer@louisiana.edu\">natalie.keefer@louisiana.edu<\/a>.<\/li><\/ul><\/li><\/ul>\t\t\t\t\t\t\t\t<\/div>\n\t\t\t\t<\/div>\n\t\t\t\t<div class=\"elementor-element elementor-element-aabddce elementor-widget elementor-widget-heading\" data-id=\"aabddce\" data-element_type=\"widget\" data-widget_type=\"heading.default\">\n\t\t\t\t<div class=\"elementor-widget-container\">\n\t\t\t\t\t<h2 class=\"elementor-heading-title elementor-size-default\">Date limite de candidature<\/h2>\t\t\t\t<\/div>\n\t\t\t\t<\/div>\n\t\t\t\t\t<\/div>\n\t\t\t\t<\/div>\n\t\t<div class=\"elementor-element elementor-element-1578e52 e-flex e-con-boxed e-con e-parent\" data-id=\"1578e52\" data-element_type=\"container\">\n\t\t\t\t\t<div class=\"e-con-inner\">\n\t\t\t\t<div class=\"elementor-element elementor-element-4002378 elementor-widget elementor-widget-heading\" data-id=\"4002378\" data-element_type=\"widget\" data-widget_type=\"heading.default\">\n\t\t\t\t<div class=\"elementor-widget-container\">\n\t\t\t\t\t<h3 class=\"elementor-heading-title elementor-size-default\">13 mars 2026<\/h3>\t\t\t\t<\/div>\n\t\t\t\t<\/div>\n\t\t\t\t\t<\/div>\n\t\t\t\t<\/div>\n\t\t<div class=\"elementor-element elementor-element-94c76a3 e-flex e-con-boxed e-con e-parent\" data-id=\"94c76a3\" data-element_type=\"container\">\n\t\t\t\t\t<div class=\"e-con-inner\">\n\t\t\t\t<div class=\"elementor-element elementor-element-2174ea5 elementor-widget-divider--view-line elementor-widget elementor-widget-divider\" data-id=\"2174ea5\" data-element_type=\"widget\" data-widget_type=\"divider.default\">\n\t\t\t\t<div class=\"elementor-widget-container\">\n\t\t\t\t\t\t\t<div class=\"elementor-divider\">\n\t\t\t<span class=\"elementor-divider-separator\">\n\t\t\t\t\t\t<\/span>\n\t\t<\/div>\n\t\t\t\t\t\t<\/div>\n\t\t\t\t<\/div>\n\t\t\t\t\t<\/div>\n\t\t\t\t<\/div>\n\t\t<div class=\"elementor-element elementor-element-a6a4103 e-flex e-con-boxed e-con e-parent\" data-id=\"a6a4103\" data-element_type=\"container\">\n\t\t\t\t\t<div class=\"e-con-inner\">\n\t\t\t\t<div class=\"elementor-element elementor-element-f2c4a71 elementor-widget elementor-widget-heading\" data-id=\"f2c4a71\" data-element_type=\"widget\" data-widget_type=\"heading.default\">\n\t\t\t\t<div class=\"elementor-widget-container\">\n\t\t\t\t\t<h2 class=\"elementor-heading-title elementor-size-default\">Candidater \u00e0 l'Escadrille Louisiane<\/h2>\t\t\t\t<\/div>\n\t\t\t\t<\/div>\n\t\t\t\t<div class=\"elementor-element elementor-element-b9b7d0a elementor-align-center elementor-widget elementor-widget-button\" data-id=\"b9b7d0a\" data-element_type=\"widget\" data-widget_type=\"button.default\">\n\t\t\t\t<div class=\"elementor-widget-container\">\n\t\t\t\t\t\t\t\t\t<div class=\"elementor-button-wrapper\">\n\t\t\t\t\t<a class=\"elementor-button elementor-button-link elementor-size-sm\" href=\"https:\/\/codofil.org\/fr\/candidater-escadrille-louisiane-ul-lafayette\/\">\n\t\t\t\t\t\t<span class=\"elementor-button-content-wrapper\">\n\t\t\t\t\t\t\t\t\t<span class=\"elementor-button-text\">Candidater<\/span>\n\t\t\t\t\t<\/span>\n\t\t\t\t\t<\/a>\n\t\t\t\t<\/div>\n\t\t\t\t\t\t\t\t<\/div>\n\t\t\t\t<\/div>\n\t\t\t\t\t<\/div>\n\t\t\t\t<\/div>\n\t\t\t\t<\/div>","protected":false},"excerpt":{"rendered":"<p>Le programme de Master of Arts in Teaching (MAT) Elementary Education 1-5 de l'Universit\u00e9 de Louisiane \u00e0 Lafayette s'adresse aux personnes qui ne sont pas titulaires d'un certificat d'aptitude \u00e0 l'enseignement. Ce programme est con\u00e7u pour les personnes qui ma\u00eetrisent le fran\u00e7ais et qui souhaitent acqu\u00e9rir l'expertise p\u00e9dagogique n\u00e9cessaire pour enseigner dans des programmes d'immersion en fran\u00e7ais au niveau \u00e9l\u00e9mentaire. Pour obtenir l'autorisation d'enseigner...<\/p>","protected":false},"author":10,"featured_media":1271,"parent":632,"menu_order":0,"comment_status":"closed","ping_status":"closed","template":"","meta":{"_acf_changed":false,"footnotes":"","_links_to":"","_links_to_target":""},"class_list":["post-665","page","type-page","status-publish","has-post-thumbnail","hentry"],"acf":[],"_links":{"self":[{"href":"https:\/\/codofil.org\/fr\/wp-json\/wp\/v2\/pages\/665","targetHints":{"allow":["GET"]}}],"collection":[{"href":"https:\/\/codofil.org\/fr\/wp-json\/wp\/v2\/pages"}],"about":[{"href":"https:\/\/codofil.org\/fr\/wp-json\/wp\/v2\/types\/page"}],"author":[{"embeddable":true,"href":"https:\/\/codofil.org\/fr\/wp-json\/wp\/v2\/users\/10"}],"replies":[{"embeddable":true,"href":"https:\/\/codofil.org\/fr\/wp-json\/wp\/v2\/comments?post=665"}],"version-history":[{"count":0,"href":"https:\/\/codofil.org\/fr\/wp-json\/wp\/v2\/pages\/665\/revisions"}],"up":[{"embeddable":true,"href":"https:\/\/codofil.org\/fr\/wp-json\/wp\/v2\/pages\/632"}],"wp:featuredmedia":[{"embeddable":true,"href":"https:\/\/codofil.org\/fr\/wp-json\/wp\/v2\/media\/1271"}],"wp:attachment":[{"href":"https:\/\/codofil.org\/fr\/wp-json\/wp\/v2\/media?parent=665"}],"curies":[{"name":"wp","href":"https:\/\/api.w.org\/{rel}","templated":true}]}}