{"id":663,"date":"2025-07-07T11:19:16","date_gmt":"2025-07-07T16:19:16","guid":{"rendered":"https:\/\/codofil1.wpenginepowered.com\/?page_id=663"},"modified":"2025-10-24T09:58:57","modified_gmt":"2025-10-24T14:58:57","slug":"maitrise-arts-centenary","status":"publish","type":"page","link":"https:\/\/codofil.org\/fr\/escadrille-louisiane\/maitrise-arts-centenary\/","title":{"rendered":"Ma\u00eetrise \u00e8s arts en enseignement \u00e9l\u00e9mentaire au Centenary College"},"content":{"rendered":"<div data-elementor-type=\"wp-page\" data-elementor-id=\"663\" class=\"elementor elementor-663\" data-elementor-post-type=\"page\">\n\t\t\t\t<div class=\"elementor-element elementor-element-3503dda e-flex e-con-boxed e-con e-parent\" data-id=\"3503dda\" data-element_type=\"container\">\n\t\t\t\t\t<div class=\"e-con-inner\">\n\t\t<div class=\"elementor-element elementor-element-9819eb9 e-con-full e-flex e-con e-child\" data-id=\"9819eb9\" data-element_type=\"container\">\n\t\t\t\t<div class=\"elementor-element elementor-element-4ef7c10 elementor-widget elementor-widget-image\" data-id=\"4ef7c10\" data-element_type=\"widget\" data-widget_type=\"image.default\">\n\t\t\t\t<div class=\"elementor-widget-container\">\n\t\t\t\t\t\t\t\t\t\t\t\t\t\t\t<img fetchpriority=\"high\" decoding=\"async\" width=\"800\" height=\"600\" src=\"https:\/\/codofil.org\/wp-content\/uploads\/2025\/07\/escadrille-louisiane-centenary-college.png\" class=\"attachment-large size-large wp-image-869\" alt=\"Dipl\u00f4m\u00e9s de l&#039;Escadrille Louisiane du Centenary College de Louisiane\" srcset=\"https:\/\/codofil.org\/wp-content\/uploads\/2025\/07\/escadrille-louisiane-centenary-college.png 900w, https:\/\/codofil.org\/wp-content\/uploads\/2025\/07\/escadrille-louisiane-centenary-college-300x225.png 300w, https:\/\/codofil.org\/wp-content\/uploads\/2025\/07\/escadrille-louisiane-centenary-college-768x576.png 768w, https:\/\/codofil.org\/wp-content\/uploads\/2025\/07\/escadrille-louisiane-centenary-college-16x12.png 16w\" sizes=\"(max-width: 800px) 100vw, 800px\" \/>\t\t\t\t\t\t\t\t\t\t\t\t\t\t\t<\/div>\n\t\t\t\t<\/div>\n\t\t\t\t<\/div>\n\t\t<div class=\"elementor-element elementor-element-2ac5f93 e-con-full e-flex e-con e-child\" data-id=\"2ac5f93\" data-element_type=\"container\">\n\t\t\t\t<div class=\"elementor-element elementor-element-b23ee5d elementor-widget elementor-widget-text-editor\" data-id=\"b23ee5d\" data-element_type=\"widget\" data-widget_type=\"text-editor.default\">\n\t\t\t\t<div class=\"elementor-widget-container\">\n\t\t\t\t\t\t\t\t\t<p>Ce parcours repr\u00e9sente un engagement d\u2019une dur\u00e9e de 5 ans qui comprend un s\u00e9jour d'un an \u00e0 Rennes, en France, et l'obtention d'une ma\u00eetrise \u00e8s arts en enseignement \u00e9l\u00e9mentaire grades 1-5 du <a href=\"https:\/\/www.centenary.edu\/academics\/departments-schools\/education\/program-overview-requirements\/\" target=\"_blank\" rel=\"noopener\">Centenary College of Louisiana<\/a>. Les participants au programme doivent \u00eatre pr\u00e9alablement titulaires d'un dipl\u00f4me universitaire et d\u00e9sireux d\u2019enseigner le fran\u00e7ais en immersion dans une \u00e9cole primaire publique ou une \u00e9cole \u00e0 charte primaire de Louisiane. Ils sont tenus par contrat d'enseigner le fran\u00e7ais en immersion en Louisiane pendant au moins trois ans.<\/p>\t\t\t\t\t\t\t\t<\/div>\n\t\t\t\t<\/div>\n\t\t\t\t<\/div>\n\t\t\t\t\t<\/div>\n\t\t\t\t<\/div>\n\t\t<div class=\"elementor-element elementor-element-079adc6 e-flex e-con-boxed e-con e-parent\" data-id=\"079adc6\" data-element_type=\"container\">\n\t\t\t\t\t<div class=\"e-con-inner\">\n\t\t<div class=\"elementor-element elementor-element-a84d829 e-con-full e-flex e-con e-child\" data-id=\"a84d829\" data-element_type=\"container\">\n\t\t\t\t<div class=\"elementor-element elementor-element-f5506fc elementor-widget elementor-widget-heading\" data-id=\"f5506fc\" data-element_type=\"widget\" data-widget_type=\"heading.default\">\n\t\t\t\t<div class=\"elementor-widget-container\">\n\t\t\t\t\t<h2 class=\"elementor-heading-title elementor-size-default\">Description du programme<\/h2>\t\t\t\t<\/div>\n\t\t\t\t<\/div>\n\t\t\t\t<\/div>\n\t\t\t\t<div class=\"elementor-element elementor-element-475797a elementor-widget elementor-widget-heading\" data-id=\"475797a\" data-element_type=\"widget\" data-widget_type=\"heading.default\">\n\t\t\t\t<div class=\"elementor-widget-container\">\n\t\t\t\t\t<h3 class=\"elementor-heading-title elementor-size-default\">Ann\u00e9e 1 | Cours TAPIF et MAT<\/h3>\t\t\t\t<\/div>\n\t\t\t\t<\/div>\n\t\t\t\t<div class=\"elementor-element elementor-element-3c34b86 elementor-widget elementor-widget-text-editor\" data-id=\"3c34b86\" data-element_type=\"widget\" data-widget_type=\"text-editor.default\">\n\t\t\t\t<div class=\"elementor-widget-container\">\n\t\t\t\t\t\t\t\t\t<div><div><div><ul><li><span class=\"OYPEnA font-feature-liga-off font-feature-clig-off font-feature-calt-off text-decoration-none text-strikethrough-none\">Passer 3 semaines \u00e0 <\/span><span class=\"OYPEnA font-feature-liga-off font-feature-clig-off font-feature-calt-off text-strikethrough-none text-decoration-underline\">Centenary College of Louisiana<\/span><span class=\"OYPEnA font-feature-liga-off font-feature-clig-off font-feature-calt-off text-strikethrough-none text-decoration-none\"> \u00e0 Shreveport pour une orientation avant le voyage et deux cours de troisi\u00e8me cycle dans le cadre des exigences du dipl\u00f4me MAT.<\/span><\/li><li><span class=\"OYPEnA font-feature-liga-off font-feature-clig-off font-feature-calt-off text-decoration-none text-strikethrough-none\">Vivre \u00e0 Rennes, en France, et travailler en tant qu'assistant d'anglais dans 1-2 \u00e9coles fran\u00e7aises dans le cadre du <a href=\"https:\/\/www.tapif.org\/\" target=\"_blank\" rel=\"noopener\">Programme d'assistants d'enseignement en France (<\/a><\/span><a href=\"\/fr\/_wp_link_placeholder\/\"><span class=\"OYPEnA font-feature-liga-off font-feature-clig-off font-feature-calt-off text-strikethrough-none text-decoration-underline\">TAPIF)<\/span><\/a><span class=\"OYPEnA font-feature-liga-off font-feature-clig-off font-feature-calt-off text-strikethrough-none text-decoration-none\">\u00a0tout en suivant des cours au <\/span><span class=\"OYPEnA font-feature-liga-off font-feature-clig-off font-feature-calt-off text-strikethrough-none text-decoration-underline\">INSPE <\/span><span class=\"OYPEnA font-feature-liga-off font-feature-clig-off font-feature-calt-off text-strikethrough-none text-decoration-none\">et en ligne avec le Centenary College. Les billets aller-retour pour Paris sont fournis. Les participants arrivent en France \u00e0 la mi-septembre 2026 et rentrent chez eux \u00e0 la fin du mois de mai 2027. Les participants percevront environ 1 010 \u20ac bruts \/ 800 \u20ac nets par mois du minist\u00e8re fran\u00e7ais de l'\u00c9ducation nationale pour leurs fonctions TAPIF.<\/span><\/li><li><span class=\"OYPEnA font-feature-liga-off font-feature-clig-off font-feature-calt-off text-decoration-none text-strikethrough-none\">\u00c0 leur retour en Louisiane, les participants se rendront au Centenary College pendant 3 semaines en juin\/juillet 2027 pour suivre 2 cours de troisi\u00e8me cycle. Le logement sur le campus et une allocation pour les repas sont fournis, ainsi que les frais de scolarit\u00e9 pour les 6 premiers cours au Centenary College.<\/span><\/li><\/ul><\/div><\/div><\/div>\t\t\t\t\t\t\t\t<\/div>\n\t\t\t\t<\/div>\n\t\t\t\t\t<\/div>\n\t\t\t\t<\/div>\n\t\t<div class=\"elementor-element elementor-element-a16b003 e-flex e-con-boxed e-con e-parent\" data-id=\"a16b003\" data-element_type=\"container\">\n\t\t\t\t\t<div class=\"e-con-inner\">\n\t\t\t\t<div class=\"elementor-element elementor-element-cf33472 elementor-widget elementor-widget-heading\" data-id=\"cf33472\" data-element_type=\"widget\" data-widget_type=\"heading.default\">\n\t\t\t\t<div class=\"elementor-widget-container\">\n\t\t\t\t\t<h3 class=\"elementor-heading-title elementor-size-default\">Ann\u00e9e 2 | Enseignement en r\u00e9sidence<\/h3>\t\t\t\t<\/div>\n\t\t\t\t<\/div>\n\t\t<div class=\"elementor-element elementor-element-1621594 e-con-full e-flex e-con e-child\" data-id=\"1621594\" data-element_type=\"container\">\n\t\t\t\t<div class=\"elementor-element elementor-element-62d7201 elementor-widget elementor-widget-text-editor\" data-id=\"62d7201\" data-element_type=\"widget\" data-widget_type=\"text-editor.default\">\n\t\t\t\t<div class=\"elementor-widget-container\">\n\t\t\t\t\t\t\t\t\t<ul><li><span class=\"OYPEnA font-feature-liga-off font-feature-clig-off font-feature-calt-off text-decoration-none text-strikethrough-none\">Les participants effectueront un stage d'enseignement en immersion fran\u00e7aise en Louisiane tout en terminant leurs cours de MAT.<\/span><\/li><li><span class=\"OYPEnA font-feature-liga-off font-feature-clig-off font-feature-calt-off text-decoration-none text-strikethrough-none\">Le programme EL attribuera une bourse de 2 000 $ aux participants EL pendant leur ann\u00e9e de r\u00e9sidence d'enseignement en immersion fran\u00e7aise en Louisiane.<\/span><\/li><\/ul>\t\t\t\t\t\t\t\t<\/div>\n\t\t\t\t<\/div>\n\t\t\t\t<\/div>\n\t\t\t\t\t<\/div>\n\t\t\t\t<\/div>\n\t\t<div class=\"elementor-element elementor-element-3cab93f e-flex e-con-boxed e-con e-parent\" data-id=\"3cab93f\" data-element_type=\"container\">\n\t\t\t\t\t<div class=\"e-con-inner\">\n\t\t\t\t<div class=\"elementor-element elementor-element-9fa2632 elementor-widget elementor-widget-heading\" data-id=\"9fa2632\" data-element_type=\"widget\" data-widget_type=\"heading.default\">\n\t\t\t\t<div class=\"elementor-widget-container\">\n\t\t\t\t\t<h3 class=\"elementor-heading-title elementor-size-default\">Ann\u00e9es 3-5 | Enseigner en immersion fran\u00e7aise en Louisiane<\/h3>\t\t\t\t<\/div>\n\t\t\t\t<\/div>\n\t\t<div class=\"elementor-element elementor-element-59a533d e-con-full e-flex e-con e-child\" data-id=\"59a533d\" data-element_type=\"container\">\n\t\t\t\t<div class=\"elementor-element elementor-element-6c8bd61 elementor-widget elementor-widget-text-editor\" data-id=\"6c8bd61\" data-element_type=\"widget\" data-widget_type=\"text-editor.default\">\n\t\t\t\t<div class=\"elementor-widget-container\">\n\t\t\t\t\t\t\t\t\t<ul><li><span class=\"OYPEnA font-feature-liga-off font-feature-clig-off font-feature-calt-off text-decoration-none text-strikethrough-none\">Apr\u00e8s avoir obtenu le dipl\u00f4me MAT, tous les participants sont contractuellement tenus d'enseigner en immersion fran\u00e7aise pendant au moins trois ans \u00e0 un niveau scolaire appropri\u00e9 dans une \u00e9cole \u00e9l\u00e9mentaire publique ou publique \u00e0 charte en Louisiane.<\/span><\/li><li><span class=\"OYPEnA font-feature-liga-off font-feature-clig-off font-feature-calt-off text-decoration-none text-strikethrough-none\">Apr\u00e8s avoir termin\u00e9 avec succ\u00e8s le programme MAT du Centenary College of Louisiana, la personne sera consid\u00e9r\u00e9e comme un dipl\u00f4m\u00e9\/enseignant de l'Escadrille Louisiane. Elle pourra b\u00e9n\u00e9ficier d'une allocation de 14 000 $ (fonds MFP), vers\u00e9e sur une p\u00e9riode de 3 ans, tant qu'elle enseignera l'immersion fran\u00e7aise \u00e0 temps plein dans une \u00e9cole primaire publique ou publique \u00e0 charte en Louisiane. En outre, le programme EL attribuera une bourse de 5 000 $ aux participants EL au cours de leur premi\u00e8re ann\u00e9e d'enseignement en tant qu'enseignant dipl\u00f4m\u00e9 et certifi\u00e9 EL. Les bourses et l'allocation sont vers\u00e9es comme suit :<\/span><ul><li><span class=\"OYPEnA font-feature-liga-off font-feature-clig-off font-feature-calt-off text-decoration-none text-strikethrough-none\">Au cours de la premi\u00e8re ann\u00e9e d'enseignement, les participants recevront 11 000 $<\/span><\/li><li><span class=\"OYPEnA font-feature-liga-off font-feature-clig-off font-feature-calt-off text-decoration-none text-strikethrough-none\">Au cours de la deuxi\u00e8me ann\u00e9e d'enseignement, les participants recevront 4 000 $<\/span><\/li><li><span class=\"OYPEnA font-feature-liga-off font-feature-clig-off font-feature-calt-off text-decoration-none text-strikethrough-none\">Au cours de la troisi\u00e8me ann\u00e9e d'enseignement, les participants recevront 4 000 $<\/span><\/li><\/ul><\/li><\/ul>\t\t\t\t\t\t\t\t<\/div>\n\t\t\t\t<\/div>\n\t\t\t\t<\/div>\n\t\t\t\t\t<\/div>\n\t\t\t\t<\/div>\n\t\t<div class=\"elementor-element elementor-element-5dcffeb e-flex e-con-boxed e-con e-parent\" data-id=\"5dcffeb\" data-element_type=\"container\">\n\t\t\t\t\t<div class=\"e-con-inner\">\n\t\t\t\t<div class=\"elementor-element elementor-element-771203d elementor-widget elementor-widget-heading\" data-id=\"771203d\" data-element_type=\"widget\" data-widget_type=\"heading.default\">\n\t\t\t\t<div class=\"elementor-widget-container\">\n\t\t\t\t\t<h2 class=\"elementor-heading-title elementor-size-default\">Exigences<\/h2>\t\t\t\t<\/div>\n\t\t\t\t<\/div>\n\t\t\t\t\t<\/div>\n\t\t\t\t<\/div>\n\t\t<div class=\"elementor-element elementor-element-8393e04 e-flex e-con-boxed e-con e-parent\" data-id=\"8393e04\" data-element_type=\"container\">\n\t\t\t\t\t<div class=\"e-con-inner\">\n\t\t\t\t<div class=\"elementor-element elementor-element-4409276 elementor-widget elementor-widget-text-editor\" data-id=\"4409276\" data-element_type=\"widget\" data-widget_type=\"text-editor.default\">\n\t\t\t\t<div class=\"elementor-widget-container\">\n\t\t\t\t\t\t\t\t\t<div><div><div><p>Les candidats doivent<\/p><\/div><ul><li>\u00catre citoyen des \u00c9tats-Unis ou r\u00e9sident permanent des \u00c9tats-Unis<\/li><li>R\u00e9sider en Louisiane, au Texas, en Arkansas ou au Mississippi<\/li><li>\u00catre \u00e2g\u00e9 de 20 \u00e0 35 ans<\/li><li>Poss\u00e9der un r\u00e9el d\u00e9sir d'enseigner en immersion fran\u00e7aise en Louisiane<\/li><li>Avoir au moins le niveau B1 en fran\u00e7ais selon les normes du DELF ou le niveau interm\u00e9diaire moyen\/haut en fran\u00e7ais selon les normes de l'Oral Proficiency Interview (OPI) de l'ACTFL au moment de la candidature.<\/li><li>Obtenir une licence d'ici mai 2025<\/li><li>Avoir une moyenne g\u00e9n\u00e9rale d'au moins 2,5 (\u00e9chelle de 4,0)<\/li><li>\u00catre \u00e9ligible de retourner dans leur(s) \u00e9tablissement(s) ant\u00e9rieur(s) pour des raisons acad\u00e9miques<\/li><li>\u00catre accept\u00e9 \u00e0 TAPIF (avec placement dans la ville de Rennes) pour l'ann\u00e9e acad\u00e9mique 2025-2026<\/li><li>Se qualifier pour le programme MAT Elementary Education 1-5 du Centenary College de Louisiane<\/li><\/ul><\/div><\/div>\t\t\t\t\t\t\t\t<\/div>\n\t\t\t\t<\/div>\n\t\t\t\t<div class=\"elementor-element elementor-element-1d74031 elementor-widget elementor-widget-heading\" data-id=\"1d74031\" data-element_type=\"widget\" data-widget_type=\"heading.default\">\n\t\t\t\t<div class=\"elementor-widget-container\">\n\t\t\t\t\t<h3 class=\"elementor-heading-title elementor-size-default\">Documents de candidature requis<\/h3>\t\t\t\t<\/div>\n\t\t\t\t<\/div>\n\t\t\t\t<div class=\"elementor-element elementor-element-97bd87a elementor-widget elementor-widget-text-editor\" data-id=\"97bd87a\" data-element_type=\"widget\" data-widget_type=\"text-editor.default\">\n\t\t\t\t<div class=\"elementor-widget-container\">\n\t\t\t\t\t\t\t\t\t<div class=\"elementor-element elementor-element-3822208 elementor-widget elementor-widget-text-editor\" data-id=\"3822208\" data-element_type=\"widget\" data-widget_type=\"text-editor.default\"><div class=\"elementor-widget-container\"><p>Lorsqu'une demande de participation au programme Escadrille Louisiane est soumise, un dossier complet doit comporter chacun des \u00e9l\u00e9ments suivants :<\/p><ul><li>Formulaire de demande<\/li><li>Curriculum vitae<\/li><li>Une lettre de motivation dactylographi\u00e9e en fran\u00e7ais<\/li><li>Une lettre de recommandation de l'un de vos professeurs<\/li><li>R\u00e9sultats de l'entretien consultatif de l'ACTFL sur la comp\u00e9tence orale<ul><li>Si vous avez pass\u00e9 un ACTFL Advisory OPI, un ACTFL Official OPI ou un DELF au cours des 6 derniers mois, nous accepterons vos r\u00e9sultats dans le cadre de votre demande de bourse. Si vous n'avez pas pass\u00e9 l'un des tests susmentionn\u00e9s, vous pouvez planifier un ACTFL Advisory OPI, bas\u00e9 sur les ACTFL Proficiency Guidelines, en contactant Jennifer Rodriguez \u00e0 l'adresse suivante <a href=\"mailto:jrodriguez@crt.la.gov\">jrodriguez@crt.la.gov<\/a>.<\/li><\/ul><\/li><li>Relev\u00e9 de notes officiel de l'universit\u00e9<ul><li>Il nous faut un relev\u00e9 de notes officiel de chaque universit\u00e9 o\u00f9 vous avez obtenu votre dipl\u00f4me. Le bureau du registraire doit envoyer votre relev\u00e9 de notes directement \u00e0 Jennifer Rodriguez \u00e0 l'adresse suivante <a href=\"mailto:jrodriguez@crt.la.gov\">jrodriguez@crt.la.gov<\/a> pour qu'il soit consid\u00e9r\u00e9 comme un relev\u00e9 de notes officiel.<\/li><\/ul><\/li><li>Outre la d\u00e9position d'une demande au CODOFIL pour participer \u00e0 l'Escadrille Louisiane, vous devez \u00e9galement :<ul><li>Soumettre une demande \u00e0 <a href=\"https:\/\/www.tapif.org\/\" target=\"_blank\" rel=\"noopener\">TAPIF<\/a><\/li><li>Candidater pour la ma\u00eetrise \u00e8s arts en \u00e9ducation \u00e9l\u00e9mentaire 1-5 de concentration en immersion fran\u00e7aise \u00e0 <a href=\"https:\/\/www.centenary.edu\/academics\/departments-schools\/education\/program-overview-requirements\/\" target=\"_blank\" rel=\"noopener\">Centenary College of Louisiana.<\/a> MAT Programme d'enseignement \u00e9l\u00e9mentaire 1-5<\/li><\/ul><\/li><\/ul><\/div><\/div>\t\t\t\t\t\t\t\t<\/div>\n\t\t\t\t<\/div>\n\t\t\t\t<div class=\"elementor-element elementor-element-aabddce elementor-widget elementor-widget-heading\" data-id=\"aabddce\" data-element_type=\"widget\" data-widget_type=\"heading.default\">\n\t\t\t\t<div class=\"elementor-widget-container\">\n\t\t\t\t\t<h2 class=\"elementor-heading-title elementor-size-default\">Dates limites de d\u00e9p\u00f4t des candidatures<\/h2>\t\t\t\t<\/div>\n\t\t\t\t<\/div>\n\t\t\t\t\t<\/div>\n\t\t\t\t<\/div>\n\t\t<div class=\"elementor-element elementor-element-1578e52 e-flex e-con-boxed e-con e-parent\" data-id=\"1578e52\" data-element_type=\"container\">\n\t\t\t\t\t<div class=\"e-con-inner\">\n\t\t\t\t<div class=\"elementor-element elementor-element-4002378 elementor-widget elementor-widget-heading\" data-id=\"4002378\" data-element_type=\"widget\" data-widget_type=\"heading.default\">\n\t\t\t\t<div class=\"elementor-widget-container\">\n\t\t\t\t\t<h3 class=\"elementor-heading-title elementor-size-default\">En attente<\/h3>\t\t\t\t<\/div>\n\t\t\t\t<\/div>\n\t\t\t\t<div class=\"elementor-element elementor-element-cadc7b9 elementor-widget elementor-widget-text-editor\" data-id=\"cadc7b9\" data-element_type=\"widget\" data-widget_type=\"text-editor.default\">\n\t\t\t\t<div class=\"elementor-widget-container\">\n\t\t\t\t\t\t\t\t\t<p><span class=\"OYPEnA font-feature-liga-off font-feature-clig-off font-feature-calt-off text-decoration-none text-strikethrough-none\">Date limite de candidature pour TAPIF 2026-2027<\/span><\/p>\t\t\t\t\t\t\t\t<\/div>\n\t\t\t\t<\/div>\n\t\t\t\t\t<\/div>\n\t\t\t\t<\/div>\n\t\t<div class=\"elementor-element elementor-element-ab5bdbe e-flex e-con-boxed e-con e-parent\" data-id=\"ab5bdbe\" data-element_type=\"container\">\n\t\t\t\t\t<div class=\"e-con-inner\">\n\t\t\t\t<div class=\"elementor-element elementor-element-4a185ed elementor-widget elementor-widget-heading\" data-id=\"4a185ed\" data-element_type=\"widget\" data-widget_type=\"heading.default\">\n\t\t\t\t<div class=\"elementor-widget-container\">\n\t\t\t\t\t<h3 class=\"elementor-heading-title elementor-size-default\">13 mars 2026<\/h3>\t\t\t\t<\/div>\n\t\t\t\t<\/div>\n\t\t\t\t<div class=\"elementor-element elementor-element-a2fc98b elementor-widget elementor-widget-text-editor\" data-id=\"a2fc98b\" data-element_type=\"widget\" data-widget_type=\"text-editor.default\">\n\t\t\t\t<div class=\"elementor-widget-container\">\n\t\t\t\t\t\t\t\t\t<p class=\"cvGsUA direction-ltr align-start para-style-body\"><span class=\"OYPEnA font-feature-liga-off font-feature-clig-off font-feature-calt-off text-decoration-none text-strikethrough-none\">Date limite de candidature au programme Escadrille Louisiane<\/span><\/p><p class=\"cvGsUA direction-ltr align-start para-style-body\"><span class=\"OYPEnA font-feature-liga-off font-feature-clig-off font-feature-calt-off text-decoration-none text-strikethrough-none\">Date limite de candidature \u00e0 la Graduate School du Centenary College of Louisiana (programme MAT Elementary Education 1-5)<\/span><\/p>\t\t\t\t\t\t\t\t<\/div>\n\t\t\t\t<\/div>\n\t\t\t\t\t<\/div>\n\t\t\t\t<\/div>\n\t\t<div class=\"elementor-element elementor-element-4b6fda1 e-flex e-con-boxed e-con e-parent\" data-id=\"4b6fda1\" data-element_type=\"container\">\n\t\t\t\t\t<div class=\"e-con-inner\">\n\t\t\t\t<div class=\"elementor-element elementor-element-5521b37 elementor-widget elementor-widget-heading\" data-id=\"5521b37\" data-element_type=\"widget\" data-widget_type=\"heading.default\">\n\t\t\t\t<div class=\"elementor-widget-container\">\n\t\t\t\t\t<h3 class=\"elementor-heading-title elementor-size-default\">avril 2026<\/h3>\t\t\t\t<\/div>\n\t\t\t\t<\/div>\n\t\t\t\t<div class=\"elementor-element elementor-element-f3b6486 elementor-widget elementor-widget-text-editor\" data-id=\"f3b6486\" data-element_type=\"widget\" data-widget_type=\"text-editor.default\">\n\t\t\t\t<div class=\"elementor-widget-container\">\n\t\t\t\t\t\t\t\t\t<p><span class=\"OYPEnA font-feature-liga-off font-feature-clig-off font-feature-calt-off text-decoration-none text-strikethrough-none\">Entretien avec le comit\u00e9 de s\u00e9lection de l'Escadrille Louisiane<\/span><\/p>\t\t\t\t\t\t\t\t<\/div>\n\t\t\t\t<\/div>\n\t\t\t\t\t<\/div>\n\t\t\t\t<\/div>\n\t\t<div class=\"elementor-element elementor-element-94c76a3 e-flex e-con-boxed e-con e-parent\" data-id=\"94c76a3\" data-element_type=\"container\">\n\t\t\t\t\t<div class=\"e-con-inner\">\n\t\t\t\t<div class=\"elementor-element elementor-element-2174ea5 elementor-widget-divider--view-line elementor-widget elementor-widget-divider\" data-id=\"2174ea5\" data-element_type=\"widget\" data-widget_type=\"divider.default\">\n\t\t\t\t<div class=\"elementor-widget-container\">\n\t\t\t\t\t\t\t<div class=\"elementor-divider\">\n\t\t\t<span class=\"elementor-divider-separator\">\n\t\t\t\t\t\t<\/span>\n\t\t<\/div>\n\t\t\t\t\t\t<\/div>\n\t\t\t\t<\/div>\n\t\t\t\t\t<\/div>\n\t\t\t\t<\/div>\n\t\t<div class=\"elementor-element elementor-element-a6a4103 e-flex e-con-boxed e-con e-parent\" data-id=\"a6a4103\" data-element_type=\"container\">\n\t\t\t\t\t<div class=\"e-con-inner\">\n\t\t\t\t<div class=\"elementor-element elementor-element-f2c4a71 elementor-widget elementor-widget-heading\" data-id=\"f2c4a71\" data-element_type=\"widget\" data-widget_type=\"heading.default\">\n\t\t\t\t<div class=\"elementor-widget-container\">\n\t\t\t\t\t<h2 class=\"elementor-heading-title elementor-size-default\">Candidater \u00e0 l'Escadrille Louisiane<\/h2>\t\t\t\t<\/div>\n\t\t\t\t<\/div>\n\t\t\t\t<div class=\"elementor-element elementor-element-b9b7d0a elementor-align-center elementor-widget elementor-widget-button\" data-id=\"b9b7d0a\" data-element_type=\"widget\" data-widget_type=\"button.default\">\n\t\t\t\t<div class=\"elementor-widget-container\">\n\t\t\t\t\t\t\t\t\t<div class=\"elementor-button-wrapper\">\n\t\t\t\t\t<a class=\"elementor-button elementor-button-link elementor-size-sm\" href=\"https:\/\/codofil.org\/fr\/candidater-escadrille-louisiane-centenary-college\/\">\n\t\t\t\t\t\t<span class=\"elementor-button-content-wrapper\">\n\t\t\t\t\t\t\t\t\t<span class=\"elementor-button-text\">Candidater<\/span>\n\t\t\t\t\t<\/span>\n\t\t\t\t\t<\/a>\n\t\t\t\t<\/div>\n\t\t\t\t\t\t\t\t<\/div>\n\t\t\t\t<\/div>\n\t\t\t\t\t<\/div>\n\t\t\t\t<\/div>\n\t\t<div class=\"elementor-element elementor-element-7f92b4b e-flex e-con-boxed e-con e-parent\" data-id=\"7f92b4b\" data-element_type=\"container\">\n\t\t\t\t\t<div class=\"e-con-inner\">\n\t\t\t\t\t<\/div>\n\t\t\t\t<\/div>\n\t\t\t\t<\/div>","protected":false},"excerpt":{"rendered":"<p>This pathway is a 5-year commitment that includes living for a year in Rennes, France, obtaining a Master of Arts in Teaching (MAT) degree in Elementary Education 1-5 from Centenary College of Louisiana, becoming certified to teach French in Louisiana, and being contractually obligated to teach French immersion in Louisiana for at least 3 years&#8230;.<\/p>","protected":false},"author":10,"featured_media":0,"parent":632,"menu_order":0,"comment_status":"closed","ping_status":"closed","template":"","meta":{"_acf_changed":false,"footnotes":"","_links_to":"","_links_to_target":""},"class_list":["post-663","page","type-page","status-publish","hentry"],"acf":[],"_links":{"self":[{"href":"https:\/\/codofil.org\/fr\/wp-json\/wp\/v2\/pages\/663","targetHints":{"allow":["GET"]}}],"collection":[{"href":"https:\/\/codofil.org\/fr\/wp-json\/wp\/v2\/pages"}],"about":[{"href":"https:\/\/codofil.org\/fr\/wp-json\/wp\/v2\/types\/page"}],"author":[{"embeddable":true,"href":"https:\/\/codofil.org\/fr\/wp-json\/wp\/v2\/users\/10"}],"replies":[{"embeddable":true,"href":"https:\/\/codofil.org\/fr\/wp-json\/wp\/v2\/comments?post=663"}],"version-history":[{"count":0,"href":"https:\/\/codofil.org\/fr\/wp-json\/wp\/v2\/pages\/663\/revisions"}],"up":[{"embeddable":true,"href":"https:\/\/codofil.org\/fr\/wp-json\/wp\/v2\/pages\/632"}],"wp:attachment":[{"href":"https:\/\/codofil.org\/fr\/wp-json\/wp\/v2\/media?parent=663"}],"curies":[{"name":"wp","href":"https:\/\/api.w.org\/{rel}","templated":true}]}}