{"id":659,"date":"2025-07-07T08:32:49","date_gmt":"2025-07-07T13:32:49","guid":{"rendered":"https:\/\/codofil1.wpenginepowered.com\/?page_id=659"},"modified":"2026-02-11T11:11:58","modified_gmt":"2026-02-11T17:11:58","slug":"bourses-detudes-professionnelles","status":"publish","type":"page","link":"https:\/\/codofil.org\/fr\/bourses-detudes-professionnelles\/","title":{"rendered":"Bourses professionnelles"},"content":{"rendered":"<div data-elementor-type=\"wp-page\" data-elementor-id=\"659\" class=\"elementor elementor-659\" data-elementor-post-type=\"page\">\n\t\t\t\t<div class=\"elementor-element elementor-element-3503dda e-flex e-con-boxed e-con e-parent\" data-id=\"3503dda\" data-element_type=\"container\">\n\t\t\t\t\t<div class=\"e-con-inner\">\n\t\t<div class=\"elementor-element elementor-element-13ec70a e-con-full e-flex e-con e-child\" data-id=\"13ec70a\" data-element_type=\"container\">\n\t\t\t\t<div class=\"elementor-element elementor-element-6c2fe5b elementor-widget elementor-widget-image\" data-id=\"6c2fe5b\" data-element_type=\"widget\" data-widget_type=\"image.default\">\n\t\t\t\t<div class=\"elementor-widget-container\">\n\t\t\t\t\t\t\t\t\t\t\t\t\t\t\t<img fetchpriority=\"high\" decoding=\"async\" width=\"800\" height=\"600\" src=\"https:\/\/codofil.org\/wp-content\/uploads\/2025\/08\/kalyn-akers.png\" class=\"attachment-large size-large wp-image-1277\" alt=\"\" srcset=\"https:\/\/codofil.org\/wp-content\/uploads\/2025\/08\/kalyn-akers.png 900w, https:\/\/codofil.org\/wp-content\/uploads\/2025\/08\/kalyn-akers-300x225.png 300w, https:\/\/codofil.org\/wp-content\/uploads\/2025\/08\/kalyn-akers-768x576.png 768w, https:\/\/codofil.org\/wp-content\/uploads\/2025\/08\/kalyn-akers-16x12.png 16w\" sizes=\"(max-width: 800px) 100vw, 800px\">\t\t\t\t\t\t\t\t\t\t\t\t\t\t\t<\/div>\n\t\t\t\t<\/div>\n\t\t\t\t<\/div>\n\t\t<div class=\"elementor-element elementor-element-f4a9374 e-con-full e-flex e-con e-child\" data-id=\"f4a9374\" data-element_type=\"container\">\n\t\t\t\t<div class=\"elementor-element elementor-element-6dc20b2 elementor-widget elementor-widget-text-editor\" data-id=\"6dc20b2\" data-element_type=\"widget\" data-widget_type=\"text-editor.default\">\n\t\t\t\t<div class=\"elementor-widget-container\">\n\t\t\t\t\t\t\t\t\t<p><span class=\"OYPEnA font-feature-liga-off font-feature-clig-off font-feature-calt-off text-decoration-none text-strikethrough-none\">Les professionnels et les \u00e9ducateurs de Louisiane peuvent demander une bourse du CODOFIL pour \u00e9tudier le fran\u00e7ais \u00e0 l'\u00e9tranger en France ou au Canada. Ces bourses professionnelles s'adressent \u00e0 ceux qui souhaitent renforcer la pr\u00e9sence du fran\u00e7ais sur leur lieu de travail, qu'il s'agisse d'employ\u00e9s motiv\u00e9s ou de dirigeants d'une organisation.<\/span><\/p>\t\t\t\t\t\t\t\t<\/div>\n\t\t\t\t<\/div>\n\t\t\t\t<\/div>\n\t\t\t\t\t<\/div>\n\t\t\t\t<\/div>\n\t\t<div class=\"elementor-element elementor-element-accc192 e-flex e-con-boxed e-con e-parent\" data-id=\"accc192\" data-element_type=\"container\">\n\t\t\t\t\t<div class=\"e-con-inner\">\n\t\t<div class=\"elementor-element elementor-element-4319318 e-con-full e-flex e-con e-child\" data-id=\"4319318\" data-element_type=\"container\">\n\t\t\t\t<div class=\"elementor-element elementor-element-18cbcb7 elementor-widget elementor-widget-spacer\" data-id=\"18cbcb7\" data-element_type=\"widget\" data-widget_type=\"spacer.default\">\n\t\t\t\t<div class=\"elementor-widget-container\">\n\t\t\t\t\t\t\t<div class=\"elementor-spacer\">\n\t\t\t<div class=\"elementor-spacer-inner\"><\/div>\n\t\t<\/div>\n\t\t\t\t\t\t<\/div>\n\t\t\t\t<\/div>\n\t\t\t\t<div class=\"elementor-element elementor-element-6be3366 elementor-widget elementor-widget-heading\" data-id=\"6be3366\" data-element_type=\"widget\" data-widget_type=\"heading.default\">\n\t\t\t\t<div class=\"elementor-widget-container\">\n\t\t\t\t\t<h2 class=\"elementor-heading-title elementor-size-default\">Exigences<\/h2>\t\t\t\t<\/div>\n\t\t\t\t<\/div>\n\t\t\t\t<div class=\"elementor-element elementor-element-39fa23f elementor-widget elementor-widget-heading\" data-id=\"39fa23f\" data-element_type=\"widget\" data-widget_type=\"heading.default\">\n\t\t\t\t<div class=\"elementor-widget-container\">\n\t\t\t\t\t<h3 class=\"elementor-heading-title elementor-size-default\">Enseignants<\/h3>\t\t\t\t<\/div>\n\t\t\t\t<\/div>\n\t\t\t\t<div class=\"elementor-element elementor-element-41a048a elementor-widget elementor-widget-text-editor\" data-id=\"41a048a\" data-element_type=\"widget\" data-widget_type=\"text-editor.default\">\n\t\t\t\t<div class=\"elementor-widget-container\">\n\t\t\t\t\t\t\t\t\t<p>Tout candidat qui est enseignant doit :<\/p><ul><li>\u00catre citoyen am\u00e9ricain ou r\u00e9sident permanent des \u00c9tats-Unis et r\u00e9sident de la Louisiane<\/li><li>\u00catre un enseignant certifi\u00e9 travaillant \u00e0 plein temps, titulaire d'une salle de classe de la maternelle \u00e0 la 12e ann\u00e9e, en immersion fran\u00e7aise ou en fran\u00e7ais langue seconde dans une \u00e9cole publique ou priv\u00e9e en Louisiane.<\/li><li>Avoir au moins le niveau B2 en fran\u00e7ais selon les <a href=\"https:\/\/www.france-education-international.fr\/en\/hub\/diplomes-tests\" target=\"_blank\" rel=\"noopener\">normes du DELF<\/a> ou le niveau avanc\u00e9 faible\/moyen selon les normes de l'Oral Proficiency Interview (OPI) de l'ACTFL au moment de la candidature.<\/li><\/ul>\t\t\t\t\t\t\t\t<\/div>\n\t\t\t\t<\/div>\n\t\t\t\t<div class=\"elementor-element elementor-element-dc8d42e elementor-widget elementor-widget-heading\" data-id=\"dc8d42e\" data-element_type=\"widget\" data-widget_type=\"heading.default\">\n\t\t\t\t<div class=\"elementor-widget-container\">\n\t\t\t\t\t<h3 class=\"elementor-heading-title elementor-size-default\">Autres professionnels<\/h3>\t\t\t\t<\/div>\n\t\t\t\t<\/div>\n\t\t\t\t<div class=\"elementor-element elementor-element-606fd34 elementor-widget elementor-widget-text-editor\" data-id=\"606fd34\" data-element_type=\"widget\" data-widget_type=\"text-editor.default\">\n\t\t\t\t<div class=\"elementor-widget-container\">\n\t\t\t\t\t\t\t\t\t<p>Tout autre candidat professionnel doit :<\/p><ul><li>\u00catre citoyen am\u00e9ricain ou r\u00e9sident permanent des \u00c9tats-Unis et r\u00e9sident de la Louisiane<\/li><li>\u00c9tre employ\u00e9 en Louisiane<\/li><li>Avoir un fort d\u00e9sir d'am\u00e9liorer son fran\u00e7ais afin de rendre son lieu de travail plus franco-responsable<\/li><\/ul>\t\t\t\t\t\t\t\t<\/div>\n\t\t\t\t<\/div>\n\t\t\t\t<div class=\"elementor-element elementor-element-0b322cc elementor-widget elementor-widget-heading\" data-id=\"0b322cc\" data-element_type=\"widget\" data-widget_type=\"heading.default\">\n\t\t\t\t<div class=\"elementor-widget-container\">\n\t\t\t\t\t<h3 class=\"elementor-heading-title elementor-size-default\">Documents de candidature requis<\/h3>\t\t\t\t<\/div>\n\t\t\t\t<\/div>\n\t\t\t\t<div class=\"elementor-element elementor-element-b87ee9d elementor-widget elementor-widget-text-editor\" data-id=\"b87ee9d\" data-element_type=\"widget\" data-widget_type=\"text-editor.default\">\n\t\t\t\t<div class=\"elementor-widget-container\">\n\t\t\t\t\t\t\t\t\t<div class=\"elementor-element elementor-element-3822208 elementor-widget elementor-widget-text-editor\" data-id=\"3822208\" data-element_type=\"widget\" data-widget_type=\"text-editor.default\"><div class=\"elementor-widget-container\"><p>Lorsqu'une demande de bourse du CODOFIL est soumise, un dossier complet doit contenir chacun des \u00e9l\u00e9ments suivants :<\/p><ul><li>Formulaire de demande<\/li><li>Lettre de motivation, si possible en fran\u00e7ais<\/li><li>Une lettre de recommandation de votre sup\u00e9rieur hi\u00e9rarchique (le cas \u00e9ch\u00e9ant)<\/li><li>R\u00e9sultats de l'entretien consultatif de l'ACTFL sur la comp\u00e9tence orale<\/li><\/ul><\/div><\/div>\t\t\t\t\t\t\t\t<\/div>\n\t\t\t\t<\/div>\n\t\t\t\t<div class=\"elementor-element elementor-element-73cd30e elementor-widget elementor-widget-heading\" data-id=\"73cd30e\" data-element_type=\"widget\" data-widget_type=\"heading.default\">\n\t\t\t\t<div class=\"elementor-widget-container\">\n\t\t\t\t\t<h4 class=\"elementor-heading-title elementor-size-default\">Entretien d'\u00e9valuation de comp\u00e9tence orale<\/h4>\t\t\t\t<\/div>\n\t\t\t\t<\/div>\n\t\t\t\t<div class=\"elementor-element elementor-element-e86f54b elementor-widget elementor-widget-text-editor\" data-id=\"e86f54b\" data-element_type=\"widget\" data-widget_type=\"text-editor.default\">\n\t\t\t\t<div class=\"elementor-widget-container\">\n\t\t\t\t\t\t\t\t\t<p>Les bourses d'\u00e9tudes du CODOFIL exigent aux participants de passer une \u00e9valuation de comp\u00e9tence orale. Si vous avez pass\u00e9 un test de comp\u00e9tence orale consultatif (OPI) <a href=\"https:\/\/www.actfl.org\/\" target=\"_blank\" rel=\"noopener\">de l'ACTFL,<\/a> ou un examen DELF au cours des 6 derniers mois, nous accepterons vos r\u00e9sultats dans le cadre de votre demande de bourse. Si vous n'avez pas pass\u00e9 l'un de ces tests, vous pouvez planifier un OPI consultatif bas\u00e9 sur les lignes directrices de l'ACTFL en contactant Jennifer Rodriguez \u00e0 l'adresse suivante : <a href=\"mailto:jrodriguez@crt.la.gov\">jrodriguez@crt.la.gov<\/a>.<\/p>\t\t\t\t\t\t\t\t<\/div>\n\t\t\t\t<\/div>\n\t\t\t\t<div class=\"elementor-element elementor-element-6b389a3 elementor-widget elementor-widget-heading\" data-id=\"6b389a3\" data-element_type=\"widget\" data-widget_type=\"heading.default\">\n\t\t\t\t<div class=\"elementor-widget-container\">\n\t\t\t\t\t<h2 class=\"elementor-heading-title elementor-size-default\">Informations importantes pour les b\u00e9n\u00e9ficiaires de bourses d'\u00e9tudes<\/h2>\t\t\t\t<\/div>\n\t\t\t\t<\/div>\n\t\t\t\t<div class=\"elementor-element elementor-element-c60bd56 elementor-widget elementor-widget-text-editor\" data-id=\"c60bd56\" data-element_type=\"widget\" data-widget_type=\"text-editor.default\">\n\t\t\t\t<div class=\"elementor-widget-container\">\n\t\t\t\t\t\t\t\t\t<div class=\"elementor-element elementor-element-e731cff elementor-widget elementor-widget-text-editor\" data-id=\"e731cff\" data-element_type=\"widget\" data-widget_type=\"text-editor.default\"><div class=\"elementor-widget-container\"><p>Pour ceux qui se voient offrir une bourse du CODOFIL, il y a des \u00e9tapes importantes \u00e0 franchir avant d'entamer un programme d'immersion.<\/p><ul><li>Tous les boursiers doivent accepter officiellement leur bourse en remplissant les documents requis avant de pouvoir planifier leur voyage.<\/li><li>Un livret de passeport am\u00e9ricain en cours de validit\u00e9 (PAS une carte de passeport) est n\u00e9cessaire pour votre voyage \u00e0 l'\u00e9tranger. Veuillez demander votre livret de passeport d\u00e8s que possible, car il faut g\u00e9n\u00e9ralement compter au moins 6 \u00e0 8 semaines pour le recevoir. Pour plus d'informations, consultez la page consacr\u00e9e aux passeports sur le site internet du <a href=\"https:\/\/travel.state.gov\/content\/travel\/en\/passports.html\" target=\"_blank\" rel=\"noopener\">D\u00e9partement d'\u00c9tat des \u00c9tats-Unis<\/a>.<\/li><li>Tous les boursiers sont tenus de souscrire une assurance voyage comprenant une assurance maladie et une assurance rapatriement. La couverture d'assurance doit \u00eatre effective \u00e0 partir de la date de d\u00e9part des Etats-Unis jusqu'\u00e0 la date de retour aux Etats-Unis. La preuve de l'assurance doit \u00eatre envoy\u00e9e au CODOFIL avant le voyage \u00e0 l'\u00e9tranger.<\/li><li>Dans le cas o\u00f9 un boursier refuse sa bourse apr\u00e8s l'avoir accept\u00e9e et apr\u00e8s avoir re\u00e7u les fonds, il doit imm\u00e9diatement les rembourser au CODOFIL. Le CODOFIL transmettra \u00e0 son tour les fonds au donateur de la bourse.<\/li><li>Tous les b\u00e9n\u00e9ficiaires de bourses seront tenus de r\u00e9aliser une \u00e9valuation du programme et de la soumettre au CODOFIL.<\/li><\/ul><\/div><\/div>\t\t\t\t\t\t\t\t<\/div>\n\t\t\t\t<\/div>\n\t\t\t\t<div class=\"elementor-element elementor-element-6b35c77 elementor-widget elementor-widget-spacer\" data-id=\"6b35c77\" data-element_type=\"widget\" data-widget_type=\"spacer.default\">\n\t\t\t\t<div class=\"elementor-widget-container\">\n\t\t\t\t\t\t\t<div class=\"elementor-spacer\">\n\t\t\t<div class=\"elementor-spacer-inner\"><\/div>\n\t\t<\/div>\n\t\t\t\t\t\t<\/div>\n\t\t\t\t<\/div>\n\t\t\t\t<div class=\"elementor-element elementor-element-a4a9a04 elementor-widget elementor-widget-heading\" data-id=\"a4a9a04\" data-element_type=\"widget\" data-widget_type=\"heading.default\">\n\t\t\t\t<div class=\"elementor-widget-container\">\n\t\t\t\t\t<h2 class=\"elementor-heading-title elementor-size-default\">Bourses professionnelles<\/h2>\t\t\t\t<\/div>\n\t\t\t\t<\/div>\n\t\t\t\t<\/div>\n\t\t\t\t\t<\/div>\n\t\t\t\t<\/div>\n\t\t<aside class=\"elementor-element elementor-element-627283e6 e-con-full callout-pills e-flex e-con e-parent\" data-id=\"627283e6\" data-element_type=\"container\" data-settings=\"{&quot;background_background&quot;:&quot;classic&quot;}\">\n\t\t<div class=\"elementor-element elementor-element-205d1975 e-con-full e-flex e-con e-child\" data-id=\"205d1975\" data-element_type=\"container\">\n\t\t\t\t<div class=\"elementor-element elementor-element-12dcf88 elementor-align-left elementor-widget elementor-widget-button\" data-id=\"12dcf88\" data-element_type=\"widget\" data-widget_type=\"button.default\">\n\t\t\t\t<div class=\"elementor-widget-container\">\n\t\t\t\t\t\t\t\t\t<div class=\"elementor-button-wrapper\">\n\t\t\t\t\t<a class=\"elementor-button elementor-button-link elementor-size-sm\" href=\"https:\/\/codofil.org\/fr\/bourses-etudes\/david-marcantel\/\">\n\t\t\t\t\t\t<span class=\"elementor-button-content-wrapper\">\n\t\t\t\t\t\t\t\t\t<span class=\"elementor-button-text\">Bourse David Marcantel<\/span>\n\t\t\t\t\t<\/span>\n\t\t\t\t\t<\/a>\n\t\t\t\t<\/div>\n\t\t\t\t\t\t\t\t<\/div>\n\t\t\t\t<\/div>\n\t\t\t\t<div class=\"elementor-element elementor-element-66bb7361 elementor-widget elementor-widget-text-editor\" data-id=\"66bb7361\" data-element_type=\"widget\" data-widget_type=\"text-editor.default\">\n\t\t\t\t<div class=\"elementor-widget-container\">\n\t\t\t\t\t\t\t\t\t<div class=\"elementor-element elementor-element-fcf5892 elementor-widget elementor-widget-text-editor\" data-id=\"fcf5892\" data-element_type=\"widget\" data-widget_type=\"text-editor.default\"><div class=\"elementor-widget-container\"><p><span class=\"OYPEnA font-feature-liga-off font-feature-clig-off font-feature-calt-off text-decoration-none text-strikethrough-none\">Centre pour les approches modernes des langues et des m\u00e9dias (CAVILAM)<\/span><\/p><p><span class=\"OYPEnA font-feature-liga-off font-feature-clig-off font-feature-calt-off text-decoration-none text-strikethrough-none\">Lieu : Vichy, France<\/span><\/p><p>Date limite : 27 f\u00e9vrier 2026<\/p><p>Dates du programme : 29 juin - 10 juillet ou 20 juillet - 30 juillet 2026<\/p><p>*R\u00e9serv\u00e9 aux enseignants certifi\u00e9s de fran\u00e7ais langue seconde de la maternelle \u00e0 la 12e ann\u00e9e.<\/p><\/div><\/div>\t\t\t\t\t\t\t\t<\/div>\n\t\t\t\t<\/div>\n\t\t\t\t<div class=\"elementor-element elementor-element-746e1724 elementor-widget elementor-widget-text-editor\" data-id=\"746e1724\" data-element_type=\"widget\" data-widget_type=\"text-editor.default\">\n\t\t\t\t<div class=\"elementor-widget-container\">\n\t\t\t\t\t\t\t\t\t<p>6 000 $<\/p>\t\t\t\t\t\t\t\t<\/div>\n\t\t\t\t<\/div>\n\t\t\t\t<\/div>\n\t\t\t\t<\/aside>\n\t\t<aside class=\"elementor-element elementor-element-d7a733a e-con-full callout-pills e-flex e-con e-parent\" data-id=\"d7a733a\" data-element_type=\"container\" data-settings=\"{&quot;background_background&quot;:&quot;classic&quot;}\">\n\t\t<div class=\"elementor-element elementor-element-40942ab e-con-full e-flex e-con e-child\" data-id=\"40942ab\" data-element_type=\"container\">\n\t\t\t\t<div class=\"elementor-element elementor-element-3ccfa5a elementor-align-left elementor-widget elementor-widget-button\" data-id=\"3ccfa5a\" data-element_type=\"widget\" data-widget_type=\"button.default\">\n\t\t\t\t<div class=\"elementor-widget-container\">\n\t\t\t\t\t\t\t\t\t<div class=\"elementor-button-wrapper\">\n\t\t\t\t\t<a class=\"elementor-button elementor-button-link elementor-size-sm\" href=\"https:\/\/codofil.org\/fr\/bourses-etudes\/jacqueline-billeaudeau-labat\/\">\n\t\t\t\t\t\t<span class=\"elementor-button-content-wrapper\">\n\t\t\t\t\t\t\t\t\t<span class=\"elementor-button-text\">Bourse Jacqueline Billeaudeau Labat<\/span>\n\t\t\t\t\t<\/span>\n\t\t\t\t\t<\/a>\n\t\t\t\t<\/div>\n\t\t\t\t\t\t\t\t<\/div>\n\t\t\t\t<\/div>\n\t\t\t\t<div class=\"elementor-element elementor-element-f08307e elementor-widget elementor-widget-text-editor\" data-id=\"f08307e\" data-element_type=\"widget\" data-widget_type=\"text-editor.default\">\n\t\t\t\t<div class=\"elementor-widget-container\">\n\t\t\t\t\t\t\t\t\t<div class=\"elementor-element elementor-element-fcf5892 elementor-widget elementor-widget-text-editor\" data-id=\"fcf5892\" data-element_type=\"widget\" data-widget_type=\"text-editor.default\"><div class=\"elementor-widget-container\"><div class=\"elementor-element elementor-element-80ce457 elementor-widget elementor-widget-text-editor\" data-id=\"80ce457\" data-element_type=\"widget\" data-widget_type=\"text-editor.default\"><div class=\"elementor-widget-container\"><div><div><div><p><span class=\"OYPEnA font-feature-liga-off font-feature-clig-off font-feature-calt-off text-decoration-none text-strikethrough-none\">Centre pour les approches modernes des langues et des m\u00e9dias (CAVILAM)<\/span><\/p><p><span class=\"OYPEnA font-feature-liga-off font-feature-clig-off font-feature-calt-off text-decoration-none text-strikethrough-none\">Lieu : Vichy, France<\/span><\/p><p><span class=\"OYPEnA font-feature-liga-off font-feature-clig-off font-feature-calt-off text-decoration-none text-strikethrough-none\">Date limite : 27 f\u00e9vrier 2026<\/span><\/p><p>Dates du programme : 29 juin - 10 juillet ou 20 juillet - 30 juillet 2026<\/p><p>*R\u00e9serv\u00e9 aux professeurs de fran\u00e7ais certifi\u00e9s de l'enseignement secondaire<\/p><\/div><\/div><\/div><\/div><\/div><\/div><\/div>\t\t\t\t\t\t\t\t<\/div>\n\t\t\t\t<\/div>\n\t\t\t\t<div class=\"elementor-element elementor-element-253a6e0 elementor-widget elementor-widget-text-editor\" data-id=\"253a6e0\" data-element_type=\"widget\" data-widget_type=\"text-editor.default\">\n\t\t\t\t<div class=\"elementor-widget-container\">\n\t\t\t\t\t\t\t\t\t<p>6 000 $<\/p>\t\t\t\t\t\t\t\t<\/div>\n\t\t\t\t<\/div>\n\t\t\t\t<\/div>\n\t\t\t\t<\/aside>\n\t\t<aside class=\"elementor-element elementor-element-207d90d e-con-full callout-pills e-flex e-con e-parent\" data-id=\"207d90d\" data-element_type=\"container\" data-settings=\"{&quot;background_background&quot;:&quot;classic&quot;}\">\n\t\t<div class=\"elementor-element elementor-element-ba31f2f e-con-full e-flex e-con e-child\" data-id=\"ba31f2f\" data-element_type=\"container\">\n\t\t\t\t<div class=\"elementor-element elementor-element-ba6822a elementor-align-left elementor-widget elementor-widget-button\" data-id=\"ba6822a\" data-element_type=\"widget\" data-widget_type=\"button.default\">\n\t\t\t\t<div class=\"elementor-widget-container\">\n\t\t\t\t\t\t\t\t\t<div class=\"elementor-button-wrapper\">\n\t\t\t\t\t<a class=\"elementor-button elementor-button-link elementor-size-sm\" href=\"https:\/\/codofil.org\/fr\/bourses-etudes\/mavis-arnaud-fruge\/\">\n\t\t\t\t\t\t<span class=\"elementor-button-content-wrapper\">\n\t\t\t\t\t\t\t\t\t<span class=\"elementor-button-text\">Bourse Mavis Arnaud Frug\u00e9<\/span>\n\t\t\t\t\t<\/span>\n\t\t\t\t\t<\/a>\n\t\t\t\t<\/div>\n\t\t\t\t\t\t\t\t<\/div>\n\t\t\t\t<\/div>\n\t\t\t\t<div class=\"elementor-element elementor-element-f1fb84e elementor-widget elementor-widget-text-editor\" data-id=\"f1fb84e\" data-element_type=\"widget\" data-widget_type=\"text-editor.default\">\n\t\t\t\t<div class=\"elementor-widget-container\">\n\t\t\t\t\t\t\t\t\t<div class=\"elementor-element elementor-element-fcf5892 elementor-widget elementor-widget-text-editor\" data-id=\"fcf5892\" data-element_type=\"widget\" data-widget_type=\"text-editor.default\"><div class=\"elementor-widget-container\"><div class=\"elementor-element elementor-element-dd0ddd7 elementor-widget elementor-widget-text-editor\" data-id=\"dd0ddd7\" data-element_type=\"widget\" data-widget_type=\"text-editor.default\"><div class=\"elementor-widget-container\"><p><span class=\"OYPEnA font-feature-liga-off font-feature-clig-off font-feature-calt-off text-decoration-none text-strikethrough-none\">Centre pour les approches modernes des langues et des m\u00e9dias (CAVILAM)<\/span><\/p><p><span class=\"OYPEnA font-feature-liga-off font-feature-clig-off font-feature-calt-off text-decoration-none text-strikethrough-none\">Lieu : Vichy, France<\/span><\/p><p>Date limite : 27 f\u00e9vrier 2026<\/p><p>Dates du programme : 2 semaines entre le 29 juin et le 7 ao\u00fbt 2026<\/p><p>*R\u00e9serv\u00e9 aux enseignants certifi\u00e9s en immersion fran\u00e7aise<\/p><\/div><\/div><\/div><\/div>\t\t\t\t\t\t\t\t<\/div>\n\t\t\t\t<\/div>\n\t\t\t\t<div class=\"elementor-element elementor-element-5af452b elementor-widget elementor-widget-text-editor\" data-id=\"5af452b\" data-element_type=\"widget\" data-widget_type=\"text-editor.default\">\n\t\t\t\t<div class=\"elementor-widget-container\">\n\t\t\t\t\t\t\t\t\t<p>6 000 $<\/p>\t\t\t\t\t\t\t\t<\/div>\n\t\t\t\t<\/div>\n\t\t\t\t<\/div>\n\t\t\t\t<\/aside>\n\t\t<aside class=\"elementor-element elementor-element-5f46b58 e-con-full callout-pills e-flex e-con e-parent\" data-id=\"5f46b58\" data-element_type=\"container\" data-settings=\"{&quot;background_background&quot;:&quot;classic&quot;}\">\n\t\t<div class=\"elementor-element elementor-element-a53da1e e-con-full e-flex e-con e-child\" data-id=\"a53da1e\" data-element_type=\"container\">\n\t\t\t\t<div class=\"elementor-element elementor-element-9ff0d7d elementor-align-left elementor-widget elementor-widget-button\" data-id=\"9ff0d7d\" data-element_type=\"widget\" data-widget_type=\"button.default\">\n\t\t\t\t<div class=\"elementor-widget-container\">\n\t\t\t\t\t\t\t\t\t<div class=\"elementor-button-wrapper\">\n\t\t\t\t\t<a class=\"elementor-button elementor-button-link elementor-size-sm\" href=\"https:\/\/codofil.org\/fr\/bourses-etudes\/professionnels-de-sainte-anne\/\">\n\t\t\t\t\t\t<span class=\"elementor-button-content-wrapper\">\n\t\t\t\t\t\t\t\t\t<span class=\"elementor-button-text\">Bourse d'\u00e9tudes de l'Universit\u00e9 Sainte-Anne<\/span>\n\t\t\t\t\t<\/span>\n\t\t\t\t\t<\/a>\n\t\t\t\t<\/div>\n\t\t\t\t\t\t\t\t<\/div>\n\t\t\t\t<\/div>\n\t\t\t\t<div class=\"elementor-element elementor-element-4f2e162 elementor-widget elementor-widget-text-editor\" data-id=\"4f2e162\" data-element_type=\"widget\" data-widget_type=\"text-editor.default\">\n\t\t\t\t<div class=\"elementor-widget-container\">\n\t\t\t\t\t\t\t\t\t<div class=\"elementor-element elementor-element-fcf5892 elementor-widget elementor-widget-text-editor\" data-id=\"fcf5892\" data-element_type=\"widget\" data-widget_type=\"text-editor.default\"><div class=\"elementor-widget-container\"><div class=\"elementor-element elementor-element-488b8ce elementor-widget elementor-widget-text-editor\" data-id=\"488b8ce\" data-element_type=\"widget\" data-widget_type=\"text-editor.default\"><div class=\"elementor-widget-container\"><p>l'Universit\u00e9 Sainte-Anne<\/p><p>Lieu : Church Point, Nouvelle-\u00c9cosse, Canada<\/p><p>Date limite : 27 f\u00e9vrier 2026<\/p><p><span class=\"OYPEnA font-feature-liga-off font-feature-clig-off font-feature-calt-off text-decoration-none text-strikethrough-none\">Dates du programme : Session de printemps ou d'\u00e9t\u00e9<\/span><\/p><\/div><\/div><\/div><\/div>\t\t\t\t\t\t\t\t<\/div>\n\t\t\t\t<\/div>\n\t\t\t\t<div class=\"elementor-element elementor-element-2f5367a elementor-widget elementor-widget-text-editor\" data-id=\"2f5367a\" data-element_type=\"widget\" data-widget_type=\"text-editor.default\">\n\t\t\t\t<div class=\"elementor-widget-container\">\n\t\t\t\t\t\t\t\t\t<p>1 476 $<\/p>\t\t\t\t\t\t\t\t<\/div>\n\t\t\t\t<\/div>\n\t\t\t\t<\/div>\n\t\t\t\t<\/aside>\n\t\t\t\t<\/div>","protected":false},"excerpt":{"rendered":"<p>Les professionnels et les \u00e9ducateurs de Louisiane peuvent demander une bourse du CODOFIL pour \u00e9tudier le fran\u00e7ais \u00e0 l'\u00e9tranger en France ou au Canada. Ces bourses professionnelles s'adressent \u00e0 ceux qui souhaitent renforcer la pr\u00e9sence du fran\u00e7ais sur leur lieu de travail, qu'il s'agisse de membres du personnel motiv\u00e9s ou de dirigeants d'une organisation. Exigences Enseignants Tous les candidats qui sont des enseignants doivent : \u00catre un...<\/p>","protected":false},"author":10,"featured_media":1277,"parent":0,"menu_order":0,"comment_status":"closed","ping_status":"closed","template":"","meta":{"_acf_changed":false,"footnotes":"","_links_to":"","_links_to_target":""},"class_list":["post-659","page","type-page","status-publish","has-post-thumbnail","hentry"],"acf":[],"_links":{"self":[{"href":"https:\/\/codofil.org\/fr\/wp-json\/wp\/v2\/pages\/659","targetHints":{"allow":["GET"]}}],"collection":[{"href":"https:\/\/codofil.org\/fr\/wp-json\/wp\/v2\/pages"}],"about":[{"href":"https:\/\/codofil.org\/fr\/wp-json\/wp\/v2\/types\/page"}],"author":[{"embeddable":true,"href":"https:\/\/codofil.org\/fr\/wp-json\/wp\/v2\/users\/10"}],"replies":[{"embeddable":true,"href":"https:\/\/codofil.org\/fr\/wp-json\/wp\/v2\/comments?post=659"}],"version-history":[{"count":0,"href":"https:\/\/codofil.org\/fr\/wp-json\/wp\/v2\/pages\/659\/revisions"}],"wp:featuredmedia":[{"embeddable":true,"href":"https:\/\/codofil.org\/fr\/wp-json\/wp\/v2\/media\/1277"}],"wp:attachment":[{"href":"https:\/\/codofil.org\/fr\/wp-json\/wp\/v2\/media?parent=659"}],"curies":[{"name":"wp","href":"https:\/\/api.w.org\/{rel}","templated":true}]}}