{"id":643,"date":"2025-07-01T10:54:49","date_gmt":"2025-07-01T15:54:49","guid":{"rendered":"https:\/\/codofil1.wpenginepowered.com\/?page_id=643"},"modified":"2025-09-15T11:15:39","modified_gmt":"2025-09-15T16:15:39","slug":"bourses-etudes","status":"publish","type":"page","link":"https:\/\/codofil.org\/fr\/bourses-etudes\/","title":{"rendered":"Bourses d'\u00e9tudes"},"content":{"rendered":"<div data-elementor-type=\"wp-page\" data-elementor-id=\"643\" class=\"elementor elementor-643\" data-elementor-post-type=\"page\">\n\t\t\t\t<div class=\"elementor-element elementor-element-61cf8f0 e-flex e-con-boxed e-con e-parent\" data-id=\"61cf8f0\" data-element_type=\"container\">\n\t\t\t\t\t<div class=\"e-con-inner\">\n\t\t<div class=\"elementor-element elementor-element-22a47c1 e-con-full e-flex e-con e-child\" data-id=\"22a47c1\" data-element_type=\"container\">\n\t\t\t\t<div class=\"elementor-element elementor-element-73d1c41 elementor-widget elementor-widget-image\" data-id=\"73d1c41\" data-element_type=\"widget\" data-widget_type=\"image.default\">\n\t\t\t\t<div class=\"elementor-widget-container\">\n\t\t\t\t\t\t\t\t\t\t\t\t\t\t\t<img fetchpriority=\"high\" decoding=\"async\" width=\"800\" height=\"600\" src=\"https:\/\/codofil.org\/wp-content\/uploads\/2025\/07\/Scholarships-1.png\" class=\"attachment-large size-large wp-image-861\" alt=\"Un groupe d&#039;\u00e9tudiants louisianais ayant re\u00e7u une bourse du CODOFIL en Belgique\" srcset=\"https:\/\/codofil.org\/wp-content\/uploads\/2025\/07\/Scholarships-1.png 800w, https:\/\/codofil.org\/wp-content\/uploads\/2025\/07\/Scholarships-1-300x225.png 300w, https:\/\/codofil.org\/wp-content\/uploads\/2025\/07\/Scholarships-1-768x576.png 768w, https:\/\/codofil.org\/wp-content\/uploads\/2025\/07\/Scholarships-1-16x12.png 16w\" sizes=\"(max-width: 800px) 100vw, 800px\" \/>\t\t\t\t\t\t\t\t\t\t\t\t\t\t\t<\/div>\n\t\t\t\t<\/div>\n\t\t\t\t<\/div>\n\t\t<div class=\"elementor-element elementor-element-20802a2 e-con-full e-flex e-con e-child\" data-id=\"20802a2\" data-element_type=\"container\">\n\t\t\t\t<div class=\"elementor-element elementor-element-6c51207 elementor-widget elementor-widget-text-editor\" data-id=\"6c51207\" data-element_type=\"widget\" data-widget_type=\"text-editor.default\">\n\t\t\t\t<div class=\"elementor-widget-container\">\n\t\t\t\t\t\t\t\t\t<h2>S'immerger dans le fran\u00e7ais<\/h2><p>Les bourses du CODOFIL offrent une exp\u00e9rience d'immersion fran\u00e7aise aux lyc\u00e9ens et aux \u00e9tudiants, ainsi qu'aux enseignants et aux professionnels, qui r\u00e9sident actuellement en Louisiane. Depuis 1968, le CODOFIL maintient ce programme gr\u00e2ce \u00e0 <a href=\"https:\/\/lafondationlouisiane.org\/\" target=\"_blank\" rel=\"noopener\">La Fondation Louisiane<\/a>, des gouvernements \u00e9trangers et des universit\u00e9s qui continuent d'offrir la chance aux Louisianais qui souhaitent \u00e9tudier le fran\u00e7ais.<\/p>\t\t\t\t\t\t\t\t<\/div>\n\t\t\t\t<\/div>\n\t\t\t\t<\/div>\n\t\t\t\t\t<\/div>\n\t\t\t\t<\/div>\n\t\t<div class=\"elementor-element elementor-element-3503dda e-flex e-con-boxed e-con e-parent\" data-id=\"3503dda\" data-element_type=\"container\">\n\t\t\t\t\t<div class=\"e-con-inner\">\n\t\t<div class=\"elementor-element elementor-element-2c1ffcb e-grid e-con-full e-con e-child\" data-id=\"2c1ffcb\" data-element_type=\"container\">\n\t\t\t\t<div class=\"elementor-element elementor-element-fff2b45 elementor-widget elementor-widget-text-editor\" data-id=\"fff2b45\" data-element_type=\"widget\" data-widget_type=\"text-editor.default\">\n\t\t\t\t<div class=\"elementor-widget-container\">\n\t\t\t\t\t\t\t\t\t<h2>2,250+<\/h2>\t\t\t\t\t\t\t\t<\/div>\n\t\t\t\t<\/div>\n\t\t\t\t<div class=\"elementor-element elementor-element-cbcf302 elementor-widget elementor-widget-text-editor\" data-id=\"cbcf302\" data-element_type=\"widget\" data-widget_type=\"text-editor.default\">\n\t\t\t\t<div class=\"elementor-widget-container\">\n\t\t\t\t\t\t\t\t\t<h2>3,3 millions $ +<\/h2>\t\t\t\t\t\t\t\t<\/div>\n\t\t\t\t<\/div>\n\t\t\t\t<div class=\"elementor-element elementor-element-0feaf21 elementor-widget elementor-widget-heading\" data-id=\"0feaf21\" data-element_type=\"widget\" data-widget_type=\"heading.default\">\n\t\t\t\t<div class=\"elementor-widget-container\">\n\t\t\t\t\t<h3 class=\"elementor-heading-title elementor-size-default\">Bourses attribu\u00e9es depuis 1980<\/h3>\t\t\t\t<\/div>\n\t\t\t\t<\/div>\n\t\t\t\t<div class=\"elementor-element elementor-element-94fd2d5 elementor-widget elementor-widget-heading\" data-id=\"94fd2d5\" data-element_type=\"widget\" data-widget_type=\"heading.default\">\n\t\t\t\t<div class=\"elementor-widget-container\">\n\t\t\t\t\t<h3 class=\"elementor-heading-title elementor-size-default\">Fonds allou\u00e9s depuis 1980<\/h3>\t\t\t\t<\/div>\n\t\t\t\t<\/div>\n\t\t\t\t<\/div>\n\t\t\t\t\t<\/div>\n\t\t\t\t<\/div>\n\t\t<aside class=\"elementor-element elementor-element-4b060038 callout-pills full-width e-flex e-con-boxed e-con e-parent\" data-id=\"4b060038\" data-element_type=\"container\" data-settings=\"{&quot;background_background&quot;:&quot;classic&quot;}\">\n\t\t\t\t\t<div class=\"e-con-inner\">\n\t\t<div class=\"elementor-element elementor-element-33d5e0c3 e-con-full e-flex e-con e-child\" data-id=\"33d5e0c3\" data-element_type=\"container\">\n\t\t<div class=\"elementor-element elementor-element-3293e011 e-flex e-con-boxed e-con e-child\" data-id=\"3293e011\" data-element_type=\"container\">\n\t\t\t\t\t<div class=\"e-con-inner\">\n\t\t\t\t<div class=\"elementor-element elementor-element-1b228d4d elementor-widget-tablet__width-initial elementor-widget elementor-widget-image\" data-id=\"1b228d4d\" data-element_type=\"widget\" data-widget_type=\"image.default\">\n\t\t\t\t<div class=\"elementor-widget-container\">\n\t\t\t\t\t\t\t\t\t\t\t\t\t\t\t<img decoding=\"async\" width=\"800\" height=\"800\" src=\"https:\/\/codofil.org\/wp-content\/uploads\/2025\/08\/caleb-baham.png\" class=\"attachment-large size-large wp-image-1274\" alt=\"Caleb Baham\" srcset=\"https:\/\/codofil.org\/wp-content\/uploads\/2025\/08\/caleb-baham.png 965w, https:\/\/codofil.org\/wp-content\/uploads\/2025\/08\/caleb-baham-300x300.png 300w, https:\/\/codofil.org\/wp-content\/uploads\/2025\/08\/caleb-baham-150x150.png 150w, https:\/\/codofil.org\/wp-content\/uploads\/2025\/08\/caleb-baham-768x768.png 768w, https:\/\/codofil.org\/wp-content\/uploads\/2025\/08\/caleb-baham-12x12.png 12w\" sizes=\"(max-width: 800px) 100vw, 800px\" \/>\t\t\t\t\t\t\t\t\t\t\t\t\t\t\t<\/div>\n\t\t\t\t<\/div>\n\t\t<div class=\"elementor-element elementor-element-3167492e e-con-full e-flex e-con e-child\" data-id=\"3167492e\" data-element_type=\"container\">\n\t\t\t\t<div class=\"elementor-element elementor-element-17089963 elementor-widget elementor-widget-heading\" data-id=\"17089963\" data-element_type=\"widget\" data-widget_type=\"heading.default\">\n\t\t\t\t<div class=\"elementor-widget-container\">\n\t\t\t\t\t<p class=\"elementor-heading-title elementor-size-default\">\u00ab Je suis all\u00e9 deux fois \u00e0 l'Universit\u00e9 Sainte-Anne en tant que boursier du CODOFIL. Chaque fois, l'exp\u00e9rience a profond\u00e9ment chang\u00e9 ma vie. \u00bb<\/p>\t\t\t\t<\/div>\n\t\t\t\t<\/div>\n\t\t\t\t<div class=\"elementor-element elementor-element-2cefa38e elementor-widget elementor-widget-text-editor\" data-id=\"2cefa38e\" data-element_type=\"widget\" data-widget_type=\"text-editor.default\">\n\t\t\t\t<div class=\"elementor-widget-container\">\n\t\t\t\t\t\t\t\t\t<p>- Caleb Baham, boursier 2024<\/p>\t\t\t\t\t\t\t\t<\/div>\n\t\t\t\t<\/div>\n\t\t\t\t<\/div>\n\t\t\t\t\t<\/div>\n\t\t\t\t<\/div>\n\t\t\t\t<\/div>\n\t\t\t\t\t<\/div>\n\t\t\t\t<\/aside>\n\t\t<div class=\"elementor-element elementor-element-079adc6 e-flex e-con-boxed e-con e-parent\" data-id=\"079adc6\" data-element_type=\"container\">\n\t\t\t\t\t<div class=\"e-con-inner\">\n\t\t\t\t<div class=\"elementor-element elementor-element-475797a elementor-widget elementor-widget-heading\" data-id=\"475797a\" data-element_type=\"widget\" data-widget_type=\"heading.default\">\n\t\t\t\t<div class=\"elementor-widget-container\">\n\t\t\t\t\t<h2 class=\"elementor-heading-title elementor-size-default\">Rejoignez le r\u00e9seau des boursiers du CODOFIL<\/h2>\t\t\t\t<\/div>\n\t\t\t\t<\/div>\n\t\t\t\t<div class=\"elementor-element elementor-element-3c34b86 elementor-widget elementor-widget-text-editor\" data-id=\"3c34b86\" data-element_type=\"widget\" data-widget_type=\"text-editor.default\">\n\t\t\t\t<div class=\"elementor-widget-container\">\n\t\t\t\t\t\t\t\t\t<div><div><div><p><span class=\"OYPEnA font-feature-liga-off font-feature-clig-off font-feature-calt-off text-decoration-none text-strikethrough-none\">Les bourses du CODOFIL sont offertes chaque ann\u00e9e \u00e0 diff\u00e9rents groupes de Louisianais.<\/span> <span class=\"OYPEnA font-feature-liga-off font-feature-clig-off font-feature-calt-off text-decoration-none text-strikethrough-none\">Pour plus d'informations, consultez chaque page ci-dessous.<\/span><\/p><\/div><\/div><\/div>\t\t\t\t\t\t\t\t<\/div>\n\t\t\t\t<\/div>\n\t\t\t\t\t<\/div>\n\t\t\t\t<\/div>\n\t\t<div class=\"elementor-element elementor-element-2dcd5d6 e-flex e-con-boxed e-con e-parent\" data-id=\"2dcd5d6\" data-element_type=\"container\">\n\t\t\t\t\t<div class=\"e-con-inner\">\n\t\t<div class=\"elementor-element elementor-element-65b959a e-con-full e-flex e-con e-child\" data-id=\"65b959a\" data-element_type=\"container\">\n\t\t\t\t<div class=\"elementor-element elementor-element-dd2f7d7 elementor-widget elementor-widget-image\" data-id=\"dd2f7d7\" data-element_type=\"widget\" data-widget_type=\"image.default\">\n\t\t\t\t<div class=\"elementor-widget-container\">\n\t\t\t\t\t\t\t\t\t\t\t\t\t\t\t\t<a href=\"https:\/\/codofil.org\/fr\/bourses-etudes-lyceens\/\">\n\t\t\t\t\t\t\t<img decoding=\"async\" width=\"768\" height=\"576\" src=\"https:\/\/codofil.org\/wp-content\/uploads\/2025\/07\/High-school-scholarships-768x576.png\" class=\"elementor-animation-grow attachment-medium_large size-medium_large wp-image-862\" alt=\"Personnes autour d&#039;un feu qui ont re\u00e7u des bourses d&#039;\u00e9tudes secondaires pour \u00e9tudier le fran\u00e7ais\" srcset=\"https:\/\/codofil.org\/wp-content\/uploads\/2025\/07\/High-school-scholarships-768x576.png 768w, https:\/\/codofil.org\/wp-content\/uploads\/2025\/07\/High-school-scholarships-300x225.png 300w, https:\/\/codofil.org\/wp-content\/uploads\/2025\/07\/High-school-scholarships-16x12.png 16w, https:\/\/codofil.org\/wp-content\/uploads\/2025\/07\/High-school-scholarships.png 800w\" sizes=\"(max-width: 768px) 100vw, 768px\" \/>\t\t\t\t\t\t\t\t<\/a>\n\t\t\t\t\t\t\t\t\t\t\t\t\t\t\t<\/div>\n\t\t\t\t<\/div>\n\t\t\t\t<\/div>\n\t\t<div class=\"elementor-element elementor-element-3fc54a7 e-con-full e-flex e-con e-child\" data-id=\"3fc54a7\" data-element_type=\"container\">\n\t\t\t\t<div class=\"elementor-element elementor-element-470e888 elementor-widget elementor-widget-heading\" data-id=\"470e888\" data-element_type=\"widget\" data-widget_type=\"heading.default\">\n\t\t\t\t<div class=\"elementor-widget-container\">\n\t\t\t\t\t<h3 class=\"elementor-heading-title elementor-size-default\"><a href=\"https:\/\/codofil.org\/fr\/bourses-etudes-lyceens\/\">Lyc\u00e9ens<\/a><\/h3>\t\t\t\t<\/div>\n\t\t\t\t<\/div>\n\t\t\t\t<div class=\"elementor-element elementor-element-976df70 elementor-widget elementor-widget-text-editor\" data-id=\"976df70\" data-element_type=\"widget\" data-widget_type=\"text-editor.default\">\n\t\t\t\t<div class=\"elementor-widget-container\">\n\t\t\t\t\t\t\t\t\t<p><span class=\"OYPEnA font-feature-liga-off font-feature-clig-off font-feature-calt-off text-decoration-none text-strikethrough-none\">En savoir plus sur la proc\u00e9dure de candidature pour les lyc\u00e9ens.<\/span><\/p>\t\t\t\t\t\t\t\t<\/div>\n\t\t\t\t<\/div>\n\t\t\t\t<\/div>\n\t\t\t\t\t<\/div>\n\t\t\t\t<\/div>\n\t\t<div class=\"elementor-element elementor-element-8bba551 e-flex e-con-boxed e-con e-parent\" data-id=\"8bba551\" data-element_type=\"container\">\n\t\t\t\t\t<div class=\"e-con-inner\">\n\t\t<div class=\"elementor-element elementor-element-9bca454 e-con-full e-flex e-con e-child\" data-id=\"9bca454\" data-element_type=\"container\">\n\t\t\t\t<div class=\"elementor-element elementor-element-7e414c9 elementor-widget elementor-widget-image\" data-id=\"7e414c9\" data-element_type=\"widget\" data-widget_type=\"image.default\">\n\t\t\t\t<div class=\"elementor-widget-container\">\n\t\t\t\t\t\t\t\t\t\t\t\t\t\t\t\t<a href=\"https:\/\/codofil.org\/fr\/bourses-detudes-universitaires\/\">\n\t\t\t\t\t\t\t<img loading=\"lazy\" decoding=\"async\" width=\"768\" height=\"576\" src=\"https:\/\/codofil.org\/wp-content\/uploads\/2025\/07\/Professional-scholarships-768x576.png\" class=\"elementor-animation-grow attachment-medium_large size-medium_large wp-image-865\" alt=\"Un groupe de personnes participant \u00e0 un programme d&#039;immersion en fran\u00e7ais et b\u00e9n\u00e9ficiant de bourses d&#039;\u00e9tudes universitaires\" srcset=\"https:\/\/codofil.org\/wp-content\/uploads\/2025\/07\/Professional-scholarships-768x576.png 768w, https:\/\/codofil.org\/wp-content\/uploads\/2025\/07\/Professional-scholarships-300x225.png 300w, https:\/\/codofil.org\/wp-content\/uploads\/2025\/07\/Professional-scholarships-16x12.png 16w, https:\/\/codofil.org\/wp-content\/uploads\/2025\/07\/Professional-scholarships.png 800w\" sizes=\"(max-width: 768px) 100vw, 768px\" \/>\t\t\t\t\t\t\t\t<\/a>\n\t\t\t\t\t\t\t\t\t\t\t\t\t\t\t<\/div>\n\t\t\t\t<\/div>\n\t\t\t\t<\/div>\n\t\t<div class=\"elementor-element elementor-element-352a4e3 e-con-full e-flex e-con e-child\" data-id=\"352a4e3\" data-element_type=\"container\">\n\t\t\t\t<div class=\"elementor-element elementor-element-686d519 elementor-widget elementor-widget-heading\" data-id=\"686d519\" data-element_type=\"widget\" data-widget_type=\"heading.default\">\n\t\t\t\t<div class=\"elementor-widget-container\">\n\t\t\t\t\t<h3 class=\"elementor-heading-title elementor-size-default\"><a href=\"https:\/\/codofil.org\/fr\/bourses-detudes-universitaires\/\">\u00c9tudiants universitaires<\/a><\/h3>\t\t\t\t<\/div>\n\t\t\t\t<\/div>\n\t\t\t\t<div class=\"elementor-element elementor-element-549c168 elementor-widget elementor-widget-text-editor\" data-id=\"549c168\" data-element_type=\"widget\" data-widget_type=\"text-editor.default\">\n\t\t\t\t<div class=\"elementor-widget-container\">\n\t\t\t\t\t\t\t\t\t<p><span class=\"OYPEnA font-feature-liga-off font-feature-clig-off font-feature-calt-off text-decoration-none text-strikethrough-none\">En savoir plus sur les bourses d'\u00e9tudes destin\u00e9es aux \u00e9tudiants universitaires.\u00a0<\/span><\/p>\t\t\t\t\t\t\t\t<\/div>\n\t\t\t\t<\/div>\n\t\t\t\t<\/div>\n\t\t\t\t\t<\/div>\n\t\t\t\t<\/div>\n\t\t<div class=\"elementor-element elementor-element-43fc441 e-flex e-con-boxed e-con e-parent\" data-id=\"43fc441\" data-element_type=\"container\">\n\t\t\t\t\t<div class=\"e-con-inner\">\n\t\t<div class=\"elementor-element elementor-element-5dfc55a e-con-full e-flex e-con e-child\" data-id=\"5dfc55a\" data-element_type=\"container\">\n\t\t\t\t<div class=\"elementor-element elementor-element-0d6865a elementor-widget elementor-widget-image\" data-id=\"0d6865a\" data-element_type=\"widget\" data-widget_type=\"image.default\">\n\t\t\t\t<div class=\"elementor-widget-container\">\n\t\t\t\t\t\t\t\t\t\t\t\t\t\t\t\t<a href=\"https:\/\/codofil.org\/fr\/bourses-detudes-professionnelles\/\">\n\t\t\t\t\t\t\t<img loading=\"lazy\" decoding=\"async\" width=\"768\" height=\"576\" src=\"https:\/\/codofil.org\/wp-content\/uploads\/2025\/08\/kalyn-akers-768x576.png\" class=\"elementor-animation-grow attachment-medium_large size-medium_large wp-image-1277\" alt=\"\" srcset=\"https:\/\/codofil.org\/wp-content\/uploads\/2025\/08\/kalyn-akers-768x576.png 768w, https:\/\/codofil.org\/wp-content\/uploads\/2025\/08\/kalyn-akers-300x225.png 300w, https:\/\/codofil.org\/wp-content\/uploads\/2025\/08\/kalyn-akers-16x12.png 16w, https:\/\/codofil.org\/wp-content\/uploads\/2025\/08\/kalyn-akers.png 900w\" sizes=\"(max-width: 768px) 100vw, 768px\">\t\t\t\t\t\t\t\t<\/a>\n\t\t\t\t\t\t\t\t\t\t\t\t\t\t\t<\/div>\n\t\t\t\t<\/div>\n\t\t\t\t<\/div>\n\t\t<div class=\"elementor-element elementor-element-75a27e6 e-con-full e-flex e-con e-child\" data-id=\"75a27e6\" data-element_type=\"container\">\n\t\t\t\t<div class=\"elementor-element elementor-element-98d10fc elementor-widget elementor-widget-heading\" data-id=\"98d10fc\" data-element_type=\"widget\" data-widget_type=\"heading.default\">\n\t\t\t\t<div class=\"elementor-widget-container\">\n\t\t\t\t\t<h3 class=\"elementor-heading-title elementor-size-default\"><a href=\"https:\/\/codofil.org\/fr\/bourses-detudes-professionnelles\/\">Professionnels et \u00e9ducateurs<\/a><\/h3>\t\t\t\t<\/div>\n\t\t\t\t<\/div>\n\t\t\t\t<div class=\"elementor-element elementor-element-b2e8959 elementor-widget elementor-widget-text-editor\" data-id=\"b2e8959\" data-element_type=\"widget\" data-widget_type=\"text-editor.default\">\n\t\t\t\t<div class=\"elementor-widget-container\">\n\t\t\t\t\t\t\t\t\t<p>Postuler pour<span class=\"OYPEnA font-feature-liga-off font-feature-clig-off font-feature-calt-off text-decoration-none text-strikethrough-none\">les bourses d'\u00e9tudes destin\u00e9es aux professionnels et aux \u00e9ducateurs qui d\u00e9sirent am\u00e9liorer leurs comp\u00e9tences en fran\u00e7ais.<\/span><\/p>\t\t\t\t\t\t\t\t<\/div>\n\t\t\t\t<\/div>\n\t\t\t\t<\/div>\n\t\t\t\t\t<\/div>\n\t\t\t\t<\/div>\n\t\t<div class=\"elementor-element elementor-element-a969e51 e-flex e-con-boxed e-con e-parent\" data-id=\"a969e51\" data-element_type=\"container\">\n\t\t\t\t\t<div class=\"e-con-inner\">\n\t\t<div class=\"elementor-element elementor-element-002151b e-con-full e-flex e-con e-child\" data-id=\"002151b\" data-element_type=\"container\">\n\t\t\t\t<div class=\"elementor-element elementor-element-cc7b1b5 elementor-widget elementor-widget-image\" data-id=\"cc7b1b5\" data-element_type=\"widget\" data-widget_type=\"image.default\">\n\t\t\t\t<div class=\"elementor-widget-container\">\n\t\t\t\t\t\t\t\t\t\t\t\t\t\t\t\t<a href=\"https:\/\/codofil.org\/fr\/bourses-detudes-pour-les-sessions-virtuelles\/\">\n\t\t\t\t\t\t\t<img loading=\"lazy\" decoding=\"async\" width=\"629\" height=\"446\" src=\"https:\/\/codofil.org\/wp-content\/uploads\/2025\/08\/sainte-anne-sign.png\" class=\"elementor-animation-grow attachment-medium_large size-medium_large wp-image-1187\" alt=\"Un panneau \u00e0 l&#039;Universit\u00e9 Sainte-Anne, qui offre des bourses de session virtuelle\" srcset=\"https:\/\/codofil.org\/wp-content\/uploads\/2025\/08\/sainte-anne-sign.png 629w, https:\/\/codofil.org\/wp-content\/uploads\/2025\/08\/sainte-anne-sign-300x213.png 300w, https:\/\/codofil.org\/wp-content\/uploads\/2025\/08\/sainte-anne-sign-18x12.png 18w\" sizes=\"(max-width: 629px) 100vw, 629px\" \/>\t\t\t\t\t\t\t\t<\/a>\n\t\t\t\t\t\t\t\t\t\t\t\t\t\t\t<\/div>\n\t\t\t\t<\/div>\n\t\t\t\t<\/div>\n\t\t<div class=\"elementor-element elementor-element-d8f2a01 e-con-full e-flex e-con e-child\" data-id=\"d8f2a01\" data-element_type=\"container\">\n\t\t\t\t<div class=\"elementor-element elementor-element-b1784e1 elementor-widget elementor-widget-heading\" data-id=\"b1784e1\" data-element_type=\"widget\" data-widget_type=\"heading.default\">\n\t\t\t\t<div class=\"elementor-widget-container\">\n\t\t\t\t\t<h3 class=\"elementor-heading-title elementor-size-default\"><a href=\"https:\/\/codofil.org\/fr\/bourses-detudes-pour-les-sessions-virtuelles\/\">Sessions virtuelles de fran\u00e7ais pour adultes<\/a><\/h3>\t\t\t\t<\/div>\n\t\t\t\t<\/div>\n\t\t\t\t<div class=\"elementor-element elementor-element-d1313c4 elementor-widget elementor-widget-text-editor\" data-id=\"d1313c4\" data-element_type=\"widget\" data-widget_type=\"text-editor.default\">\n\t\t\t\t<div class=\"elementor-widget-container\">\n\t\t\t\t\t\t\t\t\t<p><span class=\"OYPEnA font-feature-liga-off font-feature-clig-off font-feature-calt-off text-decoration-none text-strikethrough-none\">Demandez une bourse pour participer \u00e0 des cours de fran\u00e7ais en ligne avec l'Universit\u00e9 Sainte-Anne.<\/span><\/p>\t\t\t\t\t\t\t\t<\/div>\n\t\t\t\t<\/div>\n\t\t\t\t<\/div>\n\t\t\t\t\t<\/div>\n\t\t\t\t<\/div>\n\t\t\t\t<\/div>","protected":false},"excerpt":{"rendered":"<p>S'immerger dans le fran\u00e7ais Les bourses du CODOFIL offrent une exp\u00e9rience d'immersion en fran\u00e7ais aux lyc\u00e9ens et aux \u00e9tudiants, ainsi qu'aux enseignants et aux professionnels, qui r\u00e9sident actuellement en Louisiane. Depuis 1968, le CODOFIL a maintenu ce programme gr\u00e2ce \u00e0 La Fondation Louisiane, aux gouvernements \u00e9trangers et aux partenaires universitaires qui continuent \u00e0 offrir des opportunit\u00e9s aux Louisianais qui veulent...<\/p>","protected":false},"author":10,"featured_media":861,"parent":0,"menu_order":0,"comment_status":"closed","ping_status":"closed","template":"","meta":{"_acf_changed":false,"footnotes":"","_links_to":"","_links_to_target":""},"class_list":["post-643","page","type-page","status-publish","has-post-thumbnail","hentry"],"acf":[],"_links":{"self":[{"href":"https:\/\/codofil.org\/fr\/wp-json\/wp\/v2\/pages\/643","targetHints":{"allow":["GET"]}}],"collection":[{"href":"https:\/\/codofil.org\/fr\/wp-json\/wp\/v2\/pages"}],"about":[{"href":"https:\/\/codofil.org\/fr\/wp-json\/wp\/v2\/types\/page"}],"author":[{"embeddable":true,"href":"https:\/\/codofil.org\/fr\/wp-json\/wp\/v2\/users\/10"}],"replies":[{"embeddable":true,"href":"https:\/\/codofil.org\/fr\/wp-json\/wp\/v2\/comments?post=643"}],"version-history":[{"count":0,"href":"https:\/\/codofil.org\/fr\/wp-json\/wp\/v2\/pages\/643\/revisions"}],"wp:featuredmedia":[{"embeddable":true,"href":"https:\/\/codofil.org\/fr\/wp-json\/wp\/v2\/media\/861"}],"wp:attachment":[{"href":"https:\/\/codofil.org\/fr\/wp-json\/wp\/v2\/media?parent=643"}],"curies":[{"name":"wp","href":"https:\/\/api.w.org\/{rel}","templated":true}]}}