{"id":632,"date":"2025-06-30T12:40:22","date_gmt":"2025-06-30T17:40:22","guid":{"rendered":"https:\/\/codofil1.wpenginepowered.com\/?page_id=632"},"modified":"2025-09-04T15:13:13","modified_gmt":"2025-09-04T20:13:13","slug":"escadrille-louisiane","status":"publish","type":"page","link":"https:\/\/codofil.org\/fr\/escadrille-louisiane\/","title":{"rendered":"Escadrille Louisiane"},"content":{"rendered":"<div data-elementor-type=\"wp-page\" data-elementor-id=\"632\" class=\"elementor elementor-632\" data-elementor-post-type=\"page\">\n\t\t\t\t<div class=\"elementor-element elementor-element-d822d8b e-flex e-con-boxed e-con e-parent\" data-id=\"d822d8b\" data-element_type=\"container\">\n\t\t\t\t\t<div class=\"e-con-inner\">\n\t\t<div class=\"elementor-element elementor-element-200fb90 e-con-full e-flex e-con e-child\" data-id=\"200fb90\" data-element_type=\"container\">\n\t\t\t\t<div class=\"elementor-element elementor-element-2b9b48b elementor-widget elementor-widget-image\" data-id=\"2b9b48b\" data-element_type=\"widget\" data-widget_type=\"image.default\">\n\t\t\t\t<div class=\"elementor-widget-container\">\n\t\t\t\t\t\t\t\t\t\t\t\t\t\t\t<img fetchpriority=\"high\" decoding=\"async\" width=\"800\" height=\"533\" src=\"https:\/\/codofil.org\/wp-content\/uploads\/2025\/07\/escadrille-louisiane.png\" class=\"attachment-large size-large wp-image-867\" alt=\"Lainey Pickett, dipl\u00f4m\u00e9e d&#039;Escadrille Louisiane, enseigne dans une salle de classe.\" srcset=\"https:\/\/codofil.org\/wp-content\/uploads\/2025\/07\/escadrille-louisiane.png 800w, https:\/\/codofil.org\/wp-content\/uploads\/2025\/07\/escadrille-louisiane-300x200.png 300w, https:\/\/codofil.org\/wp-content\/uploads\/2025\/07\/escadrille-louisiane-768x512.png 768w, https:\/\/codofil.org\/wp-content\/uploads\/2025\/07\/escadrille-louisiane-18x12.png 18w\" sizes=\"(max-width: 800px) 100vw, 800px\" \/>\t\t\t\t\t\t\t\t\t\t\t\t\t\t\t<\/div>\n\t\t\t\t<\/div>\n\t\t\t\t<\/div>\n\t\t<div class=\"elementor-element elementor-element-84281dc e-con-full e-flex e-con e-child\" data-id=\"84281dc\" data-element_type=\"container\">\n\t\t\t\t<div class=\"elementor-element elementor-element-99860b7 elementor-widget elementor-widget-text-editor\" data-id=\"99860b7\" data-element_type=\"widget\" data-widget_type=\"text-editor.default\">\n\t\t\t\t<div class=\"elementor-widget-container\">\n\t\t\t\t\t\t\t\t\t<h2>Enseigner le fran\u00e7ais en immersion en Louisiane<\/h2><p>Le programme Escadrille Louisiane est financ\u00e9 par La Fondation Louisiane qui offre une assistance financi\u00e8re et technique aux Louisianais qui souhaitent enseigner dans une \u00e9cole d'immersion fran\u00e7aise en Louisiane. Les participants au programme peuvent choisir parmi quatre parcours diff\u00e9rents, qui comprennent l'obtention d'une ma\u00eetrise, l'am\u00e9lioration des certifications d'enseignement actuelles ou l'obtention d'un certificat d'aptitude \u00e0 l'enseignement \u00e9l\u00e9mentaire.<\/p>\t\t\t\t\t\t\t\t<\/div>\n\t\t\t\t<\/div>\n\t\t\t\t<\/div>\n\t\t\t\t\t<\/div>\n\t\t\t\t<\/div>\n\t\t<div class=\"elementor-element elementor-element-3503dda e-flex e-con-boxed e-con e-parent\" data-id=\"3503dda\" data-element_type=\"container\">\n\t\t\t\t\t<div class=\"e-con-inner\">\n\t\t<div class=\"elementor-element elementor-element-2c1ffcb e-grid e-con-full e-con e-child\" data-id=\"2c1ffcb\" data-element_type=\"container\">\n\t\t\t\t<div class=\"elementor-element elementor-element-fff2b45 elementor-widget elementor-widget-text-editor\" data-id=\"fff2b45\" data-element_type=\"widget\" data-widget_type=\"text-editor.default\">\n\t\t\t\t<div class=\"elementor-widget-container\">\n\t\t\t\t\t\t\t\t\t<h2>49<\/h2>\t\t\t\t\t\t\t\t<\/div>\n\t\t\t\t<\/div>\n\t\t\t\t<div class=\"elementor-element elementor-element-cbcf302 elementor-widget elementor-widget-text-editor\" data-id=\"cbcf302\" data-element_type=\"widget\" data-widget_type=\"text-editor.default\">\n\t\t\t\t<div class=\"elementor-widget-container\">\n\t\t\t\t\t\t\t\t\t<h2>16<\/h2>\t\t\t\t\t\t\t\t<\/div>\n\t\t\t\t<\/div>\n\t\t\t\t<div class=\"elementor-element elementor-element-aa81dbc elementor-widget elementor-widget-text-editor\" data-id=\"aa81dbc\" data-element_type=\"widget\" data-widget_type=\"text-editor.default\">\n\t\t\t\t<div class=\"elementor-widget-container\">\n\t\t\t\t\t\t\t\t\t<h3 class=\"cvGsUA direction-ltr align-start para-style-body\"><span class=\"OYPEnA font-feature-liga-off font-feature-clig-off font-feature-calt-off text-decoration-none text-strikethrough-none\"> Dipl\u00f4m\u00e9s de l'Escadrille Louisiane<\/span><\/h3>\t\t\t\t\t\t\t\t<\/div>\n\t\t\t\t<\/div>\n\t\t\t\t<div class=\"elementor-element elementor-element-fb81ef7 elementor-widget elementor-widget-text-editor\" data-id=\"fb81ef7\" data-element_type=\"widget\" data-widget_type=\"text-editor.default\">\n\t\t\t\t<div class=\"elementor-widget-container\">\n\t\t\t\t\t\t\t\t\t<h3 class=\"cvGsUA direction-ltr align-start para-style-body\"><span class=\"OYPEnA font-feature-liga-off font-feature-clig-off font-feature-calt-off text-decoration-none text-strikethrough-none\">\u00c9coles employant un dipl\u00f4m\u00e9<\/span><\/h3>\t\t\t\t\t\t\t\t<\/div>\n\t\t\t\t<\/div>\n\t\t\t\t<\/div>\n\t\t\t\t\t<\/div>\n\t\t\t\t<\/div>\n\t\t<aside class=\"elementor-element elementor-element-447ddf30 callout-pills full-width e-flex e-con-boxed e-con e-parent\" data-id=\"447ddf30\" data-element_type=\"container\" data-settings=\"{&quot;background_background&quot;:&quot;classic&quot;}\">\n\t\t\t\t\t<div class=\"e-con-inner\">\n\t\t<div class=\"elementor-element elementor-element-79e91d66 e-con-full e-flex e-con e-child\" data-id=\"79e91d66\" data-element_type=\"container\">\n\t\t<div class=\"elementor-element elementor-element-3b158e3f e-flex e-con-boxed e-con e-child\" data-id=\"3b158e3f\" data-element_type=\"container\">\n\t\t\t\t\t<div class=\"e-con-inner\">\n\t\t\t\t<div class=\"elementor-element elementor-element-756b9af7 elementor-widget elementor-widget-image\" data-id=\"756b9af7\" data-element_type=\"widget\" data-widget_type=\"image.default\">\n\t\t\t\t<div class=\"elementor-widget-container\">\n\t\t\t\t\t\t\t\t\t\t\t\t\t\t\t<img decoding=\"async\" width=\"700\" height=\"704\" src=\"https:\/\/codofil.org\/wp-content\/uploads\/2025\/08\/lyle-alford.png\" class=\"attachment-large size-large wp-image-1270\" alt=\"Lyle Alford\" srcset=\"https:\/\/codofil.org\/wp-content\/uploads\/2025\/08\/lyle-alford.png 700w, https:\/\/codofil.org\/wp-content\/uploads\/2025\/08\/lyle-alford-298x300.png 298w, https:\/\/codofil.org\/wp-content\/uploads\/2025\/08\/lyle-alford-150x150.png 150w, https:\/\/codofil.org\/wp-content\/uploads\/2025\/08\/lyle-alford-12x12.png 12w\" sizes=\"(max-width: 700px) 100vw, 700px\" \/>\t\t\t\t\t\t\t\t\t\t\t\t\t\t\t<\/div>\n\t\t\t\t<\/div>\n\t\t<div class=\"elementor-element elementor-element-fbde6a9 e-con-full e-flex e-con e-child\" data-id=\"fbde6a9\" data-element_type=\"container\">\n\t\t\t\t<div class=\"elementor-element elementor-element-6db75e13 elementor-widget elementor-widget-heading\" data-id=\"6db75e13\" data-element_type=\"widget\" data-widget_type=\"heading.default\">\n\t\t\t\t<div class=\"elementor-widget-container\">\n\t\t\t\t\t<p class=\"elementor-heading-title elementor-size-default\">\u00ab L\u2019Escadrille Louisiane m\u2019a pr\u00e9par\u00e9 \u00e0 enseigner dans une salle de classe en immersion en me permettant d\u2019am\u00e9liorer mon fran\u00e7ais, en d\u00e9veloppant ma compr\u00e9hension de la p\u00e9dagogie et en renfor\u00e7ant mon engagement \u00e0 travailler pour am\u00e9liorer la Louisiane. \u00bb <\/p>\t\t\t\t<\/div>\n\t\t\t\t<\/div>\n\t\t\t\t<div class=\"elementor-element elementor-element-76fe945 elementor-widget elementor-widget-text-editor\" data-id=\"76fe945\" data-element_type=\"widget\" data-widget_type=\"text-editor.default\">\n\t\t\t\t<div class=\"elementor-widget-container\">\n\t\t\t\t\t\t\t\t\t<p>- Lyle Alford, Escadrille Louisiane promotion de 2023 et enseignant \u00e0 l'\u00c9cole Saint-Landry<\/p>\t\t\t\t\t\t\t\t<\/div>\n\t\t\t\t<\/div>\n\t\t\t\t<\/div>\n\t\t\t\t\t<\/div>\n\t\t\t\t<\/div>\n\t\t\t\t<\/div>\n\t\t\t\t\t<\/div>\n\t\t\t\t<\/aside>\n\t\t<div class=\"elementor-element elementor-element-079adc6 e-flex e-con-boxed e-con e-parent\" data-id=\"079adc6\" data-element_type=\"container\">\n\t\t\t\t\t<div class=\"e-con-inner\">\n\t\t\t\t<div class=\"elementor-element elementor-element-475797a elementor-widget elementor-widget-heading\" data-id=\"475797a\" data-element_type=\"widget\" data-widget_type=\"heading.default\">\n\t\t\t\t<div class=\"elementor-widget-container\">\n\t\t\t\t\t<h2 class=\"elementor-heading-title elementor-size-default\">Parcours de l'Escadrille Louisiane<\/h2>\t\t\t\t<\/div>\n\t\t\t\t<\/div>\n\t\t\t\t<div class=\"elementor-element elementor-element-3c34b86 elementor-widget elementor-widget-text-editor\" data-id=\"3c34b86\" data-element_type=\"widget\" data-widget_type=\"text-editor.default\">\n\t\t\t\t<div class=\"elementor-widget-container\">\n\t\t\t\t\t\t\t\t\t<div><div><div><p>Il existe quatre fa\u00e7ons diff\u00e9rentes de participer \u00e0 l'Escadrille Louisiane, chacune d'entre elles \u00e9tant assortie de lignes directrices, d'exigences et de d\u00e9lais sp\u00e9cifiques. Pour plus d'informations, consultez chaque page ci-dessous.<\/p><\/div><\/div><\/div>\t\t\t\t\t\t\t\t<\/div>\n\t\t\t\t<\/div>\n\t\t\t\t\t<\/div>\n\t\t\t\t<\/div>\n\t\t<div class=\"elementor-element elementor-element-2dcd5d6 e-flex e-con-boxed e-con e-parent\" data-id=\"2dcd5d6\" data-element_type=\"container\">\n\t\t\t\t\t<div class=\"e-con-inner\">\n\t\t<div class=\"elementor-element elementor-element-65b959a e-con-full e-flex e-con e-child\" data-id=\"65b959a\" data-element_type=\"container\">\n\t\t\t\t<div class=\"elementor-element elementor-element-dd2f7d7 elementor-widget elementor-widget-image\" data-id=\"dd2f7d7\" data-element_type=\"widget\" data-widget_type=\"image.default\">\n\t\t\t\t<div class=\"elementor-widget-container\">\n\t\t\t\t\t\t\t\t\t\t\t\t\t\t\t\t<a href=\"https:\/\/codofil.org\/fr\/maitrise-arts-centenary\/\">\n\t\t\t\t\t\t\t<img decoding=\"async\" width=\"768\" height=\"576\" src=\"https:\/\/codofil.org\/wp-content\/uploads\/2025\/07\/escadrille-louisiane-centenary-college-768x576.png\" class=\"elementor-animation-grow attachment-medium_large size-medium_large wp-image-869\" alt=\"Dipl\u00f4m\u00e9s de l&#039;Escadrille Louisiane du Centenary College de Louisiane\" srcset=\"https:\/\/codofil.org\/wp-content\/uploads\/2025\/07\/escadrille-louisiane-centenary-college-768x576.png 768w, https:\/\/codofil.org\/wp-content\/uploads\/2025\/07\/escadrille-louisiane-centenary-college-300x225.png 300w, https:\/\/codofil.org\/wp-content\/uploads\/2025\/07\/escadrille-louisiane-centenary-college-16x12.png 16w, https:\/\/codofil.org\/wp-content\/uploads\/2025\/07\/escadrille-louisiane-centenary-college.png 900w\" sizes=\"(max-width: 768px) 100vw, 768px\" \/>\t\t\t\t\t\t\t\t<\/a>\n\t\t\t\t\t\t\t\t\t\t\t\t\t\t\t<\/div>\n\t\t\t\t<\/div>\n\t\t\t\t<\/div>\n\t\t<div class=\"elementor-element elementor-element-3fc54a7 e-con-full e-flex e-con e-child\" data-id=\"3fc54a7\" data-element_type=\"container\">\n\t\t\t\t<div class=\"elementor-element elementor-element-470e888 elementor-widget elementor-widget-heading\" data-id=\"470e888\" data-element_type=\"widget\" data-widget_type=\"heading.default\">\n\t\t\t\t<div class=\"elementor-widget-container\">\n\t\t\t\t\t<h3 class=\"elementor-heading-title elementor-size-default\"><a href=\"https:\/\/codofil.org\/fr\/maitrise-arts-centenary\/\">Ma\u00eetrise \u00e8s arts en enseignement \u00e9l\u00e9mentaire au Centenary College<\/a><\/h3>\t\t\t\t<\/div>\n\t\t\t\t<\/div>\n\t\t\t\t<div class=\"elementor-element elementor-element-976df70 elementor-widget elementor-widget-text-editor\" data-id=\"976df70\" data-element_type=\"widget\" data-widget_type=\"text-editor.default\">\n\t\t\t\t<div class=\"elementor-widget-container\">\n\t\t\t\t\t\t\t\t\t<p><span class=\"OYPEnA font-feature-liga-off font-feature-clig-off font-feature-calt-off text-decoration-none text-strikethrough-none\">Obtenir une ma\u00eetrise en enseignement et vivre une ann\u00e9e en France.<\/span><\/p>\t\t\t\t\t\t\t\t<\/div>\n\t\t\t\t<\/div>\n\t\t\t\t<\/div>\n\t\t\t\t\t<\/div>\n\t\t\t\t<\/div>\n\t\t<div class=\"elementor-element elementor-element-8bba551 e-flex e-con-boxed e-con e-parent\" data-id=\"8bba551\" data-element_type=\"container\">\n\t\t\t\t\t<div class=\"e-con-inner\">\n\t\t<div class=\"elementor-element elementor-element-9bca454 e-con-full e-flex e-con e-child\" data-id=\"9bca454\" data-element_type=\"container\">\n\t\t\t\t<div class=\"elementor-element elementor-element-7e414c9 elementor-widget elementor-widget-image\" data-id=\"7e414c9\" data-element_type=\"widget\" data-widget_type=\"image.default\">\n\t\t\t\t<div class=\"elementor-widget-container\">\n\t\t\t\t\t\t\t\t\t\t\t\t\t\t\t\t<a href=\"https:\/\/codofil.org\/fr\/ul-lafayette\/\">\n\t\t\t\t\t\t\t<img loading=\"lazy\" decoding=\"async\" width=\"768\" height=\"576\" src=\"https:\/\/codofil.org\/wp-content\/uploads\/2025\/08\/shelby-boling-768x576.png\" class=\"elementor-animation-grow attachment-medium_large size-medium_large wp-image-1271\" alt=\"Shelby Boling\" srcset=\"https:\/\/codofil.org\/wp-content\/uploads\/2025\/08\/shelby-boling-768x576.png 768w, https:\/\/codofil.org\/wp-content\/uploads\/2025\/08\/shelby-boling-300x225.png 300w, https:\/\/codofil.org\/wp-content\/uploads\/2025\/08\/shelby-boling-16x12.png 16w, https:\/\/codofil.org\/wp-content\/uploads\/2025\/08\/shelby-boling.png 900w\" sizes=\"(max-width: 768px) 100vw, 768px\" \/>\t\t\t\t\t\t\t\t<\/a>\n\t\t\t\t\t\t\t\t\t\t\t\t\t\t\t<\/div>\n\t\t\t\t<\/div>\n\t\t\t\t<\/div>\n\t\t<div class=\"elementor-element elementor-element-352a4e3 e-con-full e-flex e-con e-child\" data-id=\"352a4e3\" data-element_type=\"container\">\n\t\t\t\t<div class=\"elementor-element elementor-element-686d519 elementor-widget elementor-widget-heading\" data-id=\"686d519\" data-element_type=\"widget\" data-widget_type=\"heading.default\">\n\t\t\t\t<div class=\"elementor-widget-container\">\n\t\t\t\t\t<h3 class=\"elementor-heading-title elementor-size-default\"><a href=\"https:\/\/codofil.org\/fr\/ul-lafayette\/\">Ma\u00eetrise \u00e8s arts en enseignement \u00e9l\u00e9mentaire \u00e0 l'UL-Lafayette<\/a><\/h3>\t\t\t\t<\/div>\n\t\t\t\t<\/div>\n\t\t\t\t<div class=\"elementor-element elementor-element-549c168 elementor-widget elementor-widget-text-editor\" data-id=\"549c168\" data-element_type=\"widget\" data-widget_type=\"text-editor.default\">\n\t\t\t\t<div class=\"elementor-widget-container\">\n\t\t\t\t\t\t\t\t\t<p><span class=\"OYPEnA font-feature-liga-off font-feature-clig-off font-feature-calt-off text-decoration-none text-strikethrough-none\">Obtenir une ma\u00eetrise en enseignement \u00e0 l'Universit\u00e9 de Louisiane \u00e0 Lafayette.<\/span><\/p>\t\t\t\t\t\t\t\t<\/div>\n\t\t\t\t<\/div>\n\t\t\t\t<\/div>\n\t\t\t\t\t<\/div>\n\t\t\t\t<\/div>\n\t\t<div class=\"elementor-element elementor-element-43fc441 e-flex e-con-boxed e-con e-parent\" data-id=\"43fc441\" data-element_type=\"container\">\n\t\t\t\t\t<div class=\"e-con-inner\">\n\t\t<div class=\"elementor-element elementor-element-5dfc55a e-con-full e-flex e-con e-child\" data-id=\"5dfc55a\" data-element_type=\"container\">\n\t\t\t\t<div class=\"elementor-element elementor-element-0d6865a elementor-widget elementor-widget-image\" data-id=\"0d6865a\" data-element_type=\"widget\" data-widget_type=\"image.default\">\n\t\t\t\t<div class=\"elementor-widget-container\">\n\t\t\t\t\t\t\t\t\t\t\t\t\t\t\t\t<a href=\"https:\/\/codofil.org\/fr\/professeur-certifie-immersion-francaise\/\">\n\t\t\t\t\t\t\t<img loading=\"lazy\" decoding=\"async\" width=\"768\" height=\"576\" src=\"https:\/\/codofil.org\/wp-content\/uploads\/2025\/08\/escadrille-louisiane-teacher-768x576.png\" class=\"elementor-animation-grow attachment-medium_large size-medium_large wp-image-1219\" alt=\"Enseignant de l&#039;Escadrille Louisiane \u00e0 Myrtle Place.\" srcset=\"https:\/\/codofil.org\/wp-content\/uploads\/2025\/08\/escadrille-louisiane-teacher-768x576.png 768w, https:\/\/codofil.org\/wp-content\/uploads\/2025\/08\/escadrille-louisiane-teacher-300x225.png 300w, https:\/\/codofil.org\/wp-content\/uploads\/2025\/08\/escadrille-louisiane-teacher-16x12.png 16w, https:\/\/codofil.org\/wp-content\/uploads\/2025\/08\/escadrille-louisiane-teacher.png 900w\" sizes=\"(max-width: 768px) 100vw, 768px\" \/>\t\t\t\t\t\t\t\t<\/a>\n\t\t\t\t\t\t\t\t\t\t\t\t\t\t\t<\/div>\n\t\t\t\t<\/div>\n\t\t\t\t<\/div>\n\t\t<div class=\"elementor-element elementor-element-75a27e6 e-con-full e-flex e-con e-child\" data-id=\"75a27e6\" data-element_type=\"container\">\n\t\t\t\t<div class=\"elementor-element elementor-element-98d10fc elementor-widget elementor-widget-heading\" data-id=\"98d10fc\" data-element_type=\"widget\" data-widget_type=\"heading.default\">\n\t\t\t\t<div class=\"elementor-widget-container\">\n\t\t\t\t\t<h3 class=\"elementor-heading-title elementor-size-default\"><a href=\"https:\/\/codofil.org\/fr\/professeur-certifie-immersion-francaise\/\">Devenir professeur certifi\u00e9 d'immersion fran\u00e7aise<\/a><\/h3>\t\t\t\t<\/div>\n\t\t\t\t<\/div>\n\t\t\t\t<div class=\"elementor-element elementor-element-b2e8959 elementor-widget elementor-widget-text-editor\" data-id=\"b2e8959\" data-element_type=\"widget\" data-widget_type=\"text-editor.default\">\n\t\t\t\t<div class=\"elementor-widget-container\">\n\t\t\t\t\t\t\t\t\t<p><span class=\"OYPEnA font-feature-liga-off font-feature-clig-off font-feature-calt-off text-decoration-none text-strikethrough-none\">Obtenir un certificat pour enseigner le fran\u00e7ais en Louisiane.<\/span><\/p>\t\t\t\t\t\t\t\t<\/div>\n\t\t\t\t<\/div>\n\t\t\t\t<\/div>\n\t\t\t\t\t<\/div>\n\t\t\t\t<\/div>\n\t\t<div class=\"elementor-element elementor-element-a969e51 e-flex e-con-boxed e-con e-parent\" data-id=\"a969e51\" data-element_type=\"container\">\n\t\t\t\t\t<div class=\"e-con-inner\">\n\t\t<div class=\"elementor-element elementor-element-002151b e-con-full e-flex e-con e-child\" data-id=\"002151b\" data-element_type=\"container\">\n\t\t\t\t<div class=\"elementor-element elementor-element-cc7b1b5 elementor-widget elementor-widget-image\" data-id=\"cc7b1b5\" data-element_type=\"widget\" data-widget_type=\"image.default\">\n\t\t\t\t<div class=\"elementor-widget-container\">\n\t\t\t\t\t\t\t\t\t\t\t\t\t\t\t\t<a href=\"https:\/\/codofil.org\/fr\/escadrille-louisiane\/enseignants-certifies\/\">\n\t\t\t\t\t\t\t<img loading=\"lazy\" decoding=\"async\" width=\"768\" height=\"576\" src=\"https:\/\/codofil.org\/wp-content\/uploads\/2025\/08\/sarah-nolan-768x576.png\" class=\"elementor-animation-grow attachment-medium_large size-medium_large wp-image-1272\" alt=\"\" srcset=\"https:\/\/codofil.org\/wp-content\/uploads\/2025\/08\/sarah-nolan-768x576.png 768w, https:\/\/codofil.org\/wp-content\/uploads\/2025\/08\/sarah-nolan-300x225.png 300w, https:\/\/codofil.org\/wp-content\/uploads\/2025\/08\/sarah-nolan-16x12.png 16w, https:\/\/codofil.org\/wp-content\/uploads\/2025\/08\/sarah-nolan.png 800w\" sizes=\"(max-width: 768px) 100vw, 768px\">\t\t\t\t\t\t\t\t<\/a>\n\t\t\t\t\t\t\t\t\t\t\t\t\t\t\t<\/div>\n\t\t\t\t<\/div>\n\t\t\t\t<\/div>\n\t\t<div class=\"elementor-element elementor-element-d8f2a01 e-con-full e-flex e-con e-child\" data-id=\"d8f2a01\" data-element_type=\"container\">\n\t\t\t\t<div class=\"elementor-element elementor-element-b1784e1 elementor-widget elementor-widget-heading\" data-id=\"b1784e1\" data-element_type=\"widget\" data-widget_type=\"heading.default\">\n\t\t\t\t<div class=\"elementor-widget-container\">\n\t\t\t\t\t<h3 class=\"elementor-heading-title elementor-size-default\"><a href=\"https:\/\/codofil.org\/fr\/escadrille-louisiane\/enseignants-certifies\/\">Immersion fran\u00e7aise pour les enseignants certifi\u00e9s<\/a><\/h3>\t\t\t\t<\/div>\n\t\t\t\t<\/div>\n\t\t\t\t<div class=\"elementor-element elementor-element-d1313c4 elementor-widget elementor-widget-text-editor\" data-id=\"d1313c4\" data-element_type=\"widget\" data-widget_type=\"text-editor.default\">\n\t\t\t\t<div class=\"elementor-widget-container\">\n\t\t\t\t\t\t\t\t\t<p><span class=\"OYPEnA font-feature-liga-off font-feature-clig-off font-feature-calt-off text-decoration-none text-strikethrough-none\">Transformez votre carri\u00e8re d'enseignant pour enseigner le fran\u00e7ais en immersion en Louisiane.<\/span><\/p>\t\t\t\t\t\t\t\t<\/div>\n\t\t\t\t<\/div>\n\t\t\t\t<\/div>\n\t\t\t\t\t<\/div>\n\t\t\t\t<\/div>\n\t\t\t\t<\/div>","protected":false},"excerpt":{"rendered":"<p>Enseigner en immersion fran\u00e7aise en Louisiane L'Escadrille Louisiane est un programme financ\u00e9 par la Fondation Louisiane qui offre une assistance financi\u00e8re et technique aux Louisianais qui souhaitent enseigner dans une \u00e9cole d'immersion fran\u00e7aise dans l'\u00c9tat. Les participants au programme peuvent choisir parmi quatre parcours diff\u00e9rents, qui incluent l'obtention d'un master, l'am\u00e9lioration des...<\/p>","protected":false},"author":10,"featured_media":867,"parent":0,"menu_order":0,"comment_status":"closed","ping_status":"closed","template":"","meta":{"_acf_changed":false,"footnotes":"","_links_to":"","_links_to_target":""},"class_list":["post-632","page","type-page","status-publish","has-post-thumbnail","hentry"],"acf":[],"_links":{"self":[{"href":"https:\/\/codofil.org\/fr\/wp-json\/wp\/v2\/pages\/632","targetHints":{"allow":["GET"]}}],"collection":[{"href":"https:\/\/codofil.org\/fr\/wp-json\/wp\/v2\/pages"}],"about":[{"href":"https:\/\/codofil.org\/fr\/wp-json\/wp\/v2\/types\/page"}],"author":[{"embeddable":true,"href":"https:\/\/codofil.org\/fr\/wp-json\/wp\/v2\/users\/10"}],"replies":[{"embeddable":true,"href":"https:\/\/codofil.org\/fr\/wp-json\/wp\/v2\/comments?post=632"}],"version-history":[{"count":0,"href":"https:\/\/codofil.org\/fr\/wp-json\/wp\/v2\/pages\/632\/revisions"}],"wp:featuredmedia":[{"embeddable":true,"href":"https:\/\/codofil.org\/fr\/wp-json\/wp\/v2\/media\/867"}],"wp:attachment":[{"href":"https:\/\/codofil.org\/fr\/wp-json\/wp\/v2\/media?parent=632"}],"curies":[{"name":"wp","href":"https:\/\/api.w.org\/{rel}","templated":true}]}}