{"id":547,"date":"2025-06-10T14:52:55","date_gmt":"2025-06-10T19:52:55","guid":{"rendered":"https:\/\/codofil1.wpenginepowered.com\/?page_id=547"},"modified":"2025-09-08T10:40:33","modified_gmt":"2025-09-08T15:40:33","slug":"valeur-economique-francais","status":"publish","type":"page","link":"https:\/\/codofil.org\/fr\/valeur-economique-francais\/","title":{"rendered":"Valeur \u00e9conomique du fran\u00e7ais"},"content":{"rendered":"<div data-elementor-type=\"wp-page\" data-elementor-id=\"547\" class=\"elementor elementor-547\" data-elementor-post-type=\"page\">\n\t\t\t\t<div class=\"elementor-element elementor-element-8ae4ac9 e-flex e-con-boxed e-con e-parent\" data-id=\"8ae4ac9\" data-element_type=\"container\">\n\t\t\t\t\t<div class=\"e-con-inner\">\n\t\t\t\t<div class=\"elementor-element elementor-element-573db2e elementor-widget elementor-widget-heading\" data-id=\"573db2e\" data-element_type=\"widget\" data-widget_type=\"heading.default\">\n\t\t\t\t<div class=\"elementor-widget-container\">\n\t\t\t\t\t<h2 class=\"elementor-heading-title elementor-size-default\">En savoir plus sur les opportunit\u00e9s \u00e9conomiques du fran\u00e7ais en Louisiane<\/h2>\t\t\t\t<\/div>\n\t\t\t\t<\/div>\n\t\t\t\t\t<\/div>\n\t\t\t\t<\/div>\n\t\t<div class=\"elementor-element elementor-element-96db0d1 e-flex e-con-boxed e-con e-parent\" data-id=\"96db0d1\" data-element_type=\"container\">\n\t\t\t\t\t<div class=\"e-con-inner\">\n\t\t\t\t<div class=\"elementor-element elementor-element-66a2719 elementor-widget elementor-widget-text-editor\" data-id=\"66a2719\" data-element_type=\"widget\" data-widget_type=\"text-editor.default\">\n\t\t\t\t<div class=\"elementor-widget-container\">\n\t\t\t\t\t\t\t\t\t<div><div><div><p>Depuis le 18e si\u00e8cle, la langue fran\u00e7aise joue un r\u00f4le crucial dans <a href=\"https:\/\/codofil.org\/fr\/creole-francais-de-louisiane\/\">l'histoire de la Louisiane.<\/a> L'influence de la langue fran\u00e7aise s'est fait sentir tout au long du si\u00e8cle dernier, contribuant \u00e0 fa\u00e7onner les \u00e9l\u00e9ments culturels de la r\u00e9gion qui en font aujourd'hui une destination connue dans le monde entier. Qu'il s'agisse de Mardi Gras, de musique zarico ou de noms des c\u00e9l\u00e8bres plats louisianais, il est facile de constater l'influence de la langue.<\/p><\/div><\/div><\/div>\t\t\t\t\t\t\t\t<\/div>\n\t\t\t\t<\/div>\n\t\t\t\t\t<\/div>\n\t\t\t\t<\/div>\n\t\t<div class=\"elementor-element elementor-element-623f5f3 e-grid e-con-boxed e-con e-parent\" data-id=\"623f5f3\" data-element_type=\"container\">\n\t\t\t\t\t<div class=\"e-con-inner\">\n\t\t\t\t<div class=\"elementor-element elementor-element-0574490 elementor-widget elementor-widget-heading\" data-id=\"0574490\" data-element_type=\"widget\" data-widget_type=\"heading.default\">\n\t\t\t\t<div class=\"elementor-widget-container\">\n\t\t\t\t\t<h2 class=\"elementor-heading-title elementor-size-default\">43 millions $<\/h2>\t\t\t\t<\/div>\n\t\t\t\t<\/div>\n\t\t\t\t<div class=\"elementor-element elementor-element-b9474bc elementor-widget elementor-widget-heading\" data-id=\"b9474bc\" data-element_type=\"widget\" data-widget_type=\"heading.default\">\n\t\t\t\t<div class=\"elementor-widget-container\">\n\t\t\t\t\t<h2 class=\"elementor-heading-title elementor-size-default\">1,7 milliard $<\/h2>\t\t\t\t<\/div>\n\t\t\t\t<\/div>\n\t\t\t\t<div class=\"elementor-element elementor-element-ebb2aa0 elementor-widget elementor-widget-text-editor\" data-id=\"ebb2aa0\" data-element_type=\"widget\" data-widget_type=\"text-editor.default\">\n\t\t\t\t<div class=\"elementor-widget-container\">\n\t\t\t\t\t\t\t\t\t<div><div><div><h3>Visiteurs nationaux et internationaux en 2023<\/h3><\/div><\/div><\/div>\t\t\t\t\t\t\t\t<\/div>\n\t\t\t\t<\/div>\n\t\t\t\t<div class=\"elementor-element elementor-element-f3baed0 elementor-widget elementor-widget-text-editor\" data-id=\"f3baed0\" data-element_type=\"widget\" data-widget_type=\"text-editor.default\">\n\t\t\t\t<div class=\"elementor-widget-container\">\n\t\t\t\t\t\t\t\t\t<div><div><h3>D\u00e9penses des touristes internationaux en 2023<\/h3><\/div><\/div>\t\t\t\t\t\t\t\t<\/div>\n\t\t\t\t<\/div>\n\t\t\t\t\t<\/div>\n\t\t\t\t<\/div>\n\t\t<div class=\"elementor-element elementor-element-0d04668 e-grid e-con-boxed e-con e-parent\" data-id=\"0d04668\" data-element_type=\"container\">\n\t\t\t\t\t<div class=\"e-con-inner\">\n\t\t\t\t<div class=\"elementor-element elementor-element-1de3d81 elementor-widget elementor-widget-image\" data-id=\"1de3d81\" data-element_type=\"widget\" data-widget_type=\"image.default\">\n\t\t\t\t<div class=\"elementor-widget-container\">\n\t\t\t\t\t\t\t\t\t\t\t\t\t\t\t<img fetchpriority=\"high\" decoding=\"async\" width=\"800\" height=\"533\" src=\"https:\/\/codofil.org\/wp-content\/uploads\/2025\/07\/mardi-gras-economic-value.png\" class=\"attachment-large size-large wp-image-872\" alt=\"Deux musiciens pendant le Mardi Gras en Louisiane\" srcset=\"https:\/\/codofil.org\/wp-content\/uploads\/2025\/07\/mardi-gras-economic-value.png 800w, https:\/\/codofil.org\/wp-content\/uploads\/2025\/07\/mardi-gras-economic-value-300x200.png 300w, https:\/\/codofil.org\/wp-content\/uploads\/2025\/07\/mardi-gras-economic-value-768x512.png 768w, https:\/\/codofil.org\/wp-content\/uploads\/2025\/07\/mardi-gras-economic-value-18x12.png 18w\" sizes=\"(max-width: 800px) 100vw, 800px\" \/>\t\t\t\t\t\t\t\t\t\t\t\t\t\t\t<\/div>\n\t\t\t\t<\/div>\n\t\t\t\t<div class=\"elementor-element elementor-element-108d0f3 elementor-widget elementor-widget-image\" data-id=\"108d0f3\" data-element_type=\"widget\" data-widget_type=\"image.default\">\n\t\t\t\t<div class=\"elementor-widget-container\">\n\t\t\t\t\t\t\t\t\t\t\t\t\t\t\t<img decoding=\"async\" width=\"800\" height=\"534\" src=\"https:\/\/codofil.org\/wp-content\/uploads\/2025\/07\/airboat-tourism-economic-value.png\" class=\"attachment-large size-large wp-image-874\" alt=\"Touristes sur un bateau pneumatique dans le marais\" srcset=\"https:\/\/codofil.org\/wp-content\/uploads\/2025\/07\/airboat-tourism-economic-value.png 1000w, https:\/\/codofil.org\/wp-content\/uploads\/2025\/07\/airboat-tourism-economic-value-300x200.png 300w, https:\/\/codofil.org\/wp-content\/uploads\/2025\/07\/airboat-tourism-economic-value-768x512.png 768w, https:\/\/codofil.org\/wp-content\/uploads\/2025\/07\/airboat-tourism-economic-value-18x12.png 18w\" sizes=\"(max-width: 800px) 100vw, 800px\" \/>\t\t\t\t\t\t\t\t\t\t\t\t\t\t\t<\/div>\n\t\t\t\t<\/div>\n\t\t\t\t\t<\/div>\n\t\t\t\t<\/div>\n\t\t<aside class=\"elementor-element elementor-element-7c288a99 callout-pills full-width e-flex e-con-boxed e-con e-parent\" data-id=\"7c288a99\" data-element_type=\"container\" data-settings=\"{&quot;background_background&quot;:&quot;classic&quot;}\">\n\t\t\t\t\t<div class=\"e-con-inner\">\n\t\t<div class=\"elementor-element elementor-element-39d0bcca e-con-full e-flex e-con e-child\" data-id=\"39d0bcca\" data-element_type=\"container\">\n\t\t<div class=\"elementor-element elementor-element-3047383d e-flex e-con-boxed e-con e-child\" data-id=\"3047383d\" data-element_type=\"container\">\n\t\t\t\t\t<div class=\"e-con-inner\">\n\t\t\t\t<div class=\"elementor-element elementor-element-1e5567a3 elementor-widget elementor-widget-image\" data-id=\"1e5567a3\" data-element_type=\"widget\" data-widget_type=\"image.default\">\n\t\t\t\t<div class=\"elementor-widget-container\">\n\t\t\t\t\t\t\t\t\t\t\t\t\t\t\t<img decoding=\"async\" width=\"400\" height=\"400\" src=\"https:\/\/codofil.org\/wp-content\/uploads\/2025\/07\/wUuQjtCD_400x400.jpg\" class=\"attachment-large size-large wp-image-991\" alt=\"Joseph Dunn\" srcset=\"https:\/\/codofil.org\/wp-content\/uploads\/2025\/07\/wUuQjtCD_400x400.jpg 400w, https:\/\/codofil.org\/wp-content\/uploads\/2025\/07\/wUuQjtCD_400x400-300x300.jpg 300w, https:\/\/codofil.org\/wp-content\/uploads\/2025\/07\/wUuQjtCD_400x400-150x150.jpg 150w, https:\/\/codofil.org\/wp-content\/uploads\/2025\/07\/wUuQjtCD_400x400-12x12.jpg 12w\" sizes=\"(max-width: 400px) 100vw, 400px\" \/>\t\t\t\t\t\t\t\t\t\t\t\t\t\t\t<\/div>\n\t\t\t\t<\/div>\n\t\t<div class=\"elementor-element elementor-element-53b53801 e-con-full e-flex e-con e-child\" data-id=\"53b53801\" data-element_type=\"container\">\n\t\t\t\t<div class=\"elementor-element elementor-element-1bb2ecc6 elementor-widget elementor-widget-heading\" data-id=\"1bb2ecc6\" data-element_type=\"widget\" data-widget_type=\"heading.default\">\n\t\t\t\t<div class=\"elementor-widget-container\">\n\t\t\t\t\t<p class=\"elementor-heading-title elementor-size-default\">\u00ab En 2022, les touristes francophones repr\u00e9sentaient 20% de nos visiteurs annuels \u00e0 Laura Plantation. \u00bb<\/p>\t\t\t\t<\/div>\n\t\t\t\t<\/div>\n\t\t\t\t<div class=\"elementor-element elementor-element-147b624f elementor-widget elementor-widget-text-editor\" data-id=\"147b624f\" data-element_type=\"widget\" data-widget_type=\"text-editor.default\">\n\t\t\t\t<div class=\"elementor-widget-container\">\n\t\t\t\t\t\t\t\t\t<p>- Joseph Dunn, directeur du marketing et de la communication \u00e0 Laura Plantation<\/p>\t\t\t\t\t\t\t\t<\/div>\n\t\t\t\t<\/div>\n\t\t\t\t<\/div>\n\t\t\t\t\t<\/div>\n\t\t\t\t<\/div>\n\t\t\t\t<\/div>\n\t\t\t\t\t<\/div>\n\t\t\t\t<\/aside>\n\t\t<div class=\"elementor-element elementor-element-ba68946 e-flex e-con-boxed e-con e-parent\" data-id=\"ba68946\" data-element_type=\"container\">\n\t\t\t\t\t<div class=\"e-con-inner\">\n\t\t\t\t<div class=\"elementor-element elementor-element-dcce9d5 elementor-widget elementor-widget-heading\" data-id=\"dcce9d5\" data-element_type=\"widget\" data-widget_type=\"heading.default\">\n\t\t\t\t<div class=\"elementor-widget-container\">\n\t\t\t\t\t<h2 class=\"elementor-heading-title elementor-size-default\">Liens commerciaux avec le monde francophone<\/h2>\t\t\t\t<\/div>\n\t\t\t\t<\/div>\n\t\t\t\t\t<\/div>\n\t\t\t\t<\/div>\n\t\t<div class=\"elementor-element elementor-element-7ff4543 e-flex e-con-boxed e-con e-parent\" data-id=\"7ff4543\" data-element_type=\"container\">\n\t\t\t\t\t<div class=\"e-con-inner\">\n\t\t\t\t<div class=\"elementor-element elementor-element-94424bc elementor-widget elementor-widget-text-editor\" data-id=\"94424bc\" data-element_type=\"widget\" data-widget_type=\"text-editor.default\">\n\t\t\t\t<div class=\"elementor-widget-container\">\n\t\t\t\t\t\t\t\t\t<div><div><div><p>Selon le <a href=\"https:\/\/www.opportunitylouisiana.gov\/france\" target=\"_blank\" rel=\"noopener\">D\u00e9partment du d\u00e9veloppement \u00e9conomique de la Louisiane (LED)<\/a>, en 2006, 9 200 emplois ont \u00e9t\u00e9 cr\u00e9\u00e9s en Louisiane par des entreprises fran\u00e7aises, ce qui repr\u00e9sente une croissance de 35% sur 10 ans. Les investissements fran\u00e7ais en Louisiane comprennent <a href=\"https:\/\/www.airliquide.com\/group\/press-releases-news\/2025-06-30\/air-liquide-invest-200m-usd-louisiana-us-support-industrial-growth\" target=\"_blank\" rel=\"noopener\">Air Liquide<\/a> et <a href=\"https:\/\/www.rexelusa.com\/who-we-are\" target=\"_blank\" rel=\"noopener\">Rexel<\/a>, et cette derni\u00e8re qui a achet\u00e9 Teche Electric de Lafayette en 2023 afin d'\u00e9tendre sa pr\u00e9sence en Louisiane.<\/p><p><a href=\"https:\/\/www.opportunitylouisiana.gov\/international-commerce\/canada\" target=\"_blank\" rel=\"noopener\">Parmi les Investissements canadiens-fran\u00e7ais<\/a> notables en Louisiane, on peut citer la soci\u00e9t\u00e9 montr\u00e9alaise <a href=\"https:\/\/www.cgi.com\/us\/en-us\/onshore-delivery\/lafayette\" target=\"_blank\" rel=\"noopener\">Centre de technologie CGI<\/a> \u00e0 Lafayette. Cet investissement de 13,1 millions $ a permis de cr\u00e9er plus de 800 nouveaux emplois permanents dans la r\u00e9gion.<\/p><\/div><\/div><\/div>\t\t\t\t\t\t\t\t<\/div>\n\t\t\t\t<\/div>\n\t\t\t\t<div class=\"elementor-element elementor-element-6335bfc elementor-widget elementor-widget-spacer\" data-id=\"6335bfc\" data-element_type=\"widget\" data-widget_type=\"spacer.default\">\n\t\t\t\t<div class=\"elementor-widget-container\">\n\t\t\t\t\t\t\t<div class=\"elementor-spacer\">\n\t\t\t<div class=\"elementor-spacer-inner\"><\/div>\n\t\t<\/div>\n\t\t\t\t\t\t<\/div>\n\t\t\t\t<\/div>\n\t\t\t\t\t<\/div>\n\t\t\t\t<\/div>\n\t\t<div class=\"elementor-element elementor-element-92a9b0f e-grid e-con-boxed e-con e-parent\" data-id=\"92a9b0f\" data-element_type=\"container\">\n\t\t\t\t\t<div class=\"e-con-inner\">\n\t\t\t\t<div class=\"elementor-element elementor-element-fe081e6 elementor-position-top elementor-widget elementor-widget-image-box\" data-id=\"fe081e6\" data-element_type=\"widget\" data-widget_type=\"image-box.default\">\n\t\t\t\t<div class=\"elementor-widget-container\">\n\t\t\t\t\t<div class=\"elementor-image-box-wrapper\"><figure class=\"elementor-image-box-img\"><img loading=\"lazy\" decoding=\"async\" width=\"929\" height=\"944\" src=\"https:\/\/codofil.org\/wp-content\/uploads\/2025\/07\/France.Canada.png\" class=\"attachment-full size-full wp-image-951\" alt=\"carte de France\" srcset=\"https:\/\/codofil.org\/wp-content\/uploads\/2025\/07\/France.Canada.png 929w, https:\/\/codofil.org\/wp-content\/uploads\/2025\/07\/France.Canada-295x300.png 295w, https:\/\/codofil.org\/wp-content\/uploads\/2025\/07\/France.Canada-768x780.png 768w, https:\/\/codofil.org\/wp-content\/uploads\/2025\/07\/France.Canada-12x12.png 12w\" sizes=\"(max-width: 929px) 100vw, 929px\" \/><\/figure><div class=\"elementor-image-box-content\"><h3 class=\"elementor-image-box-title\">2,8 milliards $<\/h3><p class=\"elementor-image-box-description\">Importations et exportations fran\u00e7aises<\/p><\/div><\/div>\t\t\t\t<\/div>\n\t\t\t\t<\/div>\n\t\t\t\t<div class=\"elementor-element elementor-element-2a05899 elementor-position-top elementor-widget elementor-widget-image-box\" data-id=\"2a05899\" data-element_type=\"widget\" data-widget_type=\"image-box.default\">\n\t\t\t\t<div class=\"elementor-widget-container\">\n\t\t\t\t\t<div class=\"elementor-image-box-wrapper\"><figure class=\"elementor-image-box-img\"><img loading=\"lazy\" decoding=\"async\" width=\"1587\" height=\"1216\" src=\"https:\/\/codofil.org\/wp-content\/uploads\/2025\/07\/France.Canada_3.png\" class=\"attachment-full size-full wp-image-952\" alt=\"Carte du Canada\" srcset=\"https:\/\/codofil.org\/wp-content\/uploads\/2025\/07\/France.Canada_3.png 1587w, https:\/\/codofil.org\/wp-content\/uploads\/2025\/07\/France.Canada_3-300x230.png 300w, https:\/\/codofil.org\/wp-content\/uploads\/2025\/07\/France.Canada_3-1024x785.png 1024w, https:\/\/codofil.org\/wp-content\/uploads\/2025\/07\/France.Canada_3-768x588.png 768w, https:\/\/codofil.org\/wp-content\/uploads\/2025\/07\/France.Canada_3-1536x1177.png 1536w, https:\/\/codofil.org\/wp-content\/uploads\/2025\/07\/France.Canada_3-16x12.png 16w\" sizes=\"(max-width: 1587px) 100vw, 1587px\" \/><\/figure><div class=\"elementor-image-box-content\"><h3 class=\"elementor-image-box-title\">6,4 milliards $<\/h3><p class=\"elementor-image-box-description\">Importations et exportations canadiennes<\/p><\/div><\/div>\t\t\t\t<\/div>\n\t\t\t\t<\/div>\n\t\t\t\t\t<\/div>\n\t\t\t\t<\/div>\n\t\t<aside class=\"elementor-element elementor-element-69ca36c5 callout-pills full-width e-flex e-con-boxed e-con e-parent\" data-id=\"69ca36c5\" data-element_type=\"container\" data-settings=\"{&quot;background_background&quot;:&quot;classic&quot;}\">\n\t\t\t\t\t<div class=\"e-con-inner\">\n\t\t<div class=\"elementor-element elementor-element-2e83597f e-con-full e-flex e-con e-child\" data-id=\"2e83597f\" data-element_type=\"container\">\n\t\t<div class=\"elementor-element elementor-element-65a59849 e-flex e-con-boxed e-con e-child\" data-id=\"65a59849\" data-element_type=\"container\">\n\t\t\t\t\t<div class=\"e-con-inner\">\n\t\t\t\t<div class=\"elementor-element elementor-element-3c95b78e elementor-widget elementor-widget-image\" data-id=\"3c95b78e\" data-element_type=\"widget\" data-widget_type=\"image.default\">\n\t\t\t\t<div class=\"elementor-widget-container\">\n\t\t\t\t\t\t\t\t\t\t\t\t\t\t\t<img loading=\"lazy\" decoding=\"async\" width=\"200\" height=\"200\" src=\"https:\/\/codofil.org\/wp-content\/uploads\/2025\/07\/1653772405847.jpg\" class=\"attachment-large size-large wp-image-990\" alt=\"Luc Soleau du Groupe Soleau\" srcset=\"https:\/\/codofil.org\/wp-content\/uploads\/2025\/07\/1653772405847.jpg 200w, https:\/\/codofil.org\/wp-content\/uploads\/2025\/07\/1653772405847-150x150.jpg 150w, https:\/\/codofil.org\/wp-content\/uploads\/2025\/07\/1653772405847-12x12.jpg 12w\" sizes=\"(max-width: 200px) 100vw, 200px\" \/>\t\t\t\t\t\t\t\t\t\t\t\t\t\t\t<\/div>\n\t\t\t\t<\/div>\n\t\t<div class=\"elementor-element elementor-element-393a356a e-con-full e-flex e-con e-child\" data-id=\"393a356a\" data-element_type=\"container\">\n\t\t\t\t<div class=\"elementor-element elementor-element-5f0dbe07 elementor-widget elementor-widget-heading\" data-id=\"5f0dbe07\" data-element_type=\"widget\" data-widget_type=\"heading.default\">\n\t\t\t\t<div class=\"elementor-widget-container\">\n\t\t\t\t\t<p class=\"elementor-heading-title elementor-size-default\">\u00ab Plus de 90% de mes ventes se font en fran\u00e7ais. Parler la m\u00eame langue que quelqu'un, c'est cr\u00e9er de la confiance, de la proximit\u00e9 et partager des valeurs. \u00bb<\/p>\t\t\t\t<\/div>\n\t\t\t\t<\/div>\n\t\t\t\t<div class=\"elementor-element elementor-element-42008c9b elementor-widget elementor-widget-text-editor\" data-id=\"42008c9b\" data-element_type=\"widget\" data-widget_type=\"text-editor.default\">\n\t\t\t\t<div class=\"elementor-widget-container\">\n\t\t\t\t\t\t\t\t\t<p>- Luc Soleau, propri\u00e9taire du Soleau Group \u00e0 la Nouvelle-Orl\u00e9ans<\/p>\t\t\t\t\t\t\t\t<\/div>\n\t\t\t\t<\/div>\n\t\t\t\t<\/div>\n\t\t\t\t\t<\/div>\n\t\t\t\t<\/div>\n\t\t\t\t<\/div>\n\t\t\t\t\t<\/div>\n\t\t\t\t<\/aside>\n\t\t<div class=\"elementor-element elementor-element-c734529 e-flex e-con-boxed e-con e-parent\" data-id=\"c734529\" data-element_type=\"container\">\n\t\t\t\t\t<div class=\"e-con-inner\">\n\t\t\t\t<div class=\"elementor-element elementor-element-f2b0958 elementor-widget elementor-widget-heading\" data-id=\"f2b0958\" data-element_type=\"widget\" data-widget_type=\"heading.default\">\n\t\t\t\t<div class=\"elementor-widget-container\">\n\t\t\t\t\t<h2 class=\"elementor-heading-title elementor-size-default\">Le fran\u00e7ais : l'atout culturel de la Louisiane<\/h2>\t\t\t\t<\/div>\n\t\t\t\t<\/div>\n\t\t\t\t<div class=\"elementor-element elementor-element-d51f06f elementor-widget elementor-widget-text-editor\" data-id=\"d51f06f\" data-element_type=\"widget\" data-widget_type=\"text-editor.default\">\n\t\t\t\t<div class=\"elementor-widget-container\">\n\t\t\t\t\t\t\t\t\t<div><div><div><p>La musique, la gastronomie et la culture louisianaise sont mondialement connues et attirent chaque ann\u00e9e des millions de visiteurs. Cette brillante culture est n\u00e9e dans la langue fran\u00e7aise, ce qui constitue un atout unique pour la Louisiane, une r\u00e9gion qui ne ressemble \u00e0 aucune autre aux \u00c9tats-Unis. Les festivals \u00e0 travers l'\u00e9tat qui c\u00e9l\u00e8brent cette culture et cette langue ont lieu pratiquement tout au long de l'ann\u00e9e.<\/p><\/div><\/div><\/div>\t\t\t\t\t\t\t\t<\/div>\n\t\t\t\t<\/div>\n\t\t\t\t\t<\/div>\n\t\t\t\t<\/div>\n\t\t<div class=\"elementor-element elementor-element-704b575 e-flex e-con-boxed e-con e-parent\" data-id=\"704b575\" data-element_type=\"container\">\n\t\t\t\t\t<div class=\"e-con-inner\">\n\t\t<div class=\"elementor-element elementor-element-5fd30c4 e-con-full e-flex e-con e-child\" data-id=\"5fd30c4\" data-element_type=\"container\">\n\t\t\t\t<div class=\"elementor-element elementor-element-3418bb1 elementor-widget elementor-widget-image\" data-id=\"3418bb1\" data-element_type=\"widget\" data-widget_type=\"image.default\">\n\t\t\t\t<div class=\"elementor-widget-container\">\n\t\t\t\t\t\t\t\t\t\t\t\t\t\t\t<img loading=\"lazy\" decoding=\"async\" width=\"800\" height=\"800\" src=\"https:\/\/codofil.org\/wp-content\/uploads\/2025\/07\/FILLogomark_WEB-1024x1024.png\" class=\"attachment-large size-large wp-image-877\" alt=\"Logo du Festival International de Louisiane\" srcset=\"https:\/\/codofil.org\/wp-content\/uploads\/2025\/07\/FILLogomark_WEB-1024x1024.png 1024w, https:\/\/codofil.org\/wp-content\/uploads\/2025\/07\/FILLogomark_WEB-300x300.png 300w, https:\/\/codofil.org\/wp-content\/uploads\/2025\/07\/FILLogomark_WEB-150x150.png 150w, https:\/\/codofil.org\/wp-content\/uploads\/2025\/07\/FILLogomark_WEB-768x768.png 768w, https:\/\/codofil.org\/wp-content\/uploads\/2025\/07\/FILLogomark_WEB-12x12.png 12w, https:\/\/codofil.org\/wp-content\/uploads\/2025\/07\/FILLogomark_WEB.png 1176w\" sizes=\"(max-width: 800px) 100vw, 800px\" \/>\t\t\t\t\t\t\t\t\t\t\t\t\t\t\t<\/div>\n\t\t\t\t<\/div>\n\t\t\t\t<\/div>\n\t\t<div class=\"elementor-element elementor-element-ef6a56d e-con-full e-flex e-con e-child\" data-id=\"ef6a56d\" data-element_type=\"container\">\n\t\t\t\t<div class=\"elementor-element elementor-element-56a8513 elementor-widget elementor-widget-heading\" data-id=\"56a8513\" data-element_type=\"widget\" data-widget_type=\"heading.default\">\n\t\t\t\t<div class=\"elementor-widget-container\">\n\t\t\t\t\t<h3 class=\"elementor-heading-title elementor-size-default\">Le Festival International de Louisiane<\/h3>\t\t\t\t<\/div>\n\t\t\t\t<\/div>\n\t\t\t\t<div class=\"elementor-element elementor-element-a694d4c elementor-widget elementor-widget-text-editor\" data-id=\"a694d4c\" data-element_type=\"widget\" data-widget_type=\"text-editor.default\">\n\t\t\t\t<div class=\"elementor-widget-container\">\n\t\t\t\t\t\t\t\t\t<div><div><div><p>Le plus grand <a href=\"https:\/\/www.festivalinternational.org\/\" target=\"_blank\" rel=\"noopener\">festival de musique international<\/a> aux \u00c9tats-Unis met en valeur les liens \u00e9troits entre Lafayette et le monde francophone. Chaque ann\u00e9e, plus de 300 000 festivaliers assistent aux spectacles musicaux d'artistes originaires de plus de 20 pays.<\/p><\/div><\/div><\/div>\t\t\t\t\t\t\t\t<\/div>\n\t\t\t\t<\/div>\n\t\t\t\t<\/div>\n\t\t\t\t\t<\/div>\n\t\t\t\t<\/div>\n\t\t<div class=\"elementor-element elementor-element-af8033b e-flex e-con-boxed e-con e-parent\" data-id=\"af8033b\" data-element_type=\"container\">\n\t\t\t\t\t<div class=\"e-con-inner\">\n\t\t<div class=\"elementor-element elementor-element-8e5190d e-con-full e-flex e-con e-child\" data-id=\"8e5190d\" data-element_type=\"container\">\n\t\t\t\t<div class=\"elementor-element elementor-element-c2554a6 elementor-widget elementor-widget-image\" data-id=\"c2554a6\" data-element_type=\"widget\" data-widget_type=\"image.default\">\n\t\t\t\t<div class=\"elementor-widget-container\">\n\t\t\t\t\t\t\t\t\t\t\t\t\t\t\t<img loading=\"lazy\" decoding=\"async\" width=\"800\" height=\"637\" src=\"https:\/\/codofil.org\/wp-content\/uploads\/2025\/07\/festivals-acadiens-creoles.png\" class=\"attachment-large size-large wp-image-878\" alt=\"Le logo des Festivals Acadiens et Cr\u00e9oles\" srcset=\"https:\/\/codofil.org\/wp-content\/uploads\/2025\/07\/festivals-acadiens-creoles.png 1000w, https:\/\/codofil.org\/wp-content\/uploads\/2025\/07\/festivals-acadiens-creoles-300x239.png 300w, https:\/\/codofil.org\/wp-content\/uploads\/2025\/07\/festivals-acadiens-creoles-768x611.png 768w, https:\/\/codofil.org\/wp-content\/uploads\/2025\/07\/festivals-acadiens-creoles-15x12.png 15w\" sizes=\"(max-width: 800px) 100vw, 800px\" \/>\t\t\t\t\t\t\t\t\t\t\t\t\t\t\t<\/div>\n\t\t\t\t<\/div>\n\t\t\t\t<\/div>\n\t\t<div class=\"elementor-element elementor-element-c03e01a e-con-full e-flex e-con e-child\" data-id=\"c03e01a\" data-element_type=\"container\">\n\t\t\t\t<div class=\"elementor-element elementor-element-4887186 elementor-widget elementor-widget-heading\" data-id=\"4887186\" data-element_type=\"widget\" data-widget_type=\"heading.default\">\n\t\t\t\t<div class=\"elementor-widget-container\">\n\t\t\t\t\t<h3 class=\"elementor-heading-title elementor-size-default\">Festivals Acadiens et Cr\u00e9oles<\/h3>\t\t\t\t<\/div>\n\t\t\t\t<\/div>\n\t\t\t\t<div class=\"elementor-element elementor-element-1fa04c0 elementor-widget elementor-widget-text-editor\" data-id=\"1fa04c0\" data-element_type=\"widget\" data-widget_type=\"text-editor.default\">\n\t\t\t\t<div class=\"elementor-widget-container\">\n\t\t\t\t\t\t\t\t\t<div><div><div><div><div><div><p>Plusieurs festivals en un, cet \u00e9v\u00e9nement repr\u00e9sentent la plus grande <a href=\"https:\/\/festivalsacadiens.com\/\" target=\"_blank\" rel=\"noopener\">c\u00e9l\u00e9bration de la musique cadienne et zarico<\/a> en Louisiane. Chaque ann\u00e9e, au mois d'octobre, des musiciens francophones et cr\u00e9olophones se joignent \u00e0 des milliers de Louisianais pour danser, manger et perp\u00e9tuer les traditions francophones de la r\u00e9gion.<\/p><\/div><\/div><\/div><\/div><\/div><\/div>\t\t\t\t\t\t\t\t<\/div>\n\t\t\t\t<\/div>\n\t\t\t\t<\/div>\n\t\t\t\t\t<\/div>\n\t\t\t\t<\/div>\n\t\t\t\t<\/div>","protected":false},"excerpt":{"rendered":"<p>D\u00e9couvrez les opportunit\u00e9s \u00e9conomiques du fran\u00e7ais en Louisiane La langue fran\u00e7aise a jou\u00e9 un r\u00f4le crucial dans l'histoire de la Louisiane depuis le 18e si\u00e8cle, contribuant \u00e0 fa\u00e7onner les \u00e9l\u00e9ments culturels de la r\u00e9gion qui en font aujourd'hui une destination connue dans le monde entier. Qu'il s'agisse de Mardi Gras, de musique Zydeco ou de boudin, il est facile de...<\/p>","protected":false},"author":5,"featured_media":874,"parent":0,"menu_order":0,"comment_status":"closed","ping_status":"closed","template":"","meta":{"_acf_changed":false,"footnotes":"","_links_to":"","_links_to_target":""},"class_list":["post-547","page","type-page","status-publish","has-post-thumbnail","hentry"],"acf":[],"_links":{"self":[{"href":"https:\/\/codofil.org\/fr\/wp-json\/wp\/v2\/pages\/547","targetHints":{"allow":["GET"]}}],"collection":[{"href":"https:\/\/codofil.org\/fr\/wp-json\/wp\/v2\/pages"}],"about":[{"href":"https:\/\/codofil.org\/fr\/wp-json\/wp\/v2\/types\/page"}],"author":[{"embeddable":true,"href":"https:\/\/codofil.org\/fr\/wp-json\/wp\/v2\/users\/5"}],"replies":[{"embeddable":true,"href":"https:\/\/codofil.org\/fr\/wp-json\/wp\/v2\/comments?post=547"}],"version-history":[{"count":0,"href":"https:\/\/codofil.org\/fr\/wp-json\/wp\/v2\/pages\/547\/revisions"}],"wp:featuredmedia":[{"embeddable":true,"href":"https:\/\/codofil.org\/fr\/wp-json\/wp\/v2\/media\/874"}],"wp:attachment":[{"href":"https:\/\/codofil.org\/fr\/wp-json\/wp\/v2\/media?parent=547"}],"curies":[{"name":"wp","href":"https:\/\/api.w.org\/{rel}","templated":true}]}}