{"id":245,"date":"2025-03-27T15:56:20","date_gmt":"2025-03-27T20:56:20","guid":{"rendered":"https:\/\/codofil1.wpenginepowered.com\/?page_id=245"},"modified":"2025-07-15T15:53:08","modified_gmt":"2025-07-15T20:53:08","slug":"conditions-dutilisation","status":"publish","type":"page","link":"https:\/\/codofil.org\/fr\/conditions-dutilisation\/","title":{"rendered":"Conditions d'utilisation"},"content":{"rendered":"<div data-elementor-type=\"wp-page\" data-elementor-id=\"245\" class=\"elementor elementor-245\" data-elementor-post-type=\"page\">\n\t\t\t\t<div class=\"elementor-element elementor-element-57f3ceb e-flex e-con-boxed e-con e-parent\" data-id=\"57f3ceb\" data-element_type=\"container\">\n\t\t\t\t\t<div class=\"e-con-inner\">\n\t\t\t\t<div class=\"elementor-element elementor-element-febb61a elementor-widget elementor-widget-text-editor\" data-id=\"febb61a\" data-element_type=\"widget\" data-widget_type=\"text-editor.default\">\n\t\t\t\t<div class=\"elementor-widget-container\">\n\t\t\t\t\t\t\t\t\t<p>Lorem ipsum odor amet, consectetuer adipiscing elit. Phasellus leo in nulla dui potenti hendrerit. Maximus suspendisse potenti conubia senectus curae sociosqu rutrum. Etiam mi velit malesuada bibendum ante dis imperdiet gravida. Volutpat justo augue ; at id dictum primis. Iaculis praesent ante eget laoreet maximus placerat.<\/p><p>Scelerisque cras enim parturient purus, et inceptos. Les r\u00e9sultats ont \u00e9t\u00e9 positifs, mais il n'y a pas eu d'effet de surprise. Eget iaculis duis nec, orci nulla at cras adipiscing tempus. Le corps de l'enfant est pur et sans fioritures, et le corps de l'enfant est en mesure de s'exprimer librement. Les enfants peuvent-ils s'exprimer en toute libert\u00e9, sans que cela ne les emp\u00eache de s'exprimer ? Accumsan arcu turpis nostra faucibus phasellus ridiculus nunc aliquet. Malesuada porta pellentesque ; habitasse sociosqu aptent pharetra nulla. Eleifend diam conubia augue purus litora efficitur. Condimentum cursus euismod sit praesent conubia quam justo.<\/p><h2>Rubrique 2<\/h2><p>Risus lectus laoreet natoque torquent penatibus ! Arcu morbi sollicitudin varius amet dolor praesent. Egestas ligula est blandit egestas augue donec. Massa taciti nec sodales class curae facilisis luctus. Posuere gravida nibh primis ut mollis sodales vitae. Accumsan nascetur natoque porta justo nisl sagittis congue velit maecenas ? Euismod convallis phasellus dui ligula ; suscipit habitasse gravida. Natoque enim dis vitae nunc enim class ipsum posuere fames. Placerat torquent natoque porttitor, risus maximus est ? Bibendum proin facilisi quis varius praesent tellus.<\/p><h3>Rubrique 3<\/h3><p>Interdum proin in facilisis natoque sem. Maximus tempor fringilla sem, dapibus aliquet eros volutpat integer. Etiam nisi himenaeos duis risus platea ultrices. Sed nibh quisque platea eu aenean et cubilia. At blandit taciti arcu adipiscing tempus ridiculus iaculis ad. Fusce purus eget ; mus lacus ipsum efficitur sed. Amet nisi risus est per arcu etiam metus. Turpis cubilia dis praesent potenti netus cubilia congue.<\/p><h4>Rubrique 4<\/h4><p>Interdum proin in facilisis natoque sem. Maximus tempor fringilla sem, dapibus aliquet eros volutpat integer. Etiam nisi himenaeos duis risus platea ultrices. Sed nibh quisque platea eu aenean et cubilia. At blandit taciti arcu adipiscing tempus ridiculus iaculis ad. Fusce purus eget ; mus lacus ipsum efficitur sed. Amet nisi risus est per arcu etiam metus. Turpis cubilia dis praesent potenti netus cubilia congue.<\/p><h5>Rubrique 5<\/h5><p>Interdum proin in facilisis natoque sem. Maximus tempor fringilla sem, dapibus aliquet eros volutpat integer. Etiam nisi himenaeos duis risus platea ultrices. Sed nibh quisque platea eu aenean et cubilia. At blandit taciti arcu adipiscing tempus ridiculus iaculis ad. Fusce purus eget ; mus lacus ipsum efficitur sed. Amet nisi risus est per arcu etiam metus. Turpis cubilia dis praesent potenti netus cubilia congue.<\/p><h6>Rubrique 6<\/h6><p>Interdum proin in facilisis natoque sem. Maximus tempor fringilla sem, dapibus aliquet eros volutpat integer. Etiam nisi himenaeos duis risus platea ultrices. Sed nibh quisque platea eu aenean et cubilia. At blandit taciti arcu adipiscing tempus ridiculus iaculis ad. Fusce purus eget ; mus lacus ipsum efficitur sed. Amet nisi risus est per arcu etiam metus. Turpis cubilia dis praesent potenti netus cubilia congue.<\/p>\t\t\t\t\t\t\t\t<\/div>\n\t\t\t\t<\/div>\n\t\t\t\t\t<\/div>\n\t\t\t\t<\/div>\n\t\t<aside class=\"elementor-element elementor-element-7320b86 e-con-full callout-pills elementor-hidden-desktop elementor-hidden-tablet elementor-hidden-mobile e-flex e-con e-parent\" data-id=\"7320b86\" data-element_type=\"container\" data-settings=\"{&quot;background_background&quot;:&quot;classic&quot;}\">\n\t\t<div class=\"elementor-element elementor-element-32dd2d4e e-con-full e-flex e-con e-child\" data-id=\"32dd2d4e\" data-element_type=\"container\">\n\t\t\t\t<div class=\"elementor-element elementor-element-2fba983c elementor-widget elementor-widget-heading\" data-id=\"2fba983c\" data-element_type=\"widget\" data-widget_type=\"heading.default\">\n\t\t\t\t<div class=\"elementor-widget-container\">\n\t\t\t\t\t<h2 class=\"elementor-heading-title elementor-size-default\">Candidats fran\u00e7ais<\/h2>\t\t\t\t<\/div>\n\t\t\t\t<\/div>\n\t\t\t\t<div class=\"elementor-element elementor-element-4b8d81a elementor-widget elementor-widget-text-editor\" data-id=\"4b8d81a\" data-element_type=\"widget\" data-widget_type=\"text-editor.default\">\n\t\t\t\t<div class=\"elementor-widget-container\">\n\t\t\t\t\t\t\t\t\t<p>Universit\u00e9 Sainte-Anne - Church Point, Nouvelle-\u00c9cosse, Canada<\/p><p>Date limite : 2 f\u00e9vrier 2025<\/p><p>Dates du programme : 30 juin - 3 ao\u00fbt<\/p>\t\t\t\t\t\t\t\t<\/div>\n\t\t\t\t<\/div>\n\t\t\t\t<div class=\"elementor-element elementor-element-3948e411 elementor-widget elementor-widget-text-editor\" data-id=\"3948e411\" data-element_type=\"widget\" data-widget_type=\"text-editor.default\">\n\t\t\t\t<div class=\"elementor-widget-container\">\n\t\t\t\t\t\t\t\t\t<p>4 000 $<\/p>\t\t\t\t\t\t\t\t<\/div>\n\t\t\t\t<\/div>\n\t\t\t\t<\/div>\n\t\t<div class=\"elementor-element elementor-element-6257c8ea e-con-full e-flex e-con e-child\" data-id=\"6257c8ea\" data-element_type=\"container\">\n\t\t\t\t<div class=\"elementor-element elementor-element-26e31412 elementor-widget elementor-widget-button\" data-id=\"26e31412\" data-element_type=\"widget\" data-widget_type=\"button.default\">\n\t\t\t\t<div class=\"elementor-widget-container\">\n\t\t\t\t\t\t\t\t\t<div class=\"elementor-button-wrapper\">\n\t\t\t\t\t<a class=\"elementor-button elementor-button-link elementor-size-sm\" href=\"#\">\n\t\t\t\t\t\t<span class=\"elementor-button-content-wrapper\">\n\t\t\t\t\t\t\t\t\t<span class=\"elementor-button-text\">Candidater<\/span>\n\t\t\t\t\t<\/span>\n\t\t\t\t\t<\/a>\n\t\t\t\t<\/div>\n\t\t\t\t\t\t\t\t<\/div>\n\t\t\t\t<\/div>\n\t\t\t\t<\/div>\n\t\t\t\t<\/aside>\n\t\t<aside class=\"elementor-element elementor-element-49a1d442 callout-pills full-width elementor-hidden-desktop elementor-hidden-tablet elementor-hidden-mobile e-flex e-con-boxed e-con e-parent\" data-id=\"49a1d442\" data-element_type=\"container\" data-settings=\"{&quot;background_background&quot;:&quot;classic&quot;}\">\n\t\t\t\t\t<div class=\"e-con-inner\">\n\t\t<div class=\"elementor-element elementor-element-7b23510b e-con-full e-flex e-con e-child\" data-id=\"7b23510b\" data-element_type=\"container\">\n\t\t<div class=\"elementor-element elementor-element-54166b11 e-flex e-con-boxed e-con e-child\" data-id=\"54166b11\" data-element_type=\"container\">\n\t\t\t\t\t<div class=\"e-con-inner\">\n\t\t\t\t<div class=\"elementor-element elementor-element-1893aa1 elementor-widget elementor-widget-image\" data-id=\"1893aa1\" data-element_type=\"widget\" data-widget_type=\"image.default\">\n\t\t\t\t<div class=\"elementor-widget-container\">\n\t\t\t\t\t\t\t\t\t\t\t\t\t\t\t<img decoding=\"async\" src=\"https:\/\/codofil.org\/wp-content\/plugins\/elementor\/assets\/images\/placeholder.png\" title=\"\" alt=\"\" loading=\"lazy\">\t\t\t\t\t\t\t\t\t\t\t\t\t\t\t<\/div>\n\t\t\t\t<\/div>\n\t\t<div class=\"elementor-element elementor-element-7ea555cc e-con-full e-flex e-con e-child\" data-id=\"7ea555cc\" data-element_type=\"container\">\n\t\t\t\t<div class=\"elementor-element elementor-element-359f0a2 elementor-widget elementor-widget-heading\" data-id=\"359f0a2\" data-element_type=\"widget\" data-widget_type=\"heading.default\">\n\t\t\t\t<div class=\"elementor-widget-container\">\n\t\t\t\t\t<p class=\"elementor-heading-title elementor-size-default\">\"Mon s\u00e9jour en Louisiane restera un souvenir pr\u00e9cieux. J'ai ador\u00e9 enseigner le fran\u00e7ais.<\/p>\t\t\t\t<\/div>\n\t\t\t\t<\/div>\n\t\t\t\t<div class=\"elementor-element elementor-element-7486e836 elementor-widget elementor-widget-text-editor\" data-id=\"7486e836\" data-element_type=\"widget\" data-widget_type=\"text-editor.default\">\n\t\t\t\t<div class=\"elementor-widget-container\">\n\t\t\t\t\t\t\t\t\t<p>- Professeur de fran\u00e7ais<\/p>\t\t\t\t\t\t\t\t<\/div>\n\t\t\t\t<\/div>\n\t\t\t\t<\/div>\n\t\t\t\t\t<\/div>\n\t\t\t\t<\/div>\n\t\t\t\t<\/div>\n\t\t\t\t\t<\/div>\n\t\t\t\t<\/aside>\n\t\t<aside class=\"elementor-element elementor-element-2dd25b8c e-con-full elementor-hidden-desktop elementor-hidden-tablet elementor-hidden-mobile e-flex e-con e-parent\" data-id=\"2dd25b8c\" data-element_type=\"container\" data-settings=\"{&quot;background_background&quot;:&quot;classic&quot;}\">\n\t\t<div class=\"elementor-element elementor-element-68d4f5c9 e-con-full callout-pills e-flex e-con e-child\" data-id=\"68d4f5c9\" data-element_type=\"container\">\n\t\t\t\t<div class=\"elementor-element elementor-element-4584c4cd elementor-widget elementor-widget-heading\" data-id=\"4584c4cd\" data-element_type=\"widget\" data-widget_type=\"heading.default\">\n\t\t\t\t<div class=\"elementor-widget-container\">\n\t\t\t\t\t<span class=\"elementor-heading-title elementor-size-default\">Candidats fran\u00e7ais<\/span>\t\t\t\t<\/div>\n\t\t\t\t<\/div>\n\t\t\t\t<div class=\"elementor-element elementor-element-7b4cca37 elementor-widget elementor-widget-text-editor\" data-id=\"7b4cca37\" data-element_type=\"widget\" data-widget_type=\"text-editor.default\">\n\t\t\t\t<div class=\"elementor-widget-container\">\n\t\t\t\t\t\t\t\t\t<p>France \u00c9ducation International<\/p>\t\t\t\t\t\t\t\t<\/div>\n\t\t\t\t<\/div>\n\t\t\t\t<\/div>\n\t\t<div class=\"elementor-element elementor-element-65f064d6 e-flex e-con-boxed e-con e-child\" data-id=\"65f064d6\" data-element_type=\"container\">\n\t\t\t\t\t<div class=\"e-con-inner\">\n\t\t\t\t<div class=\"elementor-element elementor-element-76423e08 elementor-widget elementor-widget-button\" data-id=\"76423e08\" data-element_type=\"widget\" data-widget_type=\"button.default\">\n\t\t\t\t<div class=\"elementor-widget-container\">\n\t\t\t\t\t\t\t\t\t<div class=\"elementor-button-wrapper\">\n\t\t\t\t\t<a class=\"elementor-button elementor-button-link elementor-size-sm\" href=\"#\">\n\t\t\t\t\t\t<span class=\"elementor-button-content-wrapper\">\n\t\t\t\t\t\t\t\t\t<span class=\"elementor-button-text\">Contact<\/span>\n\t\t\t\t\t<\/span>\n\t\t\t\t\t<\/a>\n\t\t\t\t<\/div>\n\t\t\t\t\t\t\t\t<\/div>\n\t\t\t\t<\/div>\n\t\t\t\t\t<\/div>\n\t\t\t\t<\/div>\n\t\t\t\t<\/aside>\n\t\t<aside class=\"elementor-element elementor-element-6f918e08 e-con-full full-width elementor-hidden-desktop elementor-hidden-tablet elementor-hidden-mobile e-flex e-con e-parent\" data-id=\"6f918e08\" data-element_type=\"container\" data-settings=\"{&quot;background_background&quot;:&quot;classic&quot;}\">\n\t\t<div class=\"elementor-element elementor-element-7c57fab6 e-con-full e-flex e-con e-child\" data-id=\"7c57fab6\" data-element_type=\"container\">\n\t\t\t\t<div class=\"elementor-element elementor-element-2fde1665 elementor-widget elementor-widget-heading\" data-id=\"2fde1665\" data-element_type=\"widget\" data-widget_type=\"heading.default\">\n\t\t\t\t<div class=\"elementor-widget-container\">\n\t\t\t\t\t<span class=\"elementor-heading-title elementor-size-default\">Cliquez ci-dessous pour acc\u00e9der au budget pour les nouveaux enseignants<\/span>\t\t\t\t<\/div>\n\t\t\t\t<\/div>\n\t\t\t\t<div class=\"elementor-element elementor-element-5552221c elementor-widget elementor-widget-button\" data-id=\"5552221c\" data-element_type=\"widget\" data-widget_type=\"button.default\">\n\t\t\t\t<div class=\"elementor-widget-container\">\n\t\t\t\t\t\t\t\t\t<div class=\"elementor-button-wrapper\">\n\t\t\t\t\t<a class=\"elementor-button elementor-button-link elementor-size-sm\" href=\"#\">\n\t\t\t\t\t\t<span class=\"elementor-button-content-wrapper\">\n\t\t\t\t\t\t\t\t\t<span class=\"elementor-button-text\">Budget d'acc\u00e8s<\/span>\n\t\t\t\t\t<\/span>\n\t\t\t\t\t<\/a>\n\t\t\t\t<\/div>\n\t\t\t\t\t\t\t\t<\/div>\n\t\t\t\t<\/div>\n\t\t\t\t<\/div>\n\t\t\t\t<\/aside>\n\t\t<aside class=\"elementor-element elementor-element-1a9f463 e-con-full full-width elementor-hidden-desktop elementor-hidden-tablet elementor-hidden-mobile e-flex e-con e-parent\" data-id=\"1a9f463\" data-element_type=\"container\" data-settings=\"{&quot;background_background&quot;:&quot;classic&quot;}\">\n\t\t<div class=\"elementor-element elementor-element-e7805bd e-con-full e-flex e-con e-child\" data-id=\"e7805bd\" data-element_type=\"container\">\n\t\t\t\t<div class=\"elementor-element elementor-element-f3b94a1 elementor-widget elementor-widget-heading\" data-id=\"f3b94a1\" data-element_type=\"widget\" data-widget_type=\"heading.default\">\n\t\t\t\t<div class=\"elementor-widget-container\">\n\t\t\t\t\t<span class=\"elementor-heading-title elementor-size-default\">Cliquez ci-dessous pour acc\u00e9der au budget pour les nouveaux enseignants<\/span>\t\t\t\t<\/div>\n\t\t\t\t<\/div>\n\t\t\t\t<div class=\"elementor-element elementor-element-ca594fb elementor-widget elementor-widget-button\" data-id=\"ca594fb\" data-element_type=\"widget\" data-widget_type=\"button.default\">\n\t\t\t\t<div class=\"elementor-widget-container\">\n\t\t\t\t\t\t\t\t\t<div class=\"elementor-button-wrapper\">\n\t\t\t\t\t<a class=\"elementor-button elementor-button-link elementor-size-sm\" href=\"#\">\n\t\t\t\t\t\t<span class=\"elementor-button-content-wrapper\">\n\t\t\t\t\t\t\t\t\t<span class=\"elementor-button-text\">Budget d'acc\u00e8s<\/span>\n\t\t\t\t\t<\/span>\n\t\t\t\t\t<\/a>\n\t\t\t\t<\/div>\n\t\t\t\t\t\t\t\t<\/div>\n\t\t\t\t<\/div>\n\t\t\t\t<\/div>\n\t\t\t\t<\/aside>\n\t\t<aside class=\"elementor-element elementor-element-540f237e e-con-full callout-pills e-flex e-con e-parent\" data-id=\"540f237e\" data-element_type=\"container\" data-settings=\"{&quot;background_background&quot;:&quot;classic&quot;}\">\n\t\t<div class=\"elementor-element elementor-element-76e8bc4d e-con-full e-flex e-con e-child\" data-id=\"76e8bc4d\" data-element_type=\"container\">\n\t\t\t\t<div class=\"elementor-element elementor-element-57e9ea49 elementor-widget elementor-widget-heading\" data-id=\"57e9ea49\" data-element_type=\"widget\" data-widget_type=\"heading.default\">\n\t\t\t\t<div class=\"elementor-widget-container\">\n\t\t\t\t\t<span class=\"elementor-heading-title elementor-size-default\">Candidats fran\u00e7ais<\/span>\t\t\t\t<\/div>\n\t\t\t\t<\/div>\n\t\t\t\t<div class=\"elementor-element elementor-element-2522e5f7 elementor-widget elementor-widget-text-editor\" data-id=\"2522e5f7\" data-element_type=\"widget\" data-widget_type=\"text-editor.default\">\n\t\t\t\t<div class=\"elementor-widget-container\">\n\t\t\t\t\t\t\t\t\t<p>Universit\u00e9 Sainte-Anne - Church Point, Nouvelle-\u00c9cosse, Canada<\/p><p>Date limite : 2 f\u00e9vrier 2025<\/p><p>Dates du programme : 30 juin - 3 ao\u00fbt<\/p>\t\t\t\t\t\t\t\t<\/div>\n\t\t\t\t<\/div>\n\t\t\t\t<div class=\"elementor-element elementor-element-72181f9d elementor-widget elementor-widget-text-editor\" data-id=\"72181f9d\" data-element_type=\"widget\" data-widget_type=\"text-editor.default\">\n\t\t\t\t<div class=\"elementor-widget-container\">\n\t\t\t\t\t\t\t\t\t<p>4 000 $<\/p>\t\t\t\t\t\t\t\t<\/div>\n\t\t\t\t<\/div>\n\t\t\t\t<\/div>\n\t\t<div class=\"elementor-element elementor-element-44b8c981 e-con-full e-flex e-con e-child\" data-id=\"44b8c981\" data-element_type=\"container\">\n\t\t\t\t<div class=\"elementor-element elementor-element-2bc41532 elementor-widget elementor-widget-button\" data-id=\"2bc41532\" data-element_type=\"widget\" data-widget_type=\"button.default\">\n\t\t\t\t<div class=\"elementor-widget-container\">\n\t\t\t\t\t\t\t\t\t<div class=\"elementor-button-wrapper\">\n\t\t\t\t\t<a class=\"elementor-button elementor-button-link elementor-size-sm\" href=\"#\">\n\t\t\t\t\t\t<span class=\"elementor-button-content-wrapper\">\n\t\t\t\t\t\t\t\t\t<span class=\"elementor-button-text\">Candidater<\/span>\n\t\t\t\t\t<\/span>\n\t\t\t\t\t<\/a>\n\t\t\t\t<\/div>\n\t\t\t\t\t\t\t\t<\/div>\n\t\t\t\t<\/div>\n\t\t\t\t<\/div>\n\t\t\t\t<\/aside>\n\t\t<aside class=\"elementor-element elementor-element-7056d722 callout-pills full-width e-flex e-con-boxed e-con e-parent\" data-id=\"7056d722\" data-element_type=\"container\" data-settings=\"{&quot;background_background&quot;:&quot;classic&quot;}\">\n\t\t\t\t\t<div class=\"e-con-inner\">\n\t\t<div class=\"elementor-element elementor-element-1d8983cd e-con-full e-flex e-con e-child\" data-id=\"1d8983cd\" data-element_type=\"container\">\n\t\t<div class=\"elementor-element elementor-element-604a0e19 e-flex e-con-boxed e-con e-child\" data-id=\"604a0e19\" data-element_type=\"container\">\n\t\t\t\t\t<div class=\"e-con-inner\">\n\t\t\t\t<div class=\"elementor-element elementor-element-117ade07 elementor-widget elementor-widget-image\" data-id=\"117ade07\" data-element_type=\"widget\" data-widget_type=\"image.default\">\n\t\t\t\t<div class=\"elementor-widget-container\">\n\t\t\t\t\t\t\t\t\t\t\t\t\t\t\t<img decoding=\"async\" src=\"https:\/\/codofil.org\/wp-content\/plugins\/elementor\/assets\/images\/placeholder.png\" title=\"\" alt=\"\" loading=\"lazy\">\t\t\t\t\t\t\t\t\t\t\t\t\t\t\t<\/div>\n\t\t\t\t<\/div>\n\t\t<div class=\"elementor-element elementor-element-18430191 e-con-full e-flex e-con e-child\" data-id=\"18430191\" data-element_type=\"container\">\n\t\t\t\t<div class=\"elementor-element elementor-element-28dc71b0 elementor-widget elementor-widget-heading\" data-id=\"28dc71b0\" data-element_type=\"widget\" data-widget_type=\"heading.default\">\n\t\t\t\t<div class=\"elementor-widget-container\">\n\t\t\t\t\t<p class=\"elementor-heading-title elementor-size-default\">\"Mon s\u00e9jour en Louisiane restera un souvenir pr\u00e9cieux. J'ai ador\u00e9 enseigner le fran\u00e7ais.<\/p>\t\t\t\t<\/div>\n\t\t\t\t<\/div>\n\t\t\t\t<div class=\"elementor-element elementor-element-4b85b6d elementor-widget elementor-widget-text-editor\" data-id=\"4b85b6d\" data-element_type=\"widget\" data-widget_type=\"text-editor.default\">\n\t\t\t\t<div class=\"elementor-widget-container\">\n\t\t\t\t\t\t\t\t\t<p>- Professeur de fran\u00e7ais<\/p>\t\t\t\t\t\t\t\t<\/div>\n\t\t\t\t<\/div>\n\t\t\t\t<\/div>\n\t\t\t\t\t<\/div>\n\t\t\t\t<\/div>\n\t\t\t\t<\/div>\n\t\t\t\t\t<\/div>\n\t\t\t\t<\/aside>\n\t\t<aside class=\"elementor-element elementor-element-7e86f21c e-con-full e-flex e-con e-parent\" data-id=\"7e86f21c\" data-element_type=\"container\" data-settings=\"{&quot;background_background&quot;:&quot;classic&quot;}\">\n\t\t<div class=\"elementor-element elementor-element-1518d803 e-con-full callout-pills e-flex e-con e-child\" data-id=\"1518d803\" data-element_type=\"container\">\n\t\t\t\t<div class=\"elementor-element elementor-element-17d47865 elementor-widget elementor-widget-heading\" data-id=\"17d47865\" data-element_type=\"widget\" data-widget_type=\"heading.default\">\n\t\t\t\t<div class=\"elementor-widget-container\">\n\t\t\t\t\t<span class=\"elementor-heading-title elementor-size-default\">Candidats fran\u00e7ais<\/span>\t\t\t\t<\/div>\n\t\t\t\t<\/div>\n\t\t\t\t<div class=\"elementor-element elementor-element-59037dd1 elementor-widget elementor-widget-text-editor\" data-id=\"59037dd1\" data-element_type=\"widget\" data-widget_type=\"text-editor.default\">\n\t\t\t\t<div class=\"elementor-widget-container\">\n\t\t\t\t\t\t\t\t\t<p>France \u00c9ducation International<\/p>\t\t\t\t\t\t\t\t<\/div>\n\t\t\t\t<\/div>\n\t\t\t\t<\/div>\n\t\t<div class=\"elementor-element elementor-element-63b0a21a e-flex e-con-boxed e-con e-child\" data-id=\"63b0a21a\" data-element_type=\"container\">\n\t\t\t\t\t<div class=\"e-con-inner\">\n\t\t\t\t<div class=\"elementor-element elementor-element-3a9b7d04 elementor-widget elementor-widget-button\" data-id=\"3a9b7d04\" data-element_type=\"widget\" data-widget_type=\"button.default\">\n\t\t\t\t<div class=\"elementor-widget-container\">\n\t\t\t\t\t\t\t\t\t<div class=\"elementor-button-wrapper\">\n\t\t\t\t\t<a class=\"elementor-button elementor-button-link elementor-size-sm\" href=\"#\">\n\t\t\t\t\t\t<span class=\"elementor-button-content-wrapper\">\n\t\t\t\t\t\t\t\t\t<span class=\"elementor-button-text\">Contact<\/span>\n\t\t\t\t\t<\/span>\n\t\t\t\t\t<\/a>\n\t\t\t\t<\/div>\n\t\t\t\t\t\t\t\t<\/div>\n\t\t\t\t<\/div>\n\t\t\t\t\t<\/div>\n\t\t\t\t<\/div>\n\t\t\t\t<\/aside>\n\t\t<aside class=\"elementor-element elementor-element-e38c004 e-con-full full-width e-flex e-con e-parent\" data-id=\"e38c004\" data-element_type=\"container\" data-settings=\"{&quot;background_background&quot;:&quot;classic&quot;}\">\n\t\t<div class=\"elementor-element elementor-element-27565ed1 e-con-full e-flex e-con e-child\" data-id=\"27565ed1\" data-element_type=\"container\">\n\t\t\t\t<div class=\"elementor-element elementor-element-313e6e22 elementor-widget elementor-widget-heading\" data-id=\"313e6e22\" data-element_type=\"widget\" data-widget_type=\"heading.default\">\n\t\t\t\t<div class=\"elementor-widget-container\">\n\t\t\t\t\t<span class=\"elementor-heading-title elementor-size-default\">Cliquez ci-dessous pour acc\u00e9der au budget pour les nouveaux enseignants<\/span>\t\t\t\t<\/div>\n\t\t\t\t<\/div>\n\t\t\t\t<div class=\"elementor-element elementor-element-28b524a9 elementor-widget elementor-widget-button\" data-id=\"28b524a9\" data-element_type=\"widget\" data-widget_type=\"button.default\">\n\t\t\t\t<div class=\"elementor-widget-container\">\n\t\t\t\t\t\t\t\t\t<div class=\"elementor-button-wrapper\">\n\t\t\t\t\t<a class=\"elementor-button elementor-button-link elementor-size-sm\" href=\"#\">\n\t\t\t\t\t\t<span class=\"elementor-button-content-wrapper\">\n\t\t\t\t\t\t\t\t\t<span class=\"elementor-button-text\">Budget d'acc\u00e8s<\/span>\n\t\t\t\t\t<\/span>\n\t\t\t\t\t<\/a>\n\t\t\t\t<\/div>\n\t\t\t\t\t\t\t\t<\/div>\n\t\t\t\t<\/div>\n\t\t\t\t<\/div>\n\t\t\t\t<\/aside>\n\t\t<aside class=\"elementor-element elementor-element-17d6895c e-con-full full-width e-flex e-con e-parent\" data-id=\"17d6895c\" data-element_type=\"container\" data-settings=\"{&quot;background_background&quot;:&quot;classic&quot;}\">\n\t\t<div class=\"elementor-element elementor-element-86bf522 e-con-full e-flex e-con e-child\" data-id=\"86bf522\" data-element_type=\"container\">\n\t\t\t\t<div class=\"elementor-element elementor-element-5ff855c0 elementor-widget elementor-widget-heading\" data-id=\"5ff855c0\" data-element_type=\"widget\" data-widget_type=\"heading.default\">\n\t\t\t\t<div class=\"elementor-widget-container\">\n\t\t\t\t\t<span class=\"elementor-heading-title elementor-size-default\">Cliquez ci-dessous pour acc\u00e9der au budget pour les nouveaux enseignants<\/span>\t\t\t\t<\/div>\n\t\t\t\t<\/div>\n\t\t\t\t<div class=\"elementor-element elementor-element-43c8d351 elementor-widget elementor-widget-button\" data-id=\"43c8d351\" data-element_type=\"widget\" data-widget_type=\"button.default\">\n\t\t\t\t<div class=\"elementor-widget-container\">\n\t\t\t\t\t\t\t\t\t<div class=\"elementor-button-wrapper\">\n\t\t\t\t\t<a class=\"elementor-button elementor-button-link elementor-size-sm\" href=\"#\">\n\t\t\t\t\t\t<span class=\"elementor-button-content-wrapper\">\n\t\t\t\t\t\t\t\t\t<span class=\"elementor-button-text\">Budget d'acc\u00e8s<\/span>\n\t\t\t\t\t<\/span>\n\t\t\t\t\t<\/a>\n\t\t\t\t<\/div>\n\t\t\t\t\t\t\t\t<\/div>\n\t\t\t\t<\/div>\n\t\t\t\t<\/div>\n\t\t\t\t<\/aside>\n\t\t\t\t<\/div>","protected":false},"excerpt":{"rendered":"<p>Lorem ipsum odor amet, consectetuer adipiscing elit. Phasellus leo in nulla dui potenti hendrerit. Maximus suspendisse potenti conubia senectus curae sociosqu rutrum. Etiam mi velit malesuada bibendum ante dis imperdiet gravida. Volutpat justo augue; at id dictum primis. Iaculis praesent ante eget laoreet maximus placerat. Scelerisque cras enim parturient purus, et inceptos. Blandit adipiscing quam&#8230;<\/p>","protected":false},"author":6,"featured_media":0,"parent":0,"menu_order":0,"comment_status":"closed","ping_status":"closed","template":"","meta":{"_acf_changed":false,"footnotes":"","_links_to":"","_links_to_target":""},"class_list":["post-245","page","type-page","status-publish","hentry"],"acf":[],"_links":{"self":[{"href":"https:\/\/codofil.org\/fr\/wp-json\/wp\/v2\/pages\/245","targetHints":{"allow":["GET"]}}],"collection":[{"href":"https:\/\/codofil.org\/fr\/wp-json\/wp\/v2\/pages"}],"about":[{"href":"https:\/\/codofil.org\/fr\/wp-json\/wp\/v2\/types\/page"}],"author":[{"embeddable":true,"href":"https:\/\/codofil.org\/fr\/wp-json\/wp\/v2\/users\/6"}],"replies":[{"embeddable":true,"href":"https:\/\/codofil.org\/fr\/wp-json\/wp\/v2\/comments?post=245"}],"version-history":[{"count":0,"href":"https:\/\/codofil.org\/fr\/wp-json\/wp\/v2\/pages\/245\/revisions"}],"wp:attachment":[{"href":"https:\/\/codofil.org\/fr\/wp-json\/wp\/v2\/media?parent=245"}],"curies":[{"name":"wp","href":"https:\/\/api.w.org\/{rel}","templated":true}]}}