{"id":236,"date":"2025-03-27T11:04:21","date_gmt":"2025-03-27T16:04:21","guid":{"rendered":"https:\/\/codofil1.wpenginepowered.com\/?page_id=236"},"modified":"2026-03-12T12:28:16","modified_gmt":"2026-03-12T17:28:16","slug":"decouvrir-la-louisiane","status":"publish","type":"page","link":"https:\/\/codofil.org\/fr\/decouvrir-la-louisiane\/","title":{"rendered":"D\u00e9couvrir la Louisiane en fran\u00e7ais"},"content":{"rendered":"<div data-elementor-type=\"wp-page\" data-elementor-id=\"236\" class=\"elementor elementor-236\" data-elementor-post-type=\"page\">\n\t\t\t\t<div class=\"elementor-element elementor-element-bdb1839 title-bar  full-width e-flex e-con-boxed e-con e-parent\" data-id=\"bdb1839\" data-element_type=\"container\" data-settings=\"{&quot;background_background&quot;:&quot;classic&quot;}\">\n\t\t\t\t\t<div class=\"e-con-inner\">\n\t\t<div class=\"elementor-element elementor-element-e4cabc5 e-flex e-con-boxed e-con e-child\" data-id=\"e4cabc5\" data-element_type=\"container\">\n\t\t\t\t\t<div class=\"e-con-inner\">\n\t\t\t\t<div class=\"elementor-element elementor-element-bca239c elementor-invisible elementor-widget elementor-widget-heading\" data-id=\"bca239c\" data-element_type=\"widget\" data-settings=\"{&quot;_animation&quot;:&quot;fadeIn&quot;}\" data-widget_type=\"heading.default\">\n\t\t\t\t<div class=\"elementor-widget-container\">\n\t\t\t\t\t<h1 class=\"elementor-heading-title elementor-size-default\">D\u00e9couvrir la Louisiane en fran\u00e7ais<\/h1>\t\t\t\t<\/div>\n\t\t\t\t<\/div>\n\t\t\t\t\t<\/div>\n\t\t\t\t<\/div>\n\t\t\t\t\t<\/div>\n\t\t\t\t<\/div>\n\t\t<main class=\"elementor-element elementor-element-a918178 e-flex e-con-boxed e-con e-parent\" data-id=\"a918178\" data-element_type=\"container\">\n\t\t\t\t\t<div class=\"e-con-inner\">\n\t\t<div class=\"elementor-element elementor-element-9f9f2e1 e-con-full contain e-flex e-con e-child\" data-id=\"9f9f2e1\" data-element_type=\"container\">\n\t\t<div class=\"elementor-element elementor-element-9607f31 e-con-full e-flex e-con e-child\" data-id=\"9607f31\" data-element_type=\"container\" id=\"main\">\n\t\t\t\t<div class=\"elementor-element elementor-element-95ac549 elementor-widget elementor-widget-image\" data-id=\"95ac549\" data-element_type=\"widget\" data-widget_type=\"image.default\">\n\t\t\t\t<div class=\"elementor-widget-container\">\n\t\t\t\t\t\t\t\t\t\t\t\t\t\t\t<img fetchpriority=\"high\" decoding=\"async\" width=\"800\" height=\"534\" src=\"https:\/\/codofil.org\/wp-content\/uploads\/2025\/03\/Music-full-1024x684.jpg\" class=\"attachment-large size-large wp-image-148\" alt=\"Steve Riley, musicien cadien de Louisiane, joue de l&#039;accord\u00e9on.\" srcset=\"https:\/\/codofil.org\/wp-content\/uploads\/2025\/03\/Music-full-1024x684.jpg 1024w, https:\/\/codofil.org\/wp-content\/uploads\/2025\/03\/Music-full-300x200.jpg 300w, https:\/\/codofil.org\/wp-content\/uploads\/2025\/03\/Music-full-768x513.jpg 768w, https:\/\/codofil.org\/wp-content\/uploads\/2025\/03\/Music-full-391x260.jpg 391w, https:\/\/codofil.org\/wp-content\/uploads\/2025\/03\/Music-full-18x12.jpg 18w, https:\/\/codofil.org\/wp-content\/uploads\/2025\/03\/Music-full.jpg 1200w\" sizes=\"(max-width: 800px) 100vw, 800px\" \/>\t\t\t\t\t\t\t\t\t\t\t\t\t\t\t<\/div>\n\t\t\t\t<\/div>\n\t\t<div class=\"elementor-element elementor-element-5d8d339 e-con-full e-flex e-con e-child\" data-id=\"5d8d339\" data-element_type=\"container\">\n\t\t<div class=\"elementor-element elementor-element-cd45e7a e-con-full e-flex e-con e-child\" data-id=\"cd45e7a\" data-element_type=\"container\">\n\t\t\t\t<div class=\"elementor-element elementor-element-f62f970 elementor-widget elementor-widget-heading\" data-id=\"f62f970\" data-element_type=\"widget\" data-widget_type=\"heading.default\">\n\t\t\t\t<div class=\"elementor-widget-container\">\n\t\t\t\t\t<h2 class=\"elementor-heading-title elementor-size-default\">Trouvez votre exp\u00e9rience louisianaise en fran\u00e7ais<\/h2>\t\t\t\t<\/div>\n\t\t\t\t<\/div>\n\t\t\t\t<div class=\"elementor-element elementor-element-5c36c79 elementor-widget elementor-widget-text-editor\" data-id=\"5c36c79\" data-element_type=\"widget\" data-widget_type=\"text-editor.default\">\n\t\t\t\t<div class=\"elementor-widget-container\">\n\t\t\t\t\t\t\t\t\t<p>Que vous soyez un touriste francophone \u00e0 la recherche de musique cadienne et cr\u00e9ole ou un Louisianais \u00e0 la recherche de services en fran\u00e7ais, consultez notre carte pour d\u00e9couvrir la Louisiane francophone.\u00a0\u00a0<\/p><p>Utilisez-vous le fran\u00e7ais dans votre entreprise ou votre organisation ? <a href=\"https:\/\/codofil.org\/fr\/devenir-membre\/\">Devenir membre d'Exel Louisiane<\/a> et figurez sur notre carte.<\/p>\t\t\t\t\t\t\t\t<\/div>\n\t\t\t\t<\/div>\n\t\t\t\t<\/div>\n\t\t\t\t<\/div>\n\t\t\t\t<\/div>\n\t\t\t\t<\/div>\n\t\t<div class=\"elementor-element elementor-element-992675f contain e-con-full e-flex e-con e-child\" data-id=\"992675f\" data-element_type=\"container\">\n\t\t<div class=\"elementor-element elementor-element-31e783f e-con-full ada-disclaimer e-flex e-con e-child\" data-id=\"31e783f\" data-element_type=\"container\">\n\t\t<div class=\"elementor-element elementor-element-2909db0 e-con-full e-flex e-con e-child\" data-id=\"2909db0\" data-element_type=\"container\">\n\t\t\t\t<div class=\"elementor-element elementor-element-28caea6 elementor-widget-tablet__width-initial elementor-widget elementor-widget-text-editor\" data-id=\"28caea6\" data-element_type=\"widget\" data-widget_type=\"text-editor.default\">\n\t\t\t\t<div class=\"elementor-widget-container\">\n\t\t\t\t\t\t\t\t\t<p>Veuillez saisir votre adresse, votre ville, votre \u00e9tat ou votre code postal ci-dessous et s\u00e9lectionnez une option dans la liste d\u00e9roulante.\u00a0<span style=\"font-weight: 400;\">En raison de la nature de cette fonctionnalit\u00e9, certains \u00e9l\u00e9ments peuvent ne pas \u00eatre enti\u00e8rement accessibles. Vous pouvez acc\u00e9der \u00e0 une <a href=\"#directory-grid\">version texte de ce contenu<\/a>.<\/span><\/p>\t\t\t\t\t\t\t\t<\/div>\n\t\t\t\t<\/div>\n\t\t\t\t<\/div>\n\t\t\t\t<\/div>\n\t\t\t\t<\/div>\n\t\t<div class=\"elementor-element elementor-element-63828c0 e-con-full contain e-flex e-con e-child\" data-id=\"63828c0\" data-element_type=\"container\">\n\t\t\t\t<div class=\"elementor-element elementor-element-039dd58 elementor-widget elementor-widget-shortcode\" data-id=\"039dd58\" data-element_type=\"widget\" data-widget_type=\"shortcode.default\">\n\t\t\t\t<div class=\"elementor-widget-container\">\n\t\t\t\t\t\t\t<div class=\"elementor-shortcode\"><div id=\"mapsvg-1\" data-id=\"1\" class=\"mapsvg\" data-autoload=\"true\" data-load-db=\"true\" data-loading-text=\"Loading map...\" style=\"width: 100%; height: 0; padding-bottom: 37.5%\"><\/div><\/div>\n\t\t\t\t\t\t<\/div>\n\t\t\t\t<\/div>\n\t\t\t\t<\/div>\n\t\t\t\t\t<\/div>\n\t\t\t\t<\/main>\n\t\t\t\t<\/div>","protected":false},"excerpt":{"rendered":"<p>Find Your Experience in French Louisiana Whether you&#8217;re a Francophone tourist searching for live Cajun and Creole music or a local looking for services in French, use our map to explore Louisiana en fran\u00e7ais.\u00a0\u00a0 Use French in your business or organization? Become a member of Exel Louisiane and get listed on our map. Please enter&#8230;<\/p>","protected":false},"author":3,"featured_media":148,"parent":0,"menu_order":0,"comment_status":"closed","ping_status":"closed","template":"elementor_header_footer","meta":{"_acf_changed":false,"footnotes":"","_links_to":"","_links_to_target":""},"class_list":["post-236","page","type-page","status-publish","has-post-thumbnail","hentry"],"acf":[],"_links":{"self":[{"href":"https:\/\/codofil.org\/fr\/wp-json\/wp\/v2\/pages\/236","targetHints":{"allow":["GET"]}}],"collection":[{"href":"https:\/\/codofil.org\/fr\/wp-json\/wp\/v2\/pages"}],"about":[{"href":"https:\/\/codofil.org\/fr\/wp-json\/wp\/v2\/types\/page"}],"author":[{"embeddable":true,"href":"https:\/\/codofil.org\/fr\/wp-json\/wp\/v2\/users\/3"}],"replies":[{"embeddable":true,"href":"https:\/\/codofil.org\/fr\/wp-json\/wp\/v2\/comments?post=236"}],"version-history":[{"count":0,"href":"https:\/\/codofil.org\/fr\/wp-json\/wp\/v2\/pages\/236\/revisions"}],"wp:featuredmedia":[{"embeddable":true,"href":"https:\/\/codofil.org\/fr\/wp-json\/wp\/v2\/media\/148"}],"wp:attachment":[{"href":"https:\/\/codofil.org\/fr\/wp-json\/wp\/v2\/media?parent=236"}],"curies":[{"name":"wp","href":"https:\/\/api.w.org\/{rel}","templated":true}]}}