{"id":1539,"date":"2026-02-19T12:09:08","date_gmt":"2026-02-19T18:09:08","guid":{"rendered":"https:\/\/codofil.org\/?page_id=1539"},"modified":"2026-04-13T12:48:27","modified_gmt":"2026-04-13T17:48:27","slug":"festival","status":"publish","type":"page","link":"https:\/\/codofil.org\/fr\/festival\/","title":{"rendered":"Allons au festival"},"content":{"rendered":"<div data-elementor-type=\"wp-page\" data-elementor-id=\"1539\" class=\"elementor elementor-1539\" data-elementor-post-type=\"page\">\n\t\t\t\t<div class=\"elementor-element elementor-element-bdb1839 title-bar  full-width e-flex e-con-boxed e-con e-parent\" data-id=\"bdb1839\" data-element_type=\"container\" data-settings=\"{&quot;background_background&quot;:&quot;classic&quot;}\">\n\t\t\t\t\t<div class=\"e-con-inner\">\n\t\t<div class=\"elementor-element elementor-element-e4cabc5 e-flex e-con-boxed e-con e-child\" data-id=\"e4cabc5\" data-element_type=\"container\">\n\t\t\t\t\t<div class=\"e-con-inner\">\n\t\t\t\t<div class=\"elementor-element elementor-element-bca239c elementor-invisible elementor-widget elementor-widget-heading\" data-id=\"bca239c\" data-element_type=\"widget\" data-settings=\"{&quot;_animation&quot;:&quot;fadeIn&quot;}\" data-widget_type=\"heading.default\">\n\t\t\t\t<div class=\"elementor-widget-container\">\n\t\t\t\t\t<h1 class=\"elementor-heading-title elementor-size-default\">Allons au festival<\/h1>\t\t\t\t<\/div>\n\t\t\t\t<\/div>\n\t\t\t\t\t<\/div>\n\t\t\t\t<\/div>\n\t\t\t\t\t<\/div>\n\t\t\t\t<\/div>\n\t\t<main class=\"elementor-element elementor-element-a918178 e-flex e-con-boxed e-con e-parent\" data-id=\"a918178\" data-element_type=\"container\">\n\t\t\t\t\t<div class=\"e-con-inner\">\n\t\t<div class=\"elementor-element elementor-element-9f9f2e1 e-con-full contain e-flex e-con e-child\" data-id=\"9f9f2e1\" data-element_type=\"container\">\n\t\t<div class=\"elementor-element elementor-element-9607f31 e-con-full e-flex e-con e-child\" data-id=\"9607f31\" data-element_type=\"container\" id=\"main\">\n\t\t\t\t<div class=\"elementor-element elementor-element-25a9e54 elementor-widget elementor-widget-theme-post-featured-image elementor-widget-image\" data-id=\"25a9e54\" data-element_type=\"widget\" data-widget_type=\"theme-post-featured-image.default\">\n\t\t\t\t<div class=\"elementor-widget-container\">\n\t\t\t\t\t\t\t\t\t\t\t\t\t\t\t<img fetchpriority=\"high\" decoding=\"async\" width=\"800\" height=\"534\" src=\"https:\/\/codofil.org\/wp-content\/uploads\/2025\/03\/Music-full-1024x684.jpg\" class=\"attachment-large size-large wp-image-148\" alt=\"Steve Riley, musicien cadien de Louisiane, joue de l&#039;accord\u00e9on.\" srcset=\"https:\/\/codofil.org\/wp-content\/uploads\/2025\/03\/Music-full-1024x684.jpg 1024w, https:\/\/codofil.org\/wp-content\/uploads\/2025\/03\/Music-full-300x200.jpg 300w, https:\/\/codofil.org\/wp-content\/uploads\/2025\/03\/Music-full-768x513.jpg 768w, https:\/\/codofil.org\/wp-content\/uploads\/2025\/03\/Music-full-391x260.jpg 391w, https:\/\/codofil.org\/wp-content\/uploads\/2025\/03\/Music-full-18x12.jpg 18w, https:\/\/codofil.org\/wp-content\/uploads\/2025\/03\/Music-full.jpg 1200w\" sizes=\"(max-width: 800px) 100vw, 800px\" \/>\t\t\t\t\t\t\t\t\t\t\t\t\t\t\t<\/div>\n\t\t\t\t<\/div>\n\t\t<div class=\"elementor-element elementor-element-5d8d339 e-con-full e-flex e-con e-child\" data-id=\"5d8d339\" data-element_type=\"container\">\n\t\t<div class=\"elementor-element elementor-element-cd45e7a e-con-full e-flex e-con e-child\" data-id=\"cd45e7a\" data-element_type=\"container\">\n\t\t\t\t<div class=\"elementor-element elementor-element-f62f970 elementor-widget elementor-widget-heading\" data-id=\"f62f970\" data-element_type=\"widget\" data-widget_type=\"heading.default\">\n\t\t\t\t<div class=\"elementor-widget-container\">\n\t\t\t\t\t<h2 class=\"elementor-heading-title elementor-size-default\">Festival en fran\u00e7ais avec CODOFIL<\/h2>\t\t\t\t<\/div>\n\t\t\t\t<\/div>\n\t\t\t\t<div class=\"elementor-element elementor-element-5c36c79 elementor-widget elementor-widget-text-editor\" data-id=\"5c36c79\" data-element_type=\"widget\" data-widget_type=\"text-editor.default\">\n\t\t\t\t<div class=\"elementor-widget-container\">\n\t\t\t\t\t\t\t\t\t<p>Le CODOFIL fait vivre le fran\u00e7ais et le cr\u00e9ole de Louisiane tout au long de l'ann\u00e9e. De l'interactivit\u00e9 <b data-path-to-node=\"3,0\" data-index-in-node=\"98\">\u2018Apprendre par les paroles\u2019<\/b> des ateliers et des d\u00e9bats anim\u00e9s <a href=\"https:\/\/codofil.org\/fr\/tables\/\"><b data-path-to-node=\"3,0\" data-index-in-node=\"141\">Tables fran\u00e7aises<\/b><\/a> des pr\u00e9sentations culturelles et des rencontres communautaires, rejoignez-nous lors des festivals organis\u00e9s dans tout l'\u00c9tat pour c\u00e9l\u00e9brer notre patrimoine vivant !<\/p>\t\t\t\t\t\t\t\t<\/div>\n\t\t\t\t<\/div>\n\t\t\t\t<\/div>\n\t\t\t\t<\/div>\n\t\t\t\t<\/div>\n\t\t\t\t<\/div>\n\t\t\t\t\t<\/div>\n\t\t\t\t<\/main>\n\t\t<div class=\"elementor-element elementor-element-e901b51 e-flex e-con-boxed e-con e-parent\" data-id=\"e901b51\" data-element_type=\"container\">\n\t\t\t\t\t<div class=\"e-con-inner\">\n\t\t\t\t<div class=\"elementor-element elementor-element-b45b9de elementor-widget elementor-widget-spacer\" data-id=\"b45b9de\" data-element_type=\"widget\" data-widget_type=\"spacer.default\">\n\t\t\t\t<div class=\"elementor-widget-container\">\n\t\t\t\t\t\t\t<div class=\"elementor-spacer\">\n\t\t\t<div class=\"elementor-spacer-inner\"><\/div>\n\t\t<\/div>\n\t\t\t\t\t\t<\/div>\n\t\t\t\t<\/div>\n\t\t\t\t<div class=\"elementor-element elementor-element-1a70c5e elementor-widget elementor-widget-heading\" data-id=\"1a70c5e\" data-element_type=\"widget\" data-widget_type=\"heading.default\">\n\t\t\t\t<div class=\"elementor-widget-container\">\n\t\t\t\t\t<h1 class=\"elementor-heading-title elementor-size-default\">Festival International de Louisiane 2026<\/h1>\t\t\t\t<\/div>\n\t\t\t\t<\/div>\n\t\t<div class=\"elementor-element elementor-element-62ef1e4 e-con-full e-flex e-con e-child\" data-id=\"62ef1e4\" data-element_type=\"container\">\n\t\t\t\t<div class=\"elementor-element elementor-element-03e2578 elementor-widget elementor-widget-text-editor\" data-id=\"03e2578\" data-element_type=\"widget\" data-widget_type=\"text-editor.default\">\n\t\t\t\t<div class=\"elementor-widget-container\">\n\t\t\t\t\t\t\t\t\t<h2><span style=\"border: 0px; font-style: inherit; font-variant: inherit; font-stretch: inherit; font-size: inherit; line-height: inherit; font-family: inherit; font-optical-sizing: inherit; font-size-adjust: inherit; font-kerning: inherit; font-feature-settings: inherit; font-variation-settings: inherit; font-language-override: inherit; margin: 0px; padding: 0px; vertical-align: baseline; color: inherit;\" data-olk-copy-source=\"MessageBody\">La Tente Louisianaise :\u00a0<\/span><span style=\"font-size: 1rem;\">Votre French Connection au festival<\/span><\/h2><p>Inscrivez-vous \u00e0 La Tente Louisianaise pour <strong>se porter volontaire pour le CODOFIL<\/strong> en fran\u00e7ais ! De plus, vous b\u00e9n\u00e9ficierez de tous les avantages d'\u00eatre un b\u00e9n\u00e9vole du Festival International. S'inscrire <a href=\"https:\/\/www.festivalinternational.org\/volunteer\" target=\"_blank\" rel=\"noopener\">ici<\/a>.<\/p><p>Vous cherchez des informations sur le Festival International de Louisiane en fran\u00e7ais ? Rendez-vous \u00e0 La Tente Louisianaise, organis\u00e9e par le CODOFIL et les <a href=\"https:\/\/www.google.com\/url?sa=t&amp;rct=j&amp;q=&amp;esrc=s&amp;source=web&amp;cd=&amp;cad=rja&amp;uact=8&amp;ved=2ahUKEwji29jO-oiTAxWql2oFHVunIYMQFnoECCAQAQ&amp;url=https%3A%2F%2Fwww.atchafalaya.org%2F&amp;usg=AOvVaw3jwG71a_NlrgVuiJ6k83Yx&amp;opi=89978449\" target=\"_blank\" rel=\"noopener\"><strong>Atchafalaya National Heritage Area<\/strong><\/a>. Nous mettons \u00e0 la disposition de nos visiteurs francophones un espace d\u00e9di\u00e9 aux questions et r\u00e9ponses, ainsi que des ressources sur la langue fran\u00e7aise et les programmes d'immersion en Louisiane. Que vous ayez besoin d'indications ou que vous souhaitiez en savoir plus sur notre patrimoine culturel, venez passer un bon moment avec nous-en fran\u00e7ais !<\/p><h2>Programmation francophone<\/h2><div>Le CODOFIL est fier de soutenir les \u00e9v\u00e9nements en langue fran\u00e7aise du Festival International de Louisiane.<\/div><div>\u00a0<\/div><h4><a href=\"https:\/\/www.francofae.org\/\" target=\"_blank\" rel=\"noopener\">Exposition FrancoFAE<\/a><\/h4><p data-start=\"262\" data-end=\"606\">Le CODOFIL est fier de soutenir Franco Fine Arts Exchange (Franco FAE) et sa prochaine exposition collective <strong data-start=\"441\" data-end=\"469\">\u201cLe miroir de l'Acadie\u201d, \"Le miroir de l'Acadie\", \"Le miroir de l'Acadie\", etc.\u201d<\/strong> ouverture <strong data-start=\"478\" data-end=\"526\">22 avril 2026 <\/strong>\u00e0 <strong data-start=\"478\" data-end=\"526\"><a href=\"https:\/\/www.citedesarts.org\/\" target=\"_blank\" rel=\"noopener\">Cit\u00e9 des Arts<\/a><\/strong>\u00e0 Lafayette, dans le cadre d'un effort plus large visant \u00e0 mettre en relation et \u00e0 c\u00e9l\u00e9brer les artistes acadiens dans le monde entier.\u00a0<span style=\"font-size: 1rem;\">L'exposition se d\u00e9roulera <\/span>Du 22 avril au 31 mai 2026.\u00a0<span style=\"font-size: 1rem;\">L'\u00e9v\u00e9nement pr\u00e9sentera le travail de <\/span><strong style=\"font-size: 1rem;\" data-start=\"767\" data-end=\"799\">plus de 15 artistes acadiens<\/strong><span style=\"font-size: 1rem;\"> de <\/span><span style=\"font-size: 1rem;\" data-start=\"805\" data-end=\"855\">Acadiana, \u00c9tats-Unis et Canada<\/span><span style=\"font-size: 1rem;\">, Il s'agit d'un projet qui rassemble diverses perspectives artistiques li\u00e9es par un h\u00e9ritage acadien commun.<\/span><span style=\"font-size: 1rem;\">\u00a0<\/span><\/p><div><span style=\"font-size: 1rem;\">\u00a0<\/span><\/div><h4><a href=\"https:\/\/www.facebook.com\/people\/Le-Th%C3%A9%C3%A2tre-des-pauvres-b%C3%AAtes\/61577636524891\/\" target=\"_blank\" rel=\"noopener\">Th\u00e9\u00e2tre Pauvre B\u00eate<\/a><\/h4><div><p data-start=\"651\" data-end=\"1298\">\u00c9crit par un \u00e9ducateur et dramaturge de Louisiane <strong data-start=\"696\" data-end=\"712\">Kirby Jambon<\/strong>, La pi\u00e8ce est une r\u00e9interpr\u00e9tation cr\u00e9ative de l'histoire de l'Europe. <em data-start=\"757\" data-end=\"791\">Les aventures d'Alice au pays des merveilles<\/em> enracin\u00e9 dans les traditions, l'humour et les r\u00e9cits des <span data-start=\"845\" data-end=\"887\">L'h\u00e9ritage fran\u00e7ais et cr\u00e9ole de la Louisiane<\/span>. Effectu\u00e9 en <strong data-start=\"902\" data-end=\"943\">Fran\u00e7ais de Louisiane et cr\u00e9ole de Louisiane<\/strong>, Le spectacle suit une jeune fille nomm\u00e9e Alice qui se retrouve dans un monde myst\u00e9rieux peupl\u00e9 de personnages et d'animaux qui font \u00e9cho \u00e0 la fois aux figures fantasques du pays des merveilles et aux voix du pass\u00e9 de sa propre famille. \u00c0 travers ce voyage fantastique, Alice d\u00e9couvre son identit\u00e9, sa culture et l'h\u00e9ritage vivant des traditions francophones de la Louisiane.<\/p><p data-start=\"1300\" data-end=\"1694\">Cette ambitieuse production communautaire r\u00e9unit <strong data-start=\"1352\" data-end=\"1386\">37 acteurs <\/strong>de toute l'Acadiane, \u00e2g\u00e9s de 5 \u00e0 74 ans, y compris des artistes exp\u00e9riment\u00e9s, des acteurs d\u00e9butants, des \u00e9tudiants en immersion fran\u00e7aise et des membres de la communaut\u00e9 qui apprennent le fran\u00e7ais. La production comprend \u00e9galement une \u00e9quipe cr\u00e9ative d'artistes et de b\u00e9n\u00e9voles d\u00e9vou\u00e9s, ainsi que des contributions de l'association <span data-start=\"1664\" data-end=\"1693\">Bourse des beaux-arts de Franco<\/span>.<\/p><p data-start=\"1300\" data-end=\"1694\">Repr\u00e9sentations de <strong data-start=\"2340\" data-end=\"2371\">\u201cAlice au pays des m\u00e9m\u00e8res\u201d<\/strong> aura lieu <strong data-start=\"2388\" data-end=\"2464\">Les 25 et 26 avril \u00e0 14 h et 18 h. <\/strong>\u00e0 <strong data-start=\"2388\" data-end=\"2464\"><a href=\"https:\/\/www.citedesarts.org\/\" target=\"_blank\" rel=\"noopener\">Cit\u00e9 des Arts<\/a><\/strong>\u00e0 Lafayette. Le spectacle fait partie du programme officiel du Festival International de Louisiane, qui c\u00e9l\u00e8bre les liens francophones mondiaux qui rendent l'Acadiane unique.<\/p><\/div>\t\t\t\t\t\t\t\t<\/div>\n\t\t\t\t<\/div>\n\t\t\t\t<\/div>\n\t\t\t\t\t<\/div>\n\t\t\t\t<\/div>\n\t\t<div class=\"elementor-element elementor-element-7fa0461 e-flex e-con-boxed e-con e-parent\" data-id=\"7fa0461\" data-element_type=\"container\">\n\t\t\t\t\t<div class=\"e-con-inner\">\n\t\t\t\t<div class=\"elementor-element elementor-element-df7130d elementor-widget elementor-widget-spacer\" data-id=\"df7130d\" data-element_type=\"widget\" data-widget_type=\"spacer.default\">\n\t\t\t\t<div class=\"elementor-widget-container\">\n\t\t\t\t\t\t\t<div class=\"elementor-spacer\">\n\t\t\t<div class=\"elementor-spacer-inner\"><\/div>\n\t\t<\/div>\n\t\t\t\t\t\t<\/div>\n\t\t\t\t<\/div>\n\t\t\t\t\t<\/div>\n\t\t\t\t<\/div>\n\t\t<div class=\"elementor-element elementor-element-5e141f5 e-grid e-con-boxed e-con e-parent\" data-id=\"5e141f5\" data-element_type=\"container\">\n\t\t\t\t\t<div class=\"e-con-inner\">\n\t\t\t\t<div class=\"elementor-element elementor-element-0f1ba23 elementor-widget elementor-widget-image\" data-id=\"0f1ba23\" data-element_type=\"widget\" data-widget_type=\"image.default\">\n\t\t\t\t<div class=\"elementor-widget-container\">\n\t\t\t\t\t\t\t\t\t\t\t\t\t\t\t<img decoding=\"async\" width=\"768\" height=\"252\" src=\"https:\/\/codofil.org\/wp-content\/uploads\/2026\/03\/ocd_logo_large-768x252.png\" class=\"attachment-medium_large size-medium_large wp-image-1566\" alt=\"\" srcset=\"https:\/\/codofil.org\/wp-content\/uploads\/2026\/03\/ocd_logo_large-768x252.png 768w, https:\/\/codofil.org\/wp-content\/uploads\/2026\/03\/ocd_logo_large-300x98.png 300w, https:\/\/codofil.org\/wp-content\/uploads\/2026\/03\/ocd_logo_large-1024x336.png 1024w, https:\/\/codofil.org\/wp-content\/uploads\/2026\/03\/ocd_logo_large-18x6.png 18w, https:\/\/codofil.org\/wp-content\/uploads\/2026\/03\/ocd_logo_large.png 1236w\" sizes=\"(max-width: 768px) 100vw, 768px\">\t\t\t\t\t\t\t\t\t\t\t\t\t\t\t<\/div>\n\t\t\t\t<\/div>\n\t\t<div class=\"elementor-element elementor-element-ef8c376 e-con-full e-flex e-con e-child\" data-id=\"ef8c376\" data-element_type=\"container\">\n\t\t\t\t<div class=\"elementor-element elementor-element-281a756 elementor-widget elementor-widget-image\" data-id=\"281a756\" data-element_type=\"widget\" data-widget_type=\"image.default\">\n\t\t\t\t<div class=\"elementor-widget-container\">\n\t\t\t\t\t\t\t\t\t\t\t\t\t\t\t<img decoding=\"async\" width=\"150\" height=\"150\" src=\"https:\/\/codofil.org\/wp-content\/uploads\/2025\/07\/FILLogomark_WEB-150x150.png\" class=\"attachment-thumbnail size-thumbnail wp-image-877\" alt=\"Logo du Festival International de Louisiane\" srcset=\"https:\/\/codofil.org\/wp-content\/uploads\/2025\/07\/FILLogomark_WEB-150x150.png 150w, https:\/\/codofil.org\/wp-content\/uploads\/2025\/07\/FILLogomark_WEB-300x300.png 300w, https:\/\/codofil.org\/wp-content\/uploads\/2025\/07\/FILLogomark_WEB-1024x1024.png 1024w, https:\/\/codofil.org\/wp-content\/uploads\/2025\/07\/FILLogomark_WEB-768x768.png 768w, https:\/\/codofil.org\/wp-content\/uploads\/2025\/07\/FILLogomark_WEB-12x12.png 12w, https:\/\/codofil.org\/wp-content\/uploads\/2025\/07\/FILLogomark_WEB.png 1176w\" sizes=\"(max-width: 150px) 100vw, 150px\" \/>\t\t\t\t\t\t\t\t\t\t\t\t\t\t\t<\/div>\n\t\t\t\t<\/div>\n\t\t\t\t<\/div>\n\t\t\t\t<div class=\"elementor-element elementor-element-598d668 elementor-widget elementor-widget-image\" data-id=\"598d668\" data-element_type=\"widget\" data-widget_type=\"image.default\">\n\t\t\t\t<div class=\"elementor-widget-container\">\n\t\t\t\t\t\t\t\t\t\t\t\t\t\t\t<img loading=\"lazy\" decoding=\"async\" width=\"300\" height=\"236\" src=\"https:\/\/codofil.org\/wp-content\/uploads\/2026\/03\/social-samples-instagram-300x236.png\" class=\"attachment-medium size-medium wp-image-1565\" alt=\"logo aire patrimoniale nationale de l&#039;atchafalaya\" srcset=\"https:\/\/codofil.org\/wp-content\/uploads\/2026\/03\/social-samples-instagram-300x236.png 300w, https:\/\/codofil.org\/wp-content\/uploads\/2026\/03\/social-samples-instagram-1024x806.png 1024w, https:\/\/codofil.org\/wp-content\/uploads\/2026\/03\/social-samples-instagram-768x604.png 768w, https:\/\/codofil.org\/wp-content\/uploads\/2026\/03\/social-samples-instagram-15x12.png 15w, https:\/\/codofil.org\/wp-content\/uploads\/2026\/03\/social-samples-instagram.png 1080w\" sizes=\"(max-width: 300px) 100vw, 300px\" \/>\t\t\t\t\t\t\t\t\t\t\t\t\t\t\t<\/div>\n\t\t\t\t<\/div>\n\t\t\t\t\t<\/div>\n\t\t\t\t<\/div>\n\t\t\t\t<\/div>","protected":false},"excerpt":{"rendered":"<p>Festival in French with CODOFIL CODOFIL brings the heartbeat of Louisiana French and Creole to life year-round. From interactive &#8216;Learn by the Lyrics&#8217; workshops and lively French Tables to cultural presentations and community meet-ups, join us at festivals across the state to celebrate our living heritage! Festival International de Louisiane 2026 La Tente Louisianaise :\u00a0Your&#8230;<\/p>","protected":false},"author":13,"featured_media":148,"parent":0,"menu_order":0,"comment_status":"closed","ping_status":"closed","template":"elementor_header_footer","meta":{"_acf_changed":false,"footnotes":"","_links_to":"","_links_to_target":""},"class_list":["post-1539","page","type-page","status-publish","has-post-thumbnail","hentry"],"acf":[],"_links":{"self":[{"href":"https:\/\/codofil.org\/fr\/wp-json\/wp\/v2\/pages\/1539","targetHints":{"allow":["GET"]}}],"collection":[{"href":"https:\/\/codofil.org\/fr\/wp-json\/wp\/v2\/pages"}],"about":[{"href":"https:\/\/codofil.org\/fr\/wp-json\/wp\/v2\/types\/page"}],"author":[{"embeddable":true,"href":"https:\/\/codofil.org\/fr\/wp-json\/wp\/v2\/users\/13"}],"replies":[{"embeddable":true,"href":"https:\/\/codofil.org\/fr\/wp-json\/wp\/v2\/comments?post=1539"}],"version-history":[{"count":0,"href":"https:\/\/codofil.org\/fr\/wp-json\/wp\/v2\/pages\/1539\/revisions"}],"wp:featuredmedia":[{"embeddable":true,"href":"https:\/\/codofil.org\/fr\/wp-json\/wp\/v2\/media\/148"}],"wp:attachment":[{"href":"https:\/\/codofil.org\/fr\/wp-json\/wp\/v2\/media?parent=1539"}],"curies":[{"name":"wp","href":"https:\/\/api.w.org\/{rel}","templated":true}]}}