{"id":1426,"date":"2025-11-19T14:31:33","date_gmt":"2025-11-19T20:31:33","guid":{"rendered":"https:\/\/codofil.org\/?page_id=1426"},"modified":"2025-11-20T10:22:44","modified_gmt":"2025-11-20T16:22:44","slug":"financement","status":"publish","type":"page","link":"https:\/\/codofil.org\/fr\/exel-louisiane\/financement\/","title":{"rendered":"Financement"},"content":{"rendered":"<div data-elementor-type=\"wp-page\" data-elementor-id=\"1426\" class=\"elementor elementor-1426\" data-elementor-post-type=\"page\">\n\t\t\t\t<div class=\"elementor-element elementor-element-3503dda e-flex e-con-boxed e-con e-parent\" data-id=\"3503dda\" data-element_type=\"container\">\n\t\t\t\t\t<div class=\"e-con-inner\">\n\t\t<div class=\"elementor-element elementor-element-089e5f7 e-con-full e-flex e-con e-child\" data-id=\"089e5f7\" data-element_type=\"container\">\n\t\t\t\t<div class=\"elementor-element elementor-element-8114968 elementor-widget elementor-widget-image\" data-id=\"8114968\" data-element_type=\"widget\" data-widget_type=\"image.default\">\n\t\t\t\t<div class=\"elementor-widget-container\">\n\t\t\t\t\t\t\t\t\t\t\t\t\t\t\t<img fetchpriority=\"high\" decoding=\"async\" width=\"800\" height=\"534\" src=\"https:\/\/codofil.org\/wp-content\/uploads\/2025\/11\/Hotel_site.png\" class=\"attachment-large size-large wp-image-1428\" alt=\"Les clients d&#039;un h\u00f4tel\" srcset=\"https:\/\/codofil.org\/wp-content\/uploads\/2025\/11\/Hotel_site.png 800w, https:\/\/codofil.org\/wp-content\/uploads\/2025\/11\/Hotel_site-300x200.png 300w, https:\/\/codofil.org\/wp-content\/uploads\/2025\/11\/Hotel_site-768x513.png 768w, https:\/\/codofil.org\/wp-content\/uploads\/2025\/11\/Hotel_site-18x12.png 18w\" sizes=\"(max-width: 800px) 100vw, 800px\" \/>\t\t\t\t\t\t\t\t\t\t\t\t\t\t\t<\/div>\n\t\t\t\t<\/div>\n\t\t\t\t<\/div>\n\t\t<div class=\"elementor-element elementor-element-ec18004 e-con-full e-flex e-con e-child\" data-id=\"ec18004\" data-element_type=\"container\">\n\t\t\t\t<div class=\"elementor-element elementor-element-9ac7a93 elementor-widget elementor-widget-text-editor\" data-id=\"9ac7a93\" data-element_type=\"widget\" data-widget_type=\"text-editor.default\">\n\t\t\t\t<div class=\"elementor-widget-container\">\n\t\t\t\t\t\t\t\t\t<p>Vous avez un projet professionnel visant \u00e0 promouvoir le fran\u00e7ais en Louisiane ? Les membres d'Exel Louisiane peuvent b\u00e9n\u00e9ficier d'un financement pouvant aller jusqu'\u00e0 $1 000 pour soutenir des initiatives en faveur de la langue fran\u00e7aise sur leur lieu de travail. Cette aide financi\u00e8re est disponible gr\u00e2ce \u00e0 un partenariat strat\u00e9gique avec <a href=\"https:\/\/lafondationlouisiane.org\/\" target=\"_blank\" rel=\"noopener\">La Fondation Louisiane.<\/a><\/p>\t\t\t\t\t\t\t\t<\/div>\n\t\t\t\t<\/div>\n\t\t\t\t<\/div>\n\t\t\t\t\t<\/div>\n\t\t\t\t<\/div>\n\t\t<div class=\"elementor-element elementor-element-079adc6 e-flex e-con-boxed e-con e-parent\" data-id=\"079adc6\" data-element_type=\"container\">\n\t\t\t\t\t<div class=\"e-con-inner\">\n\t\t\t\t<div class=\"elementor-element elementor-element-475797a elementor-widget elementor-widget-heading\" data-id=\"475797a\" data-element_type=\"widget\" data-widget_type=\"heading.default\">\n\t\t\t\t<div class=\"elementor-widget-container\">\n\t\t\t\t\t<h2 class=\"elementor-heading-title elementor-size-default\">Conditions d'\u00e9ligibilit\u00e9<\/h2>\t\t\t\t<\/div>\n\t\t\t\t<\/div>\n\t\t\t\t<div class=\"elementor-element elementor-element-3c34b86 elementor-widget elementor-widget-text-editor\" data-id=\"3c34b86\" data-element_type=\"widget\" data-widget_type=\"text-editor.default\">\n\t\t\t\t<div class=\"elementor-widget-container\">\n\t\t\t\t\t\t\t\t\t<div><div><div><p><span class=\"OYPEnA font-feature-liga-off font-feature-clig-off font-feature-calt-off text-decoration-none text-strikethrough-none\">Les personnes int\u00e9ress\u00e9es par une demande de financement doivent :<\/span><\/p><ul><li class=\"cvGsUA direction-ltr align-start para-style-body\"><span class=\"OYPEnA font-feature-liga-off font-feature-clig-off font-feature-calt-off text-decoration-none text-strikethrough-none\">\u00catre membre ou envisager de devenir membre du programme de d\u00e9veloppement \u00e9conomique du CODOFIL, <a href=\"https:\/\/codofil.org\/fr\/exel-louisiane\/\">Exel Louisiane<\/a><\/span><\/li><li><span class=\"OYPEnA font-feature-liga-off font-feature-clig-off font-feature-calt-off text-decoration-none text-strikethrough-none\">Mettez en \u0153uvre une initiative destin\u00e9e \u00e0 soutenir le fran\u00e7ais sur votre lieu de travail, telle que (les exemples suivants ne sont pas limit\u00e9s \u00e0 ces trois projets potentiels) :<\/span><ul><li><span class=\"OYPEnA font-feature-liga-off font-feature-clig-off font-feature-calt-off text-decoration-none text-strikethrough-none\">Cr\u00e9ation et mise en place de la signal\u00e9tique fran\u00e7aise<\/span><\/li><li><span class=\"OYPEnA font-feature-liga-off font-feature-clig-off font-feature-calt-off text-decoration-none text-strikethrough-none\">Traduire un menu ou d'autres ressources comme un site web<\/span><\/li><li><span class=\"OYPEnA font-feature-liga-off font-feature-clig-off font-feature-calt-off text-decoration-none text-strikethrough-none\">Suivre des cours de fran\u00e7ais professionnel ou aider un employ\u00e9 \u00e0 suivre des cours de fran\u00e7ais<\/span><\/li><\/ul><\/li><li>Avoir une vision claire de la fa\u00e7on dont leur projet soutiendra le fran\u00e7ais en Louisiane et dans leur entreprise ou organisation<\/li><\/ul><\/div><\/div><\/div>\t\t\t\t\t\t\t\t<\/div>\n\t\t\t\t<\/div>\n\t\t\t\t\t<\/div>\n\t\t\t\t<\/div>\n\t\t<div class=\"elementor-element elementor-element-d17745c e-flex e-con-boxed e-con e-parent\" data-id=\"d17745c\" data-element_type=\"container\">\n\t\t\t\t\t<div class=\"e-con-inner\">\n\t\t\t\t<div class=\"elementor-element elementor-element-a3148e1 elementor-widget-divider--view-line elementor-widget elementor-widget-divider\" data-id=\"a3148e1\" data-element_type=\"widget\" data-widget_type=\"divider.default\">\n\t\t\t\t<div class=\"elementor-widget-container\">\n\t\t\t\t\t\t\t<div class=\"elementor-divider\">\n\t\t\t<span class=\"elementor-divider-separator\">\n\t\t\t\t\t\t<\/span>\n\t\t<\/div>\n\t\t\t\t\t\t<\/div>\n\t\t\t\t<\/div>\n\t\t\t\t<div class=\"elementor-element elementor-element-f9a07d9 elementor-widget elementor-widget-heading\" data-id=\"f9a07d9\" data-element_type=\"widget\" data-widget_type=\"heading.default\">\n\t\t\t\t<div class=\"elementor-widget-container\">\n\t\t\t\t\t<h2 class=\"elementor-heading-title elementor-size-default\">Demande de financement pour un projet de langue fran\u00e7aise<\/h2>\t\t\t\t<\/div>\n\t\t\t\t<\/div>\n\t\t\t\t<div class=\"elementor-element elementor-element-9cd8ef3 elementor-align-center elementor-widget elementor-widget-button\" data-id=\"9cd8ef3\" data-element_type=\"widget\" data-widget_type=\"button.default\">\n\t\t\t\t<div class=\"elementor-widget-container\">\n\t\t\t\t\t\t\t\t\t<div class=\"elementor-button-wrapper\">\n\t\t\t\t\t<a class=\"elementor-button elementor-button-link elementor-size-sm\" href=\"https:\/\/codofil.org\/fr\/appliquer-le-projet-professionnel\/\">\n\t\t\t\t\t\t<span class=\"elementor-button-content-wrapper\">\n\t\t\t\t\t\t\t\t\t<span class=\"elementor-button-text\">Candidater<\/span>\n\t\t\t\t\t<\/span>\n\t\t\t\t\t<\/a>\n\t\t\t\t<\/div>\n\t\t\t\t\t\t\t\t<\/div>\n\t\t\t\t<\/div>\n\t\t\t\t\t<\/div>\n\t\t\t\t<\/div>\n\t\t\t\t<\/div>","protected":false},"excerpt":{"rendered":"<p>Do you have a professional project that seeks to promote French in Louisiana? Members of Exel Louisiane are eligible for up to $1,000 in funding to support French-language initiatives at their place of work. This financial assistance is available through a strategic partnership with La Fondation Louisiane. Eligibility Requirements Those who are interested in applying&#8230;<\/p>","protected":false},"author":10,"featured_media":1428,"parent":712,"menu_order":0,"comment_status":"closed","ping_status":"closed","template":"","meta":{"_acf_changed":false,"footnotes":"","_links_to":"","_links_to_target":""},"class_list":["post-1426","page","type-page","status-publish","has-post-thumbnail","hentry"],"acf":[],"_links":{"self":[{"href":"https:\/\/codofil.org\/fr\/wp-json\/wp\/v2\/pages\/1426","targetHints":{"allow":["GET"]}}],"collection":[{"href":"https:\/\/codofil.org\/fr\/wp-json\/wp\/v2\/pages"}],"about":[{"href":"https:\/\/codofil.org\/fr\/wp-json\/wp\/v2\/types\/page"}],"author":[{"embeddable":true,"href":"https:\/\/codofil.org\/fr\/wp-json\/wp\/v2\/users\/10"}],"replies":[{"embeddable":true,"href":"https:\/\/codofil.org\/fr\/wp-json\/wp\/v2\/comments?post=1426"}],"version-history":[{"count":0,"href":"https:\/\/codofil.org\/fr\/wp-json\/wp\/v2\/pages\/1426\/revisions"}],"up":[{"embeddable":true,"href":"https:\/\/codofil.org\/fr\/wp-json\/wp\/v2\/pages\/712"}],"wp:featuredmedia":[{"embeddable":true,"href":"https:\/\/codofil.org\/fr\/wp-json\/wp\/v2\/media\/1428"}],"wp:attachment":[{"href":"https:\/\/codofil.org\/fr\/wp-json\/wp\/v2\/media?parent=1426"}],"curies":[{"name":"wp","href":"https:\/\/api.w.org\/{rel}","templated":true}]}}