{"id":1422,"date":"2025-11-17T14:35:16","date_gmt":"2025-11-17T20:35:16","guid":{"rendered":"https:\/\/codofil.org\/?page_id=1422"},"modified":"2025-11-17T15:01:54","modified_gmt":"2025-11-17T21:01:54","slug":"ateliers","status":"publish","type":"page","link":"https:\/\/codofil.org\/fr\/exel-louisiane\/ateliers\/","title":{"rendered":"Ateliers"},"content":{"rendered":"<div data-elementor-type=\"wp-page\" data-elementor-id=\"1422\" class=\"elementor elementor-1422\" data-elementor-post-type=\"page\">\n\t\t\t\t<div class=\"elementor-element elementor-element-f1e12e9 e-flex e-con-boxed e-con e-parent\" data-id=\"f1e12e9\" data-element_type=\"container\">\n\t\t\t\t\t<div class=\"e-con-inner\">\n\t\t\t\t<div class=\"elementor-element elementor-element-ab3c792 elementor-widget elementor-widget-text-editor\" data-id=\"ab3c792\" data-element_type=\"widget\" data-widget_type=\"text-editor.default\">\n\t\t\t\t<div class=\"elementor-widget-container\">\n\t\t\t\t\t\t\t\t\t<div><div><div><p>Les ateliers du CODOFIL se concentrent sur trois domaines : le tourisme et l'h\u00f4tellerie, les march\u00e9s internationaux et l'\u00e9conomie culturelle. Dans ces domaines, nous travaillons avec nos partenaires pour proposer plusieurs ateliers, chacun d'entre eux \u00e9tant con\u00e7u pour montrer comment le fran\u00e7ais peut ouvrir de nouvelles portes. Nous travaillons avec une \u00e9quipe de chefs d'entreprise de toute la Louisiane, repr\u00e9sentant des secteurs tels que le tourisme, la culture et les arts, l'agriculture, le design, le marketing, etc.<\/p><\/div><\/div><\/div>\t\t\t\t\t\t\t\t<\/div>\n\t\t\t\t<\/div>\n\t\t\t\t\t<\/div>\n\t\t\t\t<\/div>\n\t\t<div class=\"elementor-element elementor-element-c1a4842 e-flex e-con-boxed e-con e-parent\" data-id=\"c1a4842\" data-element_type=\"container\">\n\t\t\t\t\t<div class=\"e-con-inner\">\n\t\t\t\t<div class=\"elementor-element elementor-element-9a1ee5f elementor-widget elementor-widget-heading\" data-id=\"9a1ee5f\" data-element_type=\"widget\" data-widget_type=\"heading.default\">\n\t\t\t\t<div class=\"elementor-widget-container\">\n\t\t\t\t\t<h2 class=\"elementor-heading-title elementor-size-default\">Ateliers \u00e0 venir<\/h2>\t\t\t\t<\/div>\n\t\t\t\t<\/div>\n\t\t\t\t\t<\/div>\n\t\t\t\t<\/div>\n\t\t<div class=\"elementor-element elementor-element-5e53000 e-flex e-con-boxed e-con e-parent\" data-id=\"5e53000\" data-element_type=\"container\">\n\t\t\t\t\t<div class=\"e-con-inner\">\n\t\t<div class=\"elementor-element elementor-element-371be56 e-con-full e-flex e-con e-child\" data-id=\"371be56\" data-element_type=\"container\">\n\t\t\t\t<div class=\"elementor-element elementor-element-d415a3e elementor-widget elementor-widget-image\" data-id=\"d415a3e\" data-element_type=\"widget\" data-widget_type=\"image.default\">\n\t\t\t\t<div class=\"elementor-widget-container\">\n\t\t\t\t\t\t\t\t\t\t\t\t\t\t\t<img fetchpriority=\"high\" decoding=\"async\" width=\"800\" height=\"600\" src=\"https:\/\/codofil.org\/wp-content\/uploads\/2025\/08\/professional-development.png\" class=\"attachment-large size-large wp-image-1147\" alt=\"Un groupe de personnes participant \u00e0 un s\u00e9minaire de d\u00e9veloppement professionnel\" srcset=\"https:\/\/codofil.org\/wp-content\/uploads\/2025\/08\/professional-development.png 900w, https:\/\/codofil.org\/wp-content\/uploads\/2025\/08\/professional-development-300x225.png 300w, https:\/\/codofil.org\/wp-content\/uploads\/2025\/08\/professional-development-768x576.png 768w, https:\/\/codofil.org\/wp-content\/uploads\/2025\/08\/professional-development-16x12.png 16w\" sizes=\"(max-width: 800px) 100vw, 800px\" \/>\t\t\t\t\t\t\t\t\t\t\t\t\t\t\t<\/div>\n\t\t\t\t<\/div>\n\t\t\t\t<\/div>\n\t\t<div class=\"elementor-element elementor-element-cda3c98 e-con-full e-flex e-con e-child\" data-id=\"cda3c98\" data-element_type=\"container\">\n\t\t\t\t<div class=\"elementor-element elementor-element-e29eb15 elementor-widget elementor-widget-heading\" data-id=\"e29eb15\" data-element_type=\"widget\" data-widget_type=\"heading.default\">\n\t\t\t\t<div class=\"elementor-widget-container\">\n\t\t\t\t\t<h3 class=\"elementor-heading-title elementor-size-default\">Des occasions d'utiliser le fran\u00e7ais dans le tourisme<\/h3>\t\t\t\t<\/div>\n\t\t\t\t<\/div>\n\t\t\t\t<div class=\"elementor-element elementor-element-da475a1 elementor-widget elementor-widget-text-editor\" data-id=\"da475a1\" data-element_type=\"widget\" data-widget_type=\"text-editor.default\">\n\t\t\t\t<div class=\"elementor-widget-container\">\n\t\t\t\t\t\t\t\t\t<p><strong>TBD 2026 - Nouvelle-Orl\u00e9ans, Louisiane<\/strong><\/p>\t\t\t\t\t\t\t\t<\/div>\n\t\t\t\t<\/div>\n\t\t\t\t<div class=\"elementor-element elementor-element-da3fcb3 elementor-widget elementor-widget-text-editor\" data-id=\"da3fcb3\" data-element_type=\"widget\" data-widget_type=\"text-editor.default\">\n\t\t\t\t<div class=\"elementor-widget-container\">\n\t\t\t\t\t\t\t\t\t<p>Un atelier de d\u00e9veloppement professionnel ax\u00e9 sur les avantages \u00e9conomiques de l'utilisation du fran\u00e7ais dans le tourisme en Louisiane.\u00a0<\/p><div>\u00a0<\/div><div>\u00a0<\/div>\t\t\t\t\t\t\t\t<\/div>\n\t\t\t\t<\/div>\n\t\t\t\t<\/div>\n\t\t\t\t\t<\/div>\n\t\t\t\t<\/div>\n\t\t<div class=\"elementor-element elementor-element-ea0229c e-flex e-con-boxed e-con e-parent\" data-id=\"ea0229c\" data-element_type=\"container\">\n\t\t\t\t\t<div class=\"e-con-inner\">\n\t\t\t\t<div class=\"elementor-element elementor-element-6babb6a elementor-widget elementor-widget-heading\" data-id=\"6babb6a\" data-element_type=\"widget\" data-widget_type=\"heading.default\">\n\t\t\t\t<div class=\"elementor-widget-container\">\n\t\t\t\t\t<h2 class=\"elementor-heading-title elementor-size-default\">Nos partenaires<\/h2>\t\t\t\t<\/div>\n\t\t\t\t<\/div>\n\t\t\t\t\t<\/div>\n\t\t\t\t<\/div>\n\t\t<div class=\"elementor-element elementor-element-4fcbf8a e-grid e-con-boxed e-con e-parent\" data-id=\"4fcbf8a\" data-element_type=\"container\">\n\t\t\t\t\t<div class=\"e-con-inner\">\n\t\t\t\t<div class=\"elementor-element elementor-element-f586ff1 elementor-widget elementor-widget-image\" data-id=\"f586ff1\" data-element_type=\"widget\" data-widget_type=\"image.default\">\n\t\t\t\t<div class=\"elementor-widget-container\">\n\t\t\t\t\t\t\t\t\t\t\t\t\t\t\t<img decoding=\"async\" width=\"512\" height=\"432\" src=\"https:\/\/codofil.org\/wp-content\/uploads\/2025\/07\/unnamed.png\" class=\"attachment-large size-large wp-image-735\" alt=\"Atchafalaya National Heritage Area\" srcset=\"https:\/\/codofil.org\/wp-content\/uploads\/2025\/07\/unnamed.png 512w, https:\/\/codofil.org\/wp-content\/uploads\/2025\/07\/unnamed-300x253.png 300w, https:\/\/codofil.org\/wp-content\/uploads\/2025\/07\/unnamed-14x12.png 14w\" sizes=\"(max-width: 512px) 100vw, 512px\" \/>\t\t\t\t\t\t\t\t\t\t\t\t\t\t\t<\/div>\n\t\t\t\t<\/div>\n\t\t\t\t<div class=\"elementor-element elementor-element-dd70b58 elementor-widget elementor-widget-image\" data-id=\"dd70b58\" data-element_type=\"widget\" data-widget_type=\"image.default\">\n\t\t\t\t<div class=\"elementor-widget-container\">\n\t\t\t\t\t\t\t\t\t\t\t\t\t\t\t<img decoding=\"async\" width=\"600\" height=\"600\" src=\"https:\/\/codofil.org\/wp-content\/uploads\/2025\/07\/louisiana-travel-logo-png_seeklogo-348527.png\" class=\"attachment-large size-large wp-image-738\" alt=\"Tourisme en Louisiane avec le slogan &quot;Nourrissez votre \u00e2me\" srcset=\"https:\/\/codofil.org\/wp-content\/uploads\/2025\/07\/louisiana-travel-logo-png_seeklogo-348527.png 600w, https:\/\/codofil.org\/wp-content\/uploads\/2025\/07\/louisiana-travel-logo-png_seeklogo-348527-300x300.png 300w, https:\/\/codofil.org\/wp-content\/uploads\/2025\/07\/louisiana-travel-logo-png_seeklogo-348527-150x150.png 150w, https:\/\/codofil.org\/wp-content\/uploads\/2025\/07\/louisiana-travel-logo-png_seeklogo-348527-12x12.png 12w\" sizes=\"(max-width: 600px) 100vw, 600px\" \/>\t\t\t\t\t\t\t\t\t\t\t\t\t\t\t<\/div>\n\t\t\t\t<\/div>\n\t\t\t\t<div class=\"elementor-element elementor-element-c040ab6 elementor-widget elementor-widget-image\" data-id=\"c040ab6\" data-element_type=\"widget\" data-widget_type=\"image.default\">\n\t\t\t\t<div class=\"elementor-widget-container\">\n\t\t\t\t\t\t\t\t\t\t\t\t\t\t\t<img loading=\"lazy\" decoding=\"async\" width=\"477\" height=\"295\" src=\"https:\/\/codofil.org\/wp-content\/uploads\/2025\/07\/logo_lsbdc-lg.png\" class=\"attachment-large size-large wp-image-736\" alt=\"Centre de d\u00e9veloppement des petites entreprises de Louisiane\" srcset=\"https:\/\/codofil.org\/wp-content\/uploads\/2025\/07\/logo_lsbdc-lg.png 477w, https:\/\/codofil.org\/wp-content\/uploads\/2025\/07\/logo_lsbdc-lg-300x186.png 300w, https:\/\/codofil.org\/wp-content\/uploads\/2025\/07\/logo_lsbdc-lg-18x12.png 18w\" sizes=\"(max-width: 477px) 100vw, 477px\" \/>\t\t\t\t\t\t\t\t\t\t\t\t\t\t\t<\/div>\n\t\t\t\t<\/div>\n\t\t\t\t<div class=\"elementor-element elementor-element-8048b81 elementor-widget elementor-widget-image\" data-id=\"8048b81\" data-element_type=\"widget\" data-widget_type=\"image.default\">\n\t\t\t\t<div class=\"elementor-widget-container\">\n\t\t\t\t\t\t\t\t\t\t\t\t\t\t\t<img loading=\"lazy\" decoding=\"async\" width=\"800\" height=\"354\" src=\"https:\/\/codofil.org\/wp-content\/uploads\/2025\/07\/LED.FULL-COLOR-RGB.png\" class=\"attachment-large size-large wp-image-737\" alt=\"D\u00e9veloppement \u00e9conomique de la Louisiane\" srcset=\"https:\/\/codofil.org\/wp-content\/uploads\/2025\/07\/LED.FULL-COLOR-RGB.png 1000w, https:\/\/codofil.org\/wp-content\/uploads\/2025\/07\/LED.FULL-COLOR-RGB-300x133.png 300w, https:\/\/codofil.org\/wp-content\/uploads\/2025\/07\/LED.FULL-COLOR-RGB-768x339.png 768w, https:\/\/codofil.org\/wp-content\/uploads\/2025\/07\/LED.FULL-COLOR-RGB-18x8.png 18w\" sizes=\"(max-width: 800px) 100vw, 800px\" \/>\t\t\t\t\t\t\t\t\t\t\t\t\t\t\t<\/div>\n\t\t\t\t<\/div>\n\t\t\t\t<div class=\"elementor-element elementor-element-9089d73 elementor-widget elementor-widget-image\" data-id=\"9089d73\" data-element_type=\"widget\" data-widget_type=\"image.default\">\n\t\t\t\t<div class=\"elementor-widget-container\">\n\t\t\t\t\t\t\t\t\t\t\t\t\t\t\t<img loading=\"lazy\" decoding=\"async\" width=\"800\" height=\"484\" src=\"https:\/\/codofil.org\/wp-content\/uploads\/2025\/07\/New_Orleans_Company_Stacked_Logo_4Color_6e044d8f-cc68-44fb-a381-1206f0ff5dc4.png\" class=\"attachment-large size-large wp-image-739\" alt=\"Nouvelle-Orl\u00e9ans et compagnie\" srcset=\"https:\/\/codofil.org\/wp-content\/uploads\/2025\/07\/New_Orleans_Company_Stacked_Logo_4Color_6e044d8f-cc68-44fb-a381-1206f0ff5dc4.png 1000w, https:\/\/codofil.org\/wp-content\/uploads\/2025\/07\/New_Orleans_Company_Stacked_Logo_4Color_6e044d8f-cc68-44fb-a381-1206f0ff5dc4-300x182.png 300w, https:\/\/codofil.org\/wp-content\/uploads\/2025\/07\/New_Orleans_Company_Stacked_Logo_4Color_6e044d8f-cc68-44fb-a381-1206f0ff5dc4-768x465.png 768w, https:\/\/codofil.org\/wp-content\/uploads\/2025\/07\/New_Orleans_Company_Stacked_Logo_4Color_6e044d8f-cc68-44fb-a381-1206f0ff5dc4-18x12.png 18w\" sizes=\"(max-width: 800px) 100vw, 800px\" \/>\t\t\t\t\t\t\t\t\t\t\t\t\t\t\t<\/div>\n\t\t\t\t<\/div>\n\t\t\t\t\t<\/div>\n\t\t\t\t<\/div>\n\t\t<div class=\"elementor-element elementor-element-58d14e6 e-flex e-con-boxed e-con e-parent\" data-id=\"58d14e6\" data-element_type=\"container\">\n\t\t\t\t\t<div class=\"e-con-inner\">\n\t\t\t\t<div class=\"elementor-element elementor-element-14734d6 elementor-widget-divider--view-line elementor-widget elementor-widget-divider\" data-id=\"14734d6\" data-element_type=\"widget\" data-widget_type=\"divider.default\">\n\t\t\t\t<div class=\"elementor-widget-container\">\n\t\t\t\t\t\t\t<div class=\"elementor-divider\">\n\t\t\t<span class=\"elementor-divider-separator\">\n\t\t\t\t\t\t<\/span>\n\t\t<\/div>\n\t\t\t\t\t\t<\/div>\n\t\t\t\t<\/div>\n\t\t\t\t\t<\/div>\n\t\t\t\t<\/div>\n\t\t<div class=\"elementor-element elementor-element-2fb05db e-flex e-con-boxed e-con e-parent\" data-id=\"2fb05db\" data-element_type=\"container\">\n\t\t\t\t\t<div class=\"e-con-inner\">\n\t\t\t\t<div class=\"elementor-element elementor-element-ecc950a elementor-widget elementor-widget-heading\" data-id=\"ecc950a\" data-element_type=\"widget\" data-widget_type=\"heading.default\">\n\t\t\t\t<div class=\"elementor-widget-container\">\n\t\t\t\t\t<h2 class=\"elementor-heading-title elementor-size-default\">Restez inform\u00e9 des opportunit\u00e9s de d\u00e9veloppement professionnel<\/h2>\t\t\t\t<\/div>\n\t\t\t\t<\/div>\n\t\t\t\t<div class=\"elementor-element elementor-element-7f005d8 elementor-align-center elementor-widget elementor-widget-button\" data-id=\"7f005d8\" data-element_type=\"widget\" data-widget_type=\"button.default\">\n\t\t\t\t<div class=\"elementor-widget-container\">\n\t\t\t\t\t\t\t\t\t<div class=\"elementor-button-wrapper\">\n\t\t\t\t\t<a class=\"elementor-button elementor-button-link elementor-size-sm\" href=\"https:\/\/codofil.org\/fr\/sinscrire-a-notre-infolettre\/\">\n\t\t\t\t\t\t<span class=\"elementor-button-content-wrapper\">\n\t\t\t\t\t\t\t\t\t<span class=\"elementor-button-text\">S'inscrire<\/span>\n\t\t\t\t\t<\/span>\n\t\t\t\t\t<\/a>\n\t\t\t\t<\/div>\n\t\t\t\t\t\t\t\t<\/div>\n\t\t\t\t<\/div>\n\t\t\t\t\t<\/div>\n\t\t\t\t<\/div>\n\t\t\t\t<\/div>","protected":false},"excerpt":{"rendered":"<p>Les ateliers du CODOFIL se concentrent sur trois domaines : le tourisme et l'h\u00f4tellerie, les march\u00e9s internationaux et l'\u00e9conomie culturelle. Dans ces domaines, nous travaillons avec nos partenaires pour proposer plusieurs ateliers, chacun d'entre eux \u00e9tant con\u00e7u pour montrer comment le fran\u00e7ais peut ouvrir de nouvelles portes. Nous travaillons avec une \u00e9quipe de chefs d'entreprise de toute la Louisiane, repr\u00e9sentant des secteurs tels que le tourisme,...<\/p>","protected":false},"author":10,"featured_media":1147,"parent":712,"menu_order":0,"comment_status":"closed","ping_status":"closed","template":"","meta":{"_acf_changed":false,"footnotes":"","_links_to":"","_links_to_target":""},"class_list":["post-1422","page","type-page","status-publish","has-post-thumbnail","hentry"],"acf":[],"_links":{"self":[{"href":"https:\/\/codofil.org\/fr\/wp-json\/wp\/v2\/pages\/1422","targetHints":{"allow":["GET"]}}],"collection":[{"href":"https:\/\/codofil.org\/fr\/wp-json\/wp\/v2\/pages"}],"about":[{"href":"https:\/\/codofil.org\/fr\/wp-json\/wp\/v2\/types\/page"}],"author":[{"embeddable":true,"href":"https:\/\/codofil.org\/fr\/wp-json\/wp\/v2\/users\/10"}],"replies":[{"embeddable":true,"href":"https:\/\/codofil.org\/fr\/wp-json\/wp\/v2\/comments?post=1422"}],"version-history":[{"count":0,"href":"https:\/\/codofil.org\/fr\/wp-json\/wp\/v2\/pages\/1422\/revisions"}],"up":[{"embeddable":true,"href":"https:\/\/codofil.org\/fr\/wp-json\/wp\/v2\/pages\/712"}],"wp:featuredmedia":[{"embeddable":true,"href":"https:\/\/codofil.org\/fr\/wp-json\/wp\/v2\/media\/1147"}],"wp:attachment":[{"href":"https:\/\/codofil.org\/fr\/wp-json\/wp\/v2\/media?parent=1422"}],"curies":[{"name":"wp","href":"https:\/\/api.w.org\/{rel}","templated":true}]}}