{"id":1263,"date":"2025-08-26T12:32:48","date_gmt":"2025-08-26T17:32:48","guid":{"rendered":"https:\/\/codofil1.wpenginepowered.com\/?page_id=1263"},"modified":"2026-01-05T14:32:14","modified_gmt":"2026-01-05T20:32:14","slug":"carte","status":"publish","type":"page","link":"https:\/\/codofil.org\/fr\/immersion-francaise\/carte\/","title":{"rendered":"Carte des \u00e9coles d'immersion fran\u00e7aise"},"content":{"rendered":"<div data-elementor-type=\"wp-page\" data-elementor-id=\"1263\" class=\"elementor elementor-1263\" data-elementor-post-type=\"page\">\n\t\t\t\t<div class=\"elementor-element elementor-element-133ac60 e-flex e-con-boxed e-con e-parent\" data-id=\"133ac60\" data-element_type=\"container\">\n\t\t\t\t\t<div class=\"e-con-inner\">\n\t\t<div class=\"elementor-element elementor-element-6951e44 e-con-full e-flex e-con e-child\" data-id=\"6951e44\" data-element_type=\"container\">\n\t\t\t\t<div class=\"elementor-element elementor-element-d052048 elementor-widget elementor-widget-image\" data-id=\"d052048\" data-element_type=\"widget\" data-widget_type=\"image.default\">\n\t\t\t\t<div class=\"elementor-widget-container\">\n\t\t\t\t\t\t\t\t\t\t\t\t\t\t\t<img fetchpriority=\"high\" decoding=\"async\" width=\"800\" height=\"551\" src=\"https:\/\/codofil.org\/wp-content\/uploads\/2025\/03\/Teach-button-full-1024x705.jpg\" class=\"attachment-large size-large wp-image-143\" alt=\"Un professeur d&#039;immersion fran\u00e7aise en classe avec des \u00e9l\u00e8ves\" srcset=\"https:\/\/codofil.org\/wp-content\/uploads\/2025\/03\/Teach-button-full-1024x705.jpg 1024w, https:\/\/codofil.org\/wp-content\/uploads\/2025\/03\/Teach-button-full-300x207.jpg 300w, https:\/\/codofil.org\/wp-content\/uploads\/2025\/03\/Teach-button-full-768x529.jpg 768w, https:\/\/codofil.org\/wp-content\/uploads\/2025\/03\/Teach-button-full-18x12.jpg 18w, https:\/\/codofil.org\/wp-content\/uploads\/2025\/03\/Teach-button-full.jpg 1200w\" sizes=\"(max-width: 800px) 100vw, 800px\" \/>\t\t\t\t\t\t\t\t\t\t\t\t\t\t\t<\/div>\n\t\t\t\t<\/div>\n\t\t\t\t<\/div>\n\t\t<div class=\"elementor-element elementor-element-9a3d390 e-con-full e-flex e-con e-child\" data-id=\"9a3d390\" data-element_type=\"container\">\n\t\t\t\t<div class=\"elementor-element elementor-element-cd02d0a elementor-widget elementor-widget-heading\" data-id=\"cd02d0a\" data-element_type=\"widget\" data-widget_type=\"heading.default\">\n\t\t\t\t<div class=\"elementor-widget-container\">\n\t\t\t\t\t<h2 class=\"elementor-heading-title elementor-size-default\">Trouvez une \u00e9cole d'immersion pr\u00e8s de chez vous<\/h2>\t\t\t\t<\/div>\n\t\t\t\t<\/div>\n\t\t\t\t<div class=\"elementor-element elementor-element-0a45936 elementor-widget elementor-widget-text-editor\" data-id=\"0a45936\" data-element_type=\"widget\" data-widget_type=\"text-editor.default\">\n\t\t\t\t<div class=\"elementor-widget-container\">\n\t\t\t\t\t\t\t\t\t<p>La Louisiane compte 36 \u00e9coles dot\u00e9es <a href=\"https:\/\/codofil.org\/fr\/immersion-francaise\/\">des programmes d'immersion fran\u00e7aise<\/a> o\u00f9 les \u00e9l\u00e8ves passent la majeure partie de leur journ\u00e9e en fran\u00e7ais. Utilisez notre carte pour trouver un programme pr\u00e8s de chez vous.\u00a0<\/p>\t\t\t\t\t\t\t\t<\/div>\n\t\t\t\t<\/div>\n\t\t\t\t<\/div>\n\t\t\t\t\t<\/div>\n\t\t\t\t<\/div>\n\t\t<div class=\"elementor-element elementor-element-a819bef contain e-flex e-con-boxed e-con e-child\" data-id=\"a819bef\" data-element_type=\"container\">\n\t\t\t\t\t<div class=\"e-con-inner\">\n\t\t<div class=\"elementor-element elementor-element-953baae e-con-full ada-disclaimer e-flex e-con e-child\" data-id=\"953baae\" data-element_type=\"container\">\n\t\t<div class=\"elementor-element elementor-element-1483f85 e-con-full e-flex e-con e-child\" data-id=\"1483f85\" data-element_type=\"container\">\n\t\t\t\t<div class=\"elementor-element elementor-element-82bea60 elementor-widget-tablet__width-initial elementor-widget elementor-widget-text-editor\" data-id=\"82bea60\" data-element_type=\"widget\" data-widget_type=\"text-editor.default\">\n\t\t\t\t<div class=\"elementor-widget-container\">\n\t\t\t\t\t\t\t\t\t<p>Veuillez saisir votre adresse, votre ville, votre \u00e9tat ou votre code postal ci-dessous et s\u00e9lectionnez une option dans la liste d\u00e9roulante.\u00a0<span style=\"font-weight: 400;\">En raison de la nature de cette fonctionnalit\u00e9, certains \u00e9l\u00e9ments peuvent ne pas \u00eatre enti\u00e8rement accessibles. Vous pouvez acc\u00e9der \u00e0 une <a href=\"#directory-grid\">version texte de ce contenu<\/a>.<\/span><\/p>\t\t\t\t\t\t\t\t<\/div>\n\t\t\t\t<\/div>\n\t\t\t\t<\/div>\n\t\t\t\t<\/div>\n\t\t\t\t\t<\/div>\n\t\t\t\t<\/div>\n\t\t<div class=\"elementor-element elementor-element-0c5834e e-flex e-con-boxed e-con e-parent\" data-id=\"0c5834e\" data-element_type=\"container\">\n\t\t\t\t\t<div class=\"e-con-inner\">\n\t\t\t\t<div class=\"elementor-element elementor-element-279982d elementor-widget elementor-widget-shortcode\" data-id=\"279982d\" data-element_type=\"widget\" data-widget_type=\"shortcode.default\">\n\t\t\t\t<div class=\"elementor-widget-container\">\n\t\t\t\t\t\t\t<div class=\"elementor-shortcode\"><div id=\"mapsvg-5\" data-id=\"5\" class=\"mapsvg\" data-autoload=\"true\" data-load-db=\"true\" data-loading-text=\"Loading map...\" style=\"width: 100%; height: 0; padding-bottom: 37.5%\"><\/div><\/div>\n\t\t\t\t\t\t<\/div>\n\t\t\t\t<\/div>\n\t\t\t\t\t<\/div>\n\t\t\t\t<\/div>\n\t\t\t\t<\/div>","protected":false},"excerpt":{"rendered":"<p>Trouver une \u00e9cole d'immersion pr\u00e8s de chez vous Il y a 36 \u00e9coles en Louisiane avec un programme d'immersion en fran\u00e7ais, o\u00f9 les \u00e9l\u00e8ves passent la majorit\u00e9 de leur journ\u00e9e \u00e0 apprendre en fran\u00e7ais. Utilisez notre carte pour trouver un programme pr\u00e8s de chez vous.  Veuillez saisir votre adresse, ville, \u00e9tat ou code postal ci-dessous et s\u00e9lectionner une option dans le...<\/p>","protected":false},"author":3,"featured_media":143,"parent":678,"menu_order":0,"comment_status":"closed","ping_status":"closed","template":"","meta":{"_acf_changed":false,"footnotes":"","_links_to":"","_links_to_target":""},"class_list":["post-1263","page","type-page","status-publish","has-post-thumbnail","hentry"],"acf":[],"_links":{"self":[{"href":"https:\/\/codofil.org\/fr\/wp-json\/wp\/v2\/pages\/1263","targetHints":{"allow":["GET"]}}],"collection":[{"href":"https:\/\/codofil.org\/fr\/wp-json\/wp\/v2\/pages"}],"about":[{"href":"https:\/\/codofil.org\/fr\/wp-json\/wp\/v2\/types\/page"}],"author":[{"embeddable":true,"href":"https:\/\/codofil.org\/fr\/wp-json\/wp\/v2\/users\/3"}],"replies":[{"embeddable":true,"href":"https:\/\/codofil.org\/fr\/wp-json\/wp\/v2\/comments?post=1263"}],"version-history":[{"count":0,"href":"https:\/\/codofil.org\/fr\/wp-json\/wp\/v2\/pages\/1263\/revisions"}],"up":[{"embeddable":true,"href":"https:\/\/codofil.org\/fr\/wp-json\/wp\/v2\/pages\/678"}],"wp:featuredmedia":[{"embeddable":true,"href":"https:\/\/codofil.org\/fr\/wp-json\/wp\/v2\/media\/143"}],"wp:attachment":[{"href":"https:\/\/codofil.org\/fr\/wp-json\/wp\/v2\/media?parent=1263"}],"curies":[{"name":"wp","href":"https:\/\/api.w.org\/{rel}","templated":true}]}}