{"id":1028,"date":"2025-08-06T10:16:26","date_gmt":"2025-08-06T15:16:26","guid":{"rendered":"https:\/\/codofil1.wpenginepowered.com\/?page_id=1028"},"modified":"2025-09-16T08:27:50","modified_gmt":"2025-09-16T13:27:50","slug":"declaration-de-confidentialite","status":"publish","type":"page","link":"https:\/\/codofil.org\/fr\/declaration-de-confidentialite\/","title":{"rendered":"D\u00e9claration de confidentialit\u00e9"},"content":{"rendered":"<div data-elementor-type=\"wp-page\" data-elementor-id=\"1028\" class=\"elementor elementor-1028\" data-elementor-post-type=\"page\">\n\t\t\t\t<div class=\"elementor-element elementor-element-c963860 e-flex e-con-boxed e-con e-parent\" data-id=\"c963860\" data-element_type=\"container\">\n\t\t\t\t\t<div class=\"e-con-inner\">\n\t\t\t\t<div class=\"elementor-element elementor-element-2cc2f59 elementor-widget elementor-widget-text-editor\" data-id=\"2cc2f59\" data-element_type=\"widget\" data-widget_type=\"text-editor.default\">\n\t\t\t\t<div class=\"elementor-widget-container\">\n\t\t\t\t\t\t\t\t\t<p>CODOFIL est le nom commercial du Conseil pour le d\u00e9veloppement du fran\u00e7ais en Louisiane, une division du D\u00e9partement de la culture, des loisirs et du tourisme de Louisiane. Nous avons cr\u00e9\u00e9 cette d\u00e9claration de confidentialit\u00e9 afin de d\u00e9montrer notre engagement ferme en faveur de la protection de la vie priv\u00e9e.<\/p><p>Ce qui suit d\u00e9crit nos pratiques de collecte et de diffusion d'informations pour ce site web : codofil.org. Votre adresse IP est utilis\u00e9e pour recueillir des informations d\u00e9mographiques g\u00e9n\u00e9rales. Nous utilisons des cookies pour collecter ces informations.<\/p><p>Nous recueillons et utilisons les informations vous concernant de plusieurs mani\u00e8res. Nous recevons des informations directement de vous lorsque vous nous envoyez un courrier \u00e9lectronique, partagez une photo, remplissez un formulaire sur notre site web (tel qu'une enqu\u00eate ou une inscription \u00e0 un \u00e9v\u00e9nement), vous inscrivez pour recevoir des courriers \u00e9lectroniques de notre part ou nous appelez pour nous poser des questions. Nous recueillons des informations par voie \u00e9lectronique lorsque vous naviguez sur notre site web.<\/p><p>Le formulaire d'inscription de notre site web demande aux utilisateurs de nous fournir des informations de contact (telles que leur nom et leur adresse \u00e9lectronique). Nous utilisons les informations de contact personnalis\u00e9es du formulaire d'inscription et des formulaires de commande pour envoyer \u00e0 l'utilisateur des informations sur notre \u00e9tat.<\/p><p>Ce site web contient des liens vers d'autres sites web codofil.org n'est pas responsable des pratiques en mati\u00e8re de confidentialit\u00e9 ou du contenu de ces sites web.<\/p><p>Nous ne collectons pas de noms, d'adresses, de num\u00e9ros de t\u00e9l\u00e9phone, de donn\u00e9es de connexion\/mots de passe, de s\u00e9curit\u00e9 sociale ou d'informations financi\u00e8res. Sur demande, le Conseil pour le d\u00e9veloppement du fran\u00e7ais en Louisiane supprimera les utilisateurs (et leurs informations) de notre base de donn\u00e9es ou leur permettra de se d\u00e9sinscrire de tout courrier \u00e9lectronique ou contact ult\u00e9rieur.<\/p><p><strong>S\u00e9curit\u00e9<\/strong><\/p><p>Ce site a mis en place des mesures de s\u00e9curit\u00e9 raisonnables pour prot\u00e9ger la perte, l'utilisation abusive et l'alt\u00e9ration des informations sous notre contr\u00f4le.<\/p>\t\t\t\t\t\t\t\t<\/div>\n\t\t\t\t<\/div>\n\t\t\t\t\t<\/div>\n\t\t\t\t<\/div>\n\t\t\t\t<\/div>","protected":false},"excerpt":{"rendered":"<p>CODOFIL est le nom commercial du Conseil pour le d\u00e9veloppement du fran\u00e7ais en Louisiane, une division du D\u00e9partement de la culture, des loisirs et du tourisme de Louisiane. Nous avons cr\u00e9\u00e9 cette d\u00e9claration de confidentialit\u00e9 afin de d\u00e9montrer notre engagement ferme en faveur de la protection de la vie priv\u00e9e. Ce qui suit d\u00e9crit nos pratiques de collecte et de diffusion d'informations pour ce site Web : codofil.org. Votre...<\/p>","protected":false},"author":6,"featured_media":0,"parent":0,"menu_order":0,"comment_status":"closed","ping_status":"closed","template":"","meta":{"_acf_changed":false,"footnotes":"","_links_to":"","_links_to_target":""},"class_list":["post-1028","page","type-page","status-publish","hentry"],"acf":[],"_links":{"self":[{"href":"https:\/\/codofil.org\/fr\/wp-json\/wp\/v2\/pages\/1028","targetHints":{"allow":["GET"]}}],"collection":[{"href":"https:\/\/codofil.org\/fr\/wp-json\/wp\/v2\/pages"}],"about":[{"href":"https:\/\/codofil.org\/fr\/wp-json\/wp\/v2\/types\/page"}],"author":[{"embeddable":true,"href":"https:\/\/codofil.org\/fr\/wp-json\/wp\/v2\/users\/6"}],"replies":[{"embeddable":true,"href":"https:\/\/codofil.org\/fr\/wp-json\/wp\/v2\/comments?post=1028"}],"version-history":[{"count":0,"href":"https:\/\/codofil.org\/fr\/wp-json\/wp\/v2\/pages\/1028\/revisions"}],"wp:attachment":[{"href":"https:\/\/codofil.org\/fr\/wp-json\/wp\/v2\/media?parent=1028"}],"curies":[{"name":"wp","href":"https:\/\/api.w.org\/{rel}","templated":true}]}}